{"id":69328,"date":"2026-05-05T13:23:35","date_gmt":"2026-05-05T13:23:35","guid":{"rendered":"https:\/\/teka.com\/es-mx\/jzc-96342-bbb_112570128"},"modified":"2026-05-04T12:43:48","modified_gmt":"2026-05-04T01:43:48","slug":"jzc-96342-bbb_112570128","status":"publish","type":"product","link":"https:\/\/www.teka.com\/es-sv\/producto\/jzc-96342-bbb_112570128\/","title":{"rendered":"JZC 96342 BBB"},"content":{"rendered":"<ul>\n<li>Cristal vitrocer\u00e1mico biselado frontal Quartzium Ceran<\/li>\n<li>Touch Control Multislider<\/li>\n<li>6 Zonas de cocinado 13,150 W<\/li>\n<li>Programaci\u00f3n del tiempo de cocci\u00f3n<\/li>\n<li>Funciones especiales de cocinado Simmering, melting y keepwarm<\/li>\n<li>Funci\u00f3n POWER PLUS<\/li>\n<\/ul>\n","protected":false},"featured_media":0,"parent":0,"template":"","product_cat":[54339],"product_cleaning_system":[],"product_edition":[],"product_3rd_basket":[],"product_drawers":[],"product_type_of_installation":[],"product_serie":[],"product_features":[58894,58895,58896],"finishes":[],"product_bundles":[],"product_energy_efficiency":[],"product_video_training":[59563,59565,59566,59574],"class_list":["post-69328","product","type-product","status-publish","hentry","product_cat-parrillas","usp-gas-01","usp-gas-03","usp-gas-05","usp-induction-17","usp-cookinglovers-01","usp-award-06","color-cristal-negro","product_ambient-urban-colors-01","product_ambient-urban-colors-02","product_ambient-urban-colors-03","product_icons-exactflame","product_icons-easy-installation","product_icons-auto-ignition","product_icons-autolock","product_icons-multislider","product_icons-power","product_icons-power-plus","product_features-keep-warm","product_features-simmering","product_features-melting","product_video_training-traininghobs-05","product_video_training-traininghobs-06","product_video_training-traininghobs-07","product_video_training-traininghobs-11"],"acf":[],"yoast_head":"<!-- This site is optimized with the Yoast SEO plugin v27.5 - https:\/\/yoast.com\/product\/yoast-seo-wordpress\/ -->\n<title>JZC 96342 BBB | Teka El Salvador<\/title>\n<meta name=\"robots\" content=\"index, follow, max-snippet:-1, max-image-preview:large, max-video-preview:-1\" \/>\n<link rel=\"canonical\" href=\"https:\/\/www.teka.com\/es-sv\/producto\/jzc-96342-bbb_112570128\/\" \/>\n<meta property=\"og:locale\" content=\"es_ES\" \/>\n<meta property=\"og:type\" content=\"article\" \/>\n<meta property=\"og:title\" content=\"JZC 96342 BBB | Teka El Salvador\" \/>\n<meta property=\"og:description\" content=\"Cristal vitrocer\u00e1mico biselado frontal Quartzium Ceran Touch Control Multislider 6 Zonas de cocinado 13,150 W Programaci\u00f3n del tiempo de cocci\u00f3n Funciones especiales de cocinado Simmering, melting y keepwarm Funci\u00f3n POWER PLUS\" \/>\n<meta property=\"og:url\" content=\"https:\/\/www.teka.com\/es-sv\/producto\/jzc-96342-bbb_112570128\/\" \/>\n<meta property=\"og:site_name\" content=\"Teka El Salvador\" \/>\n<meta name=\"twitter:card\" content=\"summary_large_image\" \/>\n<script type=\"application\/ld+json\" class=\"yoast-schema-graph\">{\"@context\":\"https:\\\/\\\/schema.org\",\"@graph\":[{\"@type\":\"WebPage\",\"@id\":\"https:\\\/\\\/www.teka.com\\\/es-sv\\\/producto\\\/jzc-96342-bbb_112570128\\\/\",\"url\":\"https:\\\/\\\/www.teka.com\\\/es-sv\\\/producto\\\/jzc-96342-bbb_112570128\\\/\",\"name\":\"JZC 96342 BBB | Teka El Salvador\",\"isPartOf\":{\"@id\":\"https:\\\/\\\/www.teka.com\\\/es-sv\\\/#website\"},\"datePublished\":\"2026-05-05T13:23:35+00:00\",\"inLanguage\":\"es\",\"potentialAction\":[{\"@type\":\"ReadAction\",\"target\":[\"https:\\\/\\\/www.teka.com\\\/es-sv\\\/producto\\\/jzc-96342-bbb_112570128\\\/\"]}]},{\"@type\":\"WebSite\",\"@id\":\"https:\\\/\\\/www.teka.com\\\/es-sv\\\/#website\",\"url\":\"https:\\\/\\\/www.teka.com\\\/es-sv\\\/\",\"name\":\"Teka El Salvador\",\"description\":\"\",\"publisher\":{\"@id\":\"https:\\\/\\\/www.teka.com\\\/es-sv\\\/#organization\"},\"potentialAction\":[{\"@type\":\"SearchAction\",\"target\":{\"@type\":\"EntryPoint\",\"urlTemplate\":\"https:\\\/\\\/www.teka.com\\\/es-sv\\\/?s={search_term_string}\"},\"query-input\":{\"@type\":\"PropertyValueSpecification\",\"valueRequired\":true,\"valueName\":\"search_term_string\"}}],\"inLanguage\":\"es\"},{\"@type\":\"Organization\",\"@id\":\"https:\\\/\\\/www.teka.com\\\/es-sv\\\/#organization\",\"name\":\"Teka El Salvador\",\"url\":\"https:\\\/\\\/www.teka.com\\\/es-sv\\\/\",\"logo\":{\"@type\":\"ImageObject\",\"inLanguage\":\"es\",\"@id\":\"https:\\\/\\\/www.teka.com\\\/es-sv\\\/#\\\/schema\\\/logo\\\/image\\\/\",\"url\":\"https:\\\/\\\/www.teka.com\\\/es-sv\\\/wp-content\\\/uploads\\\/sites\\\/89\\\/2018\\\/10\\\/404-teka.png\",\"contentUrl\":\"https:\\\/\\\/www.teka.com\\\/es-sv\\\/wp-content\\\/uploads\\\/sites\\\/89\\\/2018\\\/10\\\/404-teka.png\",\"width\":200,\"height\":200,\"caption\":\"Teka El Salvador\"},\"image\":{\"@id\":\"https:\\\/\\\/www.teka.com\\\/es-sv\\\/#\\\/schema\\\/logo\\\/image\\\/\"}}]}<\/script>\n<!-- \/ Yoast SEO plugin. -->","yoast_head_json":{"title":"JZC 96342 BBB | Teka El Salvador","robots":{"index":"index","follow":"follow","max-snippet":"max-snippet:-1","max-image-preview":"max-image-preview:large","max-video-preview":"max-video-preview:-1"},"canonical":"https:\/\/www.teka.com\/es-sv\/producto\/jzc-96342-bbb_112570128\/","og_locale":"es_ES","og_type":"article","og_title":"JZC 96342 BBB | Teka El Salvador","og_description":"Cristal vitrocer\u00e1mico biselado frontal Quartzium Ceran Touch Control Multislider 6 Zonas de cocinado 13,150 W Programaci\u00f3n del tiempo de cocci\u00f3n Funciones especiales de cocinado Simmering, melting y keepwarm Funci\u00f3n POWER PLUS","og_url":"https:\/\/www.teka.com\/es-sv\/producto\/jzc-96342-bbb_112570128\/","og_site_name":"Teka El Salvador","twitter_card":"summary_large_image","schema":{"@context":"https:\/\/schema.org","@graph":[{"@type":"WebPage","@id":"https:\/\/www.teka.com\/es-sv\/producto\/jzc-96342-bbb_112570128\/","url":"https:\/\/www.teka.com\/es-sv\/producto\/jzc-96342-bbb_112570128\/","name":"JZC 96342 BBB | Teka El Salvador","isPartOf":{"@id":"https:\/\/www.teka.com\/es-sv\/#website"},"datePublished":"2026-05-05T13:23:35+00:00","inLanguage":"es","potentialAction":[{"@type":"ReadAction","target":["https:\/\/www.teka.com\/es-sv\/producto\/jzc-96342-bbb_112570128\/"]}]},{"@type":"WebSite","@id":"https:\/\/www.teka.com\/es-sv\/#website","url":"https:\/\/www.teka.com\/es-sv\/","name":"Teka El Salvador","description":"","publisher":{"@id":"https:\/\/www.teka.com\/es-sv\/#organization"},"potentialAction":[{"@type":"SearchAction","target":{"@type":"EntryPoint","urlTemplate":"https:\/\/www.teka.com\/es-sv\/?s={search_term_string}"},"query-input":{"@type":"PropertyValueSpecification","valueRequired":true,"valueName":"search_term_string"}}],"inLanguage":"es"},{"@type":"Organization","@id":"https:\/\/www.teka.com\/es-sv\/#organization","name":"Teka El Salvador","url":"https:\/\/www.teka.com\/es-sv\/","logo":{"@type":"ImageObject","inLanguage":"es","@id":"https:\/\/www.teka.com\/es-sv\/#\/schema\/logo\/image\/","url":"https:\/\/www.teka.com\/es-sv\/wp-content\/uploads\/sites\/89\/2018\/10\/404-teka.png","contentUrl":"https:\/\/www.teka.com\/es-sv\/wp-content\/uploads\/sites\/89\/2018\/10\/404-teka.png","width":200,"height":200,"caption":"Teka El Salvador"},"image":{"@id":"https:\/\/www.teka.com\/es-sv\/#\/schema\/logo\/image\/"}}]}},"_links":{"self":[{"href":"https:\/\/www.teka.com\/es-sv\/wp-json\/wp\/v2\/product\/69328","targetHints":{"allow":["GET"]}}],"collection":[{"href":"https:\/\/www.teka.com\/es-sv\/wp-json\/wp\/v2\/product"}],"about":[{"href":"https:\/\/www.teka.com\/es-sv\/wp-json\/wp\/v2\/types\/product"}],"wp:attachment":[{"href":"https:\/\/www.teka.com\/es-sv\/wp-json\/wp\/v2\/media?parent=69328"}],"wp:term":[{"taxonomy":"product_cat","embeddable":true,"href":"https:\/\/www.teka.com\/es-sv\/wp-json\/wp\/v2\/product_cat?post=69328"},{"taxonomy":"product_cleaning_system","embeddable":true,"href":"https:\/\/www.teka.com\/es-sv\/wp-json\/wp\/v2\/product_cleaning_system?post=69328"},{"taxonomy":"product_edition","embeddable":true,"href":"https:\/\/www.teka.com\/es-sv\/wp-json\/wp\/v2\/product_edition?post=69328"},{"taxonomy":"product_3rd_basket","embeddable":true,"href":"https:\/\/www.teka.com\/es-sv\/wp-json\/wp\/v2\/product_3rd_basket?post=69328"},{"taxonomy":"product_drawers","embeddable":true,"href":"https:\/\/www.teka.com\/es-sv\/wp-json\/wp\/v2\/product_drawers?post=69328"},{"taxonomy":"product_type_of_installation","embeddable":true,"href":"https:\/\/www.teka.com\/es-sv\/wp-json\/wp\/v2\/product_type_of_installation?post=69328"},{"taxonomy":"product_serie","embeddable":true,"href":"https:\/\/www.teka.com\/es-sv\/wp-json\/wp\/v2\/product_serie?post=69328"},{"taxonomy":"product_features","embeddable":true,"href":"https:\/\/www.teka.com\/es-sv\/wp-json\/wp\/v2\/product_features?post=69328"},{"taxonomy":"finishes","embeddable":true,"href":"https:\/\/www.teka.com\/es-sv\/wp-json\/wp\/v2\/finishes?post=69328"},{"taxonomy":"product_bundles","embeddable":true,"href":"https:\/\/www.teka.com\/es-sv\/wp-json\/wp\/v2\/product_bundles?post=69328"},{"taxonomy":"product_energy_efficiency","embeddable":true,"href":"https:\/\/www.teka.com\/es-sv\/wp-json\/wp\/v2\/product_energy_efficiency?post=69328"},{"taxonomy":"product_video_training","embeddable":true,"href":"https:\/\/www.teka.com\/es-sv\/wp-json\/wp\/v2\/product_video_training?post=69328"}],"curies":[{"name":"wp","href":"https:\/\/api.w.org\/{rel}","templated":true}]}}