{"id":69358,"date":"2026-04-07T20:35:15","date_gmt":"2026-04-07T20:35:15","guid":{"rendered":"https:\/\/teka.com\/en-int\/directsense-izf-68700-mst_112500037"},"modified":"2026-03-14T07:33:15","modified_gmt":"2026-03-14T08:33:15","slug":"directsense-izf-68700-mst_112500037","status":"publish","type":"product","link":"https:\/\/www.teka.com\/es-sv\/producto\/directsense-izf-68700-mst_112500037\/","title":{"rendered":"DirectSense IZF 68700 MST"},"content":{"rendered":"<ul>\n<li>Ideal para hogares modernos y quienes buscan precisi\u00f3n, seguridad y alto rendimiento a la hora de preparar sus alimentos.<\/li>\n<li>Cristal vitrocer\u00e1mico biselado frontal Quartzium Ceran<\/li>\n<li>Touch Control Multislider Pro con sensores ac\u00fasticos<\/li>\n<li>7 Zonas de cocinado 7,400 W<\/li>\n<li>Programaci\u00f3n del tiempo de cocci\u00f3n<\/li>\n<li>Funciones especiales de cocinado iCooking: Poaching, Confit, Rice Cooking, Grilling, Deep frying, Pan frying, iQuick Boiling, simmering, melting y keep warm<\/li>\n<li>Funci\u00f3n STOP &amp; GO y POWER PLUS<\/li>\n<\/ul>\n","protected":false},"featured_media":0,"parent":0,"template":"","product_cat":[54339],"product_cleaning_system":[],"product_edition":[],"product_3rd_basket":[],"product_drawers":[],"product_type_of_installation":[],"product_serie":[],"product_features":[58893,58894,58895,58896,59019,59020,59021,59022,59026,59027],"finishes":[],"product_bundles":[],"product_energy_efficiency":[],"product_video_training":[59552,59558,59560,59563,59565,59566,59568,59569,59571,59574,59733],"class_list":["post-69358","product","type-product","status-publish","hentry","product_cat-parrillas","usp-induction-02","usp-induction-03","usp-induction-04","usp-induction-05","usp-induction-06","usp-induction-07","usp-induction-08","usp-induction-10","usp-productoftheyear-03","color-cristal-negro","product_type_of_appliance-induccion","product_ambient-urban-colors-01","product_ambient-urban-colors-02","product_ambient-urban-colors-03","product_ambient-ambient-11","product_icons-easy-installation","product_icons-autolock","product_icons-multislider","product_icons-power","product_icons-power-plus","product_features-quick-boiling","product_features-keep-warm","product_features-simmering","product_features-melting","product_features-grilling","product_features-pan-frying","product_features-deep-fry","product_features-confit","product_features-poach","product_features-rice-cook","product_video_training-traininghobs-01","product_video_training-traininghobs-02","product_video_training-traininghobs-04","product_video_training-traininghobs-05","product_video_training-traininghobs-06","product_video_training-traininghobs-07","product_video_training-traininghobs-08","product_video_training-traininghobs-09","product_video_training-traininghobs-10","product_video_training-traininghobs-11","product_video_training-traininghobs-14"],"acf":[],"yoast_head":"<!-- This site is optimized with the Yoast SEO plugin v27.2 - https:\/\/yoast.com\/product\/yoast-seo-wordpress\/ -->\n<title>DirectSense IZF 68700 MST | Teka El Salvador<\/title>\n<meta name=\"robots\" content=\"index, follow, max-snippet:-1, max-image-preview:large, max-video-preview:-1\" \/>\n<link rel=\"canonical\" href=\"https:\/\/www.teka.com\/es-sv\/producto\/directsense-izf-68700-mst_112500037\/\" \/>\n<meta property=\"og:locale\" content=\"es_ES\" \/>\n<meta property=\"og:type\" content=\"article\" \/>\n<meta property=\"og:title\" content=\"DirectSense IZF 68700 MST | Teka El Salvador\" \/>\n<meta property=\"og:description\" content=\"Ideal para hogares modernos y quienes buscan precisi\u00f3n, seguridad y alto rendimiento a la hora de preparar sus alimentos. Cristal vitrocer\u00e1mico biselado frontal Quartzium Ceran Touch Control Multislider Pro con sensores ac\u00fasticos 7 Zonas de cocinado 7,400 W Programaci\u00f3n del tiempo de cocci\u00f3n Funciones especiales de cocinado iCooking: Poaching, Confit, Rice Cooking, Grilling, Deep frying, [&hellip;]\" \/>\n<meta property=\"og:url\" content=\"https:\/\/www.teka.com\/es-sv\/producto\/directsense-izf-68700-mst_112500037\/\" \/>\n<meta property=\"og:site_name\" content=\"Teka El Salvador\" \/>\n<meta name=\"twitter:card\" content=\"summary_large_image\" \/>\n<script type=\"application\/ld+json\" class=\"yoast-schema-graph\">{\"@context\":\"https:\/\/schema.org\",\"@graph\":[{\"@type\":\"WebPage\",\"@id\":\"https:\/\/www.teka.com\/es-sv\/producto\/directsense-izf-68700-mst_112500037\/\",\"url\":\"https:\/\/www.teka.com\/es-sv\/producto\/directsense-izf-68700-mst_112500037\/\",\"name\":\"DirectSense IZF 68700 MST | Teka El Salvador\",\"isPartOf\":{\"@id\":\"https:\/\/www.teka.com\/es-sv\/#website\"},\"datePublished\":\"2026-04-07T20:35:15+00:00\",\"inLanguage\":\"es\",\"potentialAction\":[{\"@type\":\"ReadAction\",\"target\":[\"https:\/\/www.teka.com\/es-sv\/producto\/directsense-izf-68700-mst_112500037\/\"]}]},{\"@type\":\"WebSite\",\"@id\":\"https:\/\/www.teka.com\/es-sv\/#website\",\"url\":\"https:\/\/www.teka.com\/es-sv\/\",\"name\":\"Teka El Salvador\",\"description\":\"\",\"publisher\":{\"@id\":\"https:\/\/www.teka.com\/es-sv\/#organization\"},\"potentialAction\":[{\"@type\":\"SearchAction\",\"target\":{\"@type\":\"EntryPoint\",\"urlTemplate\":\"https:\/\/www.teka.com\/es-sv\/?s={search_term_string}\"},\"query-input\":{\"@type\":\"PropertyValueSpecification\",\"valueRequired\":true,\"valueName\":\"search_term_string\"}}],\"inLanguage\":\"es\"},{\"@type\":\"Organization\",\"@id\":\"https:\/\/www.teka.com\/es-sv\/#organization\",\"name\":\"Teka El Salvador\",\"url\":\"https:\/\/www.teka.com\/es-sv\/\",\"logo\":{\"@type\":\"ImageObject\",\"inLanguage\":\"es\",\"@id\":\"https:\/\/www.teka.com\/es-sv\/#\/schema\/logo\/image\/\",\"url\":\"https:\/\/www.teka.com\/es-sv\/wp-content\/uploads\/sites\/89\/2018\/10\/404-teka.png\",\"contentUrl\":\"https:\/\/www.teka.com\/es-sv\/wp-content\/uploads\/sites\/89\/2018\/10\/404-teka.png\",\"width\":200,\"height\":200,\"caption\":\"Teka El Salvador\"},\"image\":{\"@id\":\"https:\/\/www.teka.com\/es-sv\/#\/schema\/logo\/image\/\"}}]}<\/script>\n<!-- \/ Yoast SEO plugin. -->","yoast_head_json":{"title":"DirectSense IZF 68700 MST | Teka El Salvador","robots":{"index":"index","follow":"follow","max-snippet":"max-snippet:-1","max-image-preview":"max-image-preview:large","max-video-preview":"max-video-preview:-1"},"canonical":"https:\/\/www.teka.com\/es-sv\/producto\/directsense-izf-68700-mst_112500037\/","og_locale":"es_ES","og_type":"article","og_title":"DirectSense IZF 68700 MST | Teka El Salvador","og_description":"Ideal para hogares modernos y quienes buscan precisi\u00f3n, seguridad y alto rendimiento a la hora de preparar sus alimentos. Cristal vitrocer\u00e1mico biselado frontal Quartzium Ceran Touch Control Multislider Pro con sensores ac\u00fasticos 7 Zonas de cocinado 7,400 W Programaci\u00f3n del tiempo de cocci\u00f3n Funciones especiales de cocinado iCooking: Poaching, Confit, Rice Cooking, Grilling, Deep frying, [&hellip;]","og_url":"https:\/\/www.teka.com\/es-sv\/producto\/directsense-izf-68700-mst_112500037\/","og_site_name":"Teka El Salvador","twitter_card":"summary_large_image","schema":{"@context":"https:\/\/schema.org","@graph":[{"@type":"WebPage","@id":"https:\/\/www.teka.com\/es-sv\/producto\/directsense-izf-68700-mst_112500037\/","url":"https:\/\/www.teka.com\/es-sv\/producto\/directsense-izf-68700-mst_112500037\/","name":"DirectSense IZF 68700 MST | Teka El Salvador","isPartOf":{"@id":"https:\/\/www.teka.com\/es-sv\/#website"},"datePublished":"2026-04-07T20:35:15+00:00","inLanguage":"es","potentialAction":[{"@type":"ReadAction","target":["https:\/\/www.teka.com\/es-sv\/producto\/directsense-izf-68700-mst_112500037\/"]}]},{"@type":"WebSite","@id":"https:\/\/www.teka.com\/es-sv\/#website","url":"https:\/\/www.teka.com\/es-sv\/","name":"Teka El Salvador","description":"","publisher":{"@id":"https:\/\/www.teka.com\/es-sv\/#organization"},"potentialAction":[{"@type":"SearchAction","target":{"@type":"EntryPoint","urlTemplate":"https:\/\/www.teka.com\/es-sv\/?s={search_term_string}"},"query-input":{"@type":"PropertyValueSpecification","valueRequired":true,"valueName":"search_term_string"}}],"inLanguage":"es"},{"@type":"Organization","@id":"https:\/\/www.teka.com\/es-sv\/#organization","name":"Teka El Salvador","url":"https:\/\/www.teka.com\/es-sv\/","logo":{"@type":"ImageObject","inLanguage":"es","@id":"https:\/\/www.teka.com\/es-sv\/#\/schema\/logo\/image\/","url":"https:\/\/www.teka.com\/es-sv\/wp-content\/uploads\/sites\/89\/2018\/10\/404-teka.png","contentUrl":"https:\/\/www.teka.com\/es-sv\/wp-content\/uploads\/sites\/89\/2018\/10\/404-teka.png","width":200,"height":200,"caption":"Teka El Salvador"},"image":{"@id":"https:\/\/www.teka.com\/es-sv\/#\/schema\/logo\/image\/"}}]}},"_links":{"self":[{"href":"https:\/\/www.teka.com\/es-sv\/wp-json\/wp\/v2\/product\/69358","targetHints":{"allow":["GET"]}}],"collection":[{"href":"https:\/\/www.teka.com\/es-sv\/wp-json\/wp\/v2\/product"}],"about":[{"href":"https:\/\/www.teka.com\/es-sv\/wp-json\/wp\/v2\/types\/product"}],"wp:attachment":[{"href":"https:\/\/www.teka.com\/es-sv\/wp-json\/wp\/v2\/media?parent=69358"}],"wp:term":[{"taxonomy":"product_cat","embeddable":true,"href":"https:\/\/www.teka.com\/es-sv\/wp-json\/wp\/v2\/product_cat?post=69358"},{"taxonomy":"product_cleaning_system","embeddable":true,"href":"https:\/\/www.teka.com\/es-sv\/wp-json\/wp\/v2\/product_cleaning_system?post=69358"},{"taxonomy":"product_edition","embeddable":true,"href":"https:\/\/www.teka.com\/es-sv\/wp-json\/wp\/v2\/product_edition?post=69358"},{"taxonomy":"product_3rd_basket","embeddable":true,"href":"https:\/\/www.teka.com\/es-sv\/wp-json\/wp\/v2\/product_3rd_basket?post=69358"},{"taxonomy":"product_drawers","embeddable":true,"href":"https:\/\/www.teka.com\/es-sv\/wp-json\/wp\/v2\/product_drawers?post=69358"},{"taxonomy":"product_type_of_installation","embeddable":true,"href":"https:\/\/www.teka.com\/es-sv\/wp-json\/wp\/v2\/product_type_of_installation?post=69358"},{"taxonomy":"product_serie","embeddable":true,"href":"https:\/\/www.teka.com\/es-sv\/wp-json\/wp\/v2\/product_serie?post=69358"},{"taxonomy":"product_features","embeddable":true,"href":"https:\/\/www.teka.com\/es-sv\/wp-json\/wp\/v2\/product_features?post=69358"},{"taxonomy":"finishes","embeddable":true,"href":"https:\/\/www.teka.com\/es-sv\/wp-json\/wp\/v2\/finishes?post=69358"},{"taxonomy":"product_bundles","embeddable":true,"href":"https:\/\/www.teka.com\/es-sv\/wp-json\/wp\/v2\/product_bundles?post=69358"},{"taxonomy":"product_energy_efficiency","embeddable":true,"href":"https:\/\/www.teka.com\/es-sv\/wp-json\/wp\/v2\/product_energy_efficiency?post=69358"},{"taxonomy":"product_video_training","embeddable":true,"href":"https:\/\/www.teka.com\/es-sv\/wp-json\/wp\/v2\/product_video_training?post=69358"}],"curies":[{"name":"wp","href":"https:\/\/api.w.org\/{rel}","templated":true}]}}