{"id":69361,"date":"2026-04-03T20:38:16","date_gmt":"2026-04-03T20:38:16","guid":{"rendered":"https:\/\/teka.com\/es-sv\/hlc-8440-c_111160014"},"modified":"2026-03-14T07:34:11","modified_gmt":"2026-03-14T08:34:11","slug":"hlc-8440-c_111160014","status":"publish","type":"product","link":"https:\/\/www.teka.com\/es-sv\/producto\/hlc-8440-c_111160014\/","title":{"rendered":"HLC 8440 C"},"content":{"rendered":"<ul>\n<li>Horno + Microondas (Combi)<\/li>\n<li>Sistema de limpieza Teka Hydroclean\u00ae ECO<\/li>\n<li>Multifunci\u00f3n SurroundTemp + Microondas &#8211; 11 funciones de cocinado<\/li>\n<li>Touch Control con programaci\u00f3n de inicio y paro de cocci\u00f3n<\/li>\n<li>Cinco alturas de cocinado<\/li>\n<li>Puerta tres cristales<\/li>\n<\/ul>\n","protected":false},"featured_media":0,"parent":0,"template":"","product_cat":[54343],"product_cleaning_system":[3162],"product_edition":[],"product_3rd_basket":[],"product_drawers":[],"product_type_of_installation":[58922],"product_serie":[],"product_features":[],"finishes":[],"product_bundles":[],"product_energy_efficiency":[],"product_video_training":[],"class_list":["post-69361","product","type-product","status-publish","hentry","product_cat-hornos","usp-compacts-01","usp-compacts-04","usp-compacts-05","usp-cookinglovers-01","usp-renewableenergy-01","color-cristal-london-brick-brown","product_type_of_appliance-compactos","product_type_of_appliance-multifuncion","product_type_of_appliance-con-microondas","product_ambient-urban-colors-04","product_ambient-urban-colors-05","product_icons-40l","product_icons-hydroclean","product_icons-surroundtemp","product_cleaning_system-hydroclean","product_type_of_installation-integrable"],"acf":[],"yoast_head":"<!-- This site is optimized with the Yoast SEO plugin v27.2 - https:\/\/yoast.com\/product\/yoast-seo-wordpress\/ -->\n<title>HLC 8440 C | Teka El Salvador<\/title>\n<meta name=\"robots\" content=\"index, follow, max-snippet:-1, max-image-preview:large, max-video-preview:-1\" \/>\n<link rel=\"canonical\" href=\"https:\/\/www.teka.com\/es-sv\/producto\/hlc-8440-c_111160014\/\" \/>\n<meta property=\"og:locale\" content=\"es_ES\" \/>\n<meta property=\"og:type\" content=\"article\" \/>\n<meta property=\"og:title\" content=\"HLC 8440 C | Teka El Salvador\" \/>\n<meta property=\"og:description\" content=\"Horno + Microondas (Combi) Sistema de limpieza Teka Hydroclean\u00ae ECO Multifunci\u00f3n SurroundTemp + Microondas &#8211; 11 funciones de cocinado Touch Control con programaci\u00f3n de inicio y paro de cocci\u00f3n Cinco alturas de cocinado Puerta tres cristales\" \/>\n<meta property=\"og:url\" content=\"https:\/\/www.teka.com\/es-sv\/producto\/hlc-8440-c_111160014\/\" \/>\n<meta property=\"og:site_name\" content=\"Teka El Salvador\" \/>\n<meta name=\"twitter:card\" content=\"summary_large_image\" \/>\n<script type=\"application\/ld+json\" class=\"yoast-schema-graph\">{\"@context\":\"https:\/\/schema.org\",\"@graph\":[{\"@type\":\"WebPage\",\"@id\":\"https:\/\/www.teka.com\/es-sv\/producto\/hlc-8440-c_111160014\/\",\"url\":\"https:\/\/www.teka.com\/es-sv\/producto\/hlc-8440-c_111160014\/\",\"name\":\"HLC 8440 C | Teka El Salvador\",\"isPartOf\":{\"@id\":\"https:\/\/www.teka.com\/es-sv\/#website\"},\"datePublished\":\"2026-04-03T20:38:16+00:00\",\"inLanguage\":\"es\",\"potentialAction\":[{\"@type\":\"ReadAction\",\"target\":[\"https:\/\/www.teka.com\/es-sv\/producto\/hlc-8440-c_111160014\/\"]}]},{\"@type\":\"WebSite\",\"@id\":\"https:\/\/www.teka.com\/es-sv\/#website\",\"url\":\"https:\/\/www.teka.com\/es-sv\/\",\"name\":\"Teka El Salvador\",\"description\":\"\",\"publisher\":{\"@id\":\"https:\/\/www.teka.com\/es-sv\/#organization\"},\"potentialAction\":[{\"@type\":\"SearchAction\",\"target\":{\"@type\":\"EntryPoint\",\"urlTemplate\":\"https:\/\/www.teka.com\/es-sv\/?s={search_term_string}\"},\"query-input\":{\"@type\":\"PropertyValueSpecification\",\"valueRequired\":true,\"valueName\":\"search_term_string\"}}],\"inLanguage\":\"es\"},{\"@type\":\"Organization\",\"@id\":\"https:\/\/www.teka.com\/es-sv\/#organization\",\"name\":\"Teka El Salvador\",\"url\":\"https:\/\/www.teka.com\/es-sv\/\",\"logo\":{\"@type\":\"ImageObject\",\"inLanguage\":\"es\",\"@id\":\"https:\/\/www.teka.com\/es-sv\/#\/schema\/logo\/image\/\",\"url\":\"https:\/\/www.teka.com\/es-sv\/wp-content\/uploads\/sites\/89\/2018\/10\/404-teka.png\",\"contentUrl\":\"https:\/\/www.teka.com\/es-sv\/wp-content\/uploads\/sites\/89\/2018\/10\/404-teka.png\",\"width\":200,\"height\":200,\"caption\":\"Teka El Salvador\"},\"image\":{\"@id\":\"https:\/\/www.teka.com\/es-sv\/#\/schema\/logo\/image\/\"}}]}<\/script>\n<!-- \/ Yoast SEO plugin. -->","yoast_head_json":{"title":"HLC 8440 C | Teka El Salvador","robots":{"index":"index","follow":"follow","max-snippet":"max-snippet:-1","max-image-preview":"max-image-preview:large","max-video-preview":"max-video-preview:-1"},"canonical":"https:\/\/www.teka.com\/es-sv\/producto\/hlc-8440-c_111160014\/","og_locale":"es_ES","og_type":"article","og_title":"HLC 8440 C | Teka El Salvador","og_description":"Horno + Microondas (Combi) Sistema de limpieza Teka Hydroclean\u00ae ECO Multifunci\u00f3n SurroundTemp + Microondas &#8211; 11 funciones de cocinado Touch Control con programaci\u00f3n de inicio y paro de cocci\u00f3n Cinco alturas de cocinado Puerta tres cristales","og_url":"https:\/\/www.teka.com\/es-sv\/producto\/hlc-8440-c_111160014\/","og_site_name":"Teka El Salvador","twitter_card":"summary_large_image","schema":{"@context":"https:\/\/schema.org","@graph":[{"@type":"WebPage","@id":"https:\/\/www.teka.com\/es-sv\/producto\/hlc-8440-c_111160014\/","url":"https:\/\/www.teka.com\/es-sv\/producto\/hlc-8440-c_111160014\/","name":"HLC 8440 C | Teka El Salvador","isPartOf":{"@id":"https:\/\/www.teka.com\/es-sv\/#website"},"datePublished":"2026-04-03T20:38:16+00:00","inLanguage":"es","potentialAction":[{"@type":"ReadAction","target":["https:\/\/www.teka.com\/es-sv\/producto\/hlc-8440-c_111160014\/"]}]},{"@type":"WebSite","@id":"https:\/\/www.teka.com\/es-sv\/#website","url":"https:\/\/www.teka.com\/es-sv\/","name":"Teka El Salvador","description":"","publisher":{"@id":"https:\/\/www.teka.com\/es-sv\/#organization"},"potentialAction":[{"@type":"SearchAction","target":{"@type":"EntryPoint","urlTemplate":"https:\/\/www.teka.com\/es-sv\/?s={search_term_string}"},"query-input":{"@type":"PropertyValueSpecification","valueRequired":true,"valueName":"search_term_string"}}],"inLanguage":"es"},{"@type":"Organization","@id":"https:\/\/www.teka.com\/es-sv\/#organization","name":"Teka El Salvador","url":"https:\/\/www.teka.com\/es-sv\/","logo":{"@type":"ImageObject","inLanguage":"es","@id":"https:\/\/www.teka.com\/es-sv\/#\/schema\/logo\/image\/","url":"https:\/\/www.teka.com\/es-sv\/wp-content\/uploads\/sites\/89\/2018\/10\/404-teka.png","contentUrl":"https:\/\/www.teka.com\/es-sv\/wp-content\/uploads\/sites\/89\/2018\/10\/404-teka.png","width":200,"height":200,"caption":"Teka El Salvador"},"image":{"@id":"https:\/\/www.teka.com\/es-sv\/#\/schema\/logo\/image\/"}}]}},"_links":{"self":[{"href":"https:\/\/www.teka.com\/es-sv\/wp-json\/wp\/v2\/product\/69361","targetHints":{"allow":["GET"]}}],"collection":[{"href":"https:\/\/www.teka.com\/es-sv\/wp-json\/wp\/v2\/product"}],"about":[{"href":"https:\/\/www.teka.com\/es-sv\/wp-json\/wp\/v2\/types\/product"}],"wp:attachment":[{"href":"https:\/\/www.teka.com\/es-sv\/wp-json\/wp\/v2\/media?parent=69361"}],"wp:term":[{"taxonomy":"product_cat","embeddable":true,"href":"https:\/\/www.teka.com\/es-sv\/wp-json\/wp\/v2\/product_cat?post=69361"},{"taxonomy":"product_cleaning_system","embeddable":true,"href":"https:\/\/www.teka.com\/es-sv\/wp-json\/wp\/v2\/product_cleaning_system?post=69361"},{"taxonomy":"product_edition","embeddable":true,"href":"https:\/\/www.teka.com\/es-sv\/wp-json\/wp\/v2\/product_edition?post=69361"},{"taxonomy":"product_3rd_basket","embeddable":true,"href":"https:\/\/www.teka.com\/es-sv\/wp-json\/wp\/v2\/product_3rd_basket?post=69361"},{"taxonomy":"product_drawers","embeddable":true,"href":"https:\/\/www.teka.com\/es-sv\/wp-json\/wp\/v2\/product_drawers?post=69361"},{"taxonomy":"product_type_of_installation","embeddable":true,"href":"https:\/\/www.teka.com\/es-sv\/wp-json\/wp\/v2\/product_type_of_installation?post=69361"},{"taxonomy":"product_serie","embeddable":true,"href":"https:\/\/www.teka.com\/es-sv\/wp-json\/wp\/v2\/product_serie?post=69361"},{"taxonomy":"product_features","embeddable":true,"href":"https:\/\/www.teka.com\/es-sv\/wp-json\/wp\/v2\/product_features?post=69361"},{"taxonomy":"finishes","embeddable":true,"href":"https:\/\/www.teka.com\/es-sv\/wp-json\/wp\/v2\/finishes?post=69361"},{"taxonomy":"product_bundles","embeddable":true,"href":"https:\/\/www.teka.com\/es-sv\/wp-json\/wp\/v2\/product_bundles?post=69361"},{"taxonomy":"product_energy_efficiency","embeddable":true,"href":"https:\/\/www.teka.com\/es-sv\/wp-json\/wp\/v2\/product_energy_efficiency?post=69361"},{"taxonomy":"product_video_training","embeddable":true,"href":"https:\/\/www.teka.com\/es-sv\/wp-json\/wp\/v2\/product_video_training?post=69361"}],"curies":[{"name":"wp","href":"https:\/\/api.w.org\/{rel}","templated":true}]}}