{"id":21991,"date":"2018-09-11T08:07:27","date_gmt":"2018-09-11T06:07:27","guid":{"rendered":"http:\/\/teka.com\/?page_id=21991"},"modified":"2019-06-12T13:29:01","modified_gmt":"2019-06-12T11:29:01","slug":"presencia-internacional","status":"publish","type":"page","link":"https:\/\/www.teka.com\/es-uy\/sobre-nosotros\/presencia-internacional\/","title":{"rendered":"Presencia internacional"},"content":{"rendered":"<p>[et_pb_section bb_built=\u00bb1&#8243; module_id=\u00bbteka-top\u00bb _builder_version=\u00bb3.17.6&#8243; background_image=\u00bbhttps:\/\/www.teka.com\/es-uy\/wp-content\/uploads\/sites\/56\/2018\/11\/teka-slider-about-us-desktop.jpg\u00bb next_background_color=\u00bb#0e0e0e\u00bb global_module=\u00bb23211&#8243;][et_pb_row global_parent=\u00bb23211&#8243; _builder_version=\u00bb3.17.6&#8243; background_size=\u00bbinitial\u00bb background_position=\u00bbtop_left\u00bb background_repeat=\u00bbrepeat\u00bb][et_pb_column type=\u00bb1_2&#8243;][et_pb_text admin_label=\u00bbHeader Title\u00bb global_parent=\u00bb23211&#8243; _builder_version=\u00bb3.18.4&#8243; background_layout=\u00bbdark\u00bb]<\/p>\n<p>&nbsp;<\/p>\n<h3><strong>Teka Group<\/strong>,<br \/>esp\u00edritu alem\u00e1n<\/h3>\n<p>&nbsp;<\/p>\n<p>&nbsp;<\/p>\n<p>&nbsp;<\/p>\n<\/p>\n<p>[\/et_pb_text][\/et_pb_column][et_pb_column type=\u00bb1_2&#8243;][\/et_pb_column][\/et_pb_row][\/et_pb_section][et_pb_section bb_built=\u00bb1&#8243; specialty=\u00bboff\u00bb prev_background_color=\u00bb#ffffff\u00bb _builder_version=\u00bb3.14&#8243; module_id=\u00bbteka-menu\u00bb background_color=\u00bb#0e0e0e\u00bb next_background_color=\u00bb#222222&#8243; global_module=\u00bb23212&#8243;][et_pb_row global_parent=\u00bb23212&#8243; background_position=\u00bbtop_left\u00bb background_repeat=\u00bbrepeat\u00bb background_size=\u00bbinitial\u00bb][et_pb_column type=\u00bb4_4&#8243;][et_pb_sidebar global_parent=\u00bb23212&#8243; _builder_version=\u00bb3.17.6&#8243; area=\u00bbet_pb_widget_area_4&#8243; background_layout=\u00bbdark\u00bb disabled=\u00bboff\u00bb disabled_on=\u00bbon|on|\u00bb \/][et_pb_sidebar admin_label=\u00bbBarra lateral Tablet\u00bb global_parent=\u00bb23212&#8243; _builder_version=\u00bb3.17.6&#8243; area=\u00bbet_pb_widget_area_8&#8243; background_layout=\u00bbdark\u00bb disabled=\u00bboff\u00bb disabled_on=\u00bbon||on\u00bb \/][et_pb_sidebar admin_label=\u00bbBarra lateral Mobile\u00bb global_parent=\u00bb23212&#8243; _builder_version=\u00bb3.17.6&#8243; area=\u00bbet_pb_widget_area_7&#8243; background_layout=\u00bbdark\u00bb disabled=\u00bboff\u00bb disabled_on=\u00bb|on|on\u00bb \/][\/et_pb_column][\/et_pb_row][\/et_pb_section][et_pb_section bb_built=\u00bb1&#8243; module_id=\u00bbpresencia-internacional\u00bb _builder_version=\u00bb3.17.2&#8243; background_color=\u00bb#222222&#8243; prev_background_color=\u00bb#0e0e0e\u00bb][et_pb_row custom_width_percent=\u00bb90%\u00bb module_id=\u00bbworldwide-top\u00bb _builder_version=\u00bb3.14&#8243;][et_pb_column type=\u00bb1_3&#8243;][et_pb_text _builder_version=\u00bb3.17.6&#8243; background_layout=\u00bbdark\u00bb]<\/p>\n<h1>Presencia<br \/><strong>internacional<\/strong><\/h1>\n<p>[\/et_pb_text][\/et_pb_column][et_pb_column type=\u00bb2_3&#8243;][et_pb_text _builder_version=\u00bb3.17.6&#8243; background_layout=\u00bbdark\u00bb]<\/p>\n<p>Teka est\u00e1 presente en los cinco continentes, y en la actualidad comercializa sus productos en m\u00e1s de 120 pa\u00edses.<\/p>\n<p>La compa\u00f1\u00eda cuenta con 15 f\u00e1bricas repartidas por Europa, Asia y Am\u00e9rica, en las que fabrica m\u00e1s de 15 millones de productos cada a\u00f1o.<\/p>\n<p>[\/et_pb_text][\/et_pb_column][\/et_pb_row][et_pb_row module_id=\u00bbworldwide-map\u00bb _builder_version=\u00bb3.17.2&#8243; disabled=\u00bboff\u00bb disabled_on=\u00bboff|off|off\u00bb][et_pb_column type=\u00bb4_4&#8243;][et_pb_code _builder_version=\u00bb3.17.2&#8243; disabled=\u00bbon\u00bb disabled_on=\u00bbon|on|on\u00bb]<script type=\"text\/javascript\"><!-- [et_pb_line_break_holder] -->var worldwidePoints = {<!-- [et_pb_line_break_holder] --><!-- [et_pb_line_break_holder] --> 'Teka Spain': {<!-- [et_pb_line_break_holder] --> 'address': 'Calle Cajo 17<!\u2013- [et_pb_br_holder] -\u2013>Santander, Espa\u00f1a',<!-- [et_pb_line_break_holder] --> 'mail': 'mail@teka.com',<!-- [et_pb_line_break_holder] --> 'top': 267,<!-- [et_pb_line_break_holder] --> 'left': 461<!-- [et_pb_line_break_holder] --> },<!-- [et_pb_line_break_holder] --><!-- [et_pb_line_break_holder] --> 'Teka Portugal': {<!-- [et_pb_line_break_holder] --> 'address': 'Calle Cajo 17<!\u2013- [et_pb_br_holder] -\u2013>Santander, Espa\u00f1a',<!-- [et_pb_line_break_holder] --> 'mail': 'mail@teka.com',<!-- [et_pb_line_break_holder] --> 'top': 281,<!-- [et_pb_line_break_holder] --> 'left': 451<!-- [et_pb_line_break_holder] --> },<!-- [et_pb_line_break_holder] --><!-- [et_pb_line_break_holder] --> 'Teka Italia': {<!-- [et_pb_line_break_holder] --> 'address': 'Calle Cajo 17<!\u2013- [et_pb_br_holder] -\u2013>Santander, Italy',<!-- [et_pb_line_break_holder] --> 'top': 267,<!-- [et_pb_line_break_holder] --> 'left': 512<!-- [et_pb_line_break_holder] --> },<!-- [et_pb_line_break_holder] --><!-- [et_pb_line_break_holder] -->'Teka Canada':{<!-- [et_pb_line_break_holder] -->'address': 'Lorem ipsum <!\u2013- [et_pb_br_holder] -\u2013> Canada',<!-- [et_pb_line_break_holder] -->'mail': 'example@teka.com',<!-- [et_pb_line_break_holder] -->'top': 220,<!-- [et_pb_line_break_holder] -->'left': 170<!-- [et_pb_line_break_holder] -->},<!-- [et_pb_line_break_holder] --><!-- [et_pb_line_break_holder] -->'Teka Chile':{<!-- [et_pb_line_break_holder] -->'address': 'Lorem ipsum <!\u2013- [et_pb_br_holder] -\u2013> Chile',<!-- [et_pb_line_break_holder] -->'mail': 'example@teka.com',<!-- [et_pb_line_break_holder] -->'top': 520,<!-- [et_pb_line_break_holder] -->'left': 265<!-- [et_pb_line_break_holder] -->},<!-- [et_pb_line_break_holder] --><!-- [et_pb_line_break_holder] -->'Teka Colombia':{<!-- [et_pb_line_break_holder] -->'address': 'Lorem ipsum <!\u2013- [et_pb_br_holder] -\u2013> Colombia',<!-- [et_pb_line_break_holder] -->'mail': 'example@teka.com',<!-- [et_pb_line_break_holder] -->'top': 390,<!-- [et_pb_line_break_holder] -->'left': 260<!-- [et_pb_line_break_holder] -->},<!-- [et_pb_line_break_holder] -->};<!-- [et_pb_line_break_holder] --><\/script>[\/et_pb_code][\/et_pb_column][\/et_pb_row][\/et_pb_section]<\/p>\n","protected":false},"excerpt":{"rendered":"<p>&nbsp; Teka Group,esp\u00edritu alem\u00e1n &nbsp; &nbsp; &nbsp; Presenciainternacional Teka est\u00e1 presente en los cinco continentes, y en la actualidad comercializa sus productos en m\u00e1s de 120 pa\u00edses.La compa\u00f1\u00eda cuenta con 15 f\u00e1bricas repartidas por Europa, Asia y Am\u00e9rica, en las que fabrica m\u00e1s de 15 millones de productos cada a\u00f1o.<\/p>\n","protected":false},"author":9,"featured_media":0,"parent":21989,"menu_order":3,"comment_status":"closed","ping_status":"closed","template":"","meta":{"_acf_changed":false,"_et_pb_use_builder":"on","_et_pb_old_content":"","_et_gb_content_width":"","footnotes":""},"class_list":["post-21991","page","type-page","status-publish","hentry"],"acf":[],"yoast_head":"<!-- This site is optimized with the Yoast SEO plugin v27.2 - https:\/\/yoast.com\/product\/yoast-seo-wordpress\/ -->\n<title>Electrodom\u00e9sticos Teka | Presencia en los cinco continentes<\/title>\n<meta name=\"robots\" content=\"index, follow, max-snippet:-1, max-image-preview:large, max-video-preview:-1\" \/>\n<link rel=\"canonical\" href=\"https:\/\/www.teka.com\/es-uy\/sobre-nosotros\/presencia-internacional\/\" \/>\n<meta property=\"og:locale\" content=\"es_ES\" \/>\n<meta property=\"og:type\" content=\"article\" \/>\n<meta property=\"og:title\" content=\"Electrodom\u00e9sticos Teka | Presencia en los cinco continentes\" \/>\n<meta property=\"og:description\" content=\"&nbsp; Teka Group,esp\u00edritu alem\u00e1n &nbsp; &nbsp; &nbsp; Presenciainternacional Teka est\u00e1 presente en los cinco continentes, y en la actualidad comercializa sus productos en m\u00e1s de 120 pa\u00edses.La compa\u00f1\u00eda cuenta con 15 f\u00e1bricas repartidas por Europa, Asia y Am\u00e9rica, en las que fabrica m\u00e1s de 15 millones de productos cada a\u00f1o.\" \/>\n<meta property=\"og:url\" content=\"https:\/\/www.teka.com\/es-uy\/sobre-nosotros\/presencia-internacional\/\" \/>\n<meta property=\"og:site_name\" content=\"Teka Uruguay\" \/>\n<meta property=\"article:modified_time\" content=\"2019-06-12T11:29:01+00:00\" \/>\n<meta name=\"twitter:card\" content=\"summary_large_image\" \/>\n<meta name=\"twitter:label1\" content=\"Tiempo de lectura\" \/>\n\t<meta name=\"twitter:data1\" content=\"2 minutos\" \/>\n<script type=\"application\/ld+json\" class=\"yoast-schema-graph\">{\"@context\":\"https:\/\/schema.org\",\"@graph\":[{\"@type\":\"WebPage\",\"@id\":\"https:\/\/www.teka.com\/es-uy\/sobre-nosotros\/presencia-internacional\/\",\"url\":\"https:\/\/www.teka.com\/es-uy\/sobre-nosotros\/presencia-internacional\/\",\"name\":\"Electrodom\u00e9sticos Teka | Presencia en los cinco continentes\",\"isPartOf\":{\"@id\":\"https:\/\/www.teka.com\/es-uy\/#website\"},\"datePublished\":\"2018-09-11T06:07:27+00:00\",\"dateModified\":\"2019-06-12T11:29:01+00:00\",\"breadcrumb\":{\"@id\":\"https:\/\/www.teka.com\/es-uy\/sobre-nosotros\/presencia-internacional\/#breadcrumb\"},\"inLanguage\":\"es\",\"potentialAction\":[{\"@type\":\"ReadAction\",\"target\":[\"https:\/\/www.teka.com\/es-uy\/sobre-nosotros\/presencia-internacional\/\"]}]},{\"@type\":\"BreadcrumbList\",\"@id\":\"https:\/\/www.teka.com\/es-uy\/sobre-nosotros\/presencia-internacional\/#breadcrumb\",\"itemListElement\":[{\"@type\":\"ListItem\",\"position\":1,\"name\":\"Acerca de Teka\",\"item\":\"https:\/\/www.teka.com\/es-uy\/sobre-nosotros\/\"},{\"@type\":\"ListItem\",\"position\":2,\"name\":\"Presencia internacional\"}]},{\"@type\":\"WebSite\",\"@id\":\"https:\/\/www.teka.com\/es-uy\/#website\",\"url\":\"https:\/\/www.teka.com\/es-uy\/\",\"name\":\"Teka Uruguay\",\"description\":\"\",\"publisher\":{\"@id\":\"https:\/\/www.teka.com\/es-uy\/#organization\"},\"potentialAction\":[{\"@type\":\"SearchAction\",\"target\":{\"@type\":\"EntryPoint\",\"urlTemplate\":\"https:\/\/www.teka.com\/es-uy\/?s={search_term_string}\"},\"query-input\":{\"@type\":\"PropertyValueSpecification\",\"valueRequired\":true,\"valueName\":\"search_term_string\"}}],\"inLanguage\":\"es\"},{\"@type\":\"Organization\",\"@id\":\"https:\/\/www.teka.com\/es-uy\/#organization\",\"name\":\"Teka Uruguay\",\"url\":\"https:\/\/www.teka.com\/es-uy\/\",\"logo\":{\"@type\":\"ImageObject\",\"inLanguage\":\"es\",\"@id\":\"https:\/\/www.teka.com\/es-uy\/#\/schema\/logo\/image\/\",\"url\":\"https:\/\/www.teka.com\/es-uy\/wp-content\/uploads\/sites\/56\/2018\/10\/404-teka.png\",\"contentUrl\":\"https:\/\/www.teka.com\/es-uy\/wp-content\/uploads\/sites\/56\/2018\/10\/404-teka.png\",\"width\":200,\"height\":200,\"caption\":\"Teka Uruguay\"},\"image\":{\"@id\":\"https:\/\/www.teka.com\/es-uy\/#\/schema\/logo\/image\/\"}}]}<\/script>\n<!-- \/ Yoast SEO plugin. -->","yoast_head_json":{"title":"Electrodom\u00e9sticos Teka | Presencia en los cinco continentes","robots":{"index":"index","follow":"follow","max-snippet":"max-snippet:-1","max-image-preview":"max-image-preview:large","max-video-preview":"max-video-preview:-1"},"canonical":"https:\/\/www.teka.com\/es-uy\/sobre-nosotros\/presencia-internacional\/","og_locale":"es_ES","og_type":"article","og_title":"Electrodom\u00e9sticos Teka | Presencia en los cinco continentes","og_description":"&nbsp; Teka Group,esp\u00edritu alem\u00e1n &nbsp; &nbsp; &nbsp; Presenciainternacional Teka est\u00e1 presente en los cinco continentes, y en la actualidad comercializa sus productos en m\u00e1s de 120 pa\u00edses.La compa\u00f1\u00eda cuenta con 15 f\u00e1bricas repartidas por Europa, Asia y Am\u00e9rica, en las que fabrica m\u00e1s de 15 millones de productos cada a\u00f1o.","og_url":"https:\/\/www.teka.com\/es-uy\/sobre-nosotros\/presencia-internacional\/","og_site_name":"Teka Uruguay","article_modified_time":"2019-06-12T11:29:01+00:00","twitter_card":"summary_large_image","twitter_misc":{"Tiempo de lectura":"2 minutos"},"schema":{"@context":"https:\/\/schema.org","@graph":[{"@type":"WebPage","@id":"https:\/\/www.teka.com\/es-uy\/sobre-nosotros\/presencia-internacional\/","url":"https:\/\/www.teka.com\/es-uy\/sobre-nosotros\/presencia-internacional\/","name":"Electrodom\u00e9sticos Teka | Presencia en los cinco continentes","isPartOf":{"@id":"https:\/\/www.teka.com\/es-uy\/#website"},"datePublished":"2018-09-11T06:07:27+00:00","dateModified":"2019-06-12T11:29:01+00:00","breadcrumb":{"@id":"https:\/\/www.teka.com\/es-uy\/sobre-nosotros\/presencia-internacional\/#breadcrumb"},"inLanguage":"es","potentialAction":[{"@type":"ReadAction","target":["https:\/\/www.teka.com\/es-uy\/sobre-nosotros\/presencia-internacional\/"]}]},{"@type":"BreadcrumbList","@id":"https:\/\/www.teka.com\/es-uy\/sobre-nosotros\/presencia-internacional\/#breadcrumb","itemListElement":[{"@type":"ListItem","position":1,"name":"Acerca de Teka","item":"https:\/\/www.teka.com\/es-uy\/sobre-nosotros\/"},{"@type":"ListItem","position":2,"name":"Presencia internacional"}]},{"@type":"WebSite","@id":"https:\/\/www.teka.com\/es-uy\/#website","url":"https:\/\/www.teka.com\/es-uy\/","name":"Teka Uruguay","description":"","publisher":{"@id":"https:\/\/www.teka.com\/es-uy\/#organization"},"potentialAction":[{"@type":"SearchAction","target":{"@type":"EntryPoint","urlTemplate":"https:\/\/www.teka.com\/es-uy\/?s={search_term_string}"},"query-input":{"@type":"PropertyValueSpecification","valueRequired":true,"valueName":"search_term_string"}}],"inLanguage":"es"},{"@type":"Organization","@id":"https:\/\/www.teka.com\/es-uy\/#organization","name":"Teka Uruguay","url":"https:\/\/www.teka.com\/es-uy\/","logo":{"@type":"ImageObject","inLanguage":"es","@id":"https:\/\/www.teka.com\/es-uy\/#\/schema\/logo\/image\/","url":"https:\/\/www.teka.com\/es-uy\/wp-content\/uploads\/sites\/56\/2018\/10\/404-teka.png","contentUrl":"https:\/\/www.teka.com\/es-uy\/wp-content\/uploads\/sites\/56\/2018\/10\/404-teka.png","width":200,"height":200,"caption":"Teka Uruguay"},"image":{"@id":"https:\/\/www.teka.com\/es-uy\/#\/schema\/logo\/image\/"}}]}},"_links":{"self":[{"href":"https:\/\/www.teka.com\/es-uy\/wp-json\/wp\/v2\/pages\/21991","targetHints":{"allow":["GET"]}}],"collection":[{"href":"https:\/\/www.teka.com\/es-uy\/wp-json\/wp\/v2\/pages"}],"about":[{"href":"https:\/\/www.teka.com\/es-uy\/wp-json\/wp\/v2\/types\/page"}],"author":[{"embeddable":true,"href":"https:\/\/www.teka.com\/es-uy\/wp-json\/wp\/v2\/users\/9"}],"replies":[{"embeddable":true,"href":"https:\/\/www.teka.com\/es-uy\/wp-json\/wp\/v2\/comments?post=21991"}],"version-history":[{"count":30,"href":"https:\/\/www.teka.com\/es-uy\/wp-json\/wp\/v2\/pages\/21991\/revisions"}],"predecessor-version":[{"id":23218,"href":"https:\/\/www.teka.com\/es-uy\/wp-json\/wp\/v2\/pages\/21991\/revisions\/23218"}],"up":[{"embeddable":true,"href":"https:\/\/www.teka.com\/es-uy\/wp-json\/wp\/v2\/pages\/21989"}],"wp:attachment":[{"href":"https:\/\/www.teka.com\/es-uy\/wp-json\/wp\/v2\/media?parent=21991"}],"curies":[{"name":"wp","href":"https:\/\/api.w.org\/{rel}","templated":true}]}}