{"id":5223,"date":"2018-08-10T09:27:29","date_gmt":"2018-08-10T08:27:29","guid":{"rendered":"http:\/\/teka.com\/?page_id=5223"},"modified":"2019-10-30T17:18:02","modified_gmt":"2019-10-30T16:18:02","slug":"mapa","status":"publish","type":"page","link":"https:\/\/www.teka.com\/es-uy\/soporte\/mapa\/","title":{"rendered":"Localizar Servicio de Atenci\u00f3n al Cliente"},"content":{"rendered":"<p>[et_pb_section bb_built=\u00bb1&#8243;][et_pb_row][et_pb_column type=\u00bb4_4&#8243;][et_pb_text _builder_version=\u00bb3.19&#8243;]<\/p>\n<h1><strong>Localizador<\/strong> de puntos de venta y servicios t\u00e9cnicos<\/h1>\n<p>[\/et_pb_text][et_pb_text _builder_version=\u00bb3.19&#8243;]<\/p>\n<p>Elige el Tipo De Establecimiento que est\u00e1s buscando. A continuaci\u00f3n, escribe una calle, localidad, provincia o c\u00f3digo postal y te mostraremos los resultados m\u00e1s cercanos a tu b\u00fasqueda.<\/p>\n<p>[\/et_pb_text][\/et_pb_column][\/et_pb_row][\/et_pb_section]<\/p>\n","protected":false},"excerpt":{"rendered":"<p><div class=\"et_pb_row et_pb_row_0 et_pb_row_empty\">\n\t\t\t\t\n\t\t\t\t\n\t\t\t\t\n\t\t\t\t\n\t\t\t\t\n\t\t\t<\/div> Localizador de puntos de venta y servicios t\u00e9cnicos Elige el Tipo De Establecimiento que est\u00e1s buscando. A continuaci\u00f3n, escribe una calle, localidad, provincia o c\u00f3digo postal y te mostraremos los resultados m\u00e1s cercanos a tu b\u00fasqueda.<\/p>\n","protected":false},"author":1,"featured_media":0,"parent":5193,"menu_order":0,"comment_status":"closed","ping_status":"closed","template":"tp-map.php","meta":{"_acf_changed":false,"_et_pb_use_builder":"on","_et_pb_old_content":"","_et_gb_content_width":"","footnotes":""},"class_list":["post-5223","page","type-page","status-publish","hentry"],"acf":[],"yoast_head":"<!-- This site is optimized with the Yoast SEO plugin v27.2 - https:\/\/yoast.com\/product\/yoast-seo-wordpress\/ -->\n<title>Teka Technical Services and Shop Points | Map | Where to buy<\/title>\n<meta name=\"robots\" content=\"index, follow, max-snippet:-1, max-image-preview:large, max-video-preview:-1\" \/>\n<link rel=\"canonical\" href=\"https:\/\/www.teka.com\/es-uy\/soporte\/mapa\/\" \/>\n<meta property=\"og:locale\" content=\"es_ES\" \/>\n<meta property=\"og:type\" content=\"article\" \/>\n<meta property=\"og:title\" content=\"Teka Technical Services and Shop Points | Map | Where to buy\" \/>\n<meta property=\"og:description\" content=\"Localizador de puntos de venta y servicios t\u00e9cnicos Elige el Tipo De Establecimiento que est\u00e1s buscando. A continuaci\u00f3n, escribe una calle, localidad, provincia o c\u00f3digo postal y te mostraremos los resultados m\u00e1s cercanos a tu b\u00fasqueda.\" \/>\n<meta property=\"og:url\" content=\"https:\/\/www.teka.com\/es-uy\/soporte\/mapa\/\" \/>\n<meta property=\"og:site_name\" content=\"Teka Uruguay\" \/>\n<meta property=\"article:modified_time\" content=\"2019-10-30T16:18:02+00:00\" \/>\n<meta name=\"twitter:card\" content=\"summary_large_image\" \/>\n<script type=\"application\/ld+json\" class=\"yoast-schema-graph\">{\"@context\":\"https:\/\/schema.org\",\"@graph\":[{\"@type\":\"WebPage\",\"@id\":\"https:\/\/www.teka.com\/es-uy\/soporte\/mapa\/\",\"url\":\"https:\/\/www.teka.com\/es-uy\/soporte\/mapa\/\",\"name\":\"Teka Technical Services and Shop Points | Map | Where to buy\",\"isPartOf\":{\"@id\":\"https:\/\/www.teka.com\/es-uy\/#website\"},\"datePublished\":\"2018-08-10T08:27:29+00:00\",\"dateModified\":\"2019-10-30T16:18:02+00:00\",\"breadcrumb\":{\"@id\":\"https:\/\/www.teka.com\/es-uy\/soporte\/mapa\/#breadcrumb\"},\"inLanguage\":\"es\",\"potentialAction\":[{\"@type\":\"ReadAction\",\"target\":[\"https:\/\/www.teka.com\/es-uy\/soporte\/mapa\/\"]}]},{\"@type\":\"BreadcrumbList\",\"@id\":\"https:\/\/www.teka.com\/es-uy\/soporte\/mapa\/#breadcrumb\",\"itemListElement\":[{\"@type\":\"ListItem\",\"position\":1,\"name\":\"Soporte\",\"item\":\"https:\/\/www.teka.com\/es-uy\/soporte\/\"},{\"@type\":\"ListItem\",\"position\":2,\"name\":\"Localizar Servicio de Atenci\u00f3n al Cliente\"}]},{\"@type\":\"WebSite\",\"@id\":\"https:\/\/www.teka.com\/es-uy\/#website\",\"url\":\"https:\/\/www.teka.com\/es-uy\/\",\"name\":\"Teka Uruguay\",\"description\":\"\",\"publisher\":{\"@id\":\"https:\/\/www.teka.com\/es-uy\/#organization\"},\"potentialAction\":[{\"@type\":\"SearchAction\",\"target\":{\"@type\":\"EntryPoint\",\"urlTemplate\":\"https:\/\/www.teka.com\/es-uy\/?s={search_term_string}\"},\"query-input\":{\"@type\":\"PropertyValueSpecification\",\"valueRequired\":true,\"valueName\":\"search_term_string\"}}],\"inLanguage\":\"es\"},{\"@type\":\"Organization\",\"@id\":\"https:\/\/www.teka.com\/es-uy\/#organization\",\"name\":\"Teka Uruguay\",\"url\":\"https:\/\/www.teka.com\/es-uy\/\",\"logo\":{\"@type\":\"ImageObject\",\"inLanguage\":\"es\",\"@id\":\"https:\/\/www.teka.com\/es-uy\/#\/schema\/logo\/image\/\",\"url\":\"https:\/\/www.teka.com\/es-uy\/wp-content\/uploads\/sites\/56\/2018\/10\/404-teka.png\",\"contentUrl\":\"https:\/\/www.teka.com\/es-uy\/wp-content\/uploads\/sites\/56\/2018\/10\/404-teka.png\",\"width\":200,\"height\":200,\"caption\":\"Teka Uruguay\"},\"image\":{\"@id\":\"https:\/\/www.teka.com\/es-uy\/#\/schema\/logo\/image\/\"}}]}<\/script>\n<!-- \/ Yoast SEO plugin. -->","yoast_head_json":{"title":"Teka Technical Services and Shop Points | Map | Where to buy","robots":{"index":"index","follow":"follow","max-snippet":"max-snippet:-1","max-image-preview":"max-image-preview:large","max-video-preview":"max-video-preview:-1"},"canonical":"https:\/\/www.teka.com\/es-uy\/soporte\/mapa\/","og_locale":"es_ES","og_type":"article","og_title":"Teka Technical Services and Shop Points | Map | Where to buy","og_description":"Localizador de puntos de venta y servicios t\u00e9cnicos Elige el Tipo De Establecimiento que est\u00e1s buscando. A continuaci\u00f3n, escribe una calle, localidad, provincia o c\u00f3digo postal y te mostraremos los resultados m\u00e1s cercanos a tu b\u00fasqueda.","og_url":"https:\/\/www.teka.com\/es-uy\/soporte\/mapa\/","og_site_name":"Teka Uruguay","article_modified_time":"2019-10-30T16:18:02+00:00","twitter_card":"summary_large_image","schema":{"@context":"https:\/\/schema.org","@graph":[{"@type":"WebPage","@id":"https:\/\/www.teka.com\/es-uy\/soporte\/mapa\/","url":"https:\/\/www.teka.com\/es-uy\/soporte\/mapa\/","name":"Teka Technical Services and Shop Points | Map | Where to buy","isPartOf":{"@id":"https:\/\/www.teka.com\/es-uy\/#website"},"datePublished":"2018-08-10T08:27:29+00:00","dateModified":"2019-10-30T16:18:02+00:00","breadcrumb":{"@id":"https:\/\/www.teka.com\/es-uy\/soporte\/mapa\/#breadcrumb"},"inLanguage":"es","potentialAction":[{"@type":"ReadAction","target":["https:\/\/www.teka.com\/es-uy\/soporte\/mapa\/"]}]},{"@type":"BreadcrumbList","@id":"https:\/\/www.teka.com\/es-uy\/soporte\/mapa\/#breadcrumb","itemListElement":[{"@type":"ListItem","position":1,"name":"Soporte","item":"https:\/\/www.teka.com\/es-uy\/soporte\/"},{"@type":"ListItem","position":2,"name":"Localizar Servicio de Atenci\u00f3n al Cliente"}]},{"@type":"WebSite","@id":"https:\/\/www.teka.com\/es-uy\/#website","url":"https:\/\/www.teka.com\/es-uy\/","name":"Teka Uruguay","description":"","publisher":{"@id":"https:\/\/www.teka.com\/es-uy\/#organization"},"potentialAction":[{"@type":"SearchAction","target":{"@type":"EntryPoint","urlTemplate":"https:\/\/www.teka.com\/es-uy\/?s={search_term_string}"},"query-input":{"@type":"PropertyValueSpecification","valueRequired":true,"valueName":"search_term_string"}}],"inLanguage":"es"},{"@type":"Organization","@id":"https:\/\/www.teka.com\/es-uy\/#organization","name":"Teka Uruguay","url":"https:\/\/www.teka.com\/es-uy\/","logo":{"@type":"ImageObject","inLanguage":"es","@id":"https:\/\/www.teka.com\/es-uy\/#\/schema\/logo\/image\/","url":"https:\/\/www.teka.com\/es-uy\/wp-content\/uploads\/sites\/56\/2018\/10\/404-teka.png","contentUrl":"https:\/\/www.teka.com\/es-uy\/wp-content\/uploads\/sites\/56\/2018\/10\/404-teka.png","width":200,"height":200,"caption":"Teka Uruguay"},"image":{"@id":"https:\/\/www.teka.com\/es-uy\/#\/schema\/logo\/image\/"}}]}},"_links":{"self":[{"href":"https:\/\/www.teka.com\/es-uy\/wp-json\/wp\/v2\/pages\/5223","targetHints":{"allow":["GET"]}}],"collection":[{"href":"https:\/\/www.teka.com\/es-uy\/wp-json\/wp\/v2\/pages"}],"about":[{"href":"https:\/\/www.teka.com\/es-uy\/wp-json\/wp\/v2\/types\/page"}],"author":[{"embeddable":true,"href":"https:\/\/www.teka.com\/es-uy\/wp-json\/wp\/v2\/users\/1"}],"replies":[{"embeddable":true,"href":"https:\/\/www.teka.com\/es-uy\/wp-json\/wp\/v2\/comments?post=5223"}],"version-history":[{"count":6,"href":"https:\/\/www.teka.com\/es-uy\/wp-json\/wp\/v2\/pages\/5223\/revisions"}],"predecessor-version":[{"id":64285,"href":"https:\/\/www.teka.com\/es-uy\/wp-json\/wp\/v2\/pages\/5223\/revisions\/64285"}],"up":[{"embeddable":true,"href":"https:\/\/www.teka.com\/es-uy\/wp-json\/wp\/v2\/pages\/5193"}],"wp:attachment":[{"href":"https:\/\/www.teka.com\/es-uy\/wp-json\/wp\/v2\/media?parent=5223"}],"curies":[{"name":"wp","href":"https:\/\/api.w.org\/{rel}","templated":true}]}}