{"id":124607,"date":"2026-04-26T07:52:17","date_gmt":"2026-04-26T07:52:17","guid":{"rendered":"https:\/\/teka.com\/es-es\/teka-home-izf-88770-mst_112500043"},"modified":"2026-03-14T08:20:28","modified_gmt":"2026-03-14T09:20:28","slug":"teka-home-izf-88770-mst_112500043","status":"publish","type":"product","link":"https:\/\/www.teka.com\/es-uy\/producto\/teka-home-izf-88770-mst_112500043\/","title":{"rendered":"Teka Home IZF 88770 MST"},"content":{"rendered":"<ul>\n<li>Placa de inducc\u00f3n FullFlex<\/li>\n<li>Funci\u00f3n HobtoHood<\/li>\n<li>Funciones directas con sensores de temperatura<\/li>\n<li>Touch Control Multislider<\/li>\n<li>4 zonas de cocinado<\/li>\n<\/ul>\n","protected":false},"featured_media":0,"parent":0,"template":"","product_cat":[57270],"product_cleaning_system":[],"product_3rd_basket":[],"product_drawers":[],"product_type_of_installation":[],"product_edition":[],"product_serie":[],"product_features":[57171,57172,57173,57174,57175,57219,57220,57221,57222,57223,57224],"finishes":[],"product_bundles":[],"product_energy_efficiency":[],"product_video_training":[57852,57853,57855,57861,57867,57869,57872,57874,57875,57877,57878,57880,57883,58043],"class_list":["post-124607","product","type-product","status-publish","hentry","product_cat-encimeras","usp-tekahome-04","usp-tekahome-01","usp-tekahome-02","usp-induction-13","usp-induction-21","usp-productoftheyear-03","usp-cookinglovers-01","color-negro","product_type_of_appliance-induccion","product_ambient-tekahome-01","product_ambient-ambient-05","product_icons-flex","product_icons-autolock","product_icons-easy-installation","product_icons-multislider","product_icons-power","product_icons-power-plus","product_features-quick-boiling","product_features-keep-warm","product_features-flex","product_features-simmering","product_features-melting","product_features-grilling","product_features-pan-frying","product_features-deep-fry","product_features-confit","product_features-poach","product_features-rice-cook","product_video_training-training-tekahome-01","product_video_training-training-tekahome-02","product_video_training-training-tekahome-04","product_video_training-traininghobs-01","product_video_training-traininghobs-02","product_video_training-traininghobs-04","product_video_training-traininghobs-05","product_video_training-traininghobs-06","product_video_training-traininghobs-07","product_video_training-traininghobs-08","product_video_training-traininghobs-09","product_video_training-traininghobs-10","product_video_training-traininghobs-11","product_video_training-traininghobs-14"],"acf":[],"yoast_head":"<!-- This site is optimized with the Yoast SEO plugin v27.5 - https:\/\/yoast.com\/product\/yoast-seo-wordpress\/ -->\n<title>Inducci\u00f3n inteligente con Wifi Teka Home IZF 88770 | Teka Chile<\/title>\n<meta name=\"description\" content=\"Placa de inducci\u00f3n inteligente de 80 cm con 4 zonas de cocinado FullFlex combinables, conexi\u00f3n wifi y funciones directas que puedes usar a trav\u00e9s de App o de Alexa. Cristal negro.\" \/>\n<meta name=\"robots\" content=\"index, follow, max-snippet:-1, max-image-preview:large, max-video-preview:-1\" \/>\n<link rel=\"canonical\" href=\"https:\/\/www.teka.com\/es-uy\/producto\/teka-home-izf-88770-mst_112500043\/\" \/>\n<meta property=\"og:locale\" content=\"es_ES\" \/>\n<meta property=\"og:type\" content=\"article\" \/>\n<meta property=\"og:title\" content=\"Inducci\u00f3n inteligente con Wifi Teka Home IZF 88770 | Teka Chile\" \/>\n<meta property=\"og:description\" content=\"Placa de inducci\u00f3n inteligente de 80 cm con 4 zonas de cocinado FullFlex combinables, conexi\u00f3n wifi y funciones directas que puedes usar a trav\u00e9s de App o de Alexa. Cristal negro.\" \/>\n<meta property=\"og:url\" content=\"https:\/\/www.teka.com\/es-uy\/producto\/teka-home-izf-88770-mst_112500043\/\" \/>\n<meta property=\"og:site_name\" content=\"Teka Uruguay\" \/>\n<meta name=\"twitter:card\" content=\"summary_large_image\" \/>\n<script type=\"application\/ld+json\" class=\"yoast-schema-graph\">{\"@context\":\"https:\\\/\\\/schema.org\",\"@graph\":[{\"@type\":\"WebPage\",\"@id\":\"https:\\\/\\\/www.teka.com\\\/es-uy\\\/producto\\\/teka-home-izf-88770-mst_112500043\\\/\",\"url\":\"https:\\\/\\\/www.teka.com\\\/es-uy\\\/producto\\\/teka-home-izf-88770-mst_112500043\\\/\",\"name\":\"Inducci\u00f3n inteligente con Wifi Teka Home IZF 88770 | Teka Chile\",\"isPartOf\":{\"@id\":\"https:\\\/\\\/www.teka.com\\\/es-uy\\\/#website\"},\"datePublished\":\"2026-04-26T07:52:17+00:00\",\"description\":\"Placa de inducci\u00f3n inteligente de 80 cm con 4 zonas de cocinado FullFlex combinables, conexi\u00f3n wifi y funciones directas que puedes usar a trav\u00e9s de App o de Alexa. Cristal negro.\",\"inLanguage\":\"es\",\"potentialAction\":[{\"@type\":\"ReadAction\",\"target\":[\"https:\\\/\\\/www.teka.com\\\/es-uy\\\/producto\\\/teka-home-izf-88770-mst_112500043\\\/\"]}]},{\"@type\":\"WebSite\",\"@id\":\"https:\\\/\\\/www.teka.com\\\/es-uy\\\/#website\",\"url\":\"https:\\\/\\\/www.teka.com\\\/es-uy\\\/\",\"name\":\"Teka Uruguay\",\"description\":\"\",\"publisher\":{\"@id\":\"https:\\\/\\\/www.teka.com\\\/es-uy\\\/#organization\"},\"potentialAction\":[{\"@type\":\"SearchAction\",\"target\":{\"@type\":\"EntryPoint\",\"urlTemplate\":\"https:\\\/\\\/www.teka.com\\\/es-uy\\\/?s={search_term_string}\"},\"query-input\":{\"@type\":\"PropertyValueSpecification\",\"valueRequired\":true,\"valueName\":\"search_term_string\"}}],\"inLanguage\":\"es\"},{\"@type\":\"Organization\",\"@id\":\"https:\\\/\\\/www.teka.com\\\/es-uy\\\/#organization\",\"name\":\"Teka Uruguay\",\"url\":\"https:\\\/\\\/www.teka.com\\\/es-uy\\\/\",\"logo\":{\"@type\":\"ImageObject\",\"inLanguage\":\"es\",\"@id\":\"https:\\\/\\\/www.teka.com\\\/es-uy\\\/#\\\/schema\\\/logo\\\/image\\\/\",\"url\":\"https:\\\/\\\/www.teka.com\\\/es-uy\\\/wp-content\\\/uploads\\\/sites\\\/56\\\/2018\\\/10\\\/404-teka.png\",\"contentUrl\":\"https:\\\/\\\/www.teka.com\\\/es-uy\\\/wp-content\\\/uploads\\\/sites\\\/56\\\/2018\\\/10\\\/404-teka.png\",\"width\":200,\"height\":200,\"caption\":\"Teka Uruguay\"},\"image\":{\"@id\":\"https:\\\/\\\/www.teka.com\\\/es-uy\\\/#\\\/schema\\\/logo\\\/image\\\/\"}}]}<\/script>\n<!-- \/ Yoast SEO plugin. -->","yoast_head_json":{"title":"Inducci\u00f3n inteligente con Wifi Teka Home IZF 88770 | Teka Chile","description":"Placa de inducci\u00f3n inteligente de 80 cm con 4 zonas de cocinado FullFlex combinables, conexi\u00f3n wifi y funciones directas que puedes usar a trav\u00e9s de App o de Alexa. Cristal negro.","robots":{"index":"index","follow":"follow","max-snippet":"max-snippet:-1","max-image-preview":"max-image-preview:large","max-video-preview":"max-video-preview:-1"},"canonical":"https:\/\/www.teka.com\/es-uy\/producto\/teka-home-izf-88770-mst_112500043\/","og_locale":"es_ES","og_type":"article","og_title":"Inducci\u00f3n inteligente con Wifi Teka Home IZF 88770 | Teka Chile","og_description":"Placa de inducci\u00f3n inteligente de 80 cm con 4 zonas de cocinado FullFlex combinables, conexi\u00f3n wifi y funciones directas que puedes usar a trav\u00e9s de App o de Alexa. Cristal negro.","og_url":"https:\/\/www.teka.com\/es-uy\/producto\/teka-home-izf-88770-mst_112500043\/","og_site_name":"Teka Uruguay","twitter_card":"summary_large_image","schema":{"@context":"https:\/\/schema.org","@graph":[{"@type":"WebPage","@id":"https:\/\/www.teka.com\/es-uy\/producto\/teka-home-izf-88770-mst_112500043\/","url":"https:\/\/www.teka.com\/es-uy\/producto\/teka-home-izf-88770-mst_112500043\/","name":"Inducci\u00f3n inteligente con Wifi Teka Home IZF 88770 | Teka Chile","isPartOf":{"@id":"https:\/\/www.teka.com\/es-uy\/#website"},"datePublished":"2026-04-26T07:52:17+00:00","description":"Placa de inducci\u00f3n inteligente de 80 cm con 4 zonas de cocinado FullFlex combinables, conexi\u00f3n wifi y funciones directas que puedes usar a trav\u00e9s de App o de Alexa. Cristal negro.","inLanguage":"es","potentialAction":[{"@type":"ReadAction","target":["https:\/\/www.teka.com\/es-uy\/producto\/teka-home-izf-88770-mst_112500043\/"]}]},{"@type":"WebSite","@id":"https:\/\/www.teka.com\/es-uy\/#website","url":"https:\/\/www.teka.com\/es-uy\/","name":"Teka Uruguay","description":"","publisher":{"@id":"https:\/\/www.teka.com\/es-uy\/#organization"},"potentialAction":[{"@type":"SearchAction","target":{"@type":"EntryPoint","urlTemplate":"https:\/\/www.teka.com\/es-uy\/?s={search_term_string}"},"query-input":{"@type":"PropertyValueSpecification","valueRequired":true,"valueName":"search_term_string"}}],"inLanguage":"es"},{"@type":"Organization","@id":"https:\/\/www.teka.com\/es-uy\/#organization","name":"Teka Uruguay","url":"https:\/\/www.teka.com\/es-uy\/","logo":{"@type":"ImageObject","inLanguage":"es","@id":"https:\/\/www.teka.com\/es-uy\/#\/schema\/logo\/image\/","url":"https:\/\/www.teka.com\/es-uy\/wp-content\/uploads\/sites\/56\/2018\/10\/404-teka.png","contentUrl":"https:\/\/www.teka.com\/es-uy\/wp-content\/uploads\/sites\/56\/2018\/10\/404-teka.png","width":200,"height":200,"caption":"Teka Uruguay"},"image":{"@id":"https:\/\/www.teka.com\/es-uy\/#\/schema\/logo\/image\/"}}]}},"_links":{"self":[{"href":"https:\/\/www.teka.com\/es-uy\/wp-json\/wp\/v2\/product\/124607","targetHints":{"allow":["GET"]}}],"collection":[{"href":"https:\/\/www.teka.com\/es-uy\/wp-json\/wp\/v2\/product"}],"about":[{"href":"https:\/\/www.teka.com\/es-uy\/wp-json\/wp\/v2\/types\/product"}],"wp:attachment":[{"href":"https:\/\/www.teka.com\/es-uy\/wp-json\/wp\/v2\/media?parent=124607"}],"wp:term":[{"taxonomy":"product_cat","embeddable":true,"href":"https:\/\/www.teka.com\/es-uy\/wp-json\/wp\/v2\/product_cat?post=124607"},{"taxonomy":"product_cleaning_system","embeddable":true,"href":"https:\/\/www.teka.com\/es-uy\/wp-json\/wp\/v2\/product_cleaning_system?post=124607"},{"taxonomy":"product_3rd_basket","embeddable":true,"href":"https:\/\/www.teka.com\/es-uy\/wp-json\/wp\/v2\/product_3rd_basket?post=124607"},{"taxonomy":"product_drawers","embeddable":true,"href":"https:\/\/www.teka.com\/es-uy\/wp-json\/wp\/v2\/product_drawers?post=124607"},{"taxonomy":"product_type_of_installation","embeddable":true,"href":"https:\/\/www.teka.com\/es-uy\/wp-json\/wp\/v2\/product_type_of_installation?post=124607"},{"taxonomy":"product_edition","embeddable":true,"href":"https:\/\/www.teka.com\/es-uy\/wp-json\/wp\/v2\/product_edition?post=124607"},{"taxonomy":"product_serie","embeddable":true,"href":"https:\/\/www.teka.com\/es-uy\/wp-json\/wp\/v2\/product_serie?post=124607"},{"taxonomy":"product_features","embeddable":true,"href":"https:\/\/www.teka.com\/es-uy\/wp-json\/wp\/v2\/product_features?post=124607"},{"taxonomy":"finishes","embeddable":true,"href":"https:\/\/www.teka.com\/es-uy\/wp-json\/wp\/v2\/finishes?post=124607"},{"taxonomy":"product_bundles","embeddable":true,"href":"https:\/\/www.teka.com\/es-uy\/wp-json\/wp\/v2\/product_bundles?post=124607"},{"taxonomy":"product_energy_efficiency","embeddable":true,"href":"https:\/\/www.teka.com\/es-uy\/wp-json\/wp\/v2\/product_energy_efficiency?post=124607"},{"taxonomy":"product_video_training","embeddable":true,"href":"https:\/\/www.teka.com\/es-uy\/wp-json\/wp\/v2\/product_video_training?post=124607"}],"curies":[{"name":"wp","href":"https:\/\/api.w.org\/{rel}","templated":true}]}}