{"id":218875,"date":"2026-04-27T04:01:34","date_gmt":"2026-04-27T04:01:34","guid":{"rendered":"https:\/\/teka.com\/es-cl\/neo-hsb-6360-fbk_111010111"},"modified":"2026-04-21T09:03:47","modified_gmt":"2026-04-21T10:03:47","slug":"neo-hsb-6360-fbk_111010111","status":"publish","type":"product","link":"https:\/\/www.teka.com\/es-uy\/producto\/neo-hsb-6360-fbk_111010111\/","title":{"rendered":"NEO HSB 6360 FBK"},"content":{"rendered":"<ul>\n<li>Horno multifunci\u00f3n con un nuevo dise\u00f1o moderno<\/li>\n<li>Funci\u00f3n Chef con programas autom\u00e1ticos<\/li>\n<li>Sistema ThermoSeal que mantiene el calor en el interior<\/li>\n<li>Esmalte BrightClean ultrarresistente<\/li>\n<li>Sistema FastClick para soportes de bandeja f\u00e1ciles de montar<\/li>\n<li>Joya integrada en el nuevo tirador ergon\u00f3mico<\/li>\n<li>Pantalla un 35% m\u00e1s grande con indicadores de color<\/li>\n<\/ul>\n","protected":false},"featured_media":0,"parent":0,"template":"","product_cat":[57275],"product_cleaning_system":[3162],"product_3rd_basket":[],"product_drawers":[],"product_type_of_installation":[],"product_edition":[],"product_serie":[],"product_features":[],"finishes":[],"product_bundles":[],"product_energy_efficiency":[57803],"product_video_training":[57866,57870,57876,57890,58045],"class_list":["post-218875","product","type-product","status-publish","hentry","product_cat-hornos","usp-ovens-06","usp-ovens-12","usp-neo-00-neo-series","usp-neo-01-wider-colored-display","usp-neo-02-pushpull-knobs","usp-neo-04-jewel","usp-neo-05-brightclean-shield","usp-neo-06-thermoseal-system","usp-neo-07-chef-functions","usp-neo-11-fastclick-system","color-fbk","product_type_of_appliance-multifuncion","product_icons-hydroclean","product_icons-70l","product_icons-plus-extension-telescopic-guide","product_cleaning_system-hydroclean","product_energy_efficiency-a-plus-icon","product_video_training-trainingovens-01","product_video_training-trainingovens-02","product_video_training-trainingovens-05","product_video_training-trainingovens-12","product_video_training-trainingovens-22"],"acf":[],"yoast_head":"<!-- This site is optimized with the Yoast SEO plugin v27.2 - https:\/\/yoast.com\/product\/yoast-seo-wordpress\/ -->\n<title>NEO HSB 6360 FBK | Teka Uruguay<\/title>\n<meta name=\"robots\" content=\"index, follow, max-snippet:-1, max-image-preview:large, max-video-preview:-1\" \/>\n<link rel=\"canonical\" href=\"https:\/\/www.teka.com\/es-uy\/producto\/neo-hsb-6360-fbk_111010111\/\" \/>\n<meta property=\"og:locale\" content=\"es_ES\" \/>\n<meta property=\"og:type\" content=\"article\" \/>\n<meta property=\"og:title\" content=\"NEO HSB 6360 FBK | Teka Uruguay\" \/>\n<meta property=\"og:description\" content=\"Horno multifunci\u00f3n con un nuevo dise\u00f1o moderno Funci\u00f3n Chef con programas autom\u00e1ticos Sistema ThermoSeal que mantiene el calor en el interior Esmalte BrightClean ultrarresistente Sistema FastClick para soportes de bandeja f\u00e1ciles de montar Joya integrada en el nuevo tirador ergon\u00f3mico Pantalla un 35% m\u00e1s grande con indicadores de color\" \/>\n<meta property=\"og:url\" content=\"https:\/\/www.teka.com\/es-uy\/producto\/neo-hsb-6360-fbk_111010111\/\" \/>\n<meta property=\"og:site_name\" content=\"Teka Uruguay\" \/>\n<meta name=\"twitter:card\" content=\"summary_large_image\" \/>\n<script type=\"application\/ld+json\" class=\"yoast-schema-graph\">{\"@context\":\"https:\/\/schema.org\",\"@graph\":[{\"@type\":\"WebPage\",\"@id\":\"https:\/\/www.teka.com\/es-uy\/producto\/neo-hsb-6360-fbk_111010111\/\",\"url\":\"https:\/\/www.teka.com\/es-uy\/producto\/neo-hsb-6360-fbk_111010111\/\",\"name\":\"NEO HSB 6360 FBK | Teka Uruguay\",\"isPartOf\":{\"@id\":\"https:\/\/www.teka.com\/es-uy\/#website\"},\"datePublished\":\"2026-04-27T04:01:34+00:00\",\"inLanguage\":\"es\",\"potentialAction\":[{\"@type\":\"ReadAction\",\"target\":[\"https:\/\/www.teka.com\/es-uy\/producto\/neo-hsb-6360-fbk_111010111\/\"]}]},{\"@type\":\"WebSite\",\"@id\":\"https:\/\/www.teka.com\/es-uy\/#website\",\"url\":\"https:\/\/www.teka.com\/es-uy\/\",\"name\":\"Teka Uruguay\",\"description\":\"\",\"publisher\":{\"@id\":\"https:\/\/www.teka.com\/es-uy\/#organization\"},\"potentialAction\":[{\"@type\":\"SearchAction\",\"target\":{\"@type\":\"EntryPoint\",\"urlTemplate\":\"https:\/\/www.teka.com\/es-uy\/?s={search_term_string}\"},\"query-input\":{\"@type\":\"PropertyValueSpecification\",\"valueRequired\":true,\"valueName\":\"search_term_string\"}}],\"inLanguage\":\"es\"},{\"@type\":\"Organization\",\"@id\":\"https:\/\/www.teka.com\/es-uy\/#organization\",\"name\":\"Teka Uruguay\",\"url\":\"https:\/\/www.teka.com\/es-uy\/\",\"logo\":{\"@type\":\"ImageObject\",\"inLanguage\":\"es\",\"@id\":\"https:\/\/www.teka.com\/es-uy\/#\/schema\/logo\/image\/\",\"url\":\"https:\/\/www.teka.com\/es-uy\/wp-content\/uploads\/sites\/56\/2018\/10\/404-teka.png\",\"contentUrl\":\"https:\/\/www.teka.com\/es-uy\/wp-content\/uploads\/sites\/56\/2018\/10\/404-teka.png\",\"width\":200,\"height\":200,\"caption\":\"Teka Uruguay\"},\"image\":{\"@id\":\"https:\/\/www.teka.com\/es-uy\/#\/schema\/logo\/image\/\"}}]}<\/script>\n<!-- \/ Yoast SEO plugin. -->","yoast_head_json":{"title":"NEO HSB 6360 FBK | Teka Uruguay","robots":{"index":"index","follow":"follow","max-snippet":"max-snippet:-1","max-image-preview":"max-image-preview:large","max-video-preview":"max-video-preview:-1"},"canonical":"https:\/\/www.teka.com\/es-uy\/producto\/neo-hsb-6360-fbk_111010111\/","og_locale":"es_ES","og_type":"article","og_title":"NEO HSB 6360 FBK | Teka Uruguay","og_description":"Horno multifunci\u00f3n con un nuevo dise\u00f1o moderno Funci\u00f3n Chef con programas autom\u00e1ticos Sistema ThermoSeal que mantiene el calor en el interior Esmalte BrightClean ultrarresistente Sistema FastClick para soportes de bandeja f\u00e1ciles de montar Joya integrada en el nuevo tirador ergon\u00f3mico Pantalla un 35% m\u00e1s grande con indicadores de color","og_url":"https:\/\/www.teka.com\/es-uy\/producto\/neo-hsb-6360-fbk_111010111\/","og_site_name":"Teka Uruguay","twitter_card":"summary_large_image","schema":{"@context":"https:\/\/schema.org","@graph":[{"@type":"WebPage","@id":"https:\/\/www.teka.com\/es-uy\/producto\/neo-hsb-6360-fbk_111010111\/","url":"https:\/\/www.teka.com\/es-uy\/producto\/neo-hsb-6360-fbk_111010111\/","name":"NEO HSB 6360 FBK | Teka Uruguay","isPartOf":{"@id":"https:\/\/www.teka.com\/es-uy\/#website"},"datePublished":"2026-04-27T04:01:34+00:00","inLanguage":"es","potentialAction":[{"@type":"ReadAction","target":["https:\/\/www.teka.com\/es-uy\/producto\/neo-hsb-6360-fbk_111010111\/"]}]},{"@type":"WebSite","@id":"https:\/\/www.teka.com\/es-uy\/#website","url":"https:\/\/www.teka.com\/es-uy\/","name":"Teka Uruguay","description":"","publisher":{"@id":"https:\/\/www.teka.com\/es-uy\/#organization"},"potentialAction":[{"@type":"SearchAction","target":{"@type":"EntryPoint","urlTemplate":"https:\/\/www.teka.com\/es-uy\/?s={search_term_string}"},"query-input":{"@type":"PropertyValueSpecification","valueRequired":true,"valueName":"search_term_string"}}],"inLanguage":"es"},{"@type":"Organization","@id":"https:\/\/www.teka.com\/es-uy\/#organization","name":"Teka Uruguay","url":"https:\/\/www.teka.com\/es-uy\/","logo":{"@type":"ImageObject","inLanguage":"es","@id":"https:\/\/www.teka.com\/es-uy\/#\/schema\/logo\/image\/","url":"https:\/\/www.teka.com\/es-uy\/wp-content\/uploads\/sites\/56\/2018\/10\/404-teka.png","contentUrl":"https:\/\/www.teka.com\/es-uy\/wp-content\/uploads\/sites\/56\/2018\/10\/404-teka.png","width":200,"height":200,"caption":"Teka Uruguay"},"image":{"@id":"https:\/\/www.teka.com\/es-uy\/#\/schema\/logo\/image\/"}}]}},"_links":{"self":[{"href":"https:\/\/www.teka.com\/es-uy\/wp-json\/wp\/v2\/product\/218875","targetHints":{"allow":["GET"]}}],"collection":[{"href":"https:\/\/www.teka.com\/es-uy\/wp-json\/wp\/v2\/product"}],"about":[{"href":"https:\/\/www.teka.com\/es-uy\/wp-json\/wp\/v2\/types\/product"}],"wp:attachment":[{"href":"https:\/\/www.teka.com\/es-uy\/wp-json\/wp\/v2\/media?parent=218875"}],"wp:term":[{"taxonomy":"product_cat","embeddable":true,"href":"https:\/\/www.teka.com\/es-uy\/wp-json\/wp\/v2\/product_cat?post=218875"},{"taxonomy":"product_cleaning_system","embeddable":true,"href":"https:\/\/www.teka.com\/es-uy\/wp-json\/wp\/v2\/product_cleaning_system?post=218875"},{"taxonomy":"product_3rd_basket","embeddable":true,"href":"https:\/\/www.teka.com\/es-uy\/wp-json\/wp\/v2\/product_3rd_basket?post=218875"},{"taxonomy":"product_drawers","embeddable":true,"href":"https:\/\/www.teka.com\/es-uy\/wp-json\/wp\/v2\/product_drawers?post=218875"},{"taxonomy":"product_type_of_installation","embeddable":true,"href":"https:\/\/www.teka.com\/es-uy\/wp-json\/wp\/v2\/product_type_of_installation?post=218875"},{"taxonomy":"product_edition","embeddable":true,"href":"https:\/\/www.teka.com\/es-uy\/wp-json\/wp\/v2\/product_edition?post=218875"},{"taxonomy":"product_serie","embeddable":true,"href":"https:\/\/www.teka.com\/es-uy\/wp-json\/wp\/v2\/product_serie?post=218875"},{"taxonomy":"product_features","embeddable":true,"href":"https:\/\/www.teka.com\/es-uy\/wp-json\/wp\/v2\/product_features?post=218875"},{"taxonomy":"finishes","embeddable":true,"href":"https:\/\/www.teka.com\/es-uy\/wp-json\/wp\/v2\/finishes?post=218875"},{"taxonomy":"product_bundles","embeddable":true,"href":"https:\/\/www.teka.com\/es-uy\/wp-json\/wp\/v2\/product_bundles?post=218875"},{"taxonomy":"product_energy_efficiency","embeddable":true,"href":"https:\/\/www.teka.com\/es-uy\/wp-json\/wp\/v2\/product_energy_efficiency?post=218875"},{"taxonomy":"product_video_training","embeddable":true,"href":"https:\/\/www.teka.com\/es-uy\/wp-json\/wp\/v2\/product_video_training?post=218875"}],"curies":[{"name":"wp","href":"https:\/\/api.w.org\/{rel}","templated":true}]}}