{"id":81155,"date":"2026-04-07T20:48:48","date_gmt":"2026-04-07T20:48:48","guid":{"rendered":"https:\/\/teka.com\/en-int\/cnl-9415-plus_113070004"},"modified":"2026-03-14T07:55:02","modified_gmt":"2026-03-14T08:55:02","slug":"cnl-9415-plus_113070004","status":"publish","type":"product","link":"https:\/\/www.teka.com\/es-uy\/producto\/cnl-9415-plus_113070004\/","title":{"rendered":"CNL 9415 PLUS"},"content":{"rendered":"<ul>\n<li>Frente Cristal Negro<\/li>\n<li>Mandos electr\u00f3nicos<\/li>\n<li>Barra de iluminaci\u00f3n LED<\/li>\n<li>Cinco velocidades + intensiva<\/li>\n<li>Frente extra\u00edble y sustituible<\/li>\n<li>Filtros met\u00e1licos decorativos inox<\/li>\n<li>Encendido Autom\u00e1tico<\/li>\n<li>Motor blindado de doble turbina ECOPOWER<\/li>\n<li>V\u00e1lvula antirretorno<\/li>\n<li>Capacidades de extracci\u00f3n(*): min. 141 m3\/h \u2013 m\u00e1x. 811 m3\/h.<\/li>\n<li>Potencia sonora(*): min. 52 dBA \u2013 m\u00e1x. 64 dBA.<\/li>\n<li>Posibilidad de funcionamiento en recirculaci\u00f3n (filtro CNL 1 C)<\/li>\n<\/ul>\n","protected":false},"featured_media":0,"parent":0,"template":"","product_cat":[57273],"product_cleaning_system":[],"product_3rd_basket":[],"product_drawers":[],"product_type_of_installation":[],"product_edition":[],"product_serie":[],"product_features":[],"finishes":[],"product_bundles":[],"product_energy_efficiency":[57799],"product_video_training":[],"class_list":["post-81155","product","type-product","status-publish","hentry","product_cat-campanas","product_type_of_appliance-empotre","product_icons-led","product_icons-stop-delay-timer","product_energy_efficiency-a-icon"],"acf":[],"yoast_head":"<!-- This site is optimized with the Yoast SEO plugin v27.2 - https:\/\/yoast.com\/product\/yoast-seo-wordpress\/ -->\n<title>CNL 9415 PLUS | Teka Uruguay<\/title>\n<meta name=\"robots\" content=\"index, follow, max-snippet:-1, max-image-preview:large, max-video-preview:-1\" \/>\n<link rel=\"canonical\" href=\"https:\/\/www.teka.com\/es-uy\/producto\/cnl-9415-plus_113070004\/\" \/>\n<meta property=\"og:locale\" content=\"es_ES\" \/>\n<meta property=\"og:type\" content=\"article\" \/>\n<meta property=\"og:title\" content=\"CNL 9415 PLUS | Teka Uruguay\" \/>\n<meta property=\"og:description\" content=\"Frente Cristal Negro Mandos electr\u00f3nicos Barra de iluminaci\u00f3n LED Cinco velocidades + intensiva Frente extra\u00edble y sustituible Filtros met\u00e1licos decorativos inox Encendido Autom\u00e1tico Motor blindado de doble turbina ECOPOWER V\u00e1lvula antirretorno Capacidades de extracci\u00f3n(*): min. 141 m3\/h \u2013 m\u00e1x. 811 m3\/h. Potencia sonora(*): min. 52 dBA \u2013 m\u00e1x. 64 dBA. Posibilidad de funcionamiento en recirculaci\u00f3n [&hellip;]\" \/>\n<meta property=\"og:url\" content=\"https:\/\/www.teka.com\/es-uy\/producto\/cnl-9415-plus_113070004\/\" \/>\n<meta property=\"og:site_name\" content=\"Teka Uruguay\" \/>\n<meta name=\"twitter:card\" content=\"summary_large_image\" \/>\n<script type=\"application\/ld+json\" class=\"yoast-schema-graph\">{\"@context\":\"https:\/\/schema.org\",\"@graph\":[{\"@type\":\"WebPage\",\"@id\":\"https:\/\/www.teka.com\/es-uy\/producto\/cnl-9415-plus_113070004\/\",\"url\":\"https:\/\/www.teka.com\/es-uy\/producto\/cnl-9415-plus_113070004\/\",\"name\":\"CNL 9415 PLUS | Teka Uruguay\",\"isPartOf\":{\"@id\":\"https:\/\/www.teka.com\/es-uy\/#website\"},\"datePublished\":\"2026-04-07T20:48:48+00:00\",\"inLanguage\":\"es\",\"potentialAction\":[{\"@type\":\"ReadAction\",\"target\":[\"https:\/\/www.teka.com\/es-uy\/producto\/cnl-9415-plus_113070004\/\"]}]},{\"@type\":\"WebSite\",\"@id\":\"https:\/\/www.teka.com\/es-uy\/#website\",\"url\":\"https:\/\/www.teka.com\/es-uy\/\",\"name\":\"Teka Uruguay\",\"description\":\"\",\"publisher\":{\"@id\":\"https:\/\/www.teka.com\/es-uy\/#organization\"},\"potentialAction\":[{\"@type\":\"SearchAction\",\"target\":{\"@type\":\"EntryPoint\",\"urlTemplate\":\"https:\/\/www.teka.com\/es-uy\/?s={search_term_string}\"},\"query-input\":{\"@type\":\"PropertyValueSpecification\",\"valueRequired\":true,\"valueName\":\"search_term_string\"}}],\"inLanguage\":\"es\"},{\"@type\":\"Organization\",\"@id\":\"https:\/\/www.teka.com\/es-uy\/#organization\",\"name\":\"Teka Uruguay\",\"url\":\"https:\/\/www.teka.com\/es-uy\/\",\"logo\":{\"@type\":\"ImageObject\",\"inLanguage\":\"es\",\"@id\":\"https:\/\/www.teka.com\/es-uy\/#\/schema\/logo\/image\/\",\"url\":\"https:\/\/www.teka.com\/es-uy\/wp-content\/uploads\/sites\/56\/2018\/10\/404-teka.png\",\"contentUrl\":\"https:\/\/www.teka.com\/es-uy\/wp-content\/uploads\/sites\/56\/2018\/10\/404-teka.png\",\"width\":200,\"height\":200,\"caption\":\"Teka Uruguay\"},\"image\":{\"@id\":\"https:\/\/www.teka.com\/es-uy\/#\/schema\/logo\/image\/\"}}]}<\/script>\n<!-- \/ Yoast SEO plugin. -->","yoast_head_json":{"title":"CNL 9415 PLUS | Teka Uruguay","robots":{"index":"index","follow":"follow","max-snippet":"max-snippet:-1","max-image-preview":"max-image-preview:large","max-video-preview":"max-video-preview:-1"},"canonical":"https:\/\/www.teka.com\/es-uy\/producto\/cnl-9415-plus_113070004\/","og_locale":"es_ES","og_type":"article","og_title":"CNL 9415 PLUS | Teka Uruguay","og_description":"Frente Cristal Negro Mandos electr\u00f3nicos Barra de iluminaci\u00f3n LED Cinco velocidades + intensiva Frente extra\u00edble y sustituible Filtros met\u00e1licos decorativos inox Encendido Autom\u00e1tico Motor blindado de doble turbina ECOPOWER V\u00e1lvula antirretorno Capacidades de extracci\u00f3n(*): min. 141 m3\/h \u2013 m\u00e1x. 811 m3\/h. Potencia sonora(*): min. 52 dBA \u2013 m\u00e1x. 64 dBA. Posibilidad de funcionamiento en recirculaci\u00f3n [&hellip;]","og_url":"https:\/\/www.teka.com\/es-uy\/producto\/cnl-9415-plus_113070004\/","og_site_name":"Teka Uruguay","twitter_card":"summary_large_image","schema":{"@context":"https:\/\/schema.org","@graph":[{"@type":"WebPage","@id":"https:\/\/www.teka.com\/es-uy\/producto\/cnl-9415-plus_113070004\/","url":"https:\/\/www.teka.com\/es-uy\/producto\/cnl-9415-plus_113070004\/","name":"CNL 9415 PLUS | Teka Uruguay","isPartOf":{"@id":"https:\/\/www.teka.com\/es-uy\/#website"},"datePublished":"2026-04-07T20:48:48+00:00","inLanguage":"es","potentialAction":[{"@type":"ReadAction","target":["https:\/\/www.teka.com\/es-uy\/producto\/cnl-9415-plus_113070004\/"]}]},{"@type":"WebSite","@id":"https:\/\/www.teka.com\/es-uy\/#website","url":"https:\/\/www.teka.com\/es-uy\/","name":"Teka Uruguay","description":"","publisher":{"@id":"https:\/\/www.teka.com\/es-uy\/#organization"},"potentialAction":[{"@type":"SearchAction","target":{"@type":"EntryPoint","urlTemplate":"https:\/\/www.teka.com\/es-uy\/?s={search_term_string}"},"query-input":{"@type":"PropertyValueSpecification","valueRequired":true,"valueName":"search_term_string"}}],"inLanguage":"es"},{"@type":"Organization","@id":"https:\/\/www.teka.com\/es-uy\/#organization","name":"Teka Uruguay","url":"https:\/\/www.teka.com\/es-uy\/","logo":{"@type":"ImageObject","inLanguage":"es","@id":"https:\/\/www.teka.com\/es-uy\/#\/schema\/logo\/image\/","url":"https:\/\/www.teka.com\/es-uy\/wp-content\/uploads\/sites\/56\/2018\/10\/404-teka.png","contentUrl":"https:\/\/www.teka.com\/es-uy\/wp-content\/uploads\/sites\/56\/2018\/10\/404-teka.png","width":200,"height":200,"caption":"Teka Uruguay"},"image":{"@id":"https:\/\/www.teka.com\/es-uy\/#\/schema\/logo\/image\/"}}]}},"_links":{"self":[{"href":"https:\/\/www.teka.com\/es-uy\/wp-json\/wp\/v2\/product\/81155","targetHints":{"allow":["GET"]}}],"collection":[{"href":"https:\/\/www.teka.com\/es-uy\/wp-json\/wp\/v2\/product"}],"about":[{"href":"https:\/\/www.teka.com\/es-uy\/wp-json\/wp\/v2\/types\/product"}],"wp:attachment":[{"href":"https:\/\/www.teka.com\/es-uy\/wp-json\/wp\/v2\/media?parent=81155"}],"wp:term":[{"taxonomy":"product_cat","embeddable":true,"href":"https:\/\/www.teka.com\/es-uy\/wp-json\/wp\/v2\/product_cat?post=81155"},{"taxonomy":"product_cleaning_system","embeddable":true,"href":"https:\/\/www.teka.com\/es-uy\/wp-json\/wp\/v2\/product_cleaning_system?post=81155"},{"taxonomy":"product_3rd_basket","embeddable":true,"href":"https:\/\/www.teka.com\/es-uy\/wp-json\/wp\/v2\/product_3rd_basket?post=81155"},{"taxonomy":"product_drawers","embeddable":true,"href":"https:\/\/www.teka.com\/es-uy\/wp-json\/wp\/v2\/product_drawers?post=81155"},{"taxonomy":"product_type_of_installation","embeddable":true,"href":"https:\/\/www.teka.com\/es-uy\/wp-json\/wp\/v2\/product_type_of_installation?post=81155"},{"taxonomy":"product_edition","embeddable":true,"href":"https:\/\/www.teka.com\/es-uy\/wp-json\/wp\/v2\/product_edition?post=81155"},{"taxonomy":"product_serie","embeddable":true,"href":"https:\/\/www.teka.com\/es-uy\/wp-json\/wp\/v2\/product_serie?post=81155"},{"taxonomy":"product_features","embeddable":true,"href":"https:\/\/www.teka.com\/es-uy\/wp-json\/wp\/v2\/product_features?post=81155"},{"taxonomy":"finishes","embeddable":true,"href":"https:\/\/www.teka.com\/es-uy\/wp-json\/wp\/v2\/finishes?post=81155"},{"taxonomy":"product_bundles","embeddable":true,"href":"https:\/\/www.teka.com\/es-uy\/wp-json\/wp\/v2\/product_bundles?post=81155"},{"taxonomy":"product_energy_efficiency","embeddable":true,"href":"https:\/\/www.teka.com\/es-uy\/wp-json\/wp\/v2\/product_energy_efficiency?post=81155"},{"taxonomy":"product_video_training","embeddable":true,"href":"https:\/\/www.teka.com\/es-uy\/wp-json\/wp\/v2\/product_video_training?post=81155"}],"curies":[{"name":"wp","href":"https:\/\/api.w.org\/{rel}","templated":true}]}}