{"id":21989,"date":"2018-09-11T07:58:22","date_gmt":"2018-09-11T07:58:22","guid":{"rendered":"http:\/\/teka.com\/?page_id=21989"},"modified":"2019-06-13T07:46:15","modified_gmt":"2019-06-13T07:46:15","slug":"qui-sommes-nous","status":"publish","type":"page","link":"https:\/\/www.teka.com\/fr-be\/qui-sommes-nous\/","title":{"rendered":"Qui sommes-nous"},"content":{"rendered":"<p>[et_pb_section bb_built=\u00a0\u00bb1&Prime; module_id=\u00a0\u00bbteka-top\u00a0\u00bb _builder_version=\u00a0\u00bb3.17.6&Prime; background_image=\u00a0\u00bbhttps:\/\/www.teka.com\/fr-be\/wp-content\/uploads\/sites\/19\/2018\/11\/teka-slider-about-us-desktop.jpg\u00a0\u00bb next_background_color=\u00a0\u00bb#0e0e0e\u00a0\u00bb global_module=\u00a0\u00bb23211&Prime;][et_pb_row global_parent=\u00a0\u00bb23211&Prime; _builder_version=\u00a0\u00bb3.17.6&Prime; background_size=\u00a0\u00bbinitial\u00a0\u00bb background_position=\u00a0\u00bbtop_left\u00a0\u00bb background_repeat=\u00a0\u00bbrepeat\u00a0\u00bb][et_pb_column type=\u00a0\u00bb1_2&Prime;][et_pb_text admin_label=\u00a0\u00bbHeader Title\u00a0\u00bb global_parent=\u00a0\u00bb23211&Prime; _builder_version=\u00a0\u00bb3.17.6&Prime; background_layout=\u00a0\u00bbdark\u00a0\u00bb]<\/p>\n<h3><strong>Teka Group<\/strong>,<br \/>German&nbsp;Origin<\/h3>\n<p>&nbsp;<\/p>\n<\/p>\n<p>[\/et_pb_text][\/et_pb_column][et_pb_column type=\u00a0\u00bb1_2&Prime;][\/et_pb_column][\/et_pb_row][\/et_pb_section][et_pb_section bb_built=\u00a0\u00bb1&Prime; specialty=\u00a0\u00bboff\u00a0\u00bb prev_background_color=\u00a0\u00bb#ffffff\u00a0\u00bb _builder_version=\u00a0\u00bb3.14&Prime; module_id=\u00a0\u00bbteka-menu\u00a0\u00bb background_color=\u00a0\u00bb#0e0e0e\u00a0\u00bb next_background_color=\u00a0\u00bb#ffffff\u00a0\u00bb global_module=\u00a0\u00bb23212&Prime;][et_pb_row global_parent=\u00a0\u00bb23212&Prime; background_position=\u00a0\u00bbtop_left\u00a0\u00bb background_repeat=\u00a0\u00bbrepeat\u00a0\u00bb background_size=\u00a0\u00bbinitial\u00a0\u00bb][et_pb_column type=\u00a0\u00bb4_4&Prime;][et_pb_sidebar global_parent=\u00a0\u00bb23212&Prime; _builder_version=\u00a0\u00bb3.17.6&Prime; area=\u00a0\u00bbet_pb_widget_area_7&Prime; background_layout=\u00a0\u00bbdark\u00a0\u00bb disabled=\u00a0\u00bboff\u00a0\u00bb disabled_on=\u00a0\u00bbon|on|\u00a0\u00bb \/][et_pb_sidebar admin_label=\u00a0\u00bbSidebar Tablet\u00a0\u00bb global_parent=\u00a0\u00bb23212&Prime; _builder_version=\u00a0\u00bb3.17.6&Prime; area=\u00a0\u00bbet_pb_widget_area_9&Prime; background_layout=\u00a0\u00bbdark\u00a0\u00bb disabled=\u00a0\u00bboff\u00a0\u00bb disabled_on=\u00a0\u00bbon||on\u00a0\u00bb \/][et_pb_sidebar admin_label=\u00a0\u00bbSidebar Mobile\u00a0\u00bb global_parent=\u00a0\u00bb23212&Prime; _builder_version=\u00a0\u00bb3.17.6&Prime; area=\u00a0\u00bbet_pb_widget_area_8&Prime; background_layout=\u00a0\u00bbdark\u00a0\u00bb disabled=\u00a0\u00bboff\u00a0\u00bb disabled_on=\u00a0\u00bb|on|on\u00a0\u00bb \/][\/et_pb_column][\/et_pb_row][\/et_pb_section][et_pb_section bb_built=\u00a0\u00bb1&Prime; module_id=\u00a0\u00bbabout-us\u00a0\u00bb _builder_version=\u00a0\u00bb3.17.6&Prime; prev_background_color=\u00a0\u00bb#0e0e0e\u00a0\u00bb next_background_color=\u00a0\u00bb#000000&Prime;][et_pb_row use_custom_width=\u00a0\u00bbon\u00a0\u00bb custom_padding=\u00a0\u00bb32px|0px|32px|0px|false|false\u00a0\u00bb _builder_version=\u00a0\u00bb3.17.2&Prime; background_size=\u00a0\u00bbinitial\u00a0\u00bb background_position=\u00a0\u00bbtop_left\u00a0\u00bb background_repeat=\u00a0\u00bbrepeat\u00a0\u00bb module_alignment=\u00a0\u00bbcenter\u00a0\u00bb][et_pb_column type=\u00a0\u00bb4_4&Prime;][et_pb_text _builder_version=\u00a0\u00bb3.19&Prime;]<\/p>\n<h1 style=\"text-align: center;\">Cr\u00e9er des&nbsp;<strong>moments inoubiables&nbsp;<\/strong><\/h1>\n<p>[\/et_pb_text][\/et_pb_column][\/et_pb_row][et_pb_row custom_padding=\u00a0\u00bb24.9375px|0px|24px|0px|false|false\u00a0\u00bb _builder_version=\u00a0\u00bb3.0.48&Prime; background_size=\u00a0\u00bbinitial\u00a0\u00bb background_position=\u00a0\u00bbtop_left\u00a0\u00bb background_repeat=\u00a0\u00bbrepeat\u00a0\u00bb][et_pb_column type=\u00a0\u00bb4_4&Prime;][et_pb_text _builder_version=\u00a0\u00bb3.19&Prime; max_width=\u00a0\u00bb80%\u00a0\u00bb module_alignment=\u00a0\u00bbcenter\u00a0\u00bb]<\/p>\n<h6 style=\"text-align: center;\">Qualit\u00e9, facilit\u00e9 d\u2019utilisation et efficacit\u00e9, pour obtenir la meilleure solution pour votre foyer. Notre but principal est de fournir des <strong>exp\u00e9riences enrichissantes<\/strong> \u00e0 partager avec vos proches.<\/h6>\n<p>[\/et_pb_text][\/et_pb_column][\/et_pb_row][et_pb_row custom_padding=\u00a0\u00bb24px|0px|24.9375px|0px|false|false\u00a0\u00bb _builder_version=\u00a0\u00bb3.0.48&Prime; background_size=\u00a0\u00bbinitial\u00a0\u00bb background_position=\u00a0\u00bbtop_left\u00a0\u00bb background_repeat=\u00a0\u00bbrepeat\u00a0\u00bb][et_pb_column type=\u00a0\u00bb4_4&Prime;][et_pb_divider color=\u00a0\u00bb#b7b7b7&Prime; _builder_version=\u00a0\u00bb3.19&Prime;]<\/p>\n<p>[\/et_pb_divider][et_pb_text _builder_version=\u00a0\u00bb3.19&Prime;]<\/p>\n<h2 style=\"text-align: center;\"><strong>La vie<\/strong> en cuisine<\/h2>\n<p>[\/et_pb_text][\/et_pb_column][\/et_pb_row][et_pb_row _builder_version=\u00a0\u00bb3.0.48&Prime; background_size=\u00a0\u00bbinitial\u00a0\u00bb background_position=\u00a0\u00bbtop_left\u00a0\u00bb background_repeat=\u00a0\u00bbrepeat\u00a0\u00bb][et_pb_column type=\u00a0\u00bb1_2&Prime;][et_pb_text _builder_version=\u00a0\u00bb3.19&Prime;]<\/p>\n<p>La cuisine est le c\u0153ur de votre foyer. Chez Teka, nous concevons des appareils qui deviendront l\u2019\u00e2me de votre cuisine. Car c\u2019est ici en cuisine que se passe la vie, o\u00f9 les meilleurs moments de votre vie se d\u00e9roulent.<\/p>\n<p>Pour nous, la cuisine est n\u2019est pas seulement un endroit o\u00f9 l\u2019on pr\u00e9pare des plats. C\u2019est un endroit o\u00f9 l\u2019on peut rire, r\u00eaver, contribuer, parler, prendre des d\u00e9cisions, partager des nouvelles, faire des projets de vie et, au final, un endroit o\u00f9 l\u2019on vit des moments inoubliables.<\/p>\n<p style=\"text-align: justify;\"><span style=\"font-weight: 400;\">Pour toutes ces raisons, nous concevons et fabriquons des appareils pour apporter des solutions et de vraies innovations \u00e0 votre cuisine, des solutions adapt\u00e9es \u00e0 votre mode de vie et en harmonie avec votre maison.<\/span><\/p>\n<p>Nous travaillons tous les jours pour mieux comprendre vos besoins et apporter de nouvelles solutions pour vous aider \u00e0 trouver de nouvelles possibilit\u00e9s dans la cuisine.<\/p>\n<p>[\/et_pb_text][\/et_pb_column][et_pb_column type=\u00a0\u00bb1_2&Prime;][et_pb_text _builder_version=\u00a0\u00bb3.19&Prime;]<\/p>\n<p style=\"text-align: justify;\"><span style=\"font-weight: 400;\">Notre marque de fabrique, n\u00e9e en Allemagne, repose sur la qualit\u00e9, la technologie et l\u2019innovation. Les produits Teka sont mondialement connus pour leur fiabilit\u00e9, efficacit\u00e9 et pr\u00e9cision. Aujourd\u2019hui, apr\u00e8s pr\u00e8s de 100 ans d\u2019histoire, Teka continue de travailler de fa\u00e7on exhaustive pour offrir \u00e0 tous ses produits les meilleures fonctionnalit\u00e9s et designs pour atteindre l\u2019excellence \u00e0 chaque \u00e9tape.<\/span><\/p>\n<p style=\"text-align: justify;\">Nos valeurs, bien ancr\u00e9es dans notre entreprise, sont claires :<br \/>Honn\u00eatet\u00e9, g\u00e9n\u00e9rosit\u00e9 et originalit\u00e9. Cela signifie que nous travaillons pour vous et nous sommes toujours \u00e0 vos c\u00f4t\u00e9s, pour vous aider \u00e0 r\u00e9soudre vos probl\u00e8mes de tous les jours avec des solutions de qualit\u00e9 de classe mondiale.<br \/><span style=\"font-weight: 400;\">La satisfaction du client est notre principale pr\u00e9occupation.<br \/><\/span><\/p>\n<p>Depuis nos tout d\u00e9buts, nous nous effor\u00e7ons de fournir les meilleurs produits de qualit\u00e9, les designs les plus modernes et originaux, et les meilleures innovations \u00e0 un prix \u00e9quitable.<\/p>\n<p>[\/et_pb_text][\/et_pb_column][\/et_pb_row][\/et_pb_section][et_pb_section bb_built=\u00a0\u00bb1&Prime; module_id=\u00a0\u00bbabout-teka-teka-bottom\u00a0\u00bb _builder_version=\u00a0\u00bb3.17.6&Prime; custom_margin=\u00a0\u00bb0px|||\u00a0\u00bb custom_padding=\u00a0\u00bb0px|||\u00a0\u00bb prev_background_color=\u00a0\u00bb#000000&Prime;][et_pb_row _builder_version=\u00a0\u00bb3.17.2&Prime; background_size=\u00a0\u00bbinitial\u00a0\u00bb background_position=\u00a0\u00bbtop_left\u00a0\u00bb background_repeat=\u00a0\u00bbrepeat\u00a0\u00bb][et_pb_column type=\u00a0\u00bb4_4&Prime;][et_pb_text _builder_version=\u00a0\u00bb3.19&Prime;]<\/p>\n<h2 style=\"text-align: center;\">Voici les <strong>principaux ingr\u00e9dients<\/strong> contenus dans nos produits :<\/h2>\n<p>[\/et_pb_text][\/et_pb_column][\/et_pb_row][et_pb_row _builder_version=\u00a0\u00bb3.17.2&Prime; background_size=\u00a0\u00bbinitial\u00a0\u00bb background_position=\u00a0\u00bbtop_left\u00a0\u00bb background_repeat=\u00a0\u00bbrepeat\u00a0\u00bb][et_pb_column type=\u00a0\u00bb1_3&Prime;][et_pb_text admin_label=\u00a0\u00bbImagen + titulo\u00a0\u00bb _builder_version=\u00a0\u00bb3.19&Prime; background_image=\u00a0\u00bbhttps:\/\/www.teka.com\/fr-be\/wp-content\/uploads\/sites\/19\/2018\/12\/teka-honesty-270&#215;270.jpg\u00a0\u00bb text_orientation=\u00a0\u00bbcenter\u00a0\u00bb background_layout=\u00a0\u00bbdark\u00a0\u00bb module_class=\u00a0\u00bbour-values-img\u00a0\u00bb]<\/p>\n<h3>Honn\u00eatet\u00e9<\/h3>\n<p>[\/et_pb_text][et_pb_image src=\u00a0\u00bbhttps:\/\/www.teka.com\/fr-be\/wp-content\/uploads\/sites\/19\/2018\/11\/teka-honesty.jpg\u00a0\u00bb align=\u00a0\u00bbcenter\u00a0\u00bb _builder_version=\u00a0\u00bb3.17.6&Prime; disabled_on=\u00a0\u00bbon|on|on\u00a0\u00bb disabled=\u00a0\u00bbon\u00a0\u00bb]<\/p>\n<p>[\/et_pb_image][et_pb_text admin_label=\u00a0\u00bbHonesty &#8211; Text\u00a0\u00bb module_class=\u00a0\u00bbsobre-teka-ingredientes\u00a0\u00bb _builder_version=\u00a0\u00bb3.19&Prime;]<\/p>\n<p style=\"text-align: center;\"><strong>Nous sommes de votre c\u00f4t\u00e9.<\/strong><\/p>\n<p style=\"text-align: center;\">Nous communiquons avec les clients, en adoptant un dialogue responsable, clair et transparent. Teka est aupr\u00e8s de vous, comprend vos besoins et vous permet de d\u00e9couvrir de nouvelles possibilit\u00e9s lorsque vous \u00eates dans votre cuisine.<\/p>\n<p>[\/et_pb_text][\/et_pb_column][et_pb_column type=\u00a0\u00bb1_3&Prime;][et_pb_text admin_label=\u00a0\u00bbImagen + titulo\u00a0\u00bb _builder_version=\u00a0\u00bb3.19&Prime; background_image=\u00a0\u00bbhttps:\/\/www.teka.com\/fr-be\/wp-content\/uploads\/sites\/19\/2018\/12\/teka-generosity-270&#215;270.jpg\u00a0\u00bb text_orientation=\u00a0\u00bbcenter\u00a0\u00bb background_layout=\u00a0\u00bbdark\u00a0\u00bb module_class=\u00a0\u00bbour-values-img\u00a0\u00bb]<\/p>\n<h3>G\u00e9n\u00e9rosit\u00e9<\/h3>\n<p>[\/et_pb_text][et_pb_image src=\u00a0\u00bbhttps:\/\/www.teka.com\/fr-be\/wp-content\/uploads\/sites\/19\/2018\/11\/teka-generosity.jpg\u00a0\u00bb align=\u00a0\u00bbcenter\u00a0\u00bb _builder_version=\u00a0\u00bb3.17.6&Prime; disabled_on=\u00a0\u00bbon|on|on\u00a0\u00bb disabled=\u00a0\u00bbon\u00a0\u00bb]<\/p>\n<p>[\/et_pb_image][et_pb_text admin_label=\u00a0\u00bbGenerosity &#8211; Text\u00a0\u00bb module_class=\u00a0\u00bbsobre-teka-ingredientes\u00a0\u00bb _builder_version=\u00a0\u00bb3.19&Prime;]<\/p>\n<p style=\"text-align: center;\"><strong>Nous faisons plus que cela<\/strong><\/p>\n<p style=\"text-align: center;\">Nous mettons l\u2019accent sur l\u2019authentique et l\u2019essentiel : notre but est de transformer le fonctionnel en humain. C\u2019est pourquoi nous tenons \u00e0 fournir une technologie exceptionnelle, une innovation et des designs originaux, \u00e0 des prix \u00e9quitables.<\/p>\n<p style=\"text-align: center;\">Pour allier des r\u00e9cits de maison \u00e0 notre h\u00e9ritage de solutions sup\u00e9rieures en ajoutant de l\u2019\u00e2me \u00e0 votre cuisine. D\u2019autre part, nous cr\u00e9ons l\u2019atmosph\u00e8re parfait pour vivre des moments importants, donnant ainsi un sens \u00e0 la vie.<\/p>\n<p>[\/et_pb_text][\/et_pb_column][et_pb_column type=\u00a0\u00bb1_3&Prime;][et_pb_text admin_label=\u00a0\u00bbImagen + titulo\u00a0\u00bb _builder_version=\u00a0\u00bb3.19&Prime; background_image=\u00a0\u00bbhttps:\/\/www.teka.com\/fr-be\/wp-content\/uploads\/sites\/19\/2018\/12\/teka-originality-270&#215;270.jpg\u00a0\u00bb text_orientation=\u00a0\u00bbcenter\u00a0\u00bb background_layout=\u00a0\u00bbdark\u00a0\u00bb module_class=\u00a0\u00bbour-values-img\u00a0\u00bb]<\/p>\n<h3>Originalit\u00e9<\/h3>\n<p>[\/et_pb_text][et_pb_image src=\u00a0\u00bbhttps:\/\/www.teka.com\/fr-be\/wp-content\/uploads\/sites\/19\/2018\/11\/teka-originality.jpg\u00a0\u00bb align=\u00a0\u00bbcenter\u00a0\u00bb _builder_version=\u00a0\u00bb3.17.6&Prime; disabled_on=\u00a0\u00bbon|on|on\u00a0\u00bb disabled=\u00a0\u00bbon\u00a0\u00bb]<\/p>\n<p>[\/et_pb_image][et_pb_text admin_label=\u00a0\u00bbOriginality &#8211; Text\u00a0\u00bb module_class=\u00a0\u00bbsobre-teka-ingredientes\u00a0\u00bb _builder_version=\u00a0\u00bb3.19&Prime;]<\/p>\n<p style=\"text-align: center;\"><strong>Une alternative pertinente<\/strong><\/p>\n<p style=\"text-align: center;\">Nous \u00e9veillons les \u00e9motions et suscitons la pr\u00e9f\u00e9rence, gr\u00e2ce \u00e0 notre mani\u00e8re unique de faire les choses. Notre but est de crier des liens avec les gens en permettant des exp\u00e9riences qui vont au-del\u00e0 des fonctionnalit\u00e9s et de l\u2019innovation du produit. Pour nous, l\u2019inspiration est la bonne voie pour devenir la marque aim\u00e9e de nos clients ; une alternative authentique faite pour eux.<\/p>\n<p>[\/et_pb_text][\/et_pb_column][\/et_pb_row][\/et_pb_section]<\/p>\n","protected":false},"excerpt":{"rendered":"<p>Teka Group,German&nbsp;Origin &nbsp; Cr\u00e9er des&nbsp;moments inoubiables&nbsp; Qualit\u00e9, facilit\u00e9 d\u2019utilisation et efficacit\u00e9, pour obtenir la meilleure solution pour votre foyer. Notre but principal est de fournir des exp\u00e9riences enrichissantes \u00e0 partager avec vos proches. La vie en cuisine La cuisine est le c\u0153ur de votre foyer. Chez Teka, nous concevons des appareils qui deviendront l\u2019\u00e2me de [&hellip;]<\/p>\n","protected":false},"author":9,"featured_media":0,"parent":0,"menu_order":0,"comment_status":"closed","ping_status":"closed","template":"","meta":{"_acf_changed":false,"_et_pb_use_builder":"on","_et_pb_old_content":"","_et_gb_content_width":"","footnotes":""},"class_list":["post-21989","page","type-page","status-publish","hentry"],"acf":[],"yoast_head":"<!-- This site is optimized with the Yoast SEO plugin v27.2 - https:\/\/yoast.com\/product\/yoast-seo-wordpress\/ -->\n<title>Teka: Cook your way to life | About the company and their values<\/title>\n<meta name=\"description\" content=\"Our trademark, born in Germany, relies on quality, technology and innovation. Teka products are known worldwide for their reliability, efficiency and...\" \/>\n<meta name=\"robots\" content=\"index, follow, max-snippet:-1, max-image-preview:large, max-video-preview:-1\" \/>\n<link rel=\"canonical\" href=\"https:\/\/www.teka.com\/fr-be\/qui-sommes-nous\/\" \/>\n<meta property=\"og:locale\" content=\"fr_FR\" \/>\n<meta property=\"og:type\" content=\"article\" \/>\n<meta property=\"og:title\" content=\"Teka: Cook your way to life | About the company and their values\" \/>\n<meta property=\"og:description\" content=\"Our trademark, born in Germany, relies on quality, technology and innovation. Teka products are known worldwide for their reliability, efficiency and...\" \/>\n<meta property=\"og:url\" content=\"https:\/\/www.teka.com\/fr-be\/qui-sommes-nous\/\" \/>\n<meta property=\"og:site_name\" content=\"Teka Belgium-FR\" \/>\n<meta property=\"article:modified_time\" content=\"2019-06-13T07:46:15+00:00\" \/>\n<meta name=\"twitter:card\" content=\"summary_large_image\" \/>\n<meta name=\"twitter:label1\" content=\"Dur\u00e9e de lecture estim\u00e9e\" \/>\n\t<meta name=\"twitter:data1\" content=\"7 minutes\" \/>\n<script type=\"application\/ld+json\" class=\"yoast-schema-graph\">{\"@context\":\"https:\/\/schema.org\",\"@graph\":[{\"@type\":\"WebPage\",\"@id\":\"https:\/\/www.teka.com\/fr-be\/qui-sommes-nous\/\",\"url\":\"https:\/\/www.teka.com\/fr-be\/qui-sommes-nous\/\",\"name\":\"Teka: Cook your way to life | About the company and their values\",\"isPartOf\":{\"@id\":\"https:\/\/www.teka.com\/fr-be\/#website\"},\"datePublished\":\"2018-09-11T07:58:22+00:00\",\"dateModified\":\"2019-06-13T07:46:15+00:00\",\"description\":\"Our trademark, born in Germany, relies on quality, technology and innovation. Teka products are known worldwide for their reliability, efficiency and...\",\"inLanguage\":\"fr-FR\",\"potentialAction\":[{\"@type\":\"ReadAction\",\"target\":[\"https:\/\/www.teka.com\/fr-be\/qui-sommes-nous\/\"]}]},{\"@type\":\"WebSite\",\"@id\":\"https:\/\/www.teka.com\/fr-be\/#website\",\"url\":\"https:\/\/www.teka.com\/fr-be\/\",\"name\":\"Teka Belgium-FR\",\"description\":\"\",\"potentialAction\":[{\"@type\":\"SearchAction\",\"target\":{\"@type\":\"EntryPoint\",\"urlTemplate\":\"https:\/\/www.teka.com\/fr-be\/?s={search_term_string}\"},\"query-input\":{\"@type\":\"PropertyValueSpecification\",\"valueRequired\":true,\"valueName\":\"search_term_string\"}}],\"inLanguage\":\"fr-FR\"}]}<\/script>\n<!-- \/ Yoast SEO plugin. -->","yoast_head_json":{"title":"Teka: Cook your way to life | About the company and their values","description":"Our trademark, born in Germany, relies on quality, technology and innovation. Teka products are known worldwide for their reliability, efficiency and...","robots":{"index":"index","follow":"follow","max-snippet":"max-snippet:-1","max-image-preview":"max-image-preview:large","max-video-preview":"max-video-preview:-1"},"canonical":"https:\/\/www.teka.com\/fr-be\/qui-sommes-nous\/","og_locale":"fr_FR","og_type":"article","og_title":"Teka: Cook your way to life | About the company and their values","og_description":"Our trademark, born in Germany, relies on quality, technology and innovation. Teka products are known worldwide for their reliability, efficiency and...","og_url":"https:\/\/www.teka.com\/fr-be\/qui-sommes-nous\/","og_site_name":"Teka Belgium-FR","article_modified_time":"2019-06-13T07:46:15+00:00","twitter_card":"summary_large_image","twitter_misc":{"Dur\u00e9e de lecture estim\u00e9e":"7 minutes"},"schema":{"@context":"https:\/\/schema.org","@graph":[{"@type":"WebPage","@id":"https:\/\/www.teka.com\/fr-be\/qui-sommes-nous\/","url":"https:\/\/www.teka.com\/fr-be\/qui-sommes-nous\/","name":"Teka: Cook your way to life | About the company and their values","isPartOf":{"@id":"https:\/\/www.teka.com\/fr-be\/#website"},"datePublished":"2018-09-11T07:58:22+00:00","dateModified":"2019-06-13T07:46:15+00:00","description":"Our trademark, born in Germany, relies on quality, technology and innovation. Teka products are known worldwide for their reliability, efficiency and...","inLanguage":"fr-FR","potentialAction":[{"@type":"ReadAction","target":["https:\/\/www.teka.com\/fr-be\/qui-sommes-nous\/"]}]},{"@type":"WebSite","@id":"https:\/\/www.teka.com\/fr-be\/#website","url":"https:\/\/www.teka.com\/fr-be\/","name":"Teka Belgium-FR","description":"","potentialAction":[{"@type":"SearchAction","target":{"@type":"EntryPoint","urlTemplate":"https:\/\/www.teka.com\/fr-be\/?s={search_term_string}"},"query-input":{"@type":"PropertyValueSpecification","valueRequired":true,"valueName":"search_term_string"}}],"inLanguage":"fr-FR"}]}},"_links":{"self":[{"href":"https:\/\/www.teka.com\/fr-be\/wp-json\/wp\/v2\/pages\/21989","targetHints":{"allow":["GET"]}}],"collection":[{"href":"https:\/\/www.teka.com\/fr-be\/wp-json\/wp\/v2\/pages"}],"about":[{"href":"https:\/\/www.teka.com\/fr-be\/wp-json\/wp\/v2\/types\/page"}],"author":[{"embeddable":true,"href":"https:\/\/www.teka.com\/fr-be\/wp-json\/wp\/v2\/users\/9"}],"replies":[{"embeddable":true,"href":"https:\/\/www.teka.com\/fr-be\/wp-json\/wp\/v2\/comments?post=21989"}],"version-history":[{"count":69,"href":"https:\/\/www.teka.com\/fr-be\/wp-json\/wp\/v2\/pages\/21989\/revisions"}],"predecessor-version":[{"id":53616,"href":"https:\/\/www.teka.com\/fr-be\/wp-json\/wp\/v2\/pages\/21989\/revisions\/53616"}],"wp:attachment":[{"href":"https:\/\/www.teka.com\/fr-be\/wp-json\/wp\/v2\/media?parent=21989"}],"curies":[{"name":"wp","href":"https:\/\/api.w.org\/{rel}","templated":true}]}}