{"id":53691,"date":"2026-04-08T12:55:47","date_gmt":"2026-04-08T12:55:47","guid":{"rendered":"https:\/\/teka.com\/fr-be\/produit\/hsc-644-c_40587603\/"},"modified":"2026-04-08T10:24:24","modified_gmt":"2026-04-08T11:24:24","slug":"hsc-644-c_40587603","status":"publish","type":"product","link":"https:\/\/www.teka.com\/fr-be\/produit\/hsc-644-c_40587603\/","title":{"rendered":"HSC 644 C"},"content":{"rendered":"<ul>\n<li>11 types de chauffage incluant l\u2019air chaud<\/li>\n<li>5 niveaux de puissance du micro-ondes<\/li>\n<li>Puissande du micro-ondes 1.000 W<\/li>\n<li>Performance du gril 2.500 W<\/li>\n<li>Fonction de d\u00e9marrage rapide 30 secondes<\/li>\n<li>D\u00e9cong\u00e9lation par poids et temps<\/li>\n<li>Fonction de nettoyage HydroClean\u00ae PRO<\/li>\n<li>Panneau de commande LED<\/li>\n<\/ul>\n","protected":false},"featured_media":0,"parent":0,"template":"","product_cat":[3607],"product_cleaning_system":[3661],"product_3rd_basket":[],"product_drawers":[],"product_type_of_installation":[150351],"product_edition":[],"product_serie":[],"product_features":[150352],"finishes":[],"product_bundles":[],"product_energy_efficiency":[150896],"product_video_training":[],"class_list":["post-53691","product","type-product","status-publish","hentry","product_cat-fours","usp-compacts-01","usp-compacts-04","usp-compacts-05","usp-cookinglovers-01","color-acier-inoxydable","product_type_of_appliance-fours-60cm","product_type_of_appliance-compactcompact","product_icons-defrost-by-time","product_icons-defrost-by-weight","product_icons-hydroclean","product_icons-surroundtemp","product_icons-40l","product_cleaning_system-hydroclean","product_type_of_installation-integre","product_features-filter_features_fr_be","product_energy_efficiency-a-plus-icon"],"acf":[],"yoast_head":"<!-- This site is optimized with the Yoast SEO plugin v27.2 - https:\/\/yoast.com\/product\/yoast-seo-wordpress\/ -->\n<title>HSC 644 C | Teka Belgium-FR<\/title>\n<meta name=\"robots\" content=\"index, follow, max-snippet:-1, max-image-preview:large, max-video-preview:-1\" \/>\n<link rel=\"canonical\" href=\"https:\/\/www.teka.com\/fr-be\/produit\/hsc-644-c_40587603\/\" \/>\n<meta property=\"og:locale\" content=\"fr_FR\" \/>\n<meta property=\"og:type\" content=\"article\" \/>\n<meta property=\"og:title\" content=\"HSC 644 C | Teka Belgium-FR\" \/>\n<meta property=\"og:description\" content=\"11 types de chauffage incluant l\u2019air chaud 5 niveaux de puissance du micro-ondes Puissande du micro-ondes 1.000 W Performance du gril 2.500 W Fonction de d\u00e9marrage rapide 30 secondes D\u00e9cong\u00e9lation par poids et temps Fonction de nettoyage HydroClean\u00ae PRO Panneau de commande LED\" \/>\n<meta property=\"og:url\" content=\"https:\/\/www.teka.com\/fr-be\/produit\/hsc-644-c_40587603\/\" \/>\n<meta property=\"og:site_name\" content=\"Teka Belgium-FR\" \/>\n<meta name=\"twitter:card\" content=\"summary_large_image\" \/>\n<script type=\"application\/ld+json\" class=\"yoast-schema-graph\">{\"@context\":\"https:\/\/schema.org\",\"@graph\":[{\"@type\":\"WebPage\",\"@id\":\"https:\/\/www.teka.com\/fr-be\/produit\/hsc-644-c_40587603\/\",\"url\":\"https:\/\/www.teka.com\/fr-be\/produit\/hsc-644-c_40587603\/\",\"name\":\"HSC 644 C | Teka Belgium-FR\",\"isPartOf\":{\"@id\":\"https:\/\/www.teka.com\/fr-be\/#website\"},\"datePublished\":\"2026-04-08T12:55:47+00:00\",\"inLanguage\":\"fr-FR\",\"potentialAction\":[{\"@type\":\"ReadAction\",\"target\":[\"https:\/\/www.teka.com\/fr-be\/produit\/hsc-644-c_40587603\/\"]}]},{\"@type\":\"WebSite\",\"@id\":\"https:\/\/www.teka.com\/fr-be\/#website\",\"url\":\"https:\/\/www.teka.com\/fr-be\/\",\"name\":\"Teka Belgium-FR\",\"description\":\"\",\"potentialAction\":[{\"@type\":\"SearchAction\",\"target\":{\"@type\":\"EntryPoint\",\"urlTemplate\":\"https:\/\/www.teka.com\/fr-be\/?s={search_term_string}\"},\"query-input\":{\"@type\":\"PropertyValueSpecification\",\"valueRequired\":true,\"valueName\":\"search_term_string\"}}],\"inLanguage\":\"fr-FR\"}]}<\/script>\n<!-- \/ Yoast SEO plugin. -->","yoast_head_json":{"title":"HSC 644 C | Teka Belgium-FR","robots":{"index":"index","follow":"follow","max-snippet":"max-snippet:-1","max-image-preview":"max-image-preview:large","max-video-preview":"max-video-preview:-1"},"canonical":"https:\/\/www.teka.com\/fr-be\/produit\/hsc-644-c_40587603\/","og_locale":"fr_FR","og_type":"article","og_title":"HSC 644 C | Teka Belgium-FR","og_description":"11 types de chauffage incluant l\u2019air chaud 5 niveaux de puissance du micro-ondes Puissande du micro-ondes 1.000 W Performance du gril 2.500 W Fonction de d\u00e9marrage rapide 30 secondes D\u00e9cong\u00e9lation par poids et temps Fonction de nettoyage HydroClean\u00ae PRO Panneau de commande LED","og_url":"https:\/\/www.teka.com\/fr-be\/produit\/hsc-644-c_40587603\/","og_site_name":"Teka Belgium-FR","twitter_card":"summary_large_image","schema":{"@context":"https:\/\/schema.org","@graph":[{"@type":"WebPage","@id":"https:\/\/www.teka.com\/fr-be\/produit\/hsc-644-c_40587603\/","url":"https:\/\/www.teka.com\/fr-be\/produit\/hsc-644-c_40587603\/","name":"HSC 644 C | Teka Belgium-FR","isPartOf":{"@id":"https:\/\/www.teka.com\/fr-be\/#website"},"datePublished":"2026-04-08T12:55:47+00:00","inLanguage":"fr-FR","potentialAction":[{"@type":"ReadAction","target":["https:\/\/www.teka.com\/fr-be\/produit\/hsc-644-c_40587603\/"]}]},{"@type":"WebSite","@id":"https:\/\/www.teka.com\/fr-be\/#website","url":"https:\/\/www.teka.com\/fr-be\/","name":"Teka Belgium-FR","description":"","potentialAction":[{"@type":"SearchAction","target":{"@type":"EntryPoint","urlTemplate":"https:\/\/www.teka.com\/fr-be\/?s={search_term_string}"},"query-input":{"@type":"PropertyValueSpecification","valueRequired":true,"valueName":"search_term_string"}}],"inLanguage":"fr-FR"}]}},"_links":{"self":[{"href":"https:\/\/www.teka.com\/fr-be\/wp-json\/wp\/v2\/product\/53691","targetHints":{"allow":["GET"]}}],"collection":[{"href":"https:\/\/www.teka.com\/fr-be\/wp-json\/wp\/v2\/product"}],"about":[{"href":"https:\/\/www.teka.com\/fr-be\/wp-json\/wp\/v2\/types\/product"}],"wp:attachment":[{"href":"https:\/\/www.teka.com\/fr-be\/wp-json\/wp\/v2\/media?parent=53691"}],"wp:term":[{"taxonomy":"product_cat","embeddable":true,"href":"https:\/\/www.teka.com\/fr-be\/wp-json\/wp\/v2\/product_cat?post=53691"},{"taxonomy":"product_cleaning_system","embeddable":true,"href":"https:\/\/www.teka.com\/fr-be\/wp-json\/wp\/v2\/product_cleaning_system?post=53691"},{"taxonomy":"product_3rd_basket","embeddable":true,"href":"https:\/\/www.teka.com\/fr-be\/wp-json\/wp\/v2\/product_3rd_basket?post=53691"},{"taxonomy":"product_drawers","embeddable":true,"href":"https:\/\/www.teka.com\/fr-be\/wp-json\/wp\/v2\/product_drawers?post=53691"},{"taxonomy":"product_type_of_installation","embeddable":true,"href":"https:\/\/www.teka.com\/fr-be\/wp-json\/wp\/v2\/product_type_of_installation?post=53691"},{"taxonomy":"product_edition","embeddable":true,"href":"https:\/\/www.teka.com\/fr-be\/wp-json\/wp\/v2\/product_edition?post=53691"},{"taxonomy":"product_serie","embeddable":true,"href":"https:\/\/www.teka.com\/fr-be\/wp-json\/wp\/v2\/product_serie?post=53691"},{"taxonomy":"product_features","embeddable":true,"href":"https:\/\/www.teka.com\/fr-be\/wp-json\/wp\/v2\/product_features?post=53691"},{"taxonomy":"finishes","embeddable":true,"href":"https:\/\/www.teka.com\/fr-be\/wp-json\/wp\/v2\/finishes?post=53691"},{"taxonomy":"product_bundles","embeddable":true,"href":"https:\/\/www.teka.com\/fr-be\/wp-json\/wp\/v2\/product_bundles?post=53691"},{"taxonomy":"product_energy_efficiency","embeddable":true,"href":"https:\/\/www.teka.com\/fr-be\/wp-json\/wp\/v2\/product_energy_efficiency?post=53691"},{"taxonomy":"product_video_training","embeddable":true,"href":"https:\/\/www.teka.com\/fr-be\/wp-json\/wp\/v2\/product_video_training?post=53691"}],"curies":[{"name":"wp","href":"https:\/\/api.w.org\/{rel}","templated":true}]}}