{"id":53746,"date":"2026-05-04T13:35:06","date_gmt":"2026-05-04T13:35:06","guid":{"rendered":"https:\/\/teka.com\/fr-be\/produit\/hlc-847-sc_40589020\/"},"modified":"2026-05-04T11:35:06","modified_gmt":"2026-05-04T12:35:06","slug":"hlc-847s-c_40589020","status":"publish","type":"product","link":"https:\/\/www.teka.com\/fr-be\/produit\/hlc-847s-c_40589020\/","title":{"rendered":"HLC 847 SC"},"content":{"rendered":"<ul>\n<li>G\u00e9n\u00e9rateur de vapeur externe<\/li>\n<li>15 types de chauffage incluant l\u2019air chaud<\/li>\n<li>Assistant de cuisine personnel :<\/li>\n<li>20 recettes pr\u00e9programm\u00e9es<\/li>\n<li>Contr\u00f4le \u00e9lectronique de la temp\u00e9rature de la vapeur<\/li>\n<li>30 &#8211; 100\u00b0 C par paliers de 5\u00b0C<\/li>\n<li>Thermosonde<\/li>\n<li>Cuisson \u00e0 basse temp\u00e9rature<\/li>\n<li>R\u00e9g\u00e9n\u00e9rer, st\u00e9riliser<\/li>\n<li>SoftClose<\/li>\n<li>Fonction de nettoyage HydroClean\u00ae PRO<\/li>\n<li>4\u201d TFT coleur \u00c9cran avec touches sensitives<\/li>\n<\/ul>\n","protected":false},"featured_media":0,"parent":0,"template":"","product_cat":[3607],"product_cleaning_system":[3661],"product_3rd_basket":[],"product_drawers":[],"product_type_of_installation":[150351],"product_edition":[],"product_serie":[],"product_features":[150352],"finishes":[],"product_bundles":[],"product_energy_efficiency":[150896],"product_video_training":[],"class_list":["post-53746","product","type-product","status-publish","hentry","product_cat-fours","usp-compacts-02","usp-compacts-04","usp-compacts-06","usp-compacts-09","usp-compacts-05","usp-cookinglovers-01","color-verre-noir","product_type_of_appliance-compact","product_type_of_appliance-vapeur","product_type_of_appliance-fours-60cm","product_ambient-ambient-11","product_icons-44l","product_icons-meatprobe","product_icons-hydroclean","product_icons-softclose","product_icons-surroundtemp","product_cleaning_system-hydroclean","product_type_of_installation-integre","product_features-filter_features_fr_be","product_energy_efficiency-a-plus-icon"],"acf":[],"yoast_head":"<!-- This site is optimized with the Yoast SEO plugin v27.5 - https:\/\/yoast.com\/product\/yoast-seo-wordpress\/ -->\n<title>HLC 847 SC | Teka Belgium-FR<\/title>\n<meta name=\"robots\" content=\"index, follow, max-snippet:-1, max-image-preview:large, max-video-preview:-1\" \/>\n<link rel=\"canonical\" href=\"https:\/\/www.teka.com\/fr-be\/produit\/hlc-847s-c_40589020\/\" \/>\n<meta property=\"og:locale\" content=\"fr_FR\" \/>\n<meta property=\"og:type\" content=\"article\" \/>\n<meta property=\"og:title\" content=\"HLC 847 SC | Teka Belgium-FR\" \/>\n<meta property=\"og:description\" content=\"G\u00e9n\u00e9rateur de vapeur externe 15 types de chauffage incluant l\u2019air chaud Assistant de cuisine personnel : 20 recettes pr\u00e9programm\u00e9es Contr\u00f4le \u00e9lectronique de la temp\u00e9rature de la vapeur 30 &#8211; 100\u00b0 C par paliers de 5\u00b0C Thermosonde Cuisson \u00e0 basse temp\u00e9rature R\u00e9g\u00e9n\u00e9rer, st\u00e9riliser SoftClose Fonction de nettoyage HydroClean\u00ae PRO 4\u201d TFT coleur \u00c9cran avec touches sensitives\" \/>\n<meta property=\"og:url\" content=\"https:\/\/www.teka.com\/fr-be\/produit\/hlc-847s-c_40589020\/\" \/>\n<meta property=\"og:site_name\" content=\"Teka Belgium-FR\" \/>\n<meta name=\"twitter:card\" content=\"summary_large_image\" \/>\n<script type=\"application\/ld+json\" class=\"yoast-schema-graph\">{\"@context\":\"https:\\\/\\\/schema.org\",\"@graph\":[{\"@type\":\"WebPage\",\"@id\":\"https:\\\/\\\/www.teka.com\\\/fr-be\\\/produit\\\/hlc-847s-c_40589020\\\/\",\"url\":\"https:\\\/\\\/www.teka.com\\\/fr-be\\\/produit\\\/hlc-847s-c_40589020\\\/\",\"name\":\"HLC 847 SC | Teka Belgium-FR\",\"isPartOf\":{\"@id\":\"https:\\\/\\\/www.teka.com\\\/fr-be\\\/#website\"},\"datePublished\":\"2026-05-04T13:35:06+00:00\",\"inLanguage\":\"fr-FR\",\"potentialAction\":[{\"@type\":\"ReadAction\",\"target\":[\"https:\\\/\\\/www.teka.com\\\/fr-be\\\/produit\\\/hlc-847s-c_40589020\\\/\"]}]},{\"@type\":\"WebSite\",\"@id\":\"https:\\\/\\\/www.teka.com\\\/fr-be\\\/#website\",\"url\":\"https:\\\/\\\/www.teka.com\\\/fr-be\\\/\",\"name\":\"Teka Belgium-FR\",\"description\":\"\",\"potentialAction\":[{\"@type\":\"SearchAction\",\"target\":{\"@type\":\"EntryPoint\",\"urlTemplate\":\"https:\\\/\\\/www.teka.com\\\/fr-be\\\/?s={search_term_string}\"},\"query-input\":{\"@type\":\"PropertyValueSpecification\",\"valueRequired\":true,\"valueName\":\"search_term_string\"}}],\"inLanguage\":\"fr-FR\"}]}<\/script>\n<!-- \/ Yoast SEO plugin. -->","yoast_head_json":{"title":"HLC 847 SC | Teka Belgium-FR","robots":{"index":"index","follow":"follow","max-snippet":"max-snippet:-1","max-image-preview":"max-image-preview:large","max-video-preview":"max-video-preview:-1"},"canonical":"https:\/\/www.teka.com\/fr-be\/produit\/hlc-847s-c_40589020\/","og_locale":"fr_FR","og_type":"article","og_title":"HLC 847 SC | Teka Belgium-FR","og_description":"G\u00e9n\u00e9rateur de vapeur externe 15 types de chauffage incluant l\u2019air chaud Assistant de cuisine personnel : 20 recettes pr\u00e9programm\u00e9es Contr\u00f4le \u00e9lectronique de la temp\u00e9rature de la vapeur 30 &#8211; 100\u00b0 C par paliers de 5\u00b0C Thermosonde Cuisson \u00e0 basse temp\u00e9rature R\u00e9g\u00e9n\u00e9rer, st\u00e9riliser SoftClose Fonction de nettoyage HydroClean\u00ae PRO 4\u201d TFT coleur \u00c9cran avec touches sensitives","og_url":"https:\/\/www.teka.com\/fr-be\/produit\/hlc-847s-c_40589020\/","og_site_name":"Teka Belgium-FR","twitter_card":"summary_large_image","schema":{"@context":"https:\/\/schema.org","@graph":[{"@type":"WebPage","@id":"https:\/\/www.teka.com\/fr-be\/produit\/hlc-847s-c_40589020\/","url":"https:\/\/www.teka.com\/fr-be\/produit\/hlc-847s-c_40589020\/","name":"HLC 847 SC | Teka Belgium-FR","isPartOf":{"@id":"https:\/\/www.teka.com\/fr-be\/#website"},"datePublished":"2026-05-04T13:35:06+00:00","inLanguage":"fr-FR","potentialAction":[{"@type":"ReadAction","target":["https:\/\/www.teka.com\/fr-be\/produit\/hlc-847s-c_40589020\/"]}]},{"@type":"WebSite","@id":"https:\/\/www.teka.com\/fr-be\/#website","url":"https:\/\/www.teka.com\/fr-be\/","name":"Teka Belgium-FR","description":"","potentialAction":[{"@type":"SearchAction","target":{"@type":"EntryPoint","urlTemplate":"https:\/\/www.teka.com\/fr-be\/?s={search_term_string}"},"query-input":{"@type":"PropertyValueSpecification","valueRequired":true,"valueName":"search_term_string"}}],"inLanguage":"fr-FR"}]}},"_links":{"self":[{"href":"https:\/\/www.teka.com\/fr-be\/wp-json\/wp\/v2\/product\/53746","targetHints":{"allow":["GET"]}}],"collection":[{"href":"https:\/\/www.teka.com\/fr-be\/wp-json\/wp\/v2\/product"}],"about":[{"href":"https:\/\/www.teka.com\/fr-be\/wp-json\/wp\/v2\/types\/product"}],"wp:attachment":[{"href":"https:\/\/www.teka.com\/fr-be\/wp-json\/wp\/v2\/media?parent=53746"}],"wp:term":[{"taxonomy":"product_cat","embeddable":true,"href":"https:\/\/www.teka.com\/fr-be\/wp-json\/wp\/v2\/product_cat?post=53746"},{"taxonomy":"product_cleaning_system","embeddable":true,"href":"https:\/\/www.teka.com\/fr-be\/wp-json\/wp\/v2\/product_cleaning_system?post=53746"},{"taxonomy":"product_3rd_basket","embeddable":true,"href":"https:\/\/www.teka.com\/fr-be\/wp-json\/wp\/v2\/product_3rd_basket?post=53746"},{"taxonomy":"product_drawers","embeddable":true,"href":"https:\/\/www.teka.com\/fr-be\/wp-json\/wp\/v2\/product_drawers?post=53746"},{"taxonomy":"product_type_of_installation","embeddable":true,"href":"https:\/\/www.teka.com\/fr-be\/wp-json\/wp\/v2\/product_type_of_installation?post=53746"},{"taxonomy":"product_edition","embeddable":true,"href":"https:\/\/www.teka.com\/fr-be\/wp-json\/wp\/v2\/product_edition?post=53746"},{"taxonomy":"product_serie","embeddable":true,"href":"https:\/\/www.teka.com\/fr-be\/wp-json\/wp\/v2\/product_serie?post=53746"},{"taxonomy":"product_features","embeddable":true,"href":"https:\/\/www.teka.com\/fr-be\/wp-json\/wp\/v2\/product_features?post=53746"},{"taxonomy":"finishes","embeddable":true,"href":"https:\/\/www.teka.com\/fr-be\/wp-json\/wp\/v2\/finishes?post=53746"},{"taxonomy":"product_bundles","embeddable":true,"href":"https:\/\/www.teka.com\/fr-be\/wp-json\/wp\/v2\/product_bundles?post=53746"},{"taxonomy":"product_energy_efficiency","embeddable":true,"href":"https:\/\/www.teka.com\/fr-be\/wp-json\/wp\/v2\/product_energy_efficiency?post=53746"},{"taxonomy":"product_video_training","embeddable":true,"href":"https:\/\/www.teka.com\/fr-be\/wp-json\/wp\/v2\/product_video_training?post=53746"}],"curies":[{"name":"wp","href":"https:\/\/api.w.org\/{rel}","templated":true}]}}