{"id":56074,"date":"2026-04-07T20:16:29","date_gmt":"2026-04-07T20:16:29","guid":{"rendered":"https:\/\/teka.com\/en-int\/steakmaster_111000036"},"modified":"2026-03-26T01:40:29","modified_gmt":"2026-03-26T02:40:29","slug":"steakmaster_111000036","status":"publish","type":"product","link":"https:\/\/www.teka.com\/fr-be\/produit\/steakmaster_111000036\/","title":{"rendered":"SteakMaster"},"content":{"rendered":"<ul>\n<li>Urban Colours Edition<\/li>\n<li>Fonction SteakMaster avec un gril sp\u00e9cial jusqu\u2018\u00e0 700\u00b0 C,<\/li>\n<li>programmes automatiques et gril en fonte exclusif<\/li>\n<li>12 types de chauffage incluant l\u2019air chaud<\/li>\n<li>Assistant de cuisine personnel : 20 recettes pr\u00e9programm\u00e9es<\/li>\n<li>Gril grande surface<\/li>\n<li>Quadruple vitrage<\/li>\n<li>SoftClose<\/li>\n<li>Syst\u00e8me de nettoyage Pyrolyse, 3 niveaux<\/li>\n<li>Fonction de nettoyage HydroClean\u00ae PRO<\/li>\n<li>Panneau de commande couleur TFT 4\u201d avec touches sensitives<\/li>\n<\/ul>\n","protected":false},"featured_media":0,"parent":0,"template":"","product_cat":[3607],"product_cleaning_system":[3661,3746],"product_3rd_basket":[],"product_drawers":[],"product_type_of_installation":[150351],"product_edition":[],"product_serie":[],"product_features":[150352],"finishes":[],"product_bundles":[],"product_energy_efficiency":[150892],"product_video_training":[],"class_list":["post-56074","product","type-product","status-publish","hentry","product_cat-fours","usp-steakmaster-02","usp-steakmaster-03","usp-steakmaster-05","usp-steakmaster-06","usp-steakmaster-01","usp-steakmaster-08","usp-steakmaster-04","usp-compacts-08","color-verre-noir","product_type_of_appliance-compact","product_type_of_appliance-fours-60cm","product_ambient-urban-colors-01","product_ambient-urban-colors-02","product_ambient-urban-colors-03","product_ambient-ambient-10","product_ambient-ambient-23","product_icons-hydroclean","product_icons-plus-extension-telescopic-guide","product_icons-pyrolysis","product_icons-softclose","product_icons-surroundtemp","product_cleaning_system-hydroclean","product_cleaning_system-pyrolyse","product_type_of_installation-integre","product_features-filter_features_fr_be","product_energy_efficiency-a-icon"],"acf":[],"yoast_head":"<!-- This site is optimized with the Yoast SEO plugin v27.2 - https:\/\/yoast.com\/product\/yoast-seo-wordpress\/ -->\n<title>SteakMaster | Teka Belgium-FR<\/title>\n<meta name=\"robots\" content=\"index, follow, max-snippet:-1, max-image-preview:large, max-video-preview:-1\" \/>\n<link rel=\"canonical\" href=\"https:\/\/www.teka.com\/fr-be\/produit\/steakmaster_111000036\/\" \/>\n<meta property=\"og:locale\" content=\"fr_FR\" \/>\n<meta property=\"og:type\" content=\"article\" \/>\n<meta property=\"og:title\" content=\"SteakMaster | Teka Belgium-FR\" \/>\n<meta property=\"og:description\" content=\"Urban Colours Edition Fonction SteakMaster avec un gril sp\u00e9cial jusqu\u2018\u00e0 700\u00b0 C, programmes automatiques et gril en fonte exclusif 12 types de chauffage incluant l\u2019air chaud Assistant de cuisine personnel : 20 recettes pr\u00e9programm\u00e9es Gril grande surface Quadruple vitrage SoftClose Syst\u00e8me de nettoyage Pyrolyse, 3 niveaux Fonction de nettoyage HydroClean\u00ae PRO Panneau de commande couleur [&hellip;]\" \/>\n<meta property=\"og:url\" content=\"https:\/\/www.teka.com\/fr-be\/produit\/steakmaster_111000036\/\" \/>\n<meta property=\"og:site_name\" content=\"Teka Belgium-FR\" \/>\n<meta name=\"twitter:card\" content=\"summary_large_image\" \/>\n<script type=\"application\/ld+json\" class=\"yoast-schema-graph\">{\"@context\":\"https:\/\/schema.org\",\"@graph\":[{\"@type\":\"WebPage\",\"@id\":\"https:\/\/www.teka.com\/fr-be\/produit\/steakmaster_111000036\/\",\"url\":\"https:\/\/www.teka.com\/fr-be\/produit\/steakmaster_111000036\/\",\"name\":\"SteakMaster | Teka Belgium-FR\",\"isPartOf\":{\"@id\":\"https:\/\/www.teka.com\/fr-be\/#website\"},\"datePublished\":\"2026-04-07T20:16:29+00:00\",\"inLanguage\":\"fr-FR\",\"potentialAction\":[{\"@type\":\"ReadAction\",\"target\":[\"https:\/\/www.teka.com\/fr-be\/produit\/steakmaster_111000036\/\"]}]},{\"@type\":\"WebSite\",\"@id\":\"https:\/\/www.teka.com\/fr-be\/#website\",\"url\":\"https:\/\/www.teka.com\/fr-be\/\",\"name\":\"Teka Belgium-FR\",\"description\":\"\",\"potentialAction\":[{\"@type\":\"SearchAction\",\"target\":{\"@type\":\"EntryPoint\",\"urlTemplate\":\"https:\/\/www.teka.com\/fr-be\/?s={search_term_string}\"},\"query-input\":{\"@type\":\"PropertyValueSpecification\",\"valueRequired\":true,\"valueName\":\"search_term_string\"}}],\"inLanguage\":\"fr-FR\"}]}<\/script>\n<!-- \/ Yoast SEO plugin. -->","yoast_head_json":{"title":"SteakMaster | Teka Belgium-FR","robots":{"index":"index","follow":"follow","max-snippet":"max-snippet:-1","max-image-preview":"max-image-preview:large","max-video-preview":"max-video-preview:-1"},"canonical":"https:\/\/www.teka.com\/fr-be\/produit\/steakmaster_111000036\/","og_locale":"fr_FR","og_type":"article","og_title":"SteakMaster | Teka Belgium-FR","og_description":"Urban Colours Edition Fonction SteakMaster avec un gril sp\u00e9cial jusqu\u2018\u00e0 700\u00b0 C, programmes automatiques et gril en fonte exclusif 12 types de chauffage incluant l\u2019air chaud Assistant de cuisine personnel : 20 recettes pr\u00e9programm\u00e9es Gril grande surface Quadruple vitrage SoftClose Syst\u00e8me de nettoyage Pyrolyse, 3 niveaux Fonction de nettoyage HydroClean\u00ae PRO Panneau de commande couleur [&hellip;]","og_url":"https:\/\/www.teka.com\/fr-be\/produit\/steakmaster_111000036\/","og_site_name":"Teka Belgium-FR","twitter_card":"summary_large_image","schema":{"@context":"https:\/\/schema.org","@graph":[{"@type":"WebPage","@id":"https:\/\/www.teka.com\/fr-be\/produit\/steakmaster_111000036\/","url":"https:\/\/www.teka.com\/fr-be\/produit\/steakmaster_111000036\/","name":"SteakMaster | Teka Belgium-FR","isPartOf":{"@id":"https:\/\/www.teka.com\/fr-be\/#website"},"datePublished":"2026-04-07T20:16:29+00:00","inLanguage":"fr-FR","potentialAction":[{"@type":"ReadAction","target":["https:\/\/www.teka.com\/fr-be\/produit\/steakmaster_111000036\/"]}]},{"@type":"WebSite","@id":"https:\/\/www.teka.com\/fr-be\/#website","url":"https:\/\/www.teka.com\/fr-be\/","name":"Teka Belgium-FR","description":"","potentialAction":[{"@type":"SearchAction","target":{"@type":"EntryPoint","urlTemplate":"https:\/\/www.teka.com\/fr-be\/?s={search_term_string}"},"query-input":{"@type":"PropertyValueSpecification","valueRequired":true,"valueName":"search_term_string"}}],"inLanguage":"fr-FR"}]}},"_links":{"self":[{"href":"https:\/\/www.teka.com\/fr-be\/wp-json\/wp\/v2\/product\/56074","targetHints":{"allow":["GET"]}}],"collection":[{"href":"https:\/\/www.teka.com\/fr-be\/wp-json\/wp\/v2\/product"}],"about":[{"href":"https:\/\/www.teka.com\/fr-be\/wp-json\/wp\/v2\/types\/product"}],"wp:attachment":[{"href":"https:\/\/www.teka.com\/fr-be\/wp-json\/wp\/v2\/media?parent=56074"}],"wp:term":[{"taxonomy":"product_cat","embeddable":true,"href":"https:\/\/www.teka.com\/fr-be\/wp-json\/wp\/v2\/product_cat?post=56074"},{"taxonomy":"product_cleaning_system","embeddable":true,"href":"https:\/\/www.teka.com\/fr-be\/wp-json\/wp\/v2\/product_cleaning_system?post=56074"},{"taxonomy":"product_3rd_basket","embeddable":true,"href":"https:\/\/www.teka.com\/fr-be\/wp-json\/wp\/v2\/product_3rd_basket?post=56074"},{"taxonomy":"product_drawers","embeddable":true,"href":"https:\/\/www.teka.com\/fr-be\/wp-json\/wp\/v2\/product_drawers?post=56074"},{"taxonomy":"product_type_of_installation","embeddable":true,"href":"https:\/\/www.teka.com\/fr-be\/wp-json\/wp\/v2\/product_type_of_installation?post=56074"},{"taxonomy":"product_edition","embeddable":true,"href":"https:\/\/www.teka.com\/fr-be\/wp-json\/wp\/v2\/product_edition?post=56074"},{"taxonomy":"product_serie","embeddable":true,"href":"https:\/\/www.teka.com\/fr-be\/wp-json\/wp\/v2\/product_serie?post=56074"},{"taxonomy":"product_features","embeddable":true,"href":"https:\/\/www.teka.com\/fr-be\/wp-json\/wp\/v2\/product_features?post=56074"},{"taxonomy":"finishes","embeddable":true,"href":"https:\/\/www.teka.com\/fr-be\/wp-json\/wp\/v2\/finishes?post=56074"},{"taxonomy":"product_bundles","embeddable":true,"href":"https:\/\/www.teka.com\/fr-be\/wp-json\/wp\/v2\/product_bundles?post=56074"},{"taxonomy":"product_energy_efficiency","embeddable":true,"href":"https:\/\/www.teka.com\/fr-be\/wp-json\/wp\/v2\/product_energy_efficiency?post=56074"},{"taxonomy":"product_video_training","embeddable":true,"href":"https:\/\/www.teka.com\/fr-be\/wp-json\/wp\/v2\/product_video_training?post=56074"}],"curies":[{"name":"wp","href":"https:\/\/api.w.org\/{rel}","templated":true}]}}