{"id":56085,"date":"2026-04-07T20:31:45","date_gmt":"2026-04-07T20:31:45","guid":{"rendered":"https:\/\/teka.com\/fr-be\/dsi-44700-ss_114310002"},"modified":"2026-03-14T07:29:26","modified_gmt":"2026-03-14T08:29:26","slug":"dsi-44700-ss_114310002","status":"publish","type":"product","link":"https:\/\/www.teka.com\/fr-be\/produit\/dsi-44700-ss_114310002\/","title":{"rendered":"DSI 4700 SS"},"content":{"rendered":"<ul>\n<li>Panneau de contr\u00f4le \u00e9lectronique avec affichage LED blanc<\/li>\n<li>7 programmes de rin\u00e7age<\/li>\n<li>Programmes sp\u00e9ciaux : 1 heure, Programme Whisper, AutoClean<\/li>\n<li>Fonctions sp\u00e9ciales : Cycle de lavage 1\/2 cuve, Express, S\u00e9chage suppl\u00e9mentaire,<\/li>\n<li>Capacit\u00e9 9 couverts<\/li>\n<\/ul>\n","protected":false},"featured_media":0,"parent":0,"template":"","product_cat":[3602],"product_cleaning_system":[],"product_3rd_basket":[],"product_drawers":[],"product_type_of_installation":[150351],"product_edition":[],"product_serie":[],"product_features":[150352],"finishes":[],"product_bundles":[],"product_energy_efficiency":[150413],"product_video_training":[],"class_list":["post-56085","product","type-product","status-publish","hentry","product_cat-lave-vaisselle","usp-dishwashers-15","usp-dishwashers-16","usp-dishwashers-20","usp-dishwashers-21","color-acier-inoxydable","product_type_of_appliance-integre","product_icons-eco-function","product_icons-extra-dry-function","product_icons-smart-sensor","product_type_of_installation-integre","product_features-filter_features_fr_be","product_energy_efficiency-e-ue-icon-new"],"acf":[],"yoast_head":"<!-- This site is optimized with the Yoast SEO plugin v27.2 - https:\/\/yoast.com\/product\/yoast-seo-wordpress\/ -->\n<title>DSI 4700 SS | Teka Belgium-FR<\/title>\n<meta name=\"robots\" content=\"index, follow, max-snippet:-1, max-image-preview:large, max-video-preview:-1\" \/>\n<link rel=\"canonical\" href=\"https:\/\/www.teka.com\/fr-be\/produit\/dsi-44700-ss_114310002\/\" \/>\n<meta property=\"og:locale\" content=\"fr_FR\" \/>\n<meta property=\"og:type\" content=\"article\" \/>\n<meta property=\"og:title\" content=\"DSI 4700 SS | Teka Belgium-FR\" \/>\n<meta property=\"og:description\" content=\"Panneau de contr\u00f4le \u00e9lectronique avec affichage LED blanc 7 programmes de rin\u00e7age Programmes sp\u00e9ciaux : 1 heure, Programme Whisper, AutoClean Fonctions sp\u00e9ciales : Cycle de lavage 1\/2 cuve, Express, S\u00e9chage suppl\u00e9mentaire, Capacit\u00e9 9 couverts\" \/>\n<meta property=\"og:url\" content=\"https:\/\/www.teka.com\/fr-be\/produit\/dsi-44700-ss_114310002\/\" \/>\n<meta property=\"og:site_name\" content=\"Teka Belgium-FR\" \/>\n<meta name=\"twitter:card\" content=\"summary_large_image\" \/>\n<script type=\"application\/ld+json\" class=\"yoast-schema-graph\">{\"@context\":\"https:\/\/schema.org\",\"@graph\":[{\"@type\":\"WebPage\",\"@id\":\"https:\/\/www.teka.com\/fr-be\/produit\/dsi-44700-ss_114310002\/\",\"url\":\"https:\/\/www.teka.com\/fr-be\/produit\/dsi-44700-ss_114310002\/\",\"name\":\"DSI 4700 SS | Teka Belgium-FR\",\"isPartOf\":{\"@id\":\"https:\/\/www.teka.com\/fr-be\/#website\"},\"datePublished\":\"2026-04-07T20:31:45+00:00\",\"inLanguage\":\"fr-FR\",\"potentialAction\":[{\"@type\":\"ReadAction\",\"target\":[\"https:\/\/www.teka.com\/fr-be\/produit\/dsi-44700-ss_114310002\/\"]}]},{\"@type\":\"WebSite\",\"@id\":\"https:\/\/www.teka.com\/fr-be\/#website\",\"url\":\"https:\/\/www.teka.com\/fr-be\/\",\"name\":\"Teka Belgium-FR\",\"description\":\"\",\"potentialAction\":[{\"@type\":\"SearchAction\",\"target\":{\"@type\":\"EntryPoint\",\"urlTemplate\":\"https:\/\/www.teka.com\/fr-be\/?s={search_term_string}\"},\"query-input\":{\"@type\":\"PropertyValueSpecification\",\"valueRequired\":true,\"valueName\":\"search_term_string\"}}],\"inLanguage\":\"fr-FR\"}]}<\/script>\n<!-- \/ Yoast SEO plugin. -->","yoast_head_json":{"title":"DSI 4700 SS | Teka Belgium-FR","robots":{"index":"index","follow":"follow","max-snippet":"max-snippet:-1","max-image-preview":"max-image-preview:large","max-video-preview":"max-video-preview:-1"},"canonical":"https:\/\/www.teka.com\/fr-be\/produit\/dsi-44700-ss_114310002\/","og_locale":"fr_FR","og_type":"article","og_title":"DSI 4700 SS | Teka Belgium-FR","og_description":"Panneau de contr\u00f4le \u00e9lectronique avec affichage LED blanc 7 programmes de rin\u00e7age Programmes sp\u00e9ciaux : 1 heure, Programme Whisper, AutoClean Fonctions sp\u00e9ciales : Cycle de lavage 1\/2 cuve, Express, S\u00e9chage suppl\u00e9mentaire, Capacit\u00e9 9 couverts","og_url":"https:\/\/www.teka.com\/fr-be\/produit\/dsi-44700-ss_114310002\/","og_site_name":"Teka Belgium-FR","twitter_card":"summary_large_image","schema":{"@context":"https:\/\/schema.org","@graph":[{"@type":"WebPage","@id":"https:\/\/www.teka.com\/fr-be\/produit\/dsi-44700-ss_114310002\/","url":"https:\/\/www.teka.com\/fr-be\/produit\/dsi-44700-ss_114310002\/","name":"DSI 4700 SS | Teka Belgium-FR","isPartOf":{"@id":"https:\/\/www.teka.com\/fr-be\/#website"},"datePublished":"2026-04-07T20:31:45+00:00","inLanguage":"fr-FR","potentialAction":[{"@type":"ReadAction","target":["https:\/\/www.teka.com\/fr-be\/produit\/dsi-44700-ss_114310002\/"]}]},{"@type":"WebSite","@id":"https:\/\/www.teka.com\/fr-be\/#website","url":"https:\/\/www.teka.com\/fr-be\/","name":"Teka Belgium-FR","description":"","potentialAction":[{"@type":"SearchAction","target":{"@type":"EntryPoint","urlTemplate":"https:\/\/www.teka.com\/fr-be\/?s={search_term_string}"},"query-input":{"@type":"PropertyValueSpecification","valueRequired":true,"valueName":"search_term_string"}}],"inLanguage":"fr-FR"}]}},"_links":{"self":[{"href":"https:\/\/www.teka.com\/fr-be\/wp-json\/wp\/v2\/product\/56085","targetHints":{"allow":["GET"]}}],"collection":[{"href":"https:\/\/www.teka.com\/fr-be\/wp-json\/wp\/v2\/product"}],"about":[{"href":"https:\/\/www.teka.com\/fr-be\/wp-json\/wp\/v2\/types\/product"}],"wp:attachment":[{"href":"https:\/\/www.teka.com\/fr-be\/wp-json\/wp\/v2\/media?parent=56085"}],"wp:term":[{"taxonomy":"product_cat","embeddable":true,"href":"https:\/\/www.teka.com\/fr-be\/wp-json\/wp\/v2\/product_cat?post=56085"},{"taxonomy":"product_cleaning_system","embeddable":true,"href":"https:\/\/www.teka.com\/fr-be\/wp-json\/wp\/v2\/product_cleaning_system?post=56085"},{"taxonomy":"product_3rd_basket","embeddable":true,"href":"https:\/\/www.teka.com\/fr-be\/wp-json\/wp\/v2\/product_3rd_basket?post=56085"},{"taxonomy":"product_drawers","embeddable":true,"href":"https:\/\/www.teka.com\/fr-be\/wp-json\/wp\/v2\/product_drawers?post=56085"},{"taxonomy":"product_type_of_installation","embeddable":true,"href":"https:\/\/www.teka.com\/fr-be\/wp-json\/wp\/v2\/product_type_of_installation?post=56085"},{"taxonomy":"product_edition","embeddable":true,"href":"https:\/\/www.teka.com\/fr-be\/wp-json\/wp\/v2\/product_edition?post=56085"},{"taxonomy":"product_serie","embeddable":true,"href":"https:\/\/www.teka.com\/fr-be\/wp-json\/wp\/v2\/product_serie?post=56085"},{"taxonomy":"product_features","embeddable":true,"href":"https:\/\/www.teka.com\/fr-be\/wp-json\/wp\/v2\/product_features?post=56085"},{"taxonomy":"finishes","embeddable":true,"href":"https:\/\/www.teka.com\/fr-be\/wp-json\/wp\/v2\/finishes?post=56085"},{"taxonomy":"product_bundles","embeddable":true,"href":"https:\/\/www.teka.com\/fr-be\/wp-json\/wp\/v2\/product_bundles?post=56085"},{"taxonomy":"product_energy_efficiency","embeddable":true,"href":"https:\/\/www.teka.com\/fr-be\/wp-json\/wp\/v2\/product_energy_efficiency?post=56085"},{"taxonomy":"product_video_training","embeddable":true,"href":"https:\/\/www.teka.com\/fr-be\/wp-json\/wp\/v2\/product_video_training?post=56085"}],"curies":[{"name":"wp","href":"https:\/\/api.w.org\/{rel}","templated":true}]}}