{"id":56089,"date":"2026-05-04T14:54:25","date_gmt":"2026-05-04T14:54:25","guid":{"rendered":"https:\/\/teka.com\/en-int\/dfi-76950_114260004"},"modified":"2026-05-04T12:54:25","modified_gmt":"2026-05-04T01:54:25","slug":"dfi-76950_114260004","status":"publish","type":"product","link":"https:\/\/www.teka.com\/fr-be\/produit\/dfi-76950_114260004\/","title":{"rendered":"DFI 76950"},"content":{"rendered":"<ul>\n<li>Panneau de contr\u00f4le \u00e9lectronique avec affichage LED blanc<\/li>\n<li>9 programmes de rin\u00e7age<\/li>\n<li>Programmes sp\u00e9ciaux : Mini30, 1 heure, GlasCare,<\/li>\n<li>DualCare, AutoClean<\/li>\n<li>Fonctions sp\u00e9ciales : IONCLEAN,<\/li>\n<li>Cycle de lavage 1\/2 cuve, Express, Power<\/li>\n<li>Capacit\u00e9 15 couverts<\/li>\n<li>Tiroir \u00e0 couverts MultiFlex 3<\/li>\n<li>S\u00e9chage premium (ouverture automatique des portes)<\/li>\n<li>Beam on Floor<\/li>\n<\/ul>\n","protected":false},"featured_media":0,"parent":0,"template":"","product_cat":[3602],"product_cleaning_system":[],"product_3rd_basket":[150368],"product_drawers":[],"product_type_of_installation":[150351],"product_edition":[],"product_serie":[],"product_features":[150352],"finishes":[],"product_bundles":[],"product_energy_efficiency":[150412],"product_video_training":[],"class_list":["post-56089","product","type-product","status-publish","hentry","product_cat-lave-vaisselle","usp-dishwashers-04","usp-dishwashers-15","usp-dishwashers-20","usp-dishwashers-23","usp-dishwashers-24","usp-productoftheyear-01","product_type_of_appliance-integre","product_ambient-fbk-01","product_icons-beam-on-floor","product_icons-eco-function","product_icons-third-cutlery-tray","product_icons-ionclean","product_icons-multi-cleaner","product_icons-premium-dry","product_icons-sliding-door","product_icons-smart-sensor","product_3rd_basket-3eme-panier","product_type_of_installation-integre","product_features-filter_features_fr_be","product_energy_efficiency-d-ue-icon-new"],"acf":[],"yoast_head":"<!-- This site is optimized with the Yoast SEO plugin v27.5 - https:\/\/yoast.com\/product\/yoast-seo-wordpress\/ -->\n<title>DFI 76950 | Teka Belgium-FR<\/title>\n<meta name=\"robots\" content=\"index, follow, max-snippet:-1, max-image-preview:large, max-video-preview:-1\" \/>\n<link rel=\"canonical\" href=\"https:\/\/www.teka.com\/fr-be\/produit\/dfi-76950_114260004\/\" \/>\n<meta property=\"og:locale\" content=\"fr_FR\" \/>\n<meta property=\"og:type\" content=\"article\" \/>\n<meta property=\"og:title\" content=\"DFI 76950 | Teka Belgium-FR\" \/>\n<meta property=\"og:description\" content=\"Panneau de contr\u00f4le \u00e9lectronique avec affichage LED blanc 9 programmes de rin\u00e7age Programmes sp\u00e9ciaux : Mini30, 1 heure, GlasCare, DualCare, AutoClean Fonctions sp\u00e9ciales : IONCLEAN, Cycle de lavage 1\/2 cuve, Express, Power Capacit\u00e9 15 couverts Tiroir \u00e0 couverts MultiFlex 3 S\u00e9chage premium (ouverture automatique des portes) Beam on Floor\" \/>\n<meta property=\"og:url\" content=\"https:\/\/www.teka.com\/fr-be\/produit\/dfi-76950_114260004\/\" \/>\n<meta property=\"og:site_name\" content=\"Teka Belgium-FR\" \/>\n<meta name=\"twitter:card\" content=\"summary_large_image\" \/>\n<script type=\"application\/ld+json\" class=\"yoast-schema-graph\">{\"@context\":\"https:\\\/\\\/schema.org\",\"@graph\":[{\"@type\":\"WebPage\",\"@id\":\"https:\\\/\\\/www.teka.com\\\/fr-be\\\/produit\\\/dfi-76950_114260004\\\/\",\"url\":\"https:\\\/\\\/www.teka.com\\\/fr-be\\\/produit\\\/dfi-76950_114260004\\\/\",\"name\":\"DFI 76950 | Teka Belgium-FR\",\"isPartOf\":{\"@id\":\"https:\\\/\\\/www.teka.com\\\/fr-be\\\/#website\"},\"datePublished\":\"2026-05-04T14:54:25+00:00\",\"inLanguage\":\"fr-FR\",\"potentialAction\":[{\"@type\":\"ReadAction\",\"target\":[\"https:\\\/\\\/www.teka.com\\\/fr-be\\\/produit\\\/dfi-76950_114260004\\\/\"]}]},{\"@type\":\"WebSite\",\"@id\":\"https:\\\/\\\/www.teka.com\\\/fr-be\\\/#website\",\"url\":\"https:\\\/\\\/www.teka.com\\\/fr-be\\\/\",\"name\":\"Teka Belgium-FR\",\"description\":\"\",\"potentialAction\":[{\"@type\":\"SearchAction\",\"target\":{\"@type\":\"EntryPoint\",\"urlTemplate\":\"https:\\\/\\\/www.teka.com\\\/fr-be\\\/?s={search_term_string}\"},\"query-input\":{\"@type\":\"PropertyValueSpecification\",\"valueRequired\":true,\"valueName\":\"search_term_string\"}}],\"inLanguage\":\"fr-FR\"}]}<\/script>\n<!-- \/ Yoast SEO plugin. -->","yoast_head_json":{"title":"DFI 76950 | Teka Belgium-FR","robots":{"index":"index","follow":"follow","max-snippet":"max-snippet:-1","max-image-preview":"max-image-preview:large","max-video-preview":"max-video-preview:-1"},"canonical":"https:\/\/www.teka.com\/fr-be\/produit\/dfi-76950_114260004\/","og_locale":"fr_FR","og_type":"article","og_title":"DFI 76950 | Teka Belgium-FR","og_description":"Panneau de contr\u00f4le \u00e9lectronique avec affichage LED blanc 9 programmes de rin\u00e7age Programmes sp\u00e9ciaux : Mini30, 1 heure, GlasCare, DualCare, AutoClean Fonctions sp\u00e9ciales : IONCLEAN, Cycle de lavage 1\/2 cuve, Express, Power Capacit\u00e9 15 couverts Tiroir \u00e0 couverts MultiFlex 3 S\u00e9chage premium (ouverture automatique des portes) Beam on Floor","og_url":"https:\/\/www.teka.com\/fr-be\/produit\/dfi-76950_114260004\/","og_site_name":"Teka Belgium-FR","twitter_card":"summary_large_image","schema":{"@context":"https:\/\/schema.org","@graph":[{"@type":"WebPage","@id":"https:\/\/www.teka.com\/fr-be\/produit\/dfi-76950_114260004\/","url":"https:\/\/www.teka.com\/fr-be\/produit\/dfi-76950_114260004\/","name":"DFI 76950 | Teka Belgium-FR","isPartOf":{"@id":"https:\/\/www.teka.com\/fr-be\/#website"},"datePublished":"2026-05-04T14:54:25+00:00","inLanguage":"fr-FR","potentialAction":[{"@type":"ReadAction","target":["https:\/\/www.teka.com\/fr-be\/produit\/dfi-76950_114260004\/"]}]},{"@type":"WebSite","@id":"https:\/\/www.teka.com\/fr-be\/#website","url":"https:\/\/www.teka.com\/fr-be\/","name":"Teka Belgium-FR","description":"","potentialAction":[{"@type":"SearchAction","target":{"@type":"EntryPoint","urlTemplate":"https:\/\/www.teka.com\/fr-be\/?s={search_term_string}"},"query-input":{"@type":"PropertyValueSpecification","valueRequired":true,"valueName":"search_term_string"}}],"inLanguage":"fr-FR"}]}},"_links":{"self":[{"href":"https:\/\/www.teka.com\/fr-be\/wp-json\/wp\/v2\/product\/56089","targetHints":{"allow":["GET"]}}],"collection":[{"href":"https:\/\/www.teka.com\/fr-be\/wp-json\/wp\/v2\/product"}],"about":[{"href":"https:\/\/www.teka.com\/fr-be\/wp-json\/wp\/v2\/types\/product"}],"wp:attachment":[{"href":"https:\/\/www.teka.com\/fr-be\/wp-json\/wp\/v2\/media?parent=56089"}],"wp:term":[{"taxonomy":"product_cat","embeddable":true,"href":"https:\/\/www.teka.com\/fr-be\/wp-json\/wp\/v2\/product_cat?post=56089"},{"taxonomy":"product_cleaning_system","embeddable":true,"href":"https:\/\/www.teka.com\/fr-be\/wp-json\/wp\/v2\/product_cleaning_system?post=56089"},{"taxonomy":"product_3rd_basket","embeddable":true,"href":"https:\/\/www.teka.com\/fr-be\/wp-json\/wp\/v2\/product_3rd_basket?post=56089"},{"taxonomy":"product_drawers","embeddable":true,"href":"https:\/\/www.teka.com\/fr-be\/wp-json\/wp\/v2\/product_drawers?post=56089"},{"taxonomy":"product_type_of_installation","embeddable":true,"href":"https:\/\/www.teka.com\/fr-be\/wp-json\/wp\/v2\/product_type_of_installation?post=56089"},{"taxonomy":"product_edition","embeddable":true,"href":"https:\/\/www.teka.com\/fr-be\/wp-json\/wp\/v2\/product_edition?post=56089"},{"taxonomy":"product_serie","embeddable":true,"href":"https:\/\/www.teka.com\/fr-be\/wp-json\/wp\/v2\/product_serie?post=56089"},{"taxonomy":"product_features","embeddable":true,"href":"https:\/\/www.teka.com\/fr-be\/wp-json\/wp\/v2\/product_features?post=56089"},{"taxonomy":"finishes","embeddable":true,"href":"https:\/\/www.teka.com\/fr-be\/wp-json\/wp\/v2\/finishes?post=56089"},{"taxonomy":"product_bundles","embeddable":true,"href":"https:\/\/www.teka.com\/fr-be\/wp-json\/wp\/v2\/product_bundles?post=56089"},{"taxonomy":"product_energy_efficiency","embeddable":true,"href":"https:\/\/www.teka.com\/fr-be\/wp-json\/wp\/v2\/product_energy_efficiency?post=56089"},{"taxonomy":"product_video_training","embeddable":true,"href":"https:\/\/www.teka.com\/fr-be\/wp-json\/wp\/v2\/product_video_training?post=56089"}],"curies":[{"name":"wp","href":"https:\/\/api.w.org\/{rel}","templated":true}]}}