{"id":56348,"date":"2026-04-07T18:13:42","date_gmt":"2026-04-07T18:13:42","guid":{"rendered":"https:\/\/teka.com\/en-int\/ml-820-bis_40584200"},"modified":"2026-03-14T03:40:32","modified_gmt":"2026-03-14T04:40:32","slug":"ml-820-bis_40584200","status":"publish","type":"product","link":"https:\/\/www.teka.com\/fr-be\/produit\/ml-820-bis_40584200\/","title":{"rendered":"ML 820 BIS"},"content":{"rendered":"<ul>\n<li>3 types de chauffage<\/li>\n<li>5 niveaux de puissance du micro-ondes<\/li>\n<li>Puissande du micro-ondes 750 W<\/li>\n<li>Performance du gril 1.000 W<\/li>\n<li>Gril rabattable<\/li>\n<li>3 menus directement s\u00e9lectionnables<\/li>\n<li>D\u00e9cong\u00e9lation par temps et poids<\/li>\n<li>Fonction de d\u00e9marrage rapide 30 secondes<\/li>\n<li>Panneau de commande tactile avec \u00e9cran TFT blanc<\/li>\n<\/ul>\n","protected":false},"featured_media":0,"parent":0,"template":"","product_cat":[3606],"product_cleaning_system":[],"product_3rd_basket":[],"product_drawers":[],"product_type_of_installation":[150351],"product_edition":[],"product_serie":[],"product_features":[150352],"finishes":[],"product_bundles":[],"product_energy_efficiency":[],"product_video_training":[],"class_list":["post-56348","product","type-product","status-publish","hentry","product_cat-micro-ondes","usp-microwaves-04","usp-microwaves-05","usp-microwaves-06","color-verre-noir","product_type_of_appliance-integre","product_icons-defrost-by-time","product_icons-defrost-by-weight","product_icons-direct-access-menu","product_type_of_installation-integre","product_features-filter_features_fr_be"],"acf":[],"yoast_head":"<!-- This site is optimized with the Yoast SEO plugin v27.2 - https:\/\/yoast.com\/product\/yoast-seo-wordpress\/ -->\n<title>ML 820 BIS | Teka Belgium-FR<\/title>\n<meta name=\"robots\" content=\"index, follow, max-snippet:-1, max-image-preview:large, max-video-preview:-1\" \/>\n<link rel=\"canonical\" href=\"https:\/\/www.teka.com\/fr-be\/produit\/ml-820-bis_40584200\/\" \/>\n<meta property=\"og:locale\" content=\"fr_FR\" \/>\n<meta property=\"og:type\" content=\"article\" \/>\n<meta property=\"og:title\" content=\"ML 820 BIS | Teka Belgium-FR\" \/>\n<meta property=\"og:description\" content=\"3 types de chauffage 5 niveaux de puissance du micro-ondes Puissande du micro-ondes 750 W Performance du gril 1.000 W Gril rabattable 3 menus directement s\u00e9lectionnables D\u00e9cong\u00e9lation par temps et poids Fonction de d\u00e9marrage rapide 30 secondes Panneau de commande tactile avec \u00e9cran TFT blanc\" \/>\n<meta property=\"og:url\" content=\"https:\/\/www.teka.com\/fr-be\/produit\/ml-820-bis_40584200\/\" \/>\n<meta property=\"og:site_name\" content=\"Teka Belgium-FR\" \/>\n<meta name=\"twitter:card\" content=\"summary_large_image\" \/>\n<script type=\"application\/ld+json\" class=\"yoast-schema-graph\">{\"@context\":\"https:\/\/schema.org\",\"@graph\":[{\"@type\":\"WebPage\",\"@id\":\"https:\/\/www.teka.com\/fr-be\/produit\/ml-820-bis_40584200\/\",\"url\":\"https:\/\/www.teka.com\/fr-be\/produit\/ml-820-bis_40584200\/\",\"name\":\"ML 820 BIS | Teka Belgium-FR\",\"isPartOf\":{\"@id\":\"https:\/\/www.teka.com\/fr-be\/#website\"},\"datePublished\":\"2026-04-07T18:13:42+00:00\",\"inLanguage\":\"fr-FR\",\"potentialAction\":[{\"@type\":\"ReadAction\",\"target\":[\"https:\/\/www.teka.com\/fr-be\/produit\/ml-820-bis_40584200\/\"]}]},{\"@type\":\"WebSite\",\"@id\":\"https:\/\/www.teka.com\/fr-be\/#website\",\"url\":\"https:\/\/www.teka.com\/fr-be\/\",\"name\":\"Teka Belgium-FR\",\"description\":\"\",\"potentialAction\":[{\"@type\":\"SearchAction\",\"target\":{\"@type\":\"EntryPoint\",\"urlTemplate\":\"https:\/\/www.teka.com\/fr-be\/?s={search_term_string}\"},\"query-input\":{\"@type\":\"PropertyValueSpecification\",\"valueRequired\":true,\"valueName\":\"search_term_string\"}}],\"inLanguage\":\"fr-FR\"}]}<\/script>\n<!-- \/ Yoast SEO plugin. -->","yoast_head_json":{"title":"ML 820 BIS | Teka Belgium-FR","robots":{"index":"index","follow":"follow","max-snippet":"max-snippet:-1","max-image-preview":"max-image-preview:large","max-video-preview":"max-video-preview:-1"},"canonical":"https:\/\/www.teka.com\/fr-be\/produit\/ml-820-bis_40584200\/","og_locale":"fr_FR","og_type":"article","og_title":"ML 820 BIS | Teka Belgium-FR","og_description":"3 types de chauffage 5 niveaux de puissance du micro-ondes Puissande du micro-ondes 750 W Performance du gril 1.000 W Gril rabattable 3 menus directement s\u00e9lectionnables D\u00e9cong\u00e9lation par temps et poids Fonction de d\u00e9marrage rapide 30 secondes Panneau de commande tactile avec \u00e9cran TFT blanc","og_url":"https:\/\/www.teka.com\/fr-be\/produit\/ml-820-bis_40584200\/","og_site_name":"Teka Belgium-FR","twitter_card":"summary_large_image","schema":{"@context":"https:\/\/schema.org","@graph":[{"@type":"WebPage","@id":"https:\/\/www.teka.com\/fr-be\/produit\/ml-820-bis_40584200\/","url":"https:\/\/www.teka.com\/fr-be\/produit\/ml-820-bis_40584200\/","name":"ML 820 BIS | Teka Belgium-FR","isPartOf":{"@id":"https:\/\/www.teka.com\/fr-be\/#website"},"datePublished":"2026-04-07T18:13:42+00:00","inLanguage":"fr-FR","potentialAction":[{"@type":"ReadAction","target":["https:\/\/www.teka.com\/fr-be\/produit\/ml-820-bis_40584200\/"]}]},{"@type":"WebSite","@id":"https:\/\/www.teka.com\/fr-be\/#website","url":"https:\/\/www.teka.com\/fr-be\/","name":"Teka Belgium-FR","description":"","potentialAction":[{"@type":"SearchAction","target":{"@type":"EntryPoint","urlTemplate":"https:\/\/www.teka.com\/fr-be\/?s={search_term_string}"},"query-input":{"@type":"PropertyValueSpecification","valueRequired":true,"valueName":"search_term_string"}}],"inLanguage":"fr-FR"}]}},"_links":{"self":[{"href":"https:\/\/www.teka.com\/fr-be\/wp-json\/wp\/v2\/product\/56348","targetHints":{"allow":["GET"]}}],"collection":[{"href":"https:\/\/www.teka.com\/fr-be\/wp-json\/wp\/v2\/product"}],"about":[{"href":"https:\/\/www.teka.com\/fr-be\/wp-json\/wp\/v2\/types\/product"}],"wp:attachment":[{"href":"https:\/\/www.teka.com\/fr-be\/wp-json\/wp\/v2\/media?parent=56348"}],"wp:term":[{"taxonomy":"product_cat","embeddable":true,"href":"https:\/\/www.teka.com\/fr-be\/wp-json\/wp\/v2\/product_cat?post=56348"},{"taxonomy":"product_cleaning_system","embeddable":true,"href":"https:\/\/www.teka.com\/fr-be\/wp-json\/wp\/v2\/product_cleaning_system?post=56348"},{"taxonomy":"product_3rd_basket","embeddable":true,"href":"https:\/\/www.teka.com\/fr-be\/wp-json\/wp\/v2\/product_3rd_basket?post=56348"},{"taxonomy":"product_drawers","embeddable":true,"href":"https:\/\/www.teka.com\/fr-be\/wp-json\/wp\/v2\/product_drawers?post=56348"},{"taxonomy":"product_type_of_installation","embeddable":true,"href":"https:\/\/www.teka.com\/fr-be\/wp-json\/wp\/v2\/product_type_of_installation?post=56348"},{"taxonomy":"product_edition","embeddable":true,"href":"https:\/\/www.teka.com\/fr-be\/wp-json\/wp\/v2\/product_edition?post=56348"},{"taxonomy":"product_serie","embeddable":true,"href":"https:\/\/www.teka.com\/fr-be\/wp-json\/wp\/v2\/product_serie?post=56348"},{"taxonomy":"product_features","embeddable":true,"href":"https:\/\/www.teka.com\/fr-be\/wp-json\/wp\/v2\/product_features?post=56348"},{"taxonomy":"finishes","embeddable":true,"href":"https:\/\/www.teka.com\/fr-be\/wp-json\/wp\/v2\/finishes?post=56348"},{"taxonomy":"product_bundles","embeddable":true,"href":"https:\/\/www.teka.com\/fr-be\/wp-json\/wp\/v2\/product_bundles?post=56348"},{"taxonomy":"product_energy_efficiency","embeddable":true,"href":"https:\/\/www.teka.com\/fr-be\/wp-json\/wp\/v2\/product_energy_efficiency?post=56348"},{"taxonomy":"product_video_training","embeddable":true,"href":"https:\/\/www.teka.com\/fr-be\/wp-json\/wp\/v2\/product_video_training?post=56348"}],"curies":[{"name":"wp","href":"https:\/\/api.w.org\/{rel}","templated":true}]}}