{"id":56357,"date":"2026-04-27T06:23:35","date_gmt":"2026-04-27T06:23:35","guid":{"rendered":"https:\/\/teka.com\/en-int\/clc-855-gm_111630004"},"modified":"2026-04-24T02:10:40","modified_gmt":"2026-04-24T03:10:40","slug":"clc-855-gm_111630004","status":"publish","type":"product","link":"https:\/\/www.teka.com\/fr-be\/produit\/clc-855-gm_111630004\/","title":{"rendered":"CLC 855 GM"},"content":{"rendered":"<ul>\n<li>Urban Colors Edition<\/li>\n<li>Programmation de quantit\u00e9 pour 3 tailles diff\u00e9rentes<\/li>\n<li>Buse pour vapeur et eau chaude et pour faire<\/li>\n<li>mousser le lait<\/li>\n<li>Intensit\u00e9 du caf\u00e9 et taille de la tasse r\u00e9glables<\/li>\n<li>Capacit\u00e9 du bac \u00e0 caf\u00e9 en grains : 200 gr<\/li>\n<li>(assez pour environ 14 tasses)<\/li>\n<li>Conteneurs s\u00e9par\u00e9s pour grains et caf\u00e9 moulu<\/li>\n<li>\u00c9clairage<\/li>\n<li>Fonction de rin\u00e7age et de d\u00e9tartrage<\/li>\n<li>Groupe d\u2019infusion amovible facile \u00e0 nettoyer<\/li>\n<\/ul>\n","protected":false},"featured_media":0,"parent":0,"template":"","product_cat":[3599],"product_cleaning_system":[],"product_3rd_basket":[],"product_drawers":[],"product_type_of_installation":[150351],"product_edition":[],"product_serie":[],"product_features":[150352],"finishes":[],"product_bundles":[],"product_energy_efficiency":[],"product_video_training":[],"class_list":["post-56357","product","type-product","status-publish","hentry","product_cat-machine-a-cafe","usp-coffeemachine-01","usp-coffeemachine-02","usp-coffeemachine-03","usp-cookinglovers-10","color-verre-noir","product_ambient-urban-colors-01","product_ambient-urban-colors-02","product_ambient-urban-colors-03","product_ambient-ambient-08","product_ambient-ambient-12","product_icons-coffee-beans","product_icons-ground-coffee","product_type_of_installation-integre","product_features-filter_features_fr_be"],"acf":[],"yoast_head":"<!-- This site is optimized with the Yoast SEO plugin v27.5 - https:\/\/yoast.com\/product\/yoast-seo-wordpress\/ -->\n<title>CLC 855 GM | Teka Belgium-FR<\/title>\n<meta name=\"robots\" content=\"index, follow, max-snippet:-1, max-image-preview:large, max-video-preview:-1\" \/>\n<link rel=\"canonical\" href=\"https:\/\/www.teka.com\/fr-be\/produit\/clc-855-gm_111630004\/\" \/>\n<meta property=\"og:locale\" content=\"fr_FR\" \/>\n<meta property=\"og:type\" content=\"article\" \/>\n<meta property=\"og:title\" content=\"CLC 855 GM | Teka Belgium-FR\" \/>\n<meta property=\"og:description\" content=\"Urban Colors Edition Programmation de quantit\u00e9 pour 3 tailles diff\u00e9rentes Buse pour vapeur et eau chaude et pour faire mousser le lait Intensit\u00e9 du caf\u00e9 et taille de la tasse r\u00e9glables Capacit\u00e9 du bac \u00e0 caf\u00e9 en grains : 200 gr (assez pour environ 14 tasses) Conteneurs s\u00e9par\u00e9s pour grains et caf\u00e9 moulu \u00c9clairage Fonction [&hellip;]\" \/>\n<meta property=\"og:url\" content=\"https:\/\/www.teka.com\/fr-be\/produit\/clc-855-gm_111630004\/\" \/>\n<meta property=\"og:site_name\" content=\"Teka Belgium-FR\" \/>\n<meta name=\"twitter:card\" content=\"summary_large_image\" \/>\n<script type=\"application\/ld+json\" class=\"yoast-schema-graph\">{\"@context\":\"https:\\\/\\\/schema.org\",\"@graph\":[{\"@type\":\"WebPage\",\"@id\":\"https:\\\/\\\/www.teka.com\\\/fr-be\\\/produit\\\/clc-855-gm_111630004\\\/\",\"url\":\"https:\\\/\\\/www.teka.com\\\/fr-be\\\/produit\\\/clc-855-gm_111630004\\\/\",\"name\":\"CLC 855 GM | Teka Belgium-FR\",\"isPartOf\":{\"@id\":\"https:\\\/\\\/www.teka.com\\\/fr-be\\\/#website\"},\"datePublished\":\"2026-04-27T06:23:35+00:00\",\"inLanguage\":\"fr-FR\",\"potentialAction\":[{\"@type\":\"ReadAction\",\"target\":[\"https:\\\/\\\/www.teka.com\\\/fr-be\\\/produit\\\/clc-855-gm_111630004\\\/\"]}]},{\"@type\":\"WebSite\",\"@id\":\"https:\\\/\\\/www.teka.com\\\/fr-be\\\/#website\",\"url\":\"https:\\\/\\\/www.teka.com\\\/fr-be\\\/\",\"name\":\"Teka Belgium-FR\",\"description\":\"\",\"potentialAction\":[{\"@type\":\"SearchAction\",\"target\":{\"@type\":\"EntryPoint\",\"urlTemplate\":\"https:\\\/\\\/www.teka.com\\\/fr-be\\\/?s={search_term_string}\"},\"query-input\":{\"@type\":\"PropertyValueSpecification\",\"valueRequired\":true,\"valueName\":\"search_term_string\"}}],\"inLanguage\":\"fr-FR\"}]}<\/script>\n<!-- \/ Yoast SEO plugin. -->","yoast_head_json":{"title":"CLC 855 GM | Teka Belgium-FR","robots":{"index":"index","follow":"follow","max-snippet":"max-snippet:-1","max-image-preview":"max-image-preview:large","max-video-preview":"max-video-preview:-1"},"canonical":"https:\/\/www.teka.com\/fr-be\/produit\/clc-855-gm_111630004\/","og_locale":"fr_FR","og_type":"article","og_title":"CLC 855 GM | Teka Belgium-FR","og_description":"Urban Colors Edition Programmation de quantit\u00e9 pour 3 tailles diff\u00e9rentes Buse pour vapeur et eau chaude et pour faire mousser le lait Intensit\u00e9 du caf\u00e9 et taille de la tasse r\u00e9glables Capacit\u00e9 du bac \u00e0 caf\u00e9 en grains : 200 gr (assez pour environ 14 tasses) Conteneurs s\u00e9par\u00e9s pour grains et caf\u00e9 moulu \u00c9clairage Fonction [&hellip;]","og_url":"https:\/\/www.teka.com\/fr-be\/produit\/clc-855-gm_111630004\/","og_site_name":"Teka Belgium-FR","twitter_card":"summary_large_image","schema":{"@context":"https:\/\/schema.org","@graph":[{"@type":"WebPage","@id":"https:\/\/www.teka.com\/fr-be\/produit\/clc-855-gm_111630004\/","url":"https:\/\/www.teka.com\/fr-be\/produit\/clc-855-gm_111630004\/","name":"CLC 855 GM | Teka Belgium-FR","isPartOf":{"@id":"https:\/\/www.teka.com\/fr-be\/#website"},"datePublished":"2026-04-27T06:23:35+00:00","inLanguage":"fr-FR","potentialAction":[{"@type":"ReadAction","target":["https:\/\/www.teka.com\/fr-be\/produit\/clc-855-gm_111630004\/"]}]},{"@type":"WebSite","@id":"https:\/\/www.teka.com\/fr-be\/#website","url":"https:\/\/www.teka.com\/fr-be\/","name":"Teka Belgium-FR","description":"","potentialAction":[{"@type":"SearchAction","target":{"@type":"EntryPoint","urlTemplate":"https:\/\/www.teka.com\/fr-be\/?s={search_term_string}"},"query-input":{"@type":"PropertyValueSpecification","valueRequired":true,"valueName":"search_term_string"}}],"inLanguage":"fr-FR"}]}},"_links":{"self":[{"href":"https:\/\/www.teka.com\/fr-be\/wp-json\/wp\/v2\/product\/56357","targetHints":{"allow":["GET"]}}],"collection":[{"href":"https:\/\/www.teka.com\/fr-be\/wp-json\/wp\/v2\/product"}],"about":[{"href":"https:\/\/www.teka.com\/fr-be\/wp-json\/wp\/v2\/types\/product"}],"wp:attachment":[{"href":"https:\/\/www.teka.com\/fr-be\/wp-json\/wp\/v2\/media?parent=56357"}],"wp:term":[{"taxonomy":"product_cat","embeddable":true,"href":"https:\/\/www.teka.com\/fr-be\/wp-json\/wp\/v2\/product_cat?post=56357"},{"taxonomy":"product_cleaning_system","embeddable":true,"href":"https:\/\/www.teka.com\/fr-be\/wp-json\/wp\/v2\/product_cleaning_system?post=56357"},{"taxonomy":"product_3rd_basket","embeddable":true,"href":"https:\/\/www.teka.com\/fr-be\/wp-json\/wp\/v2\/product_3rd_basket?post=56357"},{"taxonomy":"product_drawers","embeddable":true,"href":"https:\/\/www.teka.com\/fr-be\/wp-json\/wp\/v2\/product_drawers?post=56357"},{"taxonomy":"product_type_of_installation","embeddable":true,"href":"https:\/\/www.teka.com\/fr-be\/wp-json\/wp\/v2\/product_type_of_installation?post=56357"},{"taxonomy":"product_edition","embeddable":true,"href":"https:\/\/www.teka.com\/fr-be\/wp-json\/wp\/v2\/product_edition?post=56357"},{"taxonomy":"product_serie","embeddable":true,"href":"https:\/\/www.teka.com\/fr-be\/wp-json\/wp\/v2\/product_serie?post=56357"},{"taxonomy":"product_features","embeddable":true,"href":"https:\/\/www.teka.com\/fr-be\/wp-json\/wp\/v2\/product_features?post=56357"},{"taxonomy":"finishes","embeddable":true,"href":"https:\/\/www.teka.com\/fr-be\/wp-json\/wp\/v2\/finishes?post=56357"},{"taxonomy":"product_bundles","embeddable":true,"href":"https:\/\/www.teka.com\/fr-be\/wp-json\/wp\/v2\/product_bundles?post=56357"},{"taxonomy":"product_energy_efficiency","embeddable":true,"href":"https:\/\/www.teka.com\/fr-be\/wp-json\/wp\/v2\/product_energy_efficiency?post=56357"},{"taxonomy":"product_video_training","embeddable":true,"href":"https:\/\/www.teka.com\/fr-be\/wp-json\/wp\/v2\/product_video_training?post=56357"}],"curies":[{"name":"wp","href":"https:\/\/api.w.org\/{rel}","templated":true}]}}