{"id":56362,"date":"2026-04-23T19:23:36","date_gmt":"2026-04-23T19:23:36","guid":{"rendered":"https:\/\/teka.com\/fr-be\/tt-6410-e_40239061"},"modified":"2026-03-14T05:37:08","modified_gmt":"2026-03-14T06:37:08","slug":"tt-6410-e_40239061","status":"publish","type":"product","link":"https:\/\/www.teka.com\/fr-be\/produit\/tt-6410-e_40239061\/","title":{"rendered":"TT 6410 E"},"content":{"rendered":"<ul>\n<li>Contr\u00f4le de la table de cuisson via le contr\u00f4leur de<\/li>\n<li>cuisini\u00e8re int\u00e9gr\u00e9<\/li>\n<li>Affichage de la chaleur des zones de cuisson<\/li>\n<\/ul>\n","protected":false},"featured_media":0,"parent":0,"template":"","product_cat":[3603],"product_cleaning_system":[],"product_3rd_basket":[],"product_drawers":[],"product_type_of_installation":[],"product_edition":[],"product_serie":[],"product_features":[150352],"finishes":[],"product_bundles":[],"product_energy_efficiency":[],"product_video_training":[],"class_list":["post-56362","product","type-product","status-publish","hentry","product_cat-plaques-de-cuisson","color-verre-noir","product_type_of_appliance-vitroceramique","product_icons-autolock","product_features-filter_features_fr_be"],"acf":[],"yoast_head":"<!-- This site is optimized with the Yoast SEO plugin v27.5 - https:\/\/yoast.com\/product\/yoast-seo-wordpress\/ -->\n<title>TT 6410 E | Teka Belgium-FR<\/title>\n<meta name=\"robots\" content=\"index, follow, max-snippet:-1, max-image-preview:large, max-video-preview:-1\" \/>\n<link rel=\"canonical\" href=\"https:\/\/www.teka.com\/fr-be\/produit\/tt-6410-e_40239061\/\" \/>\n<meta property=\"og:locale\" content=\"fr_FR\" \/>\n<meta property=\"og:type\" content=\"article\" \/>\n<meta property=\"og:title\" content=\"TT 6410 E | Teka Belgium-FR\" \/>\n<meta property=\"og:description\" content=\"Contr\u00f4le de la table de cuisson via le contr\u00f4leur de cuisini\u00e8re int\u00e9gr\u00e9 Affichage de la chaleur des zones de cuisson\" \/>\n<meta property=\"og:url\" content=\"https:\/\/www.teka.com\/fr-be\/produit\/tt-6410-e_40239061\/\" \/>\n<meta property=\"og:site_name\" content=\"Teka Belgium-FR\" \/>\n<meta name=\"twitter:card\" content=\"summary_large_image\" \/>\n<script type=\"application\/ld+json\" class=\"yoast-schema-graph\">{\"@context\":\"https:\\\/\\\/schema.org\",\"@graph\":[{\"@type\":\"WebPage\",\"@id\":\"https:\\\/\\\/www.teka.com\\\/fr-be\\\/produit\\\/tt-6410-e_40239061\\\/\",\"url\":\"https:\\\/\\\/www.teka.com\\\/fr-be\\\/produit\\\/tt-6410-e_40239061\\\/\",\"name\":\"TT 6410 E | Teka Belgium-FR\",\"isPartOf\":{\"@id\":\"https:\\\/\\\/www.teka.com\\\/fr-be\\\/#website\"},\"datePublished\":\"2026-04-23T19:23:36+00:00\",\"inLanguage\":\"fr-FR\",\"potentialAction\":[{\"@type\":\"ReadAction\",\"target\":[\"https:\\\/\\\/www.teka.com\\\/fr-be\\\/produit\\\/tt-6410-e_40239061\\\/\"]}]},{\"@type\":\"WebSite\",\"@id\":\"https:\\\/\\\/www.teka.com\\\/fr-be\\\/#website\",\"url\":\"https:\\\/\\\/www.teka.com\\\/fr-be\\\/\",\"name\":\"Teka Belgium-FR\",\"description\":\"\",\"potentialAction\":[{\"@type\":\"SearchAction\",\"target\":{\"@type\":\"EntryPoint\",\"urlTemplate\":\"https:\\\/\\\/www.teka.com\\\/fr-be\\\/?s={search_term_string}\"},\"query-input\":{\"@type\":\"PropertyValueSpecification\",\"valueRequired\":true,\"valueName\":\"search_term_string\"}}],\"inLanguage\":\"fr-FR\"}]}<\/script>\n<!-- \/ Yoast SEO plugin. -->","yoast_head_json":{"title":"TT 6410 E | Teka Belgium-FR","robots":{"index":"index","follow":"follow","max-snippet":"max-snippet:-1","max-image-preview":"max-image-preview:large","max-video-preview":"max-video-preview:-1"},"canonical":"https:\/\/www.teka.com\/fr-be\/produit\/tt-6410-e_40239061\/","og_locale":"fr_FR","og_type":"article","og_title":"TT 6410 E | Teka Belgium-FR","og_description":"Contr\u00f4le de la table de cuisson via le contr\u00f4leur de cuisini\u00e8re int\u00e9gr\u00e9 Affichage de la chaleur des zones de cuisson","og_url":"https:\/\/www.teka.com\/fr-be\/produit\/tt-6410-e_40239061\/","og_site_name":"Teka Belgium-FR","twitter_card":"summary_large_image","schema":{"@context":"https:\/\/schema.org","@graph":[{"@type":"WebPage","@id":"https:\/\/www.teka.com\/fr-be\/produit\/tt-6410-e_40239061\/","url":"https:\/\/www.teka.com\/fr-be\/produit\/tt-6410-e_40239061\/","name":"TT 6410 E | Teka Belgium-FR","isPartOf":{"@id":"https:\/\/www.teka.com\/fr-be\/#website"},"datePublished":"2026-04-23T19:23:36+00:00","inLanguage":"fr-FR","potentialAction":[{"@type":"ReadAction","target":["https:\/\/www.teka.com\/fr-be\/produit\/tt-6410-e_40239061\/"]}]},{"@type":"WebSite","@id":"https:\/\/www.teka.com\/fr-be\/#website","url":"https:\/\/www.teka.com\/fr-be\/","name":"Teka Belgium-FR","description":"","potentialAction":[{"@type":"SearchAction","target":{"@type":"EntryPoint","urlTemplate":"https:\/\/www.teka.com\/fr-be\/?s={search_term_string}"},"query-input":{"@type":"PropertyValueSpecification","valueRequired":true,"valueName":"search_term_string"}}],"inLanguage":"fr-FR"}]}},"_links":{"self":[{"href":"https:\/\/www.teka.com\/fr-be\/wp-json\/wp\/v2\/product\/56362","targetHints":{"allow":["GET"]}}],"collection":[{"href":"https:\/\/www.teka.com\/fr-be\/wp-json\/wp\/v2\/product"}],"about":[{"href":"https:\/\/www.teka.com\/fr-be\/wp-json\/wp\/v2\/types\/product"}],"wp:attachment":[{"href":"https:\/\/www.teka.com\/fr-be\/wp-json\/wp\/v2\/media?parent=56362"}],"wp:term":[{"taxonomy":"product_cat","embeddable":true,"href":"https:\/\/www.teka.com\/fr-be\/wp-json\/wp\/v2\/product_cat?post=56362"},{"taxonomy":"product_cleaning_system","embeddable":true,"href":"https:\/\/www.teka.com\/fr-be\/wp-json\/wp\/v2\/product_cleaning_system?post=56362"},{"taxonomy":"product_3rd_basket","embeddable":true,"href":"https:\/\/www.teka.com\/fr-be\/wp-json\/wp\/v2\/product_3rd_basket?post=56362"},{"taxonomy":"product_drawers","embeddable":true,"href":"https:\/\/www.teka.com\/fr-be\/wp-json\/wp\/v2\/product_drawers?post=56362"},{"taxonomy":"product_type_of_installation","embeddable":true,"href":"https:\/\/www.teka.com\/fr-be\/wp-json\/wp\/v2\/product_type_of_installation?post=56362"},{"taxonomy":"product_edition","embeddable":true,"href":"https:\/\/www.teka.com\/fr-be\/wp-json\/wp\/v2\/product_edition?post=56362"},{"taxonomy":"product_serie","embeddable":true,"href":"https:\/\/www.teka.com\/fr-be\/wp-json\/wp\/v2\/product_serie?post=56362"},{"taxonomy":"product_features","embeddable":true,"href":"https:\/\/www.teka.com\/fr-be\/wp-json\/wp\/v2\/product_features?post=56362"},{"taxonomy":"finishes","embeddable":true,"href":"https:\/\/www.teka.com\/fr-be\/wp-json\/wp\/v2\/finishes?post=56362"},{"taxonomy":"product_bundles","embeddable":true,"href":"https:\/\/www.teka.com\/fr-be\/wp-json\/wp\/v2\/product_bundles?post=56362"},{"taxonomy":"product_energy_efficiency","embeddable":true,"href":"https:\/\/www.teka.com\/fr-be\/wp-json\/wp\/v2\/product_energy_efficiency?post=56362"},{"taxonomy":"product_video_training","embeddable":true,"href":"https:\/\/www.teka.com\/fr-be\/wp-json\/wp\/v2\/product_video_training?post=56362"}],"curies":[{"name":"wp","href":"https:\/\/api.w.org\/{rel}","templated":true}]}}