{"id":21983,"date":"2018-09-11T07:37:22","date_gmt":"2018-09-11T07:37:22","guid":{"rendered":"http:\/\/teka.com\/?page_id=21983"},"modified":"2019-06-13T09:26:05","modified_gmt":"2019-06-13T09:26:05","slug":"actualites","status":"publish","type":"page","link":"https:\/\/www.teka.com\/fr-fr\/actualites\/","title":{"rendered":"Actualit\u00e9s"},"content":{"rendered":"<p>[et_pb_section bb_built=\u00a0\u00bb1&Prime; module_id=\u00a0\u00bbnoticias-top\u00a0\u00bb _builder_version=\u00a0\u00bb3.14&Prime; background_image=\u00a0\u00bbhttps:\/\/www.teka.com\/wp-content\/uploads\/sites\/3\/2018\/09\/inspiracion.jpg\u00a0\u00bb next_background_color=\u00a0\u00bb#ffffff\u00a0\u00bb global_module=\u00a0\u00bb23608&Prime;][et_pb_row global_parent=\u00a0\u00bb23608&Prime; _builder_version=\u00a0\u00bb3.0.47&Prime; background_size=\u00a0\u00bbinitial\u00a0\u00bb background_position=\u00a0\u00bbtop_left\u00a0\u00bb background_repeat=\u00a0\u00bbrepeat\u00a0\u00bb][et_pb_column type=\u00a0\u00bb1_2&Prime;][et_pb_text admin_label=\u00a0\u00bbTitle &amp; Subtitle\u00a0\u00bb global_parent=\u00a0\u00bb23608&Prime; _builder_version=\u00a0\u00bb3.19&Prime; background_layout=\u00a0\u00bbdark\u00a0\u00bb]<\/p>\n<h1>Actualit\u00e9s<\/h1>\n<p>Vous pouvez suivre ici toutes les nouvelles de Teka: communiqu\u00e9s de presse, lancements de produits, campagnes publicitaires et bien plus encore.<\/p>\n<p>[\/et_pb_text][et_pb_code admin_label=\u00a0\u00bbSearch bar code %91Not editable%93&Prime; global_parent=\u00a0\u00bb23608&Prime; _builder_version=\u00a0\u00bb3.14&Prime; disabled_on=\u00a0\u00bbon|on|on\u00a0\u00bb disabled=\u00a0\u00bbon\u00a0\u00bb \/][\/et_pb_column][et_pb_column type=\u00a0\u00bb1_2&Prime;][\/et_pb_column][\/et_pb_row][et_pb_row global_parent=\u00a0\u00bb23608&Prime; background_position=\u00a0\u00bbtop_left\u00a0\u00bb background_repeat=\u00a0\u00bbrepeat\u00a0\u00bb background_size=\u00a0\u00bbinitial\u00a0\u00bb][et_pb_column type=\u00a0\u00bb4_4&Prime;][et_pb_sidebar global_parent=\u00a0\u00bb23608&Prime; _builder_version=\u00a0\u00bb3.19&Prime; area=\u00a0\u00bbet_pb_widget_area_3&Prime; module_id=\u00a0\u00bbinspiration-menu\u00a0\u00bb \/][\/et_pb_column][\/et_pb_row][\/et_pb_section][et_pb_section bb_built=\u00a0\u00bb1&Prime; _builder_version=\u00a0\u00bb3.0.47&Prime; prev_background_color=\u00a0\u00bb#000000&Prime;][et_pb_row _builder_version=\u00a0\u00bb3.0.48&Prime; background_size=\u00a0\u00bbinitial\u00a0\u00bb background_position=\u00a0\u00bbtop_left\u00a0\u00bb background_repeat=\u00a0\u00bbrepeat\u00a0\u00bb][et_pb_column type=\u00a0\u00bb4_4&Prime;][et_pb_inspiration admin_label=\u00a0\u00bbNews archive holder\u00a0\u00bb posts_number=\u00a0\u00bb8&Prime; include_categories=\u00a0\u00bb613&Prime; _builder_version=\u00a0\u00bb3.19&Prime; header_font_size_tablet=\u00a0\u00bb51&Prime; header_line_height_tablet=\u00a0\u00bb2&Prime; body_font_size_tablet=\u00a0\u00bb51&Prime; body_line_height_tablet=\u00a0\u00bb2&Prime; meta_font_size_tablet=\u00a0\u00bb51&Prime; meta_line_height_tablet=\u00a0\u00bb2&Prime; pagination_font_size_tablet=\u00a0\u00bb51&Prime; pagination_line_height_tablet=\u00a0\u00bb2&Prime; \/][\/et_pb_column][\/et_pb_row][\/et_pb_section]<\/p>\n","protected":false},"excerpt":{"rendered":"<p>Actualit\u00e9s Vous pouvez suivre ici toutes les nouvelles de Teka: communiqu\u00e9s de presse, lancements de produits, campagnes publicitaires et bien plus encore. [et_pb_inspiration admin_label=\u00a0\u00bbNews archive holder\u00a0\u00bb posts_number=\u00a0\u00bb8&Prime; include_categories=\u00a0\u00bb613&Prime; _builder_version=\u00a0\u00bb3.19&Prime; header_font_size_tablet=\u00a0\u00bb51&Prime; header_line_height_tablet=\u00a0\u00bb2&Prime; body_font_size_tablet=\u00a0\u00bb51&Prime; body_line_height_tablet=\u00a0\u00bb2&Prime; meta_font_size_tablet=\u00a0\u00bb51&Prime; meta_line_height_tablet=\u00a0\u00bb2&Prime; pagination_font_size_tablet=\u00a0\u00bb51&Prime; pagination_line_height_tablet=\u00a0\u00bb2&Prime; \/]<\/p>\n","protected":false},"author":9,"featured_media":0,"parent":0,"menu_order":0,"comment_status":"closed","ping_status":"closed","template":"","meta":{"_acf_changed":false,"_et_pb_use_builder":"on","_et_pb_old_content":"","_et_gb_content_width":"","footnotes":""},"class_list":["post-21983","page","type-page","status-publish","hentry"],"acf":[],"yoast_head":"<!-- This site is optimized with the Yoast SEO plugin v27.5 - https:\/\/yoast.com\/product\/yoast-seo-wordpress\/ -->\n<title>Actualit\u00e9s | Teka France<\/title>\n<meta name=\"robots\" content=\"index, follow, max-snippet:-1, max-image-preview:large, max-video-preview:-1\" \/>\n<link rel=\"canonical\" href=\"https:\/\/www.teka.com\/fr-fr\/actualites\/\" \/>\n<meta property=\"og:locale\" content=\"fr_FR\" \/>\n<meta property=\"og:type\" content=\"article\" \/>\n<meta property=\"og:title\" content=\"Actualit\u00e9s | Teka France\" \/>\n<meta property=\"og:description\" content=\"Actualit\u00e9s Vous pouvez suivre ici toutes les nouvelles de Teka: communiqu\u00e9s de presse, lancements de produits, campagnes publicitaires et bien plus encore. [et_pb_inspiration admin_label=&quot;News archive holder&quot; posts_number=&quot;8&quot; include_categories=&quot;613&quot; _builder_version=&quot;3.19&quot; header_font_size_tablet=&quot;51&quot; header_line_height_tablet=&quot;2&quot; body_font_size_tablet=&quot;51&quot; body_line_height_tablet=&quot;2&quot; meta_font_size_tablet=&quot;51&quot; meta_line_height_tablet=&quot;2&quot; pagination_font_size_tablet=&quot;51&quot; pagination_line_height_tablet=&quot;2&quot; \/]\" \/>\n<meta property=\"og:url\" content=\"https:\/\/www.teka.com\/fr-fr\/actualites\/\" \/>\n<meta property=\"og:site_name\" content=\"Teka France\" \/>\n<meta property=\"article:modified_time\" content=\"2019-06-13T09:26:05+00:00\" \/>\n<meta name=\"twitter:card\" content=\"summary_large_image\" \/>\n<meta name=\"twitter:label1\" content=\"Dur\u00e9e de lecture estim\u00e9e\" \/>\n\t<meta name=\"twitter:data1\" content=\"1 minute\" \/>\n<script type=\"application\/ld+json\" class=\"yoast-schema-graph\">{\"@context\":\"https:\\\/\\\/schema.org\",\"@graph\":[{\"@type\":\"WebPage\",\"@id\":\"https:\\\/\\\/www.teka.com\\\/fr-fr\\\/actualites\\\/\",\"url\":\"https:\\\/\\\/www.teka.com\\\/fr-fr\\\/actualites\\\/\",\"name\":\"Actualit\u00e9s | Teka France\",\"isPartOf\":{\"@id\":\"https:\\\/\\\/www.teka.com\\\/fr-fr\\\/#website\"},\"datePublished\":\"2018-09-11T07:37:22+00:00\",\"dateModified\":\"2019-06-13T09:26:05+00:00\",\"inLanguage\":\"fr-FR\",\"potentialAction\":[{\"@type\":\"ReadAction\",\"target\":[\"https:\\\/\\\/www.teka.com\\\/fr-fr\\\/actualites\\\/\"]}]},{\"@type\":\"WebSite\",\"@id\":\"https:\\\/\\\/www.teka.com\\\/fr-fr\\\/#website\",\"url\":\"https:\\\/\\\/www.teka.com\\\/fr-fr\\\/\",\"name\":\"Teka France\",\"description\":\"\",\"potentialAction\":[{\"@type\":\"SearchAction\",\"target\":{\"@type\":\"EntryPoint\",\"urlTemplate\":\"https:\\\/\\\/www.teka.com\\\/fr-fr\\\/?s={search_term_string}\"},\"query-input\":{\"@type\":\"PropertyValueSpecification\",\"valueRequired\":true,\"valueName\":\"search_term_string\"}}],\"inLanguage\":\"fr-FR\"}]}<\/script>\n<!-- \/ Yoast SEO plugin. -->","yoast_head_json":{"title":"Actualit\u00e9s | Teka France","robots":{"index":"index","follow":"follow","max-snippet":"max-snippet:-1","max-image-preview":"max-image-preview:large","max-video-preview":"max-video-preview:-1"},"canonical":"https:\/\/www.teka.com\/fr-fr\/actualites\/","og_locale":"fr_FR","og_type":"article","og_title":"Actualit\u00e9s | Teka France","og_description":"Actualit\u00e9s Vous pouvez suivre ici toutes les nouvelles de Teka: communiqu\u00e9s de presse, lancements de produits, campagnes publicitaires et bien plus encore. [et_pb_inspiration admin_label=\"News archive holder\" posts_number=\"8\" include_categories=\"613\" _builder_version=\"3.19\" header_font_size_tablet=\"51\" header_line_height_tablet=\"2\" body_font_size_tablet=\"51\" body_line_height_tablet=\"2\" meta_font_size_tablet=\"51\" meta_line_height_tablet=\"2\" pagination_font_size_tablet=\"51\" pagination_line_height_tablet=\"2\" \/]","og_url":"https:\/\/www.teka.com\/fr-fr\/actualites\/","og_site_name":"Teka France","article_modified_time":"2019-06-13T09:26:05+00:00","twitter_card":"summary_large_image","twitter_misc":{"Dur\u00e9e de lecture estim\u00e9e":"1 minute"},"schema":{"@context":"https:\/\/schema.org","@graph":[{"@type":"WebPage","@id":"https:\/\/www.teka.com\/fr-fr\/actualites\/","url":"https:\/\/www.teka.com\/fr-fr\/actualites\/","name":"Actualit\u00e9s | Teka France","isPartOf":{"@id":"https:\/\/www.teka.com\/fr-fr\/#website"},"datePublished":"2018-09-11T07:37:22+00:00","dateModified":"2019-06-13T09:26:05+00:00","inLanguage":"fr-FR","potentialAction":[{"@type":"ReadAction","target":["https:\/\/www.teka.com\/fr-fr\/actualites\/"]}]},{"@type":"WebSite","@id":"https:\/\/www.teka.com\/fr-fr\/#website","url":"https:\/\/www.teka.com\/fr-fr\/","name":"Teka France","description":"","potentialAction":[{"@type":"SearchAction","target":{"@type":"EntryPoint","urlTemplate":"https:\/\/www.teka.com\/fr-fr\/?s={search_term_string}"},"query-input":{"@type":"PropertyValueSpecification","valueRequired":true,"valueName":"search_term_string"}}],"inLanguage":"fr-FR"}]}},"_links":{"self":[{"href":"https:\/\/www.teka.com\/fr-fr\/wp-json\/wp\/v2\/pages\/21983","targetHints":{"allow":["GET"]}}],"collection":[{"href":"https:\/\/www.teka.com\/fr-fr\/wp-json\/wp\/v2\/pages"}],"about":[{"href":"https:\/\/www.teka.com\/fr-fr\/wp-json\/wp\/v2\/types\/page"}],"author":[{"embeddable":true,"href":"https:\/\/www.teka.com\/fr-fr\/wp-json\/wp\/v2\/users\/9"}],"replies":[{"embeddable":true,"href":"https:\/\/www.teka.com\/fr-fr\/wp-json\/wp\/v2\/comments?post=21983"}],"version-history":[{"count":20,"href":"https:\/\/www.teka.com\/fr-fr\/wp-json\/wp\/v2\/pages\/21983\/revisions"}],"predecessor-version":[{"id":54466,"href":"https:\/\/www.teka.com\/fr-fr\/wp-json\/wp\/v2\/pages\/21983\/revisions\/54466"}],"wp:attachment":[{"href":"https:\/\/www.teka.com\/fr-fr\/wp-json\/wp\/v2\/media?parent=21983"}],"curies":[{"name":"wp","href":"https:\/\/api.w.org\/{rel}","templated":true}]}}