{"id":23564,"date":"2018-09-24T15:55:57","date_gmt":"2018-09-24T15:55:57","guid":{"rendered":"http:\/\/teka.com\/?page_id=23564"},"modified":"2022-09-15T15:03:40","modified_gmt":"2022-09-15T15:03:40","slug":"certificat-de-garantie","status":"publish","type":"page","link":"https:\/\/www.teka.com\/fr-fr\/support\/certificat-de-garantie\/","title":{"rendered":"Certificat de Garantie"},"content":{"rendered":"<p>[et_pb_section fb_built=\u00a0\u00bb1&Prime; module_id=\u00a0\u00bblegal-container\u00a0\u00bb _builder_version=\u00a0\u00bb3.22&Prime;][et_pb_row _builder_version=\u00a0\u00bb3.25&Prime;][et_pb_column type=\u00a0\u00bb4_4&Prime; _builder_version=\u00a0\u00bb3.25&Prime; custom_padding=\u00a0\u00bb|||\u00a0\u00bb custom_padding__hover=\u00a0\u00bb|||\u00a0\u00bb][et_pb_text _builder_version=\u00a0\u00bb3.27.4&Prime;]<\/p>\n<h1>Certificat de <strong>Garantie<\/strong><\/h1>\n<p>[\/et_pb_text][et_pb_text _builder_version=\u00a0\u00bb4.9.2&Prime; hover_enabled=\u00a0\u00bb0&Prime; sticky_enabled=\u00a0\u00bb0&Prime;]<\/p>\n<p>Les obligations de TEKA au titre de la pr\u00e9sente garantie se limitent aux dispositions figurant ci-apr\u00e8s: La validit\u00e9 et les conditions de garantie sont consultables aupr\u00e8s du revendeur du produit conform\u00e9ment \u00e0 la garantie l\u00e9gale de 24 mois. Celles-ci sont applicables sur pr\u00e9sentation de la facture d\u2019achat de l\u2019appareil.<\/p>\n<p>Clauses d\u2019exclusion de la garantie:<br \/>\u2022 Cas de force majeure (ph\u00e9nom\u00e8nes atmosph\u00e9riques, g\u00e9ologiques,\u2026).<br \/>\u2022 Installation du produit non-conforme aux conditions pr\u00e9conis\u00e9es par la notice d\u2019utilisation.<br \/>\u2022 Utilisation anormale du produit.<br \/>\u2022 Les parties en verre ne sont pas couvertes par la garantie en cas de casse.<br \/>\u2022 Toutes pannes r\u00e9sultantes d\u2019une mauvaise installation de l\u2019appareil, le non-respect des r\u00e8gles d\u2019installation ou d\u2019encastrement dans des meubles conform\u00e9ment aux prescriptions indiqu\u00e9es sur la notice.<br \/>\u2022 Produit endommag\u00e9 durant le transport de celui-ci.<br \/>\u2022 R\u00e9parations ou manipulations des produits par des personnes non autoris\u00e9es par TEKA.<\/p>\n<p>Ces conditions de garantie sont valables uniquement pour des appareils achet\u00e9s et utilis\u00e9s en France. Pour les appareils \u00e0 usage domestique uniquement, toutes utilisation \u00e0 usage professionnel ou dans un lieu professionnel est interdit selon la directive machine 2006.<br \/>\u00abP\u00e9riode de garantie l\u00e9gale \u00e0 la date d\u2019\u00e9mission du pr\u00e9sent Livret de garantie. Les pays de l\u2019Union europ\u00e9enne transposent la directive 2019\/771 du Parlement europ\u00e9en et du Conseil du 20 mai 2019, et dans le cas o\u00f9, apr\u00e8s la publication de ce livret de garantie, la loi locale r\u00e9glemente une p\u00e9riode de garantie l\u00e9gale diff\u00e9rente, la loi locale pr\u00e9vaut sur ce livret de garantie\u00bb. Pour tous renseignements veuillez contacter TEKA France par mail: sav.fr@teka.com<\/p>\n<p>[\/et_pb_text][\/et_pb_column][\/et_pb_row][\/et_pb_section]<\/p>\n","protected":false},"excerpt":{"rendered":"<p>Certificat de Garantie Les obligations de TEKA au titre de la pr\u00e9sente garantie se limitent aux dispositions figurant ci-apr\u00e8s: La validit\u00e9 et les conditions de garantie sont consultables aupr\u00e8s du revendeur du produit conform\u00e9ment \u00e0 la garantie l\u00e9gale de 24 mois. Celles-ci sont applicables sur pr\u00e9sentation de la facture d\u2019achat de l\u2019appareil. Clauses d\u2019exclusion de [&hellip;]<\/p>\n","protected":false},"author":9,"featured_media":0,"parent":5193,"menu_order":0,"comment_status":"closed","ping_status":"closed","template":"","meta":{"_acf_changed":false,"_et_pb_use_builder":"on","_et_pb_old_content":"","_et_gb_content_width":"","footnotes":""},"class_list":["post-23564","page","type-page","status-publish","hentry"],"acf":[],"yoast_head":"<!-- This site is optimized with the Yoast SEO plugin v27.2 - https:\/\/yoast.com\/product\/yoast-seo-wordpress\/ -->\n<title>Teka France | Consulta las condiciones de garantia<\/title>\n<meta name=\"robots\" content=\"index, follow, max-snippet:-1, max-image-preview:large, max-video-preview:-1\" \/>\n<link rel=\"canonical\" href=\"https:\/\/www.teka.com\/fr-fr\/support\/certificat-de-garantie\/\" \/>\n<meta property=\"og:locale\" content=\"fr_FR\" \/>\n<meta property=\"og:type\" content=\"article\" \/>\n<meta property=\"og:title\" content=\"Teka France | Consulta las condiciones de garantia\" \/>\n<meta property=\"og:description\" content=\"Certificat de Garantie Les obligations de TEKA au titre de la pr\u00e9sente garantie se limitent aux dispositions figurant ci-apr\u00e8s: La validit\u00e9 et les conditions de garantie sont consultables aupr\u00e8s du revendeur du produit conform\u00e9ment \u00e0 la garantie l\u00e9gale de 24 mois. Celles-ci sont applicables sur pr\u00e9sentation de la facture d\u2019achat de l\u2019appareil. Clauses d\u2019exclusion de [&hellip;]\" \/>\n<meta property=\"og:url\" content=\"https:\/\/www.teka.com\/fr-fr\/support\/certificat-de-garantie\/\" \/>\n<meta property=\"og:site_name\" content=\"Teka France\" \/>\n<meta property=\"article:modified_time\" content=\"2022-09-15T15:03:40+00:00\" \/>\n<meta name=\"twitter:card\" content=\"summary_large_image\" \/>\n<meta name=\"twitter:label1\" content=\"Dur\u00e9e de lecture estim\u00e9e\" \/>\n\t<meta name=\"twitter:data1\" content=\"2 minutes\" \/>\n<script type=\"application\/ld+json\" class=\"yoast-schema-graph\">{\"@context\":\"https:\/\/schema.org\",\"@graph\":[{\"@type\":\"WebPage\",\"@id\":\"https:\/\/www.teka.com\/fr-fr\/support\/certificat-de-garantie\/\",\"url\":\"https:\/\/www.teka.com\/fr-fr\/support\/certificat-de-garantie\/\",\"name\":\"Teka France | Consulta las condiciones de garantia\",\"isPartOf\":{\"@id\":\"https:\/\/www.teka.com\/fr-fr\/#website\"},\"datePublished\":\"2018-09-24T15:55:57+00:00\",\"dateModified\":\"2022-09-15T15:03:40+00:00\",\"breadcrumb\":{\"@id\":\"https:\/\/www.teka.com\/fr-fr\/support\/certificat-de-garantie\/#breadcrumb\"},\"inLanguage\":\"fr-FR\",\"potentialAction\":[{\"@type\":\"ReadAction\",\"target\":[\"https:\/\/www.teka.com\/fr-fr\/support\/certificat-de-garantie\/\"]}]},{\"@type\":\"BreadcrumbList\",\"@id\":\"https:\/\/www.teka.com\/fr-fr\/support\/certificat-de-garantie\/#breadcrumb\",\"itemListElement\":[{\"@type\":\"ListItem\",\"position\":1,\"name\":\"Support\",\"item\":\"https:\/\/www.teka.com\/fr-fr\/support\/\"},{\"@type\":\"ListItem\",\"position\":2,\"name\":\"Certificat de Garantie\"}]},{\"@type\":\"WebSite\",\"@id\":\"https:\/\/www.teka.com\/fr-fr\/#website\",\"url\":\"https:\/\/www.teka.com\/fr-fr\/\",\"name\":\"Teka France\",\"description\":\"\",\"potentialAction\":[{\"@type\":\"SearchAction\",\"target\":{\"@type\":\"EntryPoint\",\"urlTemplate\":\"https:\/\/www.teka.com\/fr-fr\/?s={search_term_string}\"},\"query-input\":{\"@type\":\"PropertyValueSpecification\",\"valueRequired\":true,\"valueName\":\"search_term_string\"}}],\"inLanguage\":\"fr-FR\"}]}<\/script>\n<!-- \/ Yoast SEO plugin. -->","yoast_head_json":{"title":"Teka France | Consulta las condiciones de garantia","robots":{"index":"index","follow":"follow","max-snippet":"max-snippet:-1","max-image-preview":"max-image-preview:large","max-video-preview":"max-video-preview:-1"},"canonical":"https:\/\/www.teka.com\/fr-fr\/support\/certificat-de-garantie\/","og_locale":"fr_FR","og_type":"article","og_title":"Teka France | Consulta las condiciones de garantia","og_description":"Certificat de Garantie Les obligations de TEKA au titre de la pr\u00e9sente garantie se limitent aux dispositions figurant ci-apr\u00e8s: La validit\u00e9 et les conditions de garantie sont consultables aupr\u00e8s du revendeur du produit conform\u00e9ment \u00e0 la garantie l\u00e9gale de 24 mois. Celles-ci sont applicables sur pr\u00e9sentation de la facture d\u2019achat de l\u2019appareil. Clauses d\u2019exclusion de [&hellip;]","og_url":"https:\/\/www.teka.com\/fr-fr\/support\/certificat-de-garantie\/","og_site_name":"Teka France","article_modified_time":"2022-09-15T15:03:40+00:00","twitter_card":"summary_large_image","twitter_misc":{"Dur\u00e9e de lecture estim\u00e9e":"2 minutes"},"schema":{"@context":"https:\/\/schema.org","@graph":[{"@type":"WebPage","@id":"https:\/\/www.teka.com\/fr-fr\/support\/certificat-de-garantie\/","url":"https:\/\/www.teka.com\/fr-fr\/support\/certificat-de-garantie\/","name":"Teka France | Consulta las condiciones de garantia","isPartOf":{"@id":"https:\/\/www.teka.com\/fr-fr\/#website"},"datePublished":"2018-09-24T15:55:57+00:00","dateModified":"2022-09-15T15:03:40+00:00","breadcrumb":{"@id":"https:\/\/www.teka.com\/fr-fr\/support\/certificat-de-garantie\/#breadcrumb"},"inLanguage":"fr-FR","potentialAction":[{"@type":"ReadAction","target":["https:\/\/www.teka.com\/fr-fr\/support\/certificat-de-garantie\/"]}]},{"@type":"BreadcrumbList","@id":"https:\/\/www.teka.com\/fr-fr\/support\/certificat-de-garantie\/#breadcrumb","itemListElement":[{"@type":"ListItem","position":1,"name":"Support","item":"https:\/\/www.teka.com\/fr-fr\/support\/"},{"@type":"ListItem","position":2,"name":"Certificat de Garantie"}]},{"@type":"WebSite","@id":"https:\/\/www.teka.com\/fr-fr\/#website","url":"https:\/\/www.teka.com\/fr-fr\/","name":"Teka France","description":"","potentialAction":[{"@type":"SearchAction","target":{"@type":"EntryPoint","urlTemplate":"https:\/\/www.teka.com\/fr-fr\/?s={search_term_string}"},"query-input":{"@type":"PropertyValueSpecification","valueRequired":true,"valueName":"search_term_string"}}],"inLanguage":"fr-FR"}]}},"_links":{"self":[{"href":"https:\/\/www.teka.com\/fr-fr\/wp-json\/wp\/v2\/pages\/23564","targetHints":{"allow":["GET"]}}],"collection":[{"href":"https:\/\/www.teka.com\/fr-fr\/wp-json\/wp\/v2\/pages"}],"about":[{"href":"https:\/\/www.teka.com\/fr-fr\/wp-json\/wp\/v2\/types\/page"}],"author":[{"embeddable":true,"href":"https:\/\/www.teka.com\/fr-fr\/wp-json\/wp\/v2\/users\/9"}],"replies":[{"embeddable":true,"href":"https:\/\/www.teka.com\/fr-fr\/wp-json\/wp\/v2\/comments?post=23564"}],"version-history":[{"count":11,"href":"https:\/\/www.teka.com\/fr-fr\/wp-json\/wp\/v2\/pages\/23564\/revisions"}],"predecessor-version":[{"id":62253,"href":"https:\/\/www.teka.com\/fr-fr\/wp-json\/wp\/v2\/pages\/23564\/revisions\/62253"}],"up":[{"embeddable":true,"href":"https:\/\/www.teka.com\/fr-fr\/wp-json\/wp\/v2\/pages\/5193"}],"wp:attachment":[{"href":"https:\/\/www.teka.com\/fr-fr\/wp-json\/wp\/v2\/media?parent=23564"}],"curies":[{"name":"wp","href":"https:\/\/api.w.org\/{rel}","templated":true}]}}