{"id":5193,"date":"2018-08-09T09:59:03","date_gmt":"2018-08-09T09:59:03","guid":{"rendered":"http:\/\/teka.com\/?page_id=5193"},"modified":"2025-05-20T10:22:01","modified_gmt":"2025-05-20T10:22:01","slug":"support","status":"publish","type":"page","link":"https:\/\/www.teka.com\/fr-fr\/support\/","title":{"rendered":"Support"},"content":{"rendered":"<p>[et_pb_section fb_built=\u00a0\u00bb1&Prime; module_id=\u00a0\u00bbsupport-faq\u00a0\u00bb _builder_version=\u00a0\u00bb3.17.6&Prime; background_image=\u00a0\u00bbhttps:\/\/www.teka.com\/fr-fr\/wp-content\/uploads\/sites\/24\/2018\/11\/teka-web-support-1920&#215;833.jpg\u00a0\u00bb background_position=\u00a0\u00bbcenter_left\u00a0\u00bb global_module=\u00a0\u00bb5258&Prime; global_colors_info=\u00a0\u00bb{}\u00a0\u00bb][et_pb_row column_structure=\u00a0\u00bb1_2,1_2&Prime; _builder_version=\u00a0\u00bb4.16&Prime; background_size=\u00a0\u00bbinitial\u00a0\u00bb background_position=\u00a0\u00bbtop_left\u00a0\u00bb background_repeat=\u00a0\u00bbrepeat\u00a0\u00bb global_colors_info=\u00a0\u00bb{}\u00a0\u00bb][et_pb_column type=\u00a0\u00bb1_2&Prime; _builder_version=\u00a0\u00bb4.16&Prime; custom_padding=\u00a0\u00bb|||\u00a0\u00bb global_colors_info=\u00a0\u00bb{}\u00a0\u00bb custom_padding__hover=\u00a0\u00bb|||\u00a0\u00bb][\/et_pb_column][et_pb_column type=\u00a0\u00bb1_2&Prime; _builder_version=\u00a0\u00bb4.16&Prime; custom_padding=\u00a0\u00bb|||\u00a0\u00bb global_colors_info=\u00a0\u00bb{}\u00a0\u00bb custom_padding__hover=\u00a0\u00bb|||\u00a0\u00bb][et_pb_text _builder_version=\u00a0\u00bb4.22.1&Prime; global_colors_info=\u00a0\u00bb{}\u00a0\u00bb]<\/p>\n<p>&nbsp;<\/p>\n<h2><span style=\"color: #ffffff\">Besoin d&rsquo;aide ?<\/span><\/h2>\n<h4><span style=\"color: #ffffff\">S\u00e9lectionner un sujet<\/span><\/h4>\n<p><select id=\"select-faq\" name=\"select\"><option disabled=\"disabled\" value=\"tema\">Sujet<\/option><\/select><\/p>\n<p>&nbsp;<\/p>\n<p>[\/et_pb_text][\/et_pb_column][\/et_pb_row][\/et_pb_section][et_pb_section fb_built=\u00a0\u00bb1&Prime; module_id=\u00a0\u00bbsupport-warranty\u00a0\u00bb _builder_version=\u00a0\u00bb4.16&Prime; custom_padding=\u00a0\u00bb||0px|\u00a0\u00bb global_colors_info=\u00a0\u00bb{}\u00a0\u00bb][et_pb_row column_structure=\u00a0\u00bb1_2,1_2&Prime; _builder_version=\u00a0\u00bb4.16&Prime; custom_margin=\u00a0\u00bb||0px|\u00a0\u00bb custom_padding=\u00a0\u00bb||0px|\u00a0\u00bb global_colors_info=\u00a0\u00bb{}\u00a0\u00bb][et_pb_column type=\u00a0\u00bb1_2&Prime; _builder_version=\u00a0\u00bb4.16&Prime; custom_padding=\u00a0\u00bb|||\u00a0\u00bb global_colors_info=\u00a0\u00bb{}\u00a0\u00bb custom_padding__hover=\u00a0\u00bb|||\u00a0\u00bb][et_pb_text _builder_version=\u00a0\u00bb4.16&Prime; global_colors_info=\u00a0\u00bb{}\u00a0\u00bb]<\/p>\n<h2>Enregistrement de\u00a0<strong>garantie<\/strong><\/h2>\n<p>[\/et_pb_text][\/et_pb_column][et_pb_column type=\u00a0\u00bb1_2&Prime; _builder_version=\u00a0\u00bb4.16&Prime; custom_padding=\u00a0\u00bb|||\u00a0\u00bb global_colors_info=\u00a0\u00bb{}\u00a0\u00bb custom_padding__hover=\u00a0\u00bb|||\u00a0\u00bb][\/et_pb_column][\/et_pb_row][et_pb_row column_structure=\u00a0\u00bb1_2,1_2&Prime; _builder_version=\u00a0\u00bb4.16&Prime; custom_margin=\u00a0\u00bb0px|||\u00a0\u00bb custom_padding=\u00a0\u00bb0px||5%|\u00a0\u00bb border_width_bottom=\u00a0\u00bb2px\u00a0\u00bb border_color_bottom=\u00a0\u00bb#dddddd\u00a0\u00bb global_colors_info=\u00a0\u00bb{}\u00a0\u00bb][et_pb_column type=\u00a0\u00bb1_2&Prime; _builder_version=\u00a0\u00bb4.16&Prime; custom_padding=\u00a0\u00bb|||\u00a0\u00bb global_colors_info=\u00a0\u00bb{}\u00a0\u00bb custom_padding__hover=\u00a0\u00bb|||\u00a0\u00bb][et_pb_text module_id=\u00a0\u00bbsupport-warranty-left\u00a0\u00bb _builder_version=\u00a0\u00bb4.16&Prime; global_colors_info=\u00a0\u00bb{}\u00a0\u00bb]<\/p>\n<p>Enregistrez la garantie de votre produit et acc\u00e9dez \u00e0 des promotions exclusives pour les clients Teka. De plus, en enregistrant vos produits, vous pourrez g\u00e9rer facilement tout incident futur.<\/p>\n<p><a href=\"https:\/\/www.teka.com\/fr-fr\/support\/certificat-de-garantie\/\">+ Informations sur la garantie<\/a><br \/><a href=\"https:\/\/www.teka.com\/fr-fr\/support\/enregistrement-de-la-garantie\/\">+ Enregistrement de la garantie<\/a><\/p>\n<div class=\"et_pb_module et_pb_text et_pb_text_1  et_pb_text_align_left et_pb_bg_layout_light\">\n<div class=\"et_pb_text_inner\">\u00a0<\/div>\n<\/div>\n<p>[\/et_pb_text][\/et_pb_column][et_pb_column type=\u00a0\u00bb1_2&Prime; _builder_version=\u00a0\u00bb4.16&Prime; custom_padding=\u00a0\u00bb|||\u00a0\u00bb global_colors_info=\u00a0\u00bb{}\u00a0\u00bb custom_padding__hover=\u00a0\u00bb|||\u00a0\u00bb][et_pb_text disabled_on=\u00a0\u00bbon|on|on\u00a0\u00bb module_id=\u00a0\u00bbsupport-warranty-right\u00a0\u00bb _builder_version=\u00a0\u00bb4.16&Prime; disabled=\u00a0\u00bbon\u00a0\u00bb global_colors_info=\u00a0\u00bb{}\u00a0\u00bb]<\/p>\n<p><strong>Trouver votre produit<\/strong><\/p>\n<form action=\"https:\/\/www.teka.com\/fr-fr\/support\/enregistrement-de-la-garantie\/\">\r\n    <p><select id=\"select-garantia\" name=\"garantia\"><\/select><\/p>\r\n    <\/form>\n<p>[\/et_pb_text][\/et_pb_column][\/et_pb_row][\/et_pb_section][et_pb_section fb_built=\u00a0\u00bb1&Prime; module_id=\u00a0\u00bbsupport-sat\u00a0\u00bb _builder_version=\u00a0\u00bb4.16&Prime; global_colors_info=\u00a0\u00bb{}\u00a0\u00bb][et_pb_row column_structure=\u00a0\u00bb1_2,1_2&Prime; _builder_version=\u00a0\u00bb4.16&Prime; background_size=\u00a0\u00bbinitial\u00a0\u00bb background_position=\u00a0\u00bbtop_left\u00a0\u00bb background_repeat=\u00a0\u00bbrepeat\u00a0\u00bb global_colors_info=\u00a0\u00bb{}\u00a0\u00bb][et_pb_column type=\u00a0\u00bb1_2&Prime; _builder_version=\u00a0\u00bb4.16&Prime; custom_padding=\u00a0\u00bb|||\u00a0\u00bb global_colors_info=\u00a0\u00bb{}\u00a0\u00bb custom_padding__hover=\u00a0\u00bb|||\u00a0\u00bb][et_pb_text _builder_version=\u00a0\u00bb4.16&Prime; global_colors_info=\u00a0\u00bb{}\u00a0\u00bb]<\/p>\n<h2>Trouver votre <strong>Service Technique<\/strong><\/h2>\n<p>Nous vous recommandons vivement de toujours consulter les Services Techniques Officiels de Teka pour tout type de r\u00e9paration ou d&rsquo;incidence. Vous trouverez votre service technique le plus proche sur la carte.<\/p>\n<p><a href=\"https:\/\/www.teka.com\/fr-fr\/carte-des-magasins\/\">+ Voir la carte<\/a><br \/><a href=\"https:\/\/www.teka.com\/fr-fr\/support\/demander-une-reparation\/\">+ Demander une r\u00e9paration<\/a><\/p>\n<p>[\/et_pb_text][\/et_pb_column][et_pb_column type=\u00a0\u00bb1_2&Prime; _builder_version=\u00a0\u00bb4.16&Prime; custom_padding=\u00a0\u00bb|||\u00a0\u00bb global_colors_info=\u00a0\u00bb{}\u00a0\u00bb custom_padding__hover=\u00a0\u00bb|||\u00a0\u00bb][et_pb_image src=\u00a0\u00bbhttps:\/\/www.teka.com\/fr-fr\/wp-content\/uploads\/sites\/24\/2023\/02\/NEW_Support-image.jpg\u00a0\u00bb title_text=\u00a0\u00bbNEW_Support-image\u00a0\u00bb align=\u00a0\u00bbright\u00a0\u00bb force_fullwidth=\u00a0\u00bbon\u00a0\u00bb align_tablet=\u00a0\u00bbcenter\u00a0\u00bb align_phone=\u00a0\u00bb\u00a0\u00bb align_last_edited=\u00a0\u00bbon|desktop\u00a0\u00bb _builder_version=\u00a0\u00bb4.16&Prime; global_colors_info=\u00a0\u00bb{}\u00a0\u00bb][\/et_pb_image][\/et_pb_column][\/et_pb_row][\/et_pb_section][et_pb_section fb_built=\u00a0\u00bb1&Prime; module_id=\u00a0\u00bbsupport-contact-manuals\u00a0\u00bb _builder_version=\u00a0\u00bb4.16&Prime; _module_preset=\u00a0\u00bb0b6e189e-e76d-4448-892d-143810a15945&Prime; global_colors_info=\u00a0\u00bb{}\u00a0\u00bb][et_pb_row column_structure=\u00a0\u00bb1_2,1_2&Prime; _builder_version=\u00a0\u00bb4.16&Prime; background_size=\u00a0\u00bbinitial\u00a0\u00bb background_position=\u00a0\u00bbtop_left\u00a0\u00bb background_repeat=\u00a0\u00bbrepeat\u00a0\u00bb global_colors_info=\u00a0\u00bb{}\u00a0\u00bb][et_pb_column type=\u00a0\u00bb1_2&Prime; _builder_version=\u00a0\u00bb4.16&Prime; custom_padding=\u00a0\u00bb|||\u00a0\u00bb global_colors_info=\u00a0\u00bb{}\u00a0\u00bb custom_padding__hover=\u00a0\u00bb|||\u00a0\u00bb][et_pb_text admin_label=\u00a0\u00bbCustomer Service\u00a0\u00bb module_id=\u00a0\u00bbsupport-contact\u00a0\u00bb _builder_version=\u00a0\u00bb4.9.2&Prime; link_text_color=\u00a0\u00bb#862222&Prime; global_module=\u00a0\u00bb28072&Prime; saved_tabs=\u00a0\u00bball\u00a0\u00bb locked=\u00a0\u00bboff\u00a0\u00bb global_colors_info=\u00a0\u00bb{}\u00a0\u00bb]<\/p>\n<h2><strong>SAV TEKA<\/strong><\/h2>\n<p><em><a href=\"tel:05 57 97 96 25\">05 57 97 96 25<\/a> <\/em><\/p>\n<p class=\"horario\">Lundi-Vendredi : 9h00-18h<\/p>\n<p><a class=\"itk-atencion-mail\" href=\"mailto:[sav.fr@teka.com]\">sav.fr@teka.com<\/a> <a class=\"itk-atencion-formulario\" href=\"https:\/\/www.teka.com\/fr-fr\/support\/demander-une-reparation\/\">Demander une r\u00e9paration<\/a><\/p>\n<p>[\/et_pb_text][\/et_pb_column][et_pb_column type=\u00a0\u00bb1_2&Prime; _builder_version=\u00a0\u00bb4.16&Prime; custom_padding=\u00a0\u00bb|||\u00a0\u00bb global_colors_info=\u00a0\u00bb{}\u00a0\u00bb custom_padding__hover=\u00a0\u00bb|||\u00a0\u00bb][et_pb_text admin_label=\u00a0\u00bbManuals\u00a0\u00bb module_id=\u00a0\u00bbsupport-manuals\u00a0\u00bb _builder_version=\u00a0\u00bb3.19&Prime; global_module=\u00a0\u00bb28073&Prime; saved_tabs=\u00a0\u00bball\u00a0\u00bb global_colors_info=\u00a0\u00bb{}\u00a0\u00bb]<\/p>\n<h3><strong>Manuels<\/strong><\/h3>\n<p>Les manuels d&rsquo;utilisation sont inclus dans l&#8217;emballage du produit lors de l&rsquo;achat. Si vous avez besoin d&rsquo;une autre copie, vous pouvez la t\u00e9l\u00e9charger ici.<\/p>\n<form action=\"https:\/\/www.teka.com\/fr-fr\/support\/manuels-dutilisation\/\" id=\"form-manual-container\"><input id=\"input-manual-submit\" name=\"manual-submit\" type=\"submit\" value=\"\ue812\"><select id=\"select-manual\" name=\"se\" style=\"width:420px;float: left\"><\/select><\/form>\n<p><a href=\"#\" style=\"display:none;\">O\u00f9 trouver le num\u00e9ro de s\u00e9rie ?<\/a><\/p>\n<p>[\/et_pb_text][et_pb_text admin_label=\u00a0\u00bbSafety warnings\u00a0\u00bb module_id=\u00a0\u00bbsupport-manuals\u00a0\u00bb module_class=\u00a0\u00bbhide_safety_manuals\u00a0\u00bb _builder_version=\u00a0\u00bb4.16&Prime; global_colors_info=\u00a0\u00bb{}\u00a0\u00bb]<\/p>\n<h3>Avertissements de <strong>s\u00e9curit\u00e9<\/strong><\/h3>\n<p>Ici vous trouverez des recommandations et des guides de s\u00e9curit\u00e9, ainsi que vos campagnes de r\u00e9vision du produit.<\/p>\n<p><a href=\"https:\/\/www.teka.com\/fr-fr\/support\/safety-warnings\/\">+ Consulter les avertissements<\/a><\/p>\n<p>[\/et_pb_text][\/et_pb_column][\/et_pb_row][et_pb_row column_structure=\u00a0\u00bb1_2,1_2&Prime; _builder_version=\u00a0\u00bb4.16&Prime; background_size=\u00a0\u00bbinitial\u00a0\u00bb background_position=\u00a0\u00bbtop_left\u00a0\u00bb background_repeat=\u00a0\u00bbrepeat\u00a0\u00bb global_colors_info=\u00a0\u00bb{}\u00a0\u00bb disabled_on=\u00a0\u00bbon|on|on\u00a0\u00bb disabled=\u00a0\u00bbon\u00a0\u00bb collapsed=\u00a0\u00bbon\u00a0\u00bb][et_pb_column type=\u00a0\u00bb1_2&Prime; _builder_version=\u00a0\u00bb4.16&Prime; custom_padding=\u00a0\u00bb|||\u00a0\u00bb global_colors_info=\u00a0\u00bb{}\u00a0\u00bb custom_padding__hover=\u00a0\u00bb|||\u00a0\u00bb][et_pb_text admin_label=\u00a0\u00bbCustomer Service\u00a0\u00bb module_id=\u00a0\u00bbsupport-contact\u00a0\u00bb _builder_version=\u00a0\u00bb4.27.4&Prime; link_text_color=\u00a0\u00bb#862222&Prime; hover_enabled=\u00a0\u00bb0&Prime; saved_tabs=\u00a0\u00bball\u00a0\u00bb locked=\u00a0\u00bboff\u00a0\u00bb global_colors_info=\u00a0\u00bb{}\u00a0\u00bb sticky_enabled=\u00a0\u00bb0&Prime;]<\/p>\n<h2><strong>SERVICE FACTURATION<\/strong><\/h2>\n<p><em> <a href=\"tel:05 57 80 60 03\">05 57 80 60 03<\/a><\/em><\/p>\n<p>Lundi \u2013 Jeudi\u00a0: 9h10-17h20<br \/>Vendredi : 9h10-17h20<\/p>\n<p><a class=\"itk-atencion-mail\" href=\"mailto:[contact.fr@teka.com]\">contact.fr@teka.com<\/a><\/p>\n<p>[\/et_pb_text][\/et_pb_column][et_pb_column type=\u00a0\u00bb1_2&Prime; _builder_version=\u00a0\u00bb4.16&Prime; custom_padding=\u00a0\u00bb|||\u00a0\u00bb global_colors_info=\u00a0\u00bb{}\u00a0\u00bb custom_padding__hover=\u00a0\u00bb|||\u00a0\u00bb][\/et_pb_column][\/et_pb_row][\/et_pb_section]<\/p>\n","protected":false},"excerpt":{"rendered":"<p>&nbsp; Besoin d&rsquo;aide ? S\u00e9lectionner un sujet Sujet &nbsp;Enregistrement de\u00a0garantieEnregistrez la garantie de votre produit et acc\u00e9dez \u00e0 des promotions exclusives pour les clients Teka. De plus, en enregistrant vos produits, vous pourrez g\u00e9rer facilement tout incident futur. + Informations sur la garantie+ Enregistrement de la garantie \u00a0 Trouver votre produit <form action=\"https:\/\/www.teka.com\/fr-fr\/support\/enregistrement-de-la-garantie\/\">\r\n    <p><select id=\"select-garantia\" name=\"garantia\"><\/select><\/p>\r\n    <\/form>Trouver votre Service Technique [&hellip;]<\/p>\n","protected":false},"author":9,"featured_media":0,"parent":0,"menu_order":0,"comment_status":"closed","ping_status":"closed","template":"","meta":{"_acf_changed":false,"_et_pb_use_builder":"on","_et_pb_old_content":"","_et_gb_content_width":"","footnotes":""},"class_list":["post-5193","page","type-page","status-publish","hentry"],"acf":[],"yoast_head":"<!-- This site is optimized with the Yoast SEO plugin v27.2 - https:\/\/yoast.com\/product\/yoast-seo-wordpress\/ -->\n<title>Support | Teka France<\/title>\n<meta name=\"robots\" content=\"index, follow, max-snippet:-1, max-image-preview:large, max-video-preview:-1\" \/>\n<link rel=\"canonical\" href=\"https:\/\/www.teka.com\/fr-fr\/support\/\" \/>\n<meta property=\"og:locale\" content=\"fr_FR\" \/>\n<meta property=\"og:type\" content=\"article\" \/>\n<meta property=\"og:title\" content=\"Support | Teka France\" \/>\n<meta property=\"og:description\" content=\"&nbsp; Besoin d&#039;aide ? S\u00e9lectionner un sujet Sujet &nbsp;Enregistrement de\u00a0garantieEnregistrez la garantie de votre produit et acc\u00e9dez \u00e0 des promotions exclusives pour les clients Teka. De plus, en enregistrant vos produits, vous pourrez g\u00e9rer facilement tout incident futur. + Informations sur la garantie+ Enregistrement de la garantie \u00a0 Trouver votre produit Trouver votre Service Technique [&hellip;]\" \/>\n<meta property=\"og:url\" content=\"https:\/\/www.teka.com\/fr-fr\/support\/\" \/>\n<meta property=\"og:site_name\" content=\"Teka France\" \/>\n<meta property=\"article:modified_time\" content=\"2025-05-20T10:22:01+00:00\" \/>\n<meta name=\"twitter:card\" content=\"summary_large_image\" \/>\n<meta name=\"twitter:label1\" content=\"Dur\u00e9e de lecture estim\u00e9e\" \/>\n\t<meta name=\"twitter:data1\" content=\"1 minute\" \/>\n<script type=\"application\/ld+json\" class=\"yoast-schema-graph\">{\"@context\":\"https:\/\/schema.org\",\"@graph\":[{\"@type\":\"WebPage\",\"@id\":\"https:\/\/www.teka.com\/fr-fr\/support\/\",\"url\":\"https:\/\/www.teka.com\/fr-fr\/support\/\",\"name\":\"Support | Teka France\",\"isPartOf\":{\"@id\":\"https:\/\/www.teka.com\/fr-fr\/#website\"},\"datePublished\":\"2018-08-09T09:59:03+00:00\",\"dateModified\":\"2025-05-20T10:22:01+00:00\",\"inLanguage\":\"fr-FR\",\"potentialAction\":[{\"@type\":\"ReadAction\",\"target\":[\"https:\/\/www.teka.com\/fr-fr\/support\/\"]}]},{\"@type\":\"WebSite\",\"@id\":\"https:\/\/www.teka.com\/fr-fr\/#website\",\"url\":\"https:\/\/www.teka.com\/fr-fr\/\",\"name\":\"Teka France\",\"description\":\"\",\"potentialAction\":[{\"@type\":\"SearchAction\",\"target\":{\"@type\":\"EntryPoint\",\"urlTemplate\":\"https:\/\/www.teka.com\/fr-fr\/?s={search_term_string}\"},\"query-input\":{\"@type\":\"PropertyValueSpecification\",\"valueRequired\":true,\"valueName\":\"search_term_string\"}}],\"inLanguage\":\"fr-FR\"}]}<\/script>\n<!-- \/ Yoast SEO plugin. -->","yoast_head_json":{"title":"Support | Teka France","robots":{"index":"index","follow":"follow","max-snippet":"max-snippet:-1","max-image-preview":"max-image-preview:large","max-video-preview":"max-video-preview:-1"},"canonical":"https:\/\/www.teka.com\/fr-fr\/support\/","og_locale":"fr_FR","og_type":"article","og_title":"Support | Teka France","og_description":"&nbsp; Besoin d'aide ? S\u00e9lectionner un sujet Sujet &nbsp;Enregistrement de\u00a0garantieEnregistrez la garantie de votre produit et acc\u00e9dez \u00e0 des promotions exclusives pour les clients Teka. De plus, en enregistrant vos produits, vous pourrez g\u00e9rer facilement tout incident futur. + Informations sur la garantie+ Enregistrement de la garantie \u00a0 Trouver votre produit Trouver votre Service Technique [&hellip;]","og_url":"https:\/\/www.teka.com\/fr-fr\/support\/","og_site_name":"Teka France","article_modified_time":"2025-05-20T10:22:01+00:00","twitter_card":"summary_large_image","twitter_misc":{"Dur\u00e9e de lecture estim\u00e9e":"1 minute"},"schema":{"@context":"https:\/\/schema.org","@graph":[{"@type":"WebPage","@id":"https:\/\/www.teka.com\/fr-fr\/support\/","url":"https:\/\/www.teka.com\/fr-fr\/support\/","name":"Support | Teka France","isPartOf":{"@id":"https:\/\/www.teka.com\/fr-fr\/#website"},"datePublished":"2018-08-09T09:59:03+00:00","dateModified":"2025-05-20T10:22:01+00:00","inLanguage":"fr-FR","potentialAction":[{"@type":"ReadAction","target":["https:\/\/www.teka.com\/fr-fr\/support\/"]}]},{"@type":"WebSite","@id":"https:\/\/www.teka.com\/fr-fr\/#website","url":"https:\/\/www.teka.com\/fr-fr\/","name":"Teka France","description":"","potentialAction":[{"@type":"SearchAction","target":{"@type":"EntryPoint","urlTemplate":"https:\/\/www.teka.com\/fr-fr\/?s={search_term_string}"},"query-input":{"@type":"PropertyValueSpecification","valueRequired":true,"valueName":"search_term_string"}}],"inLanguage":"fr-FR"}]}},"_links":{"self":[{"href":"https:\/\/www.teka.com\/fr-fr\/wp-json\/wp\/v2\/pages\/5193","targetHints":{"allow":["GET"]}}],"collection":[{"href":"https:\/\/www.teka.com\/fr-fr\/wp-json\/wp\/v2\/pages"}],"about":[{"href":"https:\/\/www.teka.com\/fr-fr\/wp-json\/wp\/v2\/types\/page"}],"author":[{"embeddable":true,"href":"https:\/\/www.teka.com\/fr-fr\/wp-json\/wp\/v2\/users\/9"}],"replies":[{"embeddable":true,"href":"https:\/\/www.teka.com\/fr-fr\/wp-json\/wp\/v2\/comments?post=5193"}],"version-history":[{"count":95,"href":"https:\/\/www.teka.com\/fr-fr\/wp-json\/wp\/v2\/pages\/5193\/revisions"}],"predecessor-version":[{"id":63638,"href":"https:\/\/www.teka.com\/fr-fr\/wp-json\/wp\/v2\/pages\/5193\/revisions\/63638"}],"wp:attachment":[{"href":"https:\/\/www.teka.com\/fr-fr\/wp-json\/wp\/v2\/media?parent=5193"}],"curies":[{"name":"wp","href":"https:\/\/api.w.org\/{rel}","templated":true}]}}