{"id":5225,"date":"2018-08-10T10:27:52","date_gmt":"2018-08-10T10:27:52","guid":{"rendered":"http:\/\/teka.com\/?page_id=5225"},"modified":"2023-02-21T11:01:51","modified_gmt":"2023-02-21T11:01:51","slug":"manuels-dutilisation","status":"publish","type":"page","link":"https:\/\/www.teka.com\/fr-fr\/support\/manuels-dutilisation\/","title":{"rendered":"Manuels d&rsquo;utilisation"},"content":{"rendered":"<p>[et_pb_section fb_built=\u00a0\u00bb1&Prime; module_id=\u00a0\u00bbmanual-download-top\u00a0\u00bb _builder_version=\u00a0\u00bb3.22&Prime; background_image=\u00a0\u00bbhttps:\/\/www.teka.com\/fr-fr\/wp-content\/uploads\/sites\/24\/2018\/11\/teka-web-support-1920&#215;833.jpg\u00a0\u00bb background_position=\u00a0\u00bbcenter_left\u00a0\u00bb][et_pb_row column_structure=\u00a0\u00bb1_2,1_2&Prime; _builder_version=\u00a0\u00bb3.25&Prime; custom_padding=\u00a0\u00bb25.25px|0px|81px|0px|false|false\u00a0\u00bb][et_pb_column type=\u00a0\u00bb1_2&Prime; _builder_version=\u00a0\u00bb3.25&Prime; custom_padding=\u00a0\u00bb|||\u00a0\u00bb custom_padding__hover=\u00a0\u00bb|||\u00a0\u00bb][\/et_pb_column][et_pb_column type=\u00a0\u00bb1_2&Prime; _builder_version=\u00a0\u00bb3.25&Prime; custom_padding=\u00a0\u00bb|||\u00a0\u00bb custom_padding__hover=\u00a0\u00bb|||\u00a0\u00bb][et_pb_text admin_label=\u00a0\u00bbDownload your manual &#8211; Title\u00a0\u00bb _builder_version=\u00a0\u00bb3.27.4&Prime; custom_margin=\u00a0\u00bb||0px|\u00a0\u00bb custom_padding=\u00a0\u00bb||0px|\u00a0\u00bb]<\/p>\n<h2><span style=\"color: #ffffff;\">T\u00e9l\u00e9charger votre&nbsp;<strong>manuel<\/strong><\/span><\/h2>\n<p>[\/et_pb_text][\/et_pb_column][\/et_pb_row][et_pb_row column_structure=\u00a0\u00bb1_2,1_2&Prime; _builder_version=\u00a0\u00bb3.25&Prime; custom_margin=\u00a0\u00bb0px|||\u00a0\u00bb custom_padding=\u00a0\u00bb0px|||\u00a0\u00bb][et_pb_column type=\u00a0\u00bb1_2&Prime; _builder_version=\u00a0\u00bb3.25&Prime; custom_padding=\u00a0\u00bb0px|||\u00a0\u00bb custom_padding__hover=\u00a0\u00bb|||\u00a0\u00bb][\/et_pb_column][et_pb_column type=\u00a0\u00bb1_2&Prime; _builder_version=\u00a0\u00bb3.25&Prime; custom_padding=\u00a0\u00bb0px|||\u00a0\u00bb custom_padding__hover=\u00a0\u00bb|||\u00a0\u00bb][et_pb_text admin_label=\u00a0\u00bbSearch box\u00a0\u00bb _builder_version=\u00a0\u00bb3.27.4&Prime; background_layout=\u00a0\u00bbdark\u00a0\u00bb]<\/p>\n<h4>Saisir le mod\u00e8le<\/h4>\n<form action=\"https:\/\/www.teka.com\/fr-fr\/support\/manuels-dutilisation\/\" id=\"form-manual-container\"><input id=\"input-manual-submit\" name=\"manual-submit\" type=\"submit\" value=\"\ue812\"><select id=\"select-manual\" name=\"se\" style=\"width:420px;float: left\"><\/select><\/form>\n<p><a href=\"#\" style=\"display:none\">O\u00f9 trouver le num\u00e9ro de s\u00e9rie ?<\/a><\/p>\n<p>[\/et_pb_text][et_pb_text disabled_on=\u00a0\u00bbon|on|on\u00a0\u00bb _builder_version=\u00a0\u00bb3.27.4&Prime; hover_enabled=\u00a0\u00bb0&Prime; disabled=\u00a0\u00bbon\u00a0\u00bb sticky_enabled=\u00a0\u00bb0&Prime;]<\/p>\n<h4><span style=\"color: #222222;\">S\u00e9lectionner un produit<\/span><\/h4>\n<p><select id=\"select-manual-download\" name=\"select\"><option selected=\"selected\" value=\"value1\">Hornos<\/option><option value=\"value2\">Neveras<\/option><option value=\"value3\">Microondas<\/option><\/select><\/p>\n<p>[\/et_pb_text][\/et_pb_column][\/et_pb_row][\/et_pb_section][et_pb_section fb_built=\u00a0\u00bb1&Prime; disabled_on=\u00a0\u00bbon|on|on\u00a0\u00bb module_id=\u00a0\u00bbmanuals-most-wanted\u00a0\u00bb _builder_version=\u00a0\u00bb3.22&Prime; custom_padding=\u00a0\u00bb40px||30px|\u00a0\u00bb disabled=\u00a0\u00bbon\u00a0\u00bb][et_pb_row _builder_version=\u00a0\u00bb3.25&Prime; max_width=\u00a0\u00bb580px\u00a0\u00bb use_custom_width=\u00a0\u00bbon\u00a0\u00bb custom_width_px=\u00a0\u00bb580px\u00a0\u00bb][et_pb_column type=\u00a0\u00bb4_4&Prime; _builder_version=\u00a0\u00bb3.25&Prime; custom_padding=\u00a0\u00bb|||\u00a0\u00bb custom_padding__hover=\u00a0\u00bb|||\u00a0\u00bb][et_pb_text admin_label=\u00a0\u00bbMost wanted &#8211; Text\u00a0\u00bb module_id=\u00a0\u00bbmanual-download-two\u00a0\u00bb _builder_version=\u00a0\u00bb4.9.2&Prime; hover_enabled=\u00a0\u00bb0&Prime; sticky_enabled=\u00a0\u00bb0&Prime;]<\/p>\n<h2 style=\"text-align: center;\">Les plus recherch\u00e9s<\/h2>\n<p style=\"text-align: center;\">Si vous ne trouvez pas votre manuel ici ou que vous avez besoin de plus d&rsquo;informations, contactez le Service Client \u00e0 <a href=\"mailto:support@teka.com\">contact.fr@teka.com<\/a>.<\/p>\n<p>[\/et_pb_text][\/et_pb_column][\/et_pb_row][\/et_pb_section][et_pb_section fb_built=\u00a0\u00bb1&Prime; disabled_on=\u00a0\u00bbon|on|on\u00a0\u00bb _builder_version=\u00a0\u00bb3.22&Prime; hover_enabled=\u00a0\u00bb0&Prime; disabled=\u00a0\u00bbon\u00a0\u00bb sticky_enabled=\u00a0\u00bb0&Prime;][et_pb_row _builder_version=\u00a0\u00bb3.25&Prime; background_size=\u00a0\u00bbinitial\u00a0\u00bb background_position=\u00a0\u00bbtop_left\u00a0\u00bb background_repeat=\u00a0\u00bbrepeat\u00a0\u00bb][et_pb_column type=\u00a0\u00bb4_4&Prime; _builder_version=\u00a0\u00bb3.25&Prime; custom_padding=\u00a0\u00bb|||\u00a0\u00bb custom_padding__hover=\u00a0\u00bb|||\u00a0\u00bb][et_pb_product_manuals fullwidth=\u00a0\u00bboff\u00a0\u00bb posts_number=\u00a0\u00bb20&Prime; _builder_version=\u00a0\u00bb3.19&Prime; hover_enabled=\u00a0\u00bb0&Prime; title_font_size_tablet=\u00a0\u00bb51&Prime; title_line_height_tablet=\u00a0\u00bb2&Prime; caption_font_size_tablet=\u00a0\u00bb51&Prime; caption_line_height_tablet=\u00a0\u00bb2&Prime; pagination_font_size_tablet=\u00a0\u00bb51&Prime; pagination_line_height_tablet=\u00a0\u00bb2&Prime; sticky_enabled=\u00a0\u00bb0&Prime;]<\/p>\n<p>\n&nbsp;<\/p>\n<p>[\/et_pb_product_manuals][\/et_pb_column][\/et_pb_row][\/et_pb_section]<\/p>\n","protected":false},"excerpt":{"rendered":"<p>T\u00e9l\u00e9charger votre&nbsp;manuel Saisir le mod\u00e8le <form action=\"https:\/\/www.teka.com\/fr-fr\/support\/manuels-dutilisation\/\" id=\"form-manual-container\"><input id=\"input-manual-submit\" name=\"manual-submit\" type=\"submit\" value=\"\ue812\"><select id=\"select-manual\" name=\"se\" style=\"width:420px;float: left\"><\/select><\/form> O\u00f9 trouver le num\u00e9ro de s\u00e9rie ? S\u00e9lectionner un produit HornosNeverasMicroondas Les plus recherch\u00e9s Si vous ne trouvez pas votre manuel ici ou que vous avez besoin de plus d&rsquo;informations, contactez le Service Client \u00e0 contact.fr@teka.com.[et_pb_product_manuals fullwidth=\u00a0\u00bboff\u00a0\u00bb posts_number=\u00a0\u00bb20&Prime; _builder_version=\u00a0\u00bb3.19&Prime; hover_enabled=\u00a0\u00bb0&Prime; title_font_size_tablet=\u00a0\u00bb51&Prime; title_line_height_tablet=\u00a0\u00bb2&Prime; caption_font_size_tablet=\u00a0\u00bb51&Prime; caption_line_height_tablet=\u00a0\u00bb2&Prime; pagination_font_size_tablet=\u00a0\u00bb51&Prime; pagination_line_height_tablet=\u00a0\u00bb2&Prime; sticky_enabled=\u00a0\u00bb0&Prime;] &nbsp; [\/et_pb_product_manuals]<\/p>\n","protected":false},"author":9,"featured_media":0,"parent":5193,"menu_order":0,"comment_status":"closed","ping_status":"closed","template":"tp-manuals.php","meta":{"_acf_changed":false,"_et_pb_use_builder":"on","_et_pb_old_content":"","_et_gb_content_width":"","footnotes":""},"class_list":["post-5225","page","type-page","status-publish","hentry"],"acf":[],"yoast_head":"<!-- This site is optimized with the Yoast SEO plugin v27.5 - https:\/\/yoast.com\/product\/yoast-seo-wordpress\/ -->\n<title>Teka User Manuals | Download product guides and instruction manuals<\/title>\n<meta name=\"description\" content=\"Here you can download user manuals for Teka appliances, not only for current products but also for those that are no longer available on the market.\" \/>\n<meta name=\"robots\" content=\"index, follow, max-snippet:-1, max-image-preview:large, max-video-preview:-1\" \/>\n<link rel=\"canonical\" href=\"https:\/\/www.teka.com\/fr-fr\/support\/manuels-dutilisation\/\" \/>\n<meta property=\"og:locale\" content=\"fr_FR\" \/>\n<meta property=\"og:type\" content=\"article\" \/>\n<meta property=\"og:title\" content=\"Teka User Manuals | Download product guides and instruction manuals\" \/>\n<meta property=\"og:description\" content=\"Here you can download user manuals for Teka appliances, not only for current products but also for those that are no longer available on the market.\" \/>\n<meta property=\"og:url\" content=\"https:\/\/www.teka.com\/fr-fr\/support\/manuels-dutilisation\/\" \/>\n<meta property=\"og:site_name\" content=\"Teka France\" \/>\n<meta property=\"article:modified_time\" content=\"2023-02-21T11:01:51+00:00\" \/>\n<meta name=\"twitter:card\" content=\"summary_large_image\" \/>\n<meta name=\"twitter:label1\" content=\"Dur\u00e9e de lecture estim\u00e9e\" \/>\n\t<meta name=\"twitter:data1\" content=\"1 minute\" \/>\n<script type=\"application\/ld+json\" class=\"yoast-schema-graph\">{\"@context\":\"https:\\\/\\\/schema.org\",\"@graph\":[{\"@type\":\"WebPage\",\"@id\":\"https:\\\/\\\/www.teka.com\\\/fr-fr\\\/support\\\/manuels-dutilisation\\\/\",\"url\":\"https:\\\/\\\/www.teka.com\\\/fr-fr\\\/support\\\/manuels-dutilisation\\\/\",\"name\":\"Teka User Manuals | Download product guides and instruction manuals\",\"isPartOf\":{\"@id\":\"https:\\\/\\\/www.teka.com\\\/fr-fr\\\/#website\"},\"datePublished\":\"2018-08-10T10:27:52+00:00\",\"dateModified\":\"2023-02-21T11:01:51+00:00\",\"description\":\"Here you can download user manuals for Teka appliances, not only for current products but also for those that are no longer available on the market.\",\"breadcrumb\":{\"@id\":\"https:\\\/\\\/www.teka.com\\\/fr-fr\\\/support\\\/manuels-dutilisation\\\/#breadcrumb\"},\"inLanguage\":\"fr-FR\",\"potentialAction\":[{\"@type\":\"ReadAction\",\"target\":[\"https:\\\/\\\/www.teka.com\\\/fr-fr\\\/support\\\/manuels-dutilisation\\\/\"]}]},{\"@type\":\"BreadcrumbList\",\"@id\":\"https:\\\/\\\/www.teka.com\\\/fr-fr\\\/support\\\/manuels-dutilisation\\\/#breadcrumb\",\"itemListElement\":[{\"@type\":\"ListItem\",\"position\":1,\"name\":\"Support\",\"item\":\"https:\\\/\\\/www.teka.com\\\/fr-fr\\\/support\\\/\"},{\"@type\":\"ListItem\",\"position\":2,\"name\":\"Manuels d'utilisation\"}]},{\"@type\":\"WebSite\",\"@id\":\"https:\\\/\\\/www.teka.com\\\/fr-fr\\\/#website\",\"url\":\"https:\\\/\\\/www.teka.com\\\/fr-fr\\\/\",\"name\":\"Teka France\",\"description\":\"\",\"potentialAction\":[{\"@type\":\"SearchAction\",\"target\":{\"@type\":\"EntryPoint\",\"urlTemplate\":\"https:\\\/\\\/www.teka.com\\\/fr-fr\\\/?s={search_term_string}\"},\"query-input\":{\"@type\":\"PropertyValueSpecification\",\"valueRequired\":true,\"valueName\":\"search_term_string\"}}],\"inLanguage\":\"fr-FR\"}]}<\/script>\n<!-- \/ Yoast SEO plugin. -->","yoast_head_json":{"title":"Teka User Manuals | Download product guides and instruction manuals","description":"Here you can download user manuals for Teka appliances, not only for current products but also for those that are no longer available on the market.","robots":{"index":"index","follow":"follow","max-snippet":"max-snippet:-1","max-image-preview":"max-image-preview:large","max-video-preview":"max-video-preview:-1"},"canonical":"https:\/\/www.teka.com\/fr-fr\/support\/manuels-dutilisation\/","og_locale":"fr_FR","og_type":"article","og_title":"Teka User Manuals | Download product guides and instruction manuals","og_description":"Here you can download user manuals for Teka appliances, not only for current products but also for those that are no longer available on the market.","og_url":"https:\/\/www.teka.com\/fr-fr\/support\/manuels-dutilisation\/","og_site_name":"Teka France","article_modified_time":"2023-02-21T11:01:51+00:00","twitter_card":"summary_large_image","twitter_misc":{"Dur\u00e9e de lecture estim\u00e9e":"1 minute"},"schema":{"@context":"https:\/\/schema.org","@graph":[{"@type":"WebPage","@id":"https:\/\/www.teka.com\/fr-fr\/support\/manuels-dutilisation\/","url":"https:\/\/www.teka.com\/fr-fr\/support\/manuels-dutilisation\/","name":"Teka User Manuals | Download product guides and instruction manuals","isPartOf":{"@id":"https:\/\/www.teka.com\/fr-fr\/#website"},"datePublished":"2018-08-10T10:27:52+00:00","dateModified":"2023-02-21T11:01:51+00:00","description":"Here you can download user manuals for Teka appliances, not only for current products but also for those that are no longer available on the market.","breadcrumb":{"@id":"https:\/\/www.teka.com\/fr-fr\/support\/manuels-dutilisation\/#breadcrumb"},"inLanguage":"fr-FR","potentialAction":[{"@type":"ReadAction","target":["https:\/\/www.teka.com\/fr-fr\/support\/manuels-dutilisation\/"]}]},{"@type":"BreadcrumbList","@id":"https:\/\/www.teka.com\/fr-fr\/support\/manuels-dutilisation\/#breadcrumb","itemListElement":[{"@type":"ListItem","position":1,"name":"Support","item":"https:\/\/www.teka.com\/fr-fr\/support\/"},{"@type":"ListItem","position":2,"name":"Manuels d'utilisation"}]},{"@type":"WebSite","@id":"https:\/\/www.teka.com\/fr-fr\/#website","url":"https:\/\/www.teka.com\/fr-fr\/","name":"Teka France","description":"","potentialAction":[{"@type":"SearchAction","target":{"@type":"EntryPoint","urlTemplate":"https:\/\/www.teka.com\/fr-fr\/?s={search_term_string}"},"query-input":{"@type":"PropertyValueSpecification","valueRequired":true,"valueName":"search_term_string"}}],"inLanguage":"fr-FR"}]}},"_links":{"self":[{"href":"https:\/\/www.teka.com\/fr-fr\/wp-json\/wp\/v2\/pages\/5225","targetHints":{"allow":["GET"]}}],"collection":[{"href":"https:\/\/www.teka.com\/fr-fr\/wp-json\/wp\/v2\/pages"}],"about":[{"href":"https:\/\/www.teka.com\/fr-fr\/wp-json\/wp\/v2\/types\/page"}],"author":[{"embeddable":true,"href":"https:\/\/www.teka.com\/fr-fr\/wp-json\/wp\/v2\/users\/9"}],"replies":[{"embeddable":true,"href":"https:\/\/www.teka.com\/fr-fr\/wp-json\/wp\/v2\/comments?post=5225"}],"version-history":[{"count":50,"href":"https:\/\/www.teka.com\/fr-fr\/wp-json\/wp\/v2\/pages\/5225\/revisions"}],"predecessor-version":[{"id":62590,"href":"https:\/\/www.teka.com\/fr-fr\/wp-json\/wp\/v2\/pages\/5225\/revisions\/62590"}],"up":[{"embeddable":true,"href":"https:\/\/www.teka.com\/fr-fr\/wp-json\/wp\/v2\/pages\/5193"}],"wp:attachment":[{"href":"https:\/\/www.teka.com\/fr-fr\/wp-json\/wp\/v2\/media?parent=5225"}],"curies":[{"name":"wp","href":"https:\/\/api.w.org\/{rel}","templated":true}]}}