{"id":61378,"date":"2026-04-08T12:54:54","date_gmt":"2026-04-08T12:54:54","guid":{"rendered":"https:\/\/teka.com\/en-int\/set-de-cuisine_40199270"},"modified":"2026-04-08T10:23:19","modified_gmt":"2026-04-08T11:23:19","slug":"set-de-cuisine_40199270","status":"publish","type":"product","link":"https:\/\/www.teka.com\/fr-fr\/produit\/set-de-cuisine_40199270\/","title":{"rendered":"Zenit R15 cooking set"},"content":{"rendered":"<ul>\n<li>Planche en bambou<\/li>\n<li>2 petits r\u00e9cipients c\u00e9ramiques<\/li>\n<li>1 grand r\u00e9cipient c\u00e9ramique<\/li>\n<li>2 couvercles en silicone<\/li>\n<li>Dimensions 442 x 201 x 90 mm<\/li>\n<\/ul>\n","protected":false},"featured_media":0,"parent":0,"template":"","product_cat":[4031],"product_cleaning_system":[],"product_3rd_basket":[],"product_drawers":[],"product_type_of_installation":[157793],"product_edition":[],"product_serie":[],"product_features":[],"finishes":[],"product_bundles":[],"product_energy_efficiency":[],"product_video_training":[],"class_list":["post-61378","product","type-product","status-publish","hentry","product_cat-accessoires-de-cuisine","usp-zenit-01","usp-zenit-02","product_type_of_appliance-eviers","product_type_of_installation-n-a"],"acf":[],"yoast_head":"<!-- This site is optimized with the Yoast SEO plugin v27.2 - https:\/\/yoast.com\/product\/yoast-seo-wordpress\/ -->\n<title>Zenit R15 cooking set | Teka France<\/title>\n<meta name=\"robots\" content=\"index, follow, max-snippet:-1, max-image-preview:large, max-video-preview:-1\" \/>\n<link rel=\"canonical\" href=\"https:\/\/www.teka.com\/fr-fr\/produit\/set-de-cuisine_40199270\/\" \/>\n<meta property=\"og:locale\" content=\"fr_FR\" \/>\n<meta property=\"og:type\" content=\"article\" \/>\n<meta property=\"og:title\" content=\"Zenit R15 cooking set | Teka France\" \/>\n<meta property=\"og:description\" content=\"Planche en bambou 2 petits r\u00e9cipients c\u00e9ramiques 1 grand r\u00e9cipient c\u00e9ramique 2 couvercles en silicone Dimensions 442 x 201 x 90 mm\" \/>\n<meta property=\"og:url\" content=\"https:\/\/www.teka.com\/fr-fr\/produit\/set-de-cuisine_40199270\/\" \/>\n<meta property=\"og:site_name\" content=\"Teka France\" \/>\n<meta name=\"twitter:card\" content=\"summary_large_image\" \/>\n<script type=\"application\/ld+json\" class=\"yoast-schema-graph\">{\"@context\":\"https:\/\/schema.org\",\"@graph\":[{\"@type\":\"WebPage\",\"@id\":\"https:\/\/www.teka.com\/fr-fr\/produit\/set-de-cuisine_40199270\/\",\"url\":\"https:\/\/www.teka.com\/fr-fr\/produit\/set-de-cuisine_40199270\/\",\"name\":\"Zenit R15 cooking set | Teka France\",\"isPartOf\":{\"@id\":\"https:\/\/www.teka.com\/fr-fr\/#website\"},\"datePublished\":\"2026-04-08T12:54:54+00:00\",\"inLanguage\":\"fr-FR\",\"potentialAction\":[{\"@type\":\"ReadAction\",\"target\":[\"https:\/\/www.teka.com\/fr-fr\/produit\/set-de-cuisine_40199270\/\"]}]},{\"@type\":\"WebSite\",\"@id\":\"https:\/\/www.teka.com\/fr-fr\/#website\",\"url\":\"https:\/\/www.teka.com\/fr-fr\/\",\"name\":\"Teka France\",\"description\":\"\",\"potentialAction\":[{\"@type\":\"SearchAction\",\"target\":{\"@type\":\"EntryPoint\",\"urlTemplate\":\"https:\/\/www.teka.com\/fr-fr\/?s={search_term_string}\"},\"query-input\":{\"@type\":\"PropertyValueSpecification\",\"valueRequired\":true,\"valueName\":\"search_term_string\"}}],\"inLanguage\":\"fr-FR\"}]}<\/script>\n<!-- \/ Yoast SEO plugin. -->","yoast_head_json":{"title":"Zenit R15 cooking set | Teka France","robots":{"index":"index","follow":"follow","max-snippet":"max-snippet:-1","max-image-preview":"max-image-preview:large","max-video-preview":"max-video-preview:-1"},"canonical":"https:\/\/www.teka.com\/fr-fr\/produit\/set-de-cuisine_40199270\/","og_locale":"fr_FR","og_type":"article","og_title":"Zenit R15 cooking set | Teka France","og_description":"Planche en bambou 2 petits r\u00e9cipients c\u00e9ramiques 1 grand r\u00e9cipient c\u00e9ramique 2 couvercles en silicone Dimensions 442 x 201 x 90 mm","og_url":"https:\/\/www.teka.com\/fr-fr\/produit\/set-de-cuisine_40199270\/","og_site_name":"Teka France","twitter_card":"summary_large_image","schema":{"@context":"https:\/\/schema.org","@graph":[{"@type":"WebPage","@id":"https:\/\/www.teka.com\/fr-fr\/produit\/set-de-cuisine_40199270\/","url":"https:\/\/www.teka.com\/fr-fr\/produit\/set-de-cuisine_40199270\/","name":"Zenit R15 cooking set | Teka France","isPartOf":{"@id":"https:\/\/www.teka.com\/fr-fr\/#website"},"datePublished":"2026-04-08T12:54:54+00:00","inLanguage":"fr-FR","potentialAction":[{"@type":"ReadAction","target":["https:\/\/www.teka.com\/fr-fr\/produit\/set-de-cuisine_40199270\/"]}]},{"@type":"WebSite","@id":"https:\/\/www.teka.com\/fr-fr\/#website","url":"https:\/\/www.teka.com\/fr-fr\/","name":"Teka France","description":"","potentialAction":[{"@type":"SearchAction","target":{"@type":"EntryPoint","urlTemplate":"https:\/\/www.teka.com\/fr-fr\/?s={search_term_string}"},"query-input":{"@type":"PropertyValueSpecification","valueRequired":true,"valueName":"search_term_string"}}],"inLanguage":"fr-FR"}]}},"_links":{"self":[{"href":"https:\/\/www.teka.com\/fr-fr\/wp-json\/wp\/v2\/product\/61378","targetHints":{"allow":["GET"]}}],"collection":[{"href":"https:\/\/www.teka.com\/fr-fr\/wp-json\/wp\/v2\/product"}],"about":[{"href":"https:\/\/www.teka.com\/fr-fr\/wp-json\/wp\/v2\/types\/product"}],"wp:attachment":[{"href":"https:\/\/www.teka.com\/fr-fr\/wp-json\/wp\/v2\/media?parent=61378"}],"wp:term":[{"taxonomy":"product_cat","embeddable":true,"href":"https:\/\/www.teka.com\/fr-fr\/wp-json\/wp\/v2\/product_cat?post=61378"},{"taxonomy":"product_cleaning_system","embeddable":true,"href":"https:\/\/www.teka.com\/fr-fr\/wp-json\/wp\/v2\/product_cleaning_system?post=61378"},{"taxonomy":"product_3rd_basket","embeddable":true,"href":"https:\/\/www.teka.com\/fr-fr\/wp-json\/wp\/v2\/product_3rd_basket?post=61378"},{"taxonomy":"product_drawers","embeddable":true,"href":"https:\/\/www.teka.com\/fr-fr\/wp-json\/wp\/v2\/product_drawers?post=61378"},{"taxonomy":"product_type_of_installation","embeddable":true,"href":"https:\/\/www.teka.com\/fr-fr\/wp-json\/wp\/v2\/product_type_of_installation?post=61378"},{"taxonomy":"product_edition","embeddable":true,"href":"https:\/\/www.teka.com\/fr-fr\/wp-json\/wp\/v2\/product_edition?post=61378"},{"taxonomy":"product_serie","embeddable":true,"href":"https:\/\/www.teka.com\/fr-fr\/wp-json\/wp\/v2\/product_serie?post=61378"},{"taxonomy":"product_features","embeddable":true,"href":"https:\/\/www.teka.com\/fr-fr\/wp-json\/wp\/v2\/product_features?post=61378"},{"taxonomy":"finishes","embeddable":true,"href":"https:\/\/www.teka.com\/fr-fr\/wp-json\/wp\/v2\/finishes?post=61378"},{"taxonomy":"product_bundles","embeddable":true,"href":"https:\/\/www.teka.com\/fr-fr\/wp-json\/wp\/v2\/product_bundles?post=61378"},{"taxonomy":"product_energy_efficiency","embeddable":true,"href":"https:\/\/www.teka.com\/fr-fr\/wp-json\/wp\/v2\/product_energy_efficiency?post=61378"},{"taxonomy":"product_video_training","embeddable":true,"href":"https:\/\/www.teka.com\/fr-fr\/wp-json\/wp\/v2\/product_video_training?post=61378"}],"curies":[{"name":"wp","href":"https:\/\/api.w.org\/{rel}","templated":true}]}}