{"id":61382,"date":"2026-04-07T17:54:40","date_gmt":"2026-04-07T17:54:40","guid":{"rendered":"https:\/\/teka.com\/en-int\/cnl-6815-plus_40436840"},"modified":"2026-03-14T03:34:59","modified_gmt":"2026-03-14T04:34:59","slug":"cnl-6815-plus_40436840","status":"publish","type":"product","link":"https:\/\/www.teka.com\/fr-fr\/produit\/cnl-6815-plus_40436840\/","title":{"rendered":"CNL 6815 PLUS"},"content":{"rendered":"<ul>\n<li>Hotte 60 cm<\/li>\n<li>5 vitesses + 1 intensive<\/li>\n<li>Programmateur de dur\u00e9e d\u2019aspiration<\/li>\n<li>Barre d\u2019\u00e9clairage LED<\/li>\n<li>Moteur blind\u00e9 \u00e0 double turbine ECOPOWER<\/li>\n<li>Puissance d\u2019extraction : min. 295 m3\/h \u2013 max. 555 m3\/h \u2013 boost 730 m3\/h<\/li>\n<li>Niveau sonore : min. 53 dBA \u2013 max. 65 dBA\u2013 boost 70 dBA<\/li>\n<li>Possibilit\u00e9 de fonctionnement en recyclage<\/li>\n<\/ul>\n","protected":false},"featured_media":0,"parent":0,"template":"","product_cat":[4023],"product_cleaning_system":[],"product_3rd_basket":[],"product_drawers":[],"product_type_of_installation":[],"product_edition":[],"product_serie":[],"product_features":[],"finishes":[],"product_bundles":[],"product_energy_efficiency":[157883],"product_video_training":[],"class_list":["post-61382","product","type-product","status-publish","hentry","product_cat-hottes","usp-hoods-02","usp-hoods-04","usp-hoods-05","usp-hoods-06","color-acier-inoxydable","product_type_of_appliance-integration","product_icons-led","product_icons-stop-delay-timer","product_energy_efficiency-a-icon"],"acf":[],"yoast_head":"<!-- This site is optimized with the Yoast SEO plugin v27.2 - https:\/\/yoast.com\/product\/yoast-seo-wordpress\/ -->\n<title>CNL 6815 PLUS | Teka France<\/title>\n<meta name=\"robots\" content=\"index, follow, max-snippet:-1, max-image-preview:large, max-video-preview:-1\" \/>\n<link rel=\"canonical\" href=\"https:\/\/www.teka.com\/fr-fr\/produit\/cnl-6815-plus_40436840\/\" \/>\n<meta property=\"og:locale\" content=\"fr_FR\" \/>\n<meta property=\"og:type\" content=\"article\" \/>\n<meta property=\"og:title\" content=\"CNL 6815 PLUS | Teka France\" \/>\n<meta property=\"og:description\" content=\"Hotte 60 cm 5 vitesses + 1 intensive Programmateur de dur\u00e9e d\u2019aspiration Barre d\u2019\u00e9clairage LED Moteur blind\u00e9 \u00e0 double turbine ECOPOWER Puissance d\u2019extraction : min. 295 m3\/h \u2013 max. 555 m3\/h \u2013 boost 730 m3\/h Niveau sonore : min. 53 dBA \u2013 max. 65 dBA\u2013 boost 70 dBA Possibilit\u00e9 de fonctionnement en recyclage\" \/>\n<meta property=\"og:url\" content=\"https:\/\/www.teka.com\/fr-fr\/produit\/cnl-6815-plus_40436840\/\" \/>\n<meta property=\"og:site_name\" content=\"Teka France\" \/>\n<meta name=\"twitter:card\" content=\"summary_large_image\" \/>\n<script type=\"application\/ld+json\" class=\"yoast-schema-graph\">{\"@context\":\"https:\/\/schema.org\",\"@graph\":[{\"@type\":\"WebPage\",\"@id\":\"https:\/\/www.teka.com\/fr-fr\/produit\/cnl-6815-plus_40436840\/\",\"url\":\"https:\/\/www.teka.com\/fr-fr\/produit\/cnl-6815-plus_40436840\/\",\"name\":\"CNL 6815 PLUS | Teka France\",\"isPartOf\":{\"@id\":\"https:\/\/www.teka.com\/fr-fr\/#website\"},\"datePublished\":\"2026-04-07T17:54:40+00:00\",\"inLanguage\":\"fr-FR\",\"potentialAction\":[{\"@type\":\"ReadAction\",\"target\":[\"https:\/\/www.teka.com\/fr-fr\/produit\/cnl-6815-plus_40436840\/\"]}]},{\"@type\":\"WebSite\",\"@id\":\"https:\/\/www.teka.com\/fr-fr\/#website\",\"url\":\"https:\/\/www.teka.com\/fr-fr\/\",\"name\":\"Teka France\",\"description\":\"\",\"potentialAction\":[{\"@type\":\"SearchAction\",\"target\":{\"@type\":\"EntryPoint\",\"urlTemplate\":\"https:\/\/www.teka.com\/fr-fr\/?s={search_term_string}\"},\"query-input\":{\"@type\":\"PropertyValueSpecification\",\"valueRequired\":true,\"valueName\":\"search_term_string\"}}],\"inLanguage\":\"fr-FR\"}]}<\/script>\n<!-- \/ Yoast SEO plugin. -->","yoast_head_json":{"title":"CNL 6815 PLUS | Teka France","robots":{"index":"index","follow":"follow","max-snippet":"max-snippet:-1","max-image-preview":"max-image-preview:large","max-video-preview":"max-video-preview:-1"},"canonical":"https:\/\/www.teka.com\/fr-fr\/produit\/cnl-6815-plus_40436840\/","og_locale":"fr_FR","og_type":"article","og_title":"CNL 6815 PLUS | Teka France","og_description":"Hotte 60 cm 5 vitesses + 1 intensive Programmateur de dur\u00e9e d\u2019aspiration Barre d\u2019\u00e9clairage LED Moteur blind\u00e9 \u00e0 double turbine ECOPOWER Puissance d\u2019extraction : min. 295 m3\/h \u2013 max. 555 m3\/h \u2013 boost 730 m3\/h Niveau sonore : min. 53 dBA \u2013 max. 65 dBA\u2013 boost 70 dBA Possibilit\u00e9 de fonctionnement en recyclage","og_url":"https:\/\/www.teka.com\/fr-fr\/produit\/cnl-6815-plus_40436840\/","og_site_name":"Teka France","twitter_card":"summary_large_image","schema":{"@context":"https:\/\/schema.org","@graph":[{"@type":"WebPage","@id":"https:\/\/www.teka.com\/fr-fr\/produit\/cnl-6815-plus_40436840\/","url":"https:\/\/www.teka.com\/fr-fr\/produit\/cnl-6815-plus_40436840\/","name":"CNL 6815 PLUS | Teka France","isPartOf":{"@id":"https:\/\/www.teka.com\/fr-fr\/#website"},"datePublished":"2026-04-07T17:54:40+00:00","inLanguage":"fr-FR","potentialAction":[{"@type":"ReadAction","target":["https:\/\/www.teka.com\/fr-fr\/produit\/cnl-6815-plus_40436840\/"]}]},{"@type":"WebSite","@id":"https:\/\/www.teka.com\/fr-fr\/#website","url":"https:\/\/www.teka.com\/fr-fr\/","name":"Teka France","description":"","potentialAction":[{"@type":"SearchAction","target":{"@type":"EntryPoint","urlTemplate":"https:\/\/www.teka.com\/fr-fr\/?s={search_term_string}"},"query-input":{"@type":"PropertyValueSpecification","valueRequired":true,"valueName":"search_term_string"}}],"inLanguage":"fr-FR"}]}},"_links":{"self":[{"href":"https:\/\/www.teka.com\/fr-fr\/wp-json\/wp\/v2\/product\/61382","targetHints":{"allow":["GET"]}}],"collection":[{"href":"https:\/\/www.teka.com\/fr-fr\/wp-json\/wp\/v2\/product"}],"about":[{"href":"https:\/\/www.teka.com\/fr-fr\/wp-json\/wp\/v2\/types\/product"}],"wp:attachment":[{"href":"https:\/\/www.teka.com\/fr-fr\/wp-json\/wp\/v2\/media?parent=61382"}],"wp:term":[{"taxonomy":"product_cat","embeddable":true,"href":"https:\/\/www.teka.com\/fr-fr\/wp-json\/wp\/v2\/product_cat?post=61382"},{"taxonomy":"product_cleaning_system","embeddable":true,"href":"https:\/\/www.teka.com\/fr-fr\/wp-json\/wp\/v2\/product_cleaning_system?post=61382"},{"taxonomy":"product_3rd_basket","embeddable":true,"href":"https:\/\/www.teka.com\/fr-fr\/wp-json\/wp\/v2\/product_3rd_basket?post=61382"},{"taxonomy":"product_drawers","embeddable":true,"href":"https:\/\/www.teka.com\/fr-fr\/wp-json\/wp\/v2\/product_drawers?post=61382"},{"taxonomy":"product_type_of_installation","embeddable":true,"href":"https:\/\/www.teka.com\/fr-fr\/wp-json\/wp\/v2\/product_type_of_installation?post=61382"},{"taxonomy":"product_edition","embeddable":true,"href":"https:\/\/www.teka.com\/fr-fr\/wp-json\/wp\/v2\/product_edition?post=61382"},{"taxonomy":"product_serie","embeddable":true,"href":"https:\/\/www.teka.com\/fr-fr\/wp-json\/wp\/v2\/product_serie?post=61382"},{"taxonomy":"product_features","embeddable":true,"href":"https:\/\/www.teka.com\/fr-fr\/wp-json\/wp\/v2\/product_features?post=61382"},{"taxonomy":"finishes","embeddable":true,"href":"https:\/\/www.teka.com\/fr-fr\/wp-json\/wp\/v2\/finishes?post=61382"},{"taxonomy":"product_bundles","embeddable":true,"href":"https:\/\/www.teka.com\/fr-fr\/wp-json\/wp\/v2\/product_bundles?post=61382"},{"taxonomy":"product_energy_efficiency","embeddable":true,"href":"https:\/\/www.teka.com\/fr-fr\/wp-json\/wp\/v2\/product_energy_efficiency?post=61382"},{"taxonomy":"product_video_training","embeddable":true,"href":"https:\/\/www.teka.com\/fr-fr\/wp-json\/wp\/v2\/product_video_training?post=61382"}],"curies":[{"name":"wp","href":"https:\/\/api.w.org\/{rel}","templated":true}]}}