{"id":61444,"date":"2026-05-04T13:26:21","date_gmt":"2026-05-04T13:26:21","guid":{"rendered":"https:\/\/teka.com\/en-int\/the-steambox-master-vapeur_41599012"},"modified":"2026-05-04T11:26:21","modified_gmt":"2026-05-04T12:26:21","slug":"the-steambox-master-vapeur_41599012","status":"publish","type":"product","link":"https:\/\/www.teka.com\/fr-fr\/produit\/the-steambox-master-vapeur_41599012\/","title":{"rendered":"The SteamBox"},"content":{"rendered":"<ul>\n<li>Inclus deux plateaux induviduels pour cuisiner diff\u00e9rents aliments en m\u00eame temps<\/li>\n<li>Grille int\u00e9rieure id\u00e9ale pour cuisiner des aliments aqueux (fruits, l\u00e9gumes&#8230;) afin d\u2019intensifier leur saveur<\/li>\n<li>Plat tr\u00e8s profond pour une meilleure diffusion de la chaleur<\/li>\n<li>Couvercle en verre avec une \u00e9vacuation de l\u2019air et munie d\u2019un r\u00e9v\u00eatement en silicone pour cuisiner \u00e0 la vapeur<\/li>\n<li>Toutes les pi\u00e8ces peuvent se laver au lave-vaisselle<\/li>\n<\/ul>\n","protected":false},"featured_media":0,"parent":0,"template":"","product_cat":[157931,4031],"product_cleaning_system":[],"product_3rd_basket":[],"product_drawers":[],"product_type_of_installation":[],"product_edition":[],"product_serie":[],"product_features":[],"finishes":[],"product_bundles":[],"product_energy_efficiency":[],"product_video_training":[],"class_list":["post-61444","product","type-product","status-publish","hentry","product_cat-small-appliances","product_cat-accessoires-de-cuisine","usp-thesteambox-01","usp-thesteambox-02","usp-thesteambox-03","color-rouge","product_type_of_appliance-fours"],"acf":[],"yoast_head":"<!-- This site is optimized with the Yoast SEO plugin v27.5 - https:\/\/yoast.com\/product\/yoast-seo-wordpress\/ -->\n<title>The SteamBox | Teka France<\/title>\n<meta name=\"robots\" content=\"index, follow, max-snippet:-1, max-image-preview:large, max-video-preview:-1\" \/>\n<link rel=\"canonical\" href=\"https:\/\/www.teka.com\/fr-fr\/produit\/the-steambox-master-vapeur_41599012\/\" \/>\n<meta property=\"og:locale\" content=\"fr_FR\" \/>\n<meta property=\"og:type\" content=\"article\" \/>\n<meta property=\"og:title\" content=\"The SteamBox | Teka France\" \/>\n<meta property=\"og:description\" content=\"Inclus deux plateaux induviduels pour cuisiner diff\u00e9rents aliments en m\u00eame temps Grille int\u00e9rieure id\u00e9ale pour cuisiner des aliments aqueux (fruits, l\u00e9gumes&#8230;) afin d\u2019intensifier leur saveur Plat tr\u00e8s profond pour une meilleure diffusion de la chaleur Couvercle en verre avec une \u00e9vacuation de l\u2019air et munie d\u2019un r\u00e9v\u00eatement en silicone pour cuisiner \u00e0 la vapeur Toutes [&hellip;]\" \/>\n<meta property=\"og:url\" content=\"https:\/\/www.teka.com\/fr-fr\/produit\/the-steambox-master-vapeur_41599012\/\" \/>\n<meta property=\"og:site_name\" content=\"Teka France\" \/>\n<meta name=\"twitter:card\" content=\"summary_large_image\" \/>\n<script type=\"application\/ld+json\" class=\"yoast-schema-graph\">{\"@context\":\"https:\\\/\\\/schema.org\",\"@graph\":[{\"@type\":\"WebPage\",\"@id\":\"https:\\\/\\\/www.teka.com\\\/fr-fr\\\/produit\\\/the-steambox-master-vapeur_41599012\\\/\",\"url\":\"https:\\\/\\\/www.teka.com\\\/fr-fr\\\/produit\\\/the-steambox-master-vapeur_41599012\\\/\",\"name\":\"The SteamBox | Teka France\",\"isPartOf\":{\"@id\":\"https:\\\/\\\/www.teka.com\\\/fr-fr\\\/#website\"},\"datePublished\":\"2026-05-04T13:26:21+00:00\",\"inLanguage\":\"fr-FR\",\"potentialAction\":[{\"@type\":\"ReadAction\",\"target\":[\"https:\\\/\\\/www.teka.com\\\/fr-fr\\\/produit\\\/the-steambox-master-vapeur_41599012\\\/\"]}]},{\"@type\":\"WebSite\",\"@id\":\"https:\\\/\\\/www.teka.com\\\/fr-fr\\\/#website\",\"url\":\"https:\\\/\\\/www.teka.com\\\/fr-fr\\\/\",\"name\":\"Teka France\",\"description\":\"\",\"potentialAction\":[{\"@type\":\"SearchAction\",\"target\":{\"@type\":\"EntryPoint\",\"urlTemplate\":\"https:\\\/\\\/www.teka.com\\\/fr-fr\\\/?s={search_term_string}\"},\"query-input\":{\"@type\":\"PropertyValueSpecification\",\"valueRequired\":true,\"valueName\":\"search_term_string\"}}],\"inLanguage\":\"fr-FR\"}]}<\/script>\n<!-- \/ Yoast SEO plugin. -->","yoast_head_json":{"title":"The SteamBox | Teka France","robots":{"index":"index","follow":"follow","max-snippet":"max-snippet:-1","max-image-preview":"max-image-preview:large","max-video-preview":"max-video-preview:-1"},"canonical":"https:\/\/www.teka.com\/fr-fr\/produit\/the-steambox-master-vapeur_41599012\/","og_locale":"fr_FR","og_type":"article","og_title":"The SteamBox | Teka France","og_description":"Inclus deux plateaux induviduels pour cuisiner diff\u00e9rents aliments en m\u00eame temps Grille int\u00e9rieure id\u00e9ale pour cuisiner des aliments aqueux (fruits, l\u00e9gumes&#8230;) afin d\u2019intensifier leur saveur Plat tr\u00e8s profond pour une meilleure diffusion de la chaleur Couvercle en verre avec une \u00e9vacuation de l\u2019air et munie d\u2019un r\u00e9v\u00eatement en silicone pour cuisiner \u00e0 la vapeur Toutes [&hellip;]","og_url":"https:\/\/www.teka.com\/fr-fr\/produit\/the-steambox-master-vapeur_41599012\/","og_site_name":"Teka France","twitter_card":"summary_large_image","schema":{"@context":"https:\/\/schema.org","@graph":[{"@type":"WebPage","@id":"https:\/\/www.teka.com\/fr-fr\/produit\/the-steambox-master-vapeur_41599012\/","url":"https:\/\/www.teka.com\/fr-fr\/produit\/the-steambox-master-vapeur_41599012\/","name":"The SteamBox | Teka France","isPartOf":{"@id":"https:\/\/www.teka.com\/fr-fr\/#website"},"datePublished":"2026-05-04T13:26:21+00:00","inLanguage":"fr-FR","potentialAction":[{"@type":"ReadAction","target":["https:\/\/www.teka.com\/fr-fr\/produit\/the-steambox-master-vapeur_41599012\/"]}]},{"@type":"WebSite","@id":"https:\/\/www.teka.com\/fr-fr\/#website","url":"https:\/\/www.teka.com\/fr-fr\/","name":"Teka France","description":"","potentialAction":[{"@type":"SearchAction","target":{"@type":"EntryPoint","urlTemplate":"https:\/\/www.teka.com\/fr-fr\/?s={search_term_string}"},"query-input":{"@type":"PropertyValueSpecification","valueRequired":true,"valueName":"search_term_string"}}],"inLanguage":"fr-FR"}]}},"_links":{"self":[{"href":"https:\/\/www.teka.com\/fr-fr\/wp-json\/wp\/v2\/product\/61444","targetHints":{"allow":["GET"]}}],"collection":[{"href":"https:\/\/www.teka.com\/fr-fr\/wp-json\/wp\/v2\/product"}],"about":[{"href":"https:\/\/www.teka.com\/fr-fr\/wp-json\/wp\/v2\/types\/product"}],"wp:attachment":[{"href":"https:\/\/www.teka.com\/fr-fr\/wp-json\/wp\/v2\/media?parent=61444"}],"wp:term":[{"taxonomy":"product_cat","embeddable":true,"href":"https:\/\/www.teka.com\/fr-fr\/wp-json\/wp\/v2\/product_cat?post=61444"},{"taxonomy":"product_cleaning_system","embeddable":true,"href":"https:\/\/www.teka.com\/fr-fr\/wp-json\/wp\/v2\/product_cleaning_system?post=61444"},{"taxonomy":"product_3rd_basket","embeddable":true,"href":"https:\/\/www.teka.com\/fr-fr\/wp-json\/wp\/v2\/product_3rd_basket?post=61444"},{"taxonomy":"product_drawers","embeddable":true,"href":"https:\/\/www.teka.com\/fr-fr\/wp-json\/wp\/v2\/product_drawers?post=61444"},{"taxonomy":"product_type_of_installation","embeddable":true,"href":"https:\/\/www.teka.com\/fr-fr\/wp-json\/wp\/v2\/product_type_of_installation?post=61444"},{"taxonomy":"product_edition","embeddable":true,"href":"https:\/\/www.teka.com\/fr-fr\/wp-json\/wp\/v2\/product_edition?post=61444"},{"taxonomy":"product_serie","embeddable":true,"href":"https:\/\/www.teka.com\/fr-fr\/wp-json\/wp\/v2\/product_serie?post=61444"},{"taxonomy":"product_features","embeddable":true,"href":"https:\/\/www.teka.com\/fr-fr\/wp-json\/wp\/v2\/product_features?post=61444"},{"taxonomy":"finishes","embeddable":true,"href":"https:\/\/www.teka.com\/fr-fr\/wp-json\/wp\/v2\/finishes?post=61444"},{"taxonomy":"product_bundles","embeddable":true,"href":"https:\/\/www.teka.com\/fr-fr\/wp-json\/wp\/v2\/product_bundles?post=61444"},{"taxonomy":"product_energy_efficiency","embeddable":true,"href":"https:\/\/www.teka.com\/fr-fr\/wp-json\/wp\/v2\/product_energy_efficiency?post=61444"},{"taxonomy":"product_video_training","embeddable":true,"href":"https:\/\/www.teka.com\/fr-fr\/wp-json\/wp\/v2\/product_video_training?post=61444"}],"curies":[{"name":"wp","href":"https:\/\/api.w.org\/{rel}","templated":true}]}}