{"id":61639,"date":"2026-04-25T10:43:17","date_gmt":"2026-04-25T10:43:17","guid":{"rendered":"https:\/\/teka.com\/en-int\/dfi-46950_114270001"},"modified":"2026-04-21T03:44:12","modified_gmt":"2026-04-21T04:44:12","slug":"dfi-46950_114270001","status":"publish","type":"product","link":"https:\/\/www.teka.com\/fr-fr\/produit\/dfi-46950_114270001\/","title":{"rendered":"DFI 46950"},"content":{"rendered":"<ul>\n<li>Lave-vaisselle tout int\u00e9grable 15 couverts<\/li>\n<li>9 programmes de lavage dont rapide complet 1H<\/li>\n<li>Tiroir \u00e0 couverts<\/li>\n<li>6 temp\u00e9ratures de lavage<\/li>\n<li>Bruit maximal : 46 dBA<\/li>\n<li>Consommation d\u2019eau par cycle : 9,5L<\/li>\n<li>Indice de r\u00e9parabilit\u00e9: 6,6<\/li>\n<\/ul>\n","protected":false},"featured_media":0,"parent":0,"template":"","product_cat":[4021],"product_cleaning_system":[],"product_3rd_basket":[157337],"product_drawers":[],"product_type_of_installation":[157336],"product_edition":[],"product_serie":[],"product_features":[],"finishes":[],"product_bundles":[],"product_energy_efficiency":[157399],"product_video_training":[],"class_list":["post-61639","product","type-product","status-publish","hentry","product_cat-lave-vaisselle","usp-dishwashers-02","usp-dishwashers-12","usp-dishwashers-15","usp-dishwashers-19","usp-dishwashers-24","product_type_of_appliance-integre","product_icons-beam-on-floor","product_icons-eco-function","product_icons-third-cutlery-tray","product_icons-extra-dry-function","product_icons-multi-cleaner","product_icons-smart-sensor","product_3rd_basket-3eme-panier","product_type_of_installation-integre","product_energy_efficiency-e-ue-icon-new"],"acf":[],"yoast_head":"<!-- This site is optimized with the Yoast SEO plugin v27.2 - https:\/\/yoast.com\/product\/yoast-seo-wordpress\/ -->\n<title>DFI 46950 | Teka France<\/title>\n<meta name=\"robots\" content=\"index, follow, max-snippet:-1, max-image-preview:large, max-video-preview:-1\" \/>\n<link rel=\"canonical\" href=\"https:\/\/www.teka.com\/fr-fr\/produit\/dfi-46950_114270001\/\" \/>\n<meta property=\"og:locale\" content=\"fr_FR\" \/>\n<meta property=\"og:type\" content=\"article\" \/>\n<meta property=\"og:title\" content=\"DFI 46950 | Teka France\" \/>\n<meta property=\"og:description\" content=\"Lave-vaisselle tout int\u00e9grable 15 couverts 9 programmes de lavage dont rapide complet 1H Tiroir \u00e0 couverts 6 temp\u00e9ratures de lavage Bruit maximal : 46 dBA Consommation d\u2019eau par cycle : 9,5L Indice de r\u00e9parabilit\u00e9: 6,6\" \/>\n<meta property=\"og:url\" content=\"https:\/\/www.teka.com\/fr-fr\/produit\/dfi-46950_114270001\/\" \/>\n<meta property=\"og:site_name\" content=\"Teka France\" \/>\n<meta name=\"twitter:card\" content=\"summary_large_image\" \/>\n<script type=\"application\/ld+json\" class=\"yoast-schema-graph\">{\"@context\":\"https:\/\/schema.org\",\"@graph\":[{\"@type\":\"WebPage\",\"@id\":\"https:\/\/www.teka.com\/fr-fr\/produit\/dfi-46950_114270001\/\",\"url\":\"https:\/\/www.teka.com\/fr-fr\/produit\/dfi-46950_114270001\/\",\"name\":\"DFI 46950 | Teka France\",\"isPartOf\":{\"@id\":\"https:\/\/www.teka.com\/fr-fr\/#website\"},\"datePublished\":\"2026-04-25T10:43:17+00:00\",\"inLanguage\":\"fr-FR\",\"potentialAction\":[{\"@type\":\"ReadAction\",\"target\":[\"https:\/\/www.teka.com\/fr-fr\/produit\/dfi-46950_114270001\/\"]}]},{\"@type\":\"WebSite\",\"@id\":\"https:\/\/www.teka.com\/fr-fr\/#website\",\"url\":\"https:\/\/www.teka.com\/fr-fr\/\",\"name\":\"Teka France\",\"description\":\"\",\"potentialAction\":[{\"@type\":\"SearchAction\",\"target\":{\"@type\":\"EntryPoint\",\"urlTemplate\":\"https:\/\/www.teka.com\/fr-fr\/?s={search_term_string}\"},\"query-input\":{\"@type\":\"PropertyValueSpecification\",\"valueRequired\":true,\"valueName\":\"search_term_string\"}}],\"inLanguage\":\"fr-FR\"}]}<\/script>\n<!-- \/ Yoast SEO plugin. -->","yoast_head_json":{"title":"DFI 46950 | Teka France","robots":{"index":"index","follow":"follow","max-snippet":"max-snippet:-1","max-image-preview":"max-image-preview:large","max-video-preview":"max-video-preview:-1"},"canonical":"https:\/\/www.teka.com\/fr-fr\/produit\/dfi-46950_114270001\/","og_locale":"fr_FR","og_type":"article","og_title":"DFI 46950 | Teka France","og_description":"Lave-vaisselle tout int\u00e9grable 15 couverts 9 programmes de lavage dont rapide complet 1H Tiroir \u00e0 couverts 6 temp\u00e9ratures de lavage Bruit maximal : 46 dBA Consommation d\u2019eau par cycle : 9,5L Indice de r\u00e9parabilit\u00e9: 6,6","og_url":"https:\/\/www.teka.com\/fr-fr\/produit\/dfi-46950_114270001\/","og_site_name":"Teka France","twitter_card":"summary_large_image","schema":{"@context":"https:\/\/schema.org","@graph":[{"@type":"WebPage","@id":"https:\/\/www.teka.com\/fr-fr\/produit\/dfi-46950_114270001\/","url":"https:\/\/www.teka.com\/fr-fr\/produit\/dfi-46950_114270001\/","name":"DFI 46950 | Teka France","isPartOf":{"@id":"https:\/\/www.teka.com\/fr-fr\/#website"},"datePublished":"2026-04-25T10:43:17+00:00","inLanguage":"fr-FR","potentialAction":[{"@type":"ReadAction","target":["https:\/\/www.teka.com\/fr-fr\/produit\/dfi-46950_114270001\/"]}]},{"@type":"WebSite","@id":"https:\/\/www.teka.com\/fr-fr\/#website","url":"https:\/\/www.teka.com\/fr-fr\/","name":"Teka France","description":"","potentialAction":[{"@type":"SearchAction","target":{"@type":"EntryPoint","urlTemplate":"https:\/\/www.teka.com\/fr-fr\/?s={search_term_string}"},"query-input":{"@type":"PropertyValueSpecification","valueRequired":true,"valueName":"search_term_string"}}],"inLanguage":"fr-FR"}]}},"_links":{"self":[{"href":"https:\/\/www.teka.com\/fr-fr\/wp-json\/wp\/v2\/product\/61639","targetHints":{"allow":["GET"]}}],"collection":[{"href":"https:\/\/www.teka.com\/fr-fr\/wp-json\/wp\/v2\/product"}],"about":[{"href":"https:\/\/www.teka.com\/fr-fr\/wp-json\/wp\/v2\/types\/product"}],"wp:attachment":[{"href":"https:\/\/www.teka.com\/fr-fr\/wp-json\/wp\/v2\/media?parent=61639"}],"wp:term":[{"taxonomy":"product_cat","embeddable":true,"href":"https:\/\/www.teka.com\/fr-fr\/wp-json\/wp\/v2\/product_cat?post=61639"},{"taxonomy":"product_cleaning_system","embeddable":true,"href":"https:\/\/www.teka.com\/fr-fr\/wp-json\/wp\/v2\/product_cleaning_system?post=61639"},{"taxonomy":"product_3rd_basket","embeddable":true,"href":"https:\/\/www.teka.com\/fr-fr\/wp-json\/wp\/v2\/product_3rd_basket?post=61639"},{"taxonomy":"product_drawers","embeddable":true,"href":"https:\/\/www.teka.com\/fr-fr\/wp-json\/wp\/v2\/product_drawers?post=61639"},{"taxonomy":"product_type_of_installation","embeddable":true,"href":"https:\/\/www.teka.com\/fr-fr\/wp-json\/wp\/v2\/product_type_of_installation?post=61639"},{"taxonomy":"product_edition","embeddable":true,"href":"https:\/\/www.teka.com\/fr-fr\/wp-json\/wp\/v2\/product_edition?post=61639"},{"taxonomy":"product_serie","embeddable":true,"href":"https:\/\/www.teka.com\/fr-fr\/wp-json\/wp\/v2\/product_serie?post=61639"},{"taxonomy":"product_features","embeddable":true,"href":"https:\/\/www.teka.com\/fr-fr\/wp-json\/wp\/v2\/product_features?post=61639"},{"taxonomy":"finishes","embeddable":true,"href":"https:\/\/www.teka.com\/fr-fr\/wp-json\/wp\/v2\/finishes?post=61639"},{"taxonomy":"product_bundles","embeddable":true,"href":"https:\/\/www.teka.com\/fr-fr\/wp-json\/wp\/v2\/product_bundles?post=61639"},{"taxonomy":"product_energy_efficiency","embeddable":true,"href":"https:\/\/www.teka.com\/fr-fr\/wp-json\/wp\/v2\/product_energy_efficiency?post=61639"},{"taxonomy":"product_video_training","embeddable":true,"href":"https:\/\/www.teka.com\/fr-fr\/wp-json\/wp\/v2\/product_video_training?post=61639"}],"curies":[{"name":"wp","href":"https:\/\/api.w.org\/{rel}","templated":true}]}}