{"id":62278,"date":"2026-04-07T20:44:43","date_gmt":"2026-04-07T20:44:43","guid":{"rendered":"https:\/\/teka.com\/en-ae\/li5-1481-eui-exp_114000009"},"modified":"2026-03-14T07:51:56","modified_gmt":"2026-03-14T08:51:56","slug":"li5-1481-eui-exp_114000009","status":"publish","type":"product","link":"https:\/\/www.teka.com\/fr-fr\/produit\/li5-1481-eui-exp_114000009\/","title":{"rendered":"LI5 1481 EUI EXP"},"content":{"rendered":"<ul>\n<li>Capacit\u00e9 de lavage : 8 kg<\/li>\n<li>Panneau de contr\u00f4le \u00e9lectronique<\/li>\n<li>Tambour en acier inoxydable<\/li>\n<li>15 programmes de lavage<\/li>\n<li>Moteur Inverter T<\/li>\n<li>Vitesse d&rsquo;essorage maximale : 1400 RPM<\/li>\n<li>Programme rapide : 14 minutes<\/li>\n<li>Fonctions suppl\u00e9mentaires : Rapide, niveau de taches, d\u00e9tecteur de kg<\/li>\n<li>Programmateur diff\u00e9r\u00e9 : 1-24h<\/li>\n<li>S\u00e9curit\u00e9 enfants<\/li>\n<\/ul>\n","protected":false},"featured_media":0,"parent":0,"template":"","product_cat":[157414],"product_cleaning_system":[],"product_3rd_basket":[],"product_drawers":[],"product_type_of_installation":[157336],"product_edition":[],"product_serie":[],"product_features":[],"finishes":[],"product_bundles":[],"product_energy_efficiency":[157395],"product_video_training":[],"class_list":["post-62278","product","type-product","status-publish","hentry","product_cat-machines-a-laver","usp-laundry-02","color-blanc","product_icons-quick-cycle","product_type_of_installation-integre","product_energy_efficiency-a-ue-icon-new"],"acf":[],"yoast_head":"<!-- This site is optimized with the Yoast SEO plugin v27.2 - https:\/\/yoast.com\/product\/yoast-seo-wordpress\/ -->\n<title>LI5 1481 EUI EXP | Teka France<\/title>\n<meta name=\"robots\" content=\"index, follow, max-snippet:-1, max-image-preview:large, max-video-preview:-1\" \/>\n<link rel=\"canonical\" href=\"https:\/\/www.teka.com\/fr-fr\/produit\/li5-1481-eui-exp_114000009\/\" \/>\n<meta property=\"og:locale\" content=\"fr_FR\" \/>\n<meta property=\"og:type\" content=\"article\" \/>\n<meta property=\"og:title\" content=\"LI5 1481 EUI EXP | Teka France\" \/>\n<meta property=\"og:description\" content=\"Capacit\u00e9 de lavage : 8 kg Panneau de contr\u00f4le \u00e9lectronique Tambour en acier inoxydable 15 programmes de lavage Moteur Inverter T Vitesse d&rsquo;essorage maximale : 1400 RPM Programme rapide : 14 minutes Fonctions suppl\u00e9mentaires : Rapide, niveau de taches, d\u00e9tecteur de kg Programmateur diff\u00e9r\u00e9 : 1-24h S\u00e9curit\u00e9 enfants\" \/>\n<meta property=\"og:url\" content=\"https:\/\/www.teka.com\/fr-fr\/produit\/li5-1481-eui-exp_114000009\/\" \/>\n<meta property=\"og:site_name\" content=\"Teka France\" \/>\n<meta name=\"twitter:card\" content=\"summary_large_image\" \/>\n<script type=\"application\/ld+json\" class=\"yoast-schema-graph\">{\"@context\":\"https:\/\/schema.org\",\"@graph\":[{\"@type\":\"WebPage\",\"@id\":\"https:\/\/www.teka.com\/fr-fr\/produit\/li5-1481-eui-exp_114000009\/\",\"url\":\"https:\/\/www.teka.com\/fr-fr\/produit\/li5-1481-eui-exp_114000009\/\",\"name\":\"LI5 1481 EUI EXP | Teka France\",\"isPartOf\":{\"@id\":\"https:\/\/www.teka.com\/fr-fr\/#website\"},\"datePublished\":\"2026-04-07T20:44:43+00:00\",\"inLanguage\":\"fr-FR\",\"potentialAction\":[{\"@type\":\"ReadAction\",\"target\":[\"https:\/\/www.teka.com\/fr-fr\/produit\/li5-1481-eui-exp_114000009\/\"]}]},{\"@type\":\"WebSite\",\"@id\":\"https:\/\/www.teka.com\/fr-fr\/#website\",\"url\":\"https:\/\/www.teka.com\/fr-fr\/\",\"name\":\"Teka France\",\"description\":\"\",\"potentialAction\":[{\"@type\":\"SearchAction\",\"target\":{\"@type\":\"EntryPoint\",\"urlTemplate\":\"https:\/\/www.teka.com\/fr-fr\/?s={search_term_string}\"},\"query-input\":{\"@type\":\"PropertyValueSpecification\",\"valueRequired\":true,\"valueName\":\"search_term_string\"}}],\"inLanguage\":\"fr-FR\"}]}<\/script>\n<!-- \/ Yoast SEO plugin. -->","yoast_head_json":{"title":"LI5 1481 EUI EXP | Teka France","robots":{"index":"index","follow":"follow","max-snippet":"max-snippet:-1","max-image-preview":"max-image-preview:large","max-video-preview":"max-video-preview:-1"},"canonical":"https:\/\/www.teka.com\/fr-fr\/produit\/li5-1481-eui-exp_114000009\/","og_locale":"fr_FR","og_type":"article","og_title":"LI5 1481 EUI EXP | Teka France","og_description":"Capacit\u00e9 de lavage : 8 kg Panneau de contr\u00f4le \u00e9lectronique Tambour en acier inoxydable 15 programmes de lavage Moteur Inverter T Vitesse d&rsquo;essorage maximale : 1400 RPM Programme rapide : 14 minutes Fonctions suppl\u00e9mentaires : Rapide, niveau de taches, d\u00e9tecteur de kg Programmateur diff\u00e9r\u00e9 : 1-24h S\u00e9curit\u00e9 enfants","og_url":"https:\/\/www.teka.com\/fr-fr\/produit\/li5-1481-eui-exp_114000009\/","og_site_name":"Teka France","twitter_card":"summary_large_image","schema":{"@context":"https:\/\/schema.org","@graph":[{"@type":"WebPage","@id":"https:\/\/www.teka.com\/fr-fr\/produit\/li5-1481-eui-exp_114000009\/","url":"https:\/\/www.teka.com\/fr-fr\/produit\/li5-1481-eui-exp_114000009\/","name":"LI5 1481 EUI EXP | Teka France","isPartOf":{"@id":"https:\/\/www.teka.com\/fr-fr\/#website"},"datePublished":"2026-04-07T20:44:43+00:00","inLanguage":"fr-FR","potentialAction":[{"@type":"ReadAction","target":["https:\/\/www.teka.com\/fr-fr\/produit\/li5-1481-eui-exp_114000009\/"]}]},{"@type":"WebSite","@id":"https:\/\/www.teka.com\/fr-fr\/#website","url":"https:\/\/www.teka.com\/fr-fr\/","name":"Teka France","description":"","potentialAction":[{"@type":"SearchAction","target":{"@type":"EntryPoint","urlTemplate":"https:\/\/www.teka.com\/fr-fr\/?s={search_term_string}"},"query-input":{"@type":"PropertyValueSpecification","valueRequired":true,"valueName":"search_term_string"}}],"inLanguage":"fr-FR"}]}},"_links":{"self":[{"href":"https:\/\/www.teka.com\/fr-fr\/wp-json\/wp\/v2\/product\/62278","targetHints":{"allow":["GET"]}}],"collection":[{"href":"https:\/\/www.teka.com\/fr-fr\/wp-json\/wp\/v2\/product"}],"about":[{"href":"https:\/\/www.teka.com\/fr-fr\/wp-json\/wp\/v2\/types\/product"}],"wp:attachment":[{"href":"https:\/\/www.teka.com\/fr-fr\/wp-json\/wp\/v2\/media?parent=62278"}],"wp:term":[{"taxonomy":"product_cat","embeddable":true,"href":"https:\/\/www.teka.com\/fr-fr\/wp-json\/wp\/v2\/product_cat?post=62278"},{"taxonomy":"product_cleaning_system","embeddable":true,"href":"https:\/\/www.teka.com\/fr-fr\/wp-json\/wp\/v2\/product_cleaning_system?post=62278"},{"taxonomy":"product_3rd_basket","embeddable":true,"href":"https:\/\/www.teka.com\/fr-fr\/wp-json\/wp\/v2\/product_3rd_basket?post=62278"},{"taxonomy":"product_drawers","embeddable":true,"href":"https:\/\/www.teka.com\/fr-fr\/wp-json\/wp\/v2\/product_drawers?post=62278"},{"taxonomy":"product_type_of_installation","embeddable":true,"href":"https:\/\/www.teka.com\/fr-fr\/wp-json\/wp\/v2\/product_type_of_installation?post=62278"},{"taxonomy":"product_edition","embeddable":true,"href":"https:\/\/www.teka.com\/fr-fr\/wp-json\/wp\/v2\/product_edition?post=62278"},{"taxonomy":"product_serie","embeddable":true,"href":"https:\/\/www.teka.com\/fr-fr\/wp-json\/wp\/v2\/product_serie?post=62278"},{"taxonomy":"product_features","embeddable":true,"href":"https:\/\/www.teka.com\/fr-fr\/wp-json\/wp\/v2\/product_features?post=62278"},{"taxonomy":"finishes","embeddable":true,"href":"https:\/\/www.teka.com\/fr-fr\/wp-json\/wp\/v2\/finishes?post=62278"},{"taxonomy":"product_bundles","embeddable":true,"href":"https:\/\/www.teka.com\/fr-fr\/wp-json\/wp\/v2\/product_bundles?post=62278"},{"taxonomy":"product_energy_efficiency","embeddable":true,"href":"https:\/\/www.teka.com\/fr-fr\/wp-json\/wp\/v2\/product_energy_efficiency?post=62278"},{"taxonomy":"product_video_training","embeddable":true,"href":"https:\/\/www.teka.com\/fr-fr\/wp-json\/wp\/v2\/product_video_training?post=62278"}],"curies":[{"name":"wp","href":"https:\/\/api.w.org\/{rel}","templated":true}]}}