{"id":62316,"date":"2026-05-08T10:31:32","date_gmt":"2026-05-08T10:31:32","guid":{"rendered":"https:\/\/teka.com\/en-int\/fo-915-ss_62915020i"},"modified":"2026-05-07T03:48:20","modified_gmt":"2026-05-07T04:48:20","slug":"fo-915-ss_62915020i","status":"publish","type":"product","link":"https:\/\/www.teka.com\/fr-fr\/produit\/fo-915-ss_62915020i\/","title":{"rendered":"FO 915"},"content":{"rendered":"<ul>\n<li>Mitigeur bec haut<\/li>\n<li>Design minimaliste<\/li>\n<li>Bec pivotant haut<\/li>\n<li>Cartouche avec disques en c\u00e9ramique de haute r\u00e9sistance<\/li>\n<li>Contr\u00f4le de la temp\u00e9rature tr\u00e8s pr\u00e9cis<\/li>\n<li>Plus grande sensibilit\u00e9 de manipulation avec des mouvements plus fluides<\/li>\n<li>A\u00e9rateur anti-calcaire int\u00e9gr\u00e9 dans le bec<\/li>\n<li>Tuyaux d&rsquo;entr\u00e9e flexibles de 3\/8<\/li>\n<\/ul>\n","protected":false},"featured_media":0,"parent":0,"template":"","product_cat":[4028],"product_cleaning_system":[],"product_3rd_basket":[],"product_drawers":[],"product_type_of_installation":[157343],"product_edition":[],"product_serie":[],"product_features":[],"finishes":[],"product_bundles":[],"product_energy_efficiency":[],"product_video_training":[],"class_list":["post-62316","product","type-product","status-publish","hentry","product_cat-robinets-devier","color-acier-inoxydable","product_type_of_appliance-bec-haut","product_icons-anti-scale_aerator","product_icons-saving_water","product_icons-swivel_spout","product_type_of_installation-pose-libre"],"acf":[],"yoast_head":"<!-- This site is optimized with the Yoast SEO plugin v27.5 - https:\/\/yoast.com\/product\/yoast-seo-wordpress\/ -->\n<title>FO 915 | Teka France<\/title>\n<meta name=\"robots\" content=\"index, follow, max-snippet:-1, max-image-preview:large, max-video-preview:-1\" \/>\n<link rel=\"canonical\" href=\"https:\/\/www.teka.com\/fr-fr\/produit\/fo-915-ss_62915020i\/\" \/>\n<meta property=\"og:locale\" content=\"fr_FR\" \/>\n<meta property=\"og:type\" content=\"article\" \/>\n<meta property=\"og:title\" content=\"FO 915 | Teka France\" \/>\n<meta property=\"og:description\" content=\"Mitigeur bec haut Design minimaliste Bec pivotant haut Cartouche avec disques en c\u00e9ramique de haute r\u00e9sistance Contr\u00f4le de la temp\u00e9rature tr\u00e8s pr\u00e9cis Plus grande sensibilit\u00e9 de manipulation avec des mouvements plus fluides A\u00e9rateur anti-calcaire int\u00e9gr\u00e9 dans le bec Tuyaux d&rsquo;entr\u00e9e flexibles de 3\/8\" \/>\n<meta property=\"og:url\" content=\"https:\/\/www.teka.com\/fr-fr\/produit\/fo-915-ss_62915020i\/\" \/>\n<meta property=\"og:site_name\" content=\"Teka France\" \/>\n<meta name=\"twitter:card\" content=\"summary_large_image\" \/>\n<script type=\"application\/ld+json\" class=\"yoast-schema-graph\">{\"@context\":\"https:\\\/\\\/schema.org\",\"@graph\":[{\"@type\":\"WebPage\",\"@id\":\"https:\\\/\\\/www.teka.com\\\/fr-fr\\\/produit\\\/fo-915-ss_62915020i\\\/\",\"url\":\"https:\\\/\\\/www.teka.com\\\/fr-fr\\\/produit\\\/fo-915-ss_62915020i\\\/\",\"name\":\"FO 915 | Teka France\",\"isPartOf\":{\"@id\":\"https:\\\/\\\/www.teka.com\\\/fr-fr\\\/#website\"},\"datePublished\":\"2026-05-08T10:31:32+00:00\",\"inLanguage\":\"fr-FR\",\"potentialAction\":[{\"@type\":\"ReadAction\",\"target\":[\"https:\\\/\\\/www.teka.com\\\/fr-fr\\\/produit\\\/fo-915-ss_62915020i\\\/\"]}]},{\"@type\":\"WebSite\",\"@id\":\"https:\\\/\\\/www.teka.com\\\/fr-fr\\\/#website\",\"url\":\"https:\\\/\\\/www.teka.com\\\/fr-fr\\\/\",\"name\":\"Teka France\",\"description\":\"\",\"potentialAction\":[{\"@type\":\"SearchAction\",\"target\":{\"@type\":\"EntryPoint\",\"urlTemplate\":\"https:\\\/\\\/www.teka.com\\\/fr-fr\\\/?s={search_term_string}\"},\"query-input\":{\"@type\":\"PropertyValueSpecification\",\"valueRequired\":true,\"valueName\":\"search_term_string\"}}],\"inLanguage\":\"fr-FR\"}]}<\/script>\n<!-- \/ Yoast SEO plugin. -->","yoast_head_json":{"title":"FO 915 | Teka France","robots":{"index":"index","follow":"follow","max-snippet":"max-snippet:-1","max-image-preview":"max-image-preview:large","max-video-preview":"max-video-preview:-1"},"canonical":"https:\/\/www.teka.com\/fr-fr\/produit\/fo-915-ss_62915020i\/","og_locale":"fr_FR","og_type":"article","og_title":"FO 915 | Teka France","og_description":"Mitigeur bec haut Design minimaliste Bec pivotant haut Cartouche avec disques en c\u00e9ramique de haute r\u00e9sistance Contr\u00f4le de la temp\u00e9rature tr\u00e8s pr\u00e9cis Plus grande sensibilit\u00e9 de manipulation avec des mouvements plus fluides A\u00e9rateur anti-calcaire int\u00e9gr\u00e9 dans le bec Tuyaux d&rsquo;entr\u00e9e flexibles de 3\/8","og_url":"https:\/\/www.teka.com\/fr-fr\/produit\/fo-915-ss_62915020i\/","og_site_name":"Teka France","twitter_card":"summary_large_image","schema":{"@context":"https:\/\/schema.org","@graph":[{"@type":"WebPage","@id":"https:\/\/www.teka.com\/fr-fr\/produit\/fo-915-ss_62915020i\/","url":"https:\/\/www.teka.com\/fr-fr\/produit\/fo-915-ss_62915020i\/","name":"FO 915 | Teka France","isPartOf":{"@id":"https:\/\/www.teka.com\/fr-fr\/#website"},"datePublished":"2026-05-08T10:31:32+00:00","inLanguage":"fr-FR","potentialAction":[{"@type":"ReadAction","target":["https:\/\/www.teka.com\/fr-fr\/produit\/fo-915-ss_62915020i\/"]}]},{"@type":"WebSite","@id":"https:\/\/www.teka.com\/fr-fr\/#website","url":"https:\/\/www.teka.com\/fr-fr\/","name":"Teka France","description":"","potentialAction":[{"@type":"SearchAction","target":{"@type":"EntryPoint","urlTemplate":"https:\/\/www.teka.com\/fr-fr\/?s={search_term_string}"},"query-input":{"@type":"PropertyValueSpecification","valueRequired":true,"valueName":"search_term_string"}}],"inLanguage":"fr-FR"}]}},"_links":{"self":[{"href":"https:\/\/www.teka.com\/fr-fr\/wp-json\/wp\/v2\/product\/62316","targetHints":{"allow":["GET"]}}],"collection":[{"href":"https:\/\/www.teka.com\/fr-fr\/wp-json\/wp\/v2\/product"}],"about":[{"href":"https:\/\/www.teka.com\/fr-fr\/wp-json\/wp\/v2\/types\/product"}],"wp:attachment":[{"href":"https:\/\/www.teka.com\/fr-fr\/wp-json\/wp\/v2\/media?parent=62316"}],"wp:term":[{"taxonomy":"product_cat","embeddable":true,"href":"https:\/\/www.teka.com\/fr-fr\/wp-json\/wp\/v2\/product_cat?post=62316"},{"taxonomy":"product_cleaning_system","embeddable":true,"href":"https:\/\/www.teka.com\/fr-fr\/wp-json\/wp\/v2\/product_cleaning_system?post=62316"},{"taxonomy":"product_3rd_basket","embeddable":true,"href":"https:\/\/www.teka.com\/fr-fr\/wp-json\/wp\/v2\/product_3rd_basket?post=62316"},{"taxonomy":"product_drawers","embeddable":true,"href":"https:\/\/www.teka.com\/fr-fr\/wp-json\/wp\/v2\/product_drawers?post=62316"},{"taxonomy":"product_type_of_installation","embeddable":true,"href":"https:\/\/www.teka.com\/fr-fr\/wp-json\/wp\/v2\/product_type_of_installation?post=62316"},{"taxonomy":"product_edition","embeddable":true,"href":"https:\/\/www.teka.com\/fr-fr\/wp-json\/wp\/v2\/product_edition?post=62316"},{"taxonomy":"product_serie","embeddable":true,"href":"https:\/\/www.teka.com\/fr-fr\/wp-json\/wp\/v2\/product_serie?post=62316"},{"taxonomy":"product_features","embeddable":true,"href":"https:\/\/www.teka.com\/fr-fr\/wp-json\/wp\/v2\/product_features?post=62316"},{"taxonomy":"finishes","embeddable":true,"href":"https:\/\/www.teka.com\/fr-fr\/wp-json\/wp\/v2\/finishes?post=62316"},{"taxonomy":"product_bundles","embeddable":true,"href":"https:\/\/www.teka.com\/fr-fr\/wp-json\/wp\/v2\/product_bundles?post=62316"},{"taxonomy":"product_energy_efficiency","embeddable":true,"href":"https:\/\/www.teka.com\/fr-fr\/wp-json\/wp\/v2\/product_energy_efficiency?post=62316"},{"taxonomy":"product_video_training","embeddable":true,"href":"https:\/\/www.teka.com\/fr-fr\/wp-json\/wp\/v2\/product_video_training?post=62316"}],"curies":[{"name":"wp","href":"https:\/\/api.w.org\/{rel}","templated":true}]}}