{"id":62708,"date":"2026-05-14T18:05:59","date_gmt":"2026-05-14T18:05:59","guid":{"rendered":"https:\/\/teka.com\/es-es\/perfectflow-pvd-copper_115890040"},"modified":"2026-05-07T06:40:39","modified_gmt":"2026-05-07T07:40:39","slug":"perfectflow-pvd-copper_115890040","status":"publish","type":"product","link":"https:\/\/www.teka.com\/fr-fr\/produit\/perfectflow-pvd-copper_115890040\/","title":{"rendered":"PerfectFlow PVD Copper"},"content":{"rendered":"<ul>\n<li>Set de personnalisation pour \u00e9viers Radea R10<\/li>\n<li>Design exclusif<\/li>\n<li>Fabriqu\u00e9 en acier inoxydable avec traitement PVD, ce qui le rend plus r\u00e9sistant \u00e0 la corrosion<\/li>\n<li>Une cuisine plus propre au quotidien<\/li>\n<\/ul>\n","protected":false},"featured_media":0,"parent":0,"template":"","product_cat":[4031],"product_cleaning_system":[],"product_3rd_basket":[],"product_drawers":[],"product_type_of_installation":[],"product_edition":[],"product_serie":[],"product_features":[],"finishes":[],"product_bundles":[],"product_energy_efficiency":[],"product_video_training":[],"class_list":["post-62708","product","type-product","status-publish","hentry","product_cat-accessoires-de-cuisine","color-copper","product_type_of_appliance-eviers"],"acf":[],"yoast_head":"<!-- This site is optimized with the Yoast SEO plugin v27.5 - https:\/\/yoast.com\/product\/yoast-seo-wordpress\/ -->\n<title>PerfectFlow PVD Copper | Teka France<\/title>\n<meta name=\"robots\" content=\"index, follow, max-snippet:-1, max-image-preview:large, max-video-preview:-1\" \/>\n<link rel=\"canonical\" href=\"https:\/\/www.teka.com\/fr-fr\/produit\/perfectflow-pvd-copper_115890040\/\" \/>\n<meta property=\"og:locale\" content=\"fr_FR\" \/>\n<meta property=\"og:type\" content=\"article\" \/>\n<meta property=\"og:title\" content=\"PerfectFlow PVD Copper | Teka France\" \/>\n<meta property=\"og:description\" content=\"Set de personnalisation pour \u00e9viers Radea R10 Design exclusif Fabriqu\u00e9 en acier inoxydable avec traitement PVD, ce qui le rend plus r\u00e9sistant \u00e0 la corrosion Une cuisine plus propre au quotidien\" \/>\n<meta property=\"og:url\" content=\"https:\/\/www.teka.com\/fr-fr\/produit\/perfectflow-pvd-copper_115890040\/\" \/>\n<meta property=\"og:site_name\" content=\"Teka France\" \/>\n<meta name=\"twitter:card\" content=\"summary_large_image\" \/>\n<script type=\"application\/ld+json\" class=\"yoast-schema-graph\">{\"@context\":\"https:\\\/\\\/schema.org\",\"@graph\":[{\"@type\":\"WebPage\",\"@id\":\"https:\\\/\\\/www.teka.com\\\/fr-fr\\\/produit\\\/perfectflow-pvd-copper_115890040\\\/\",\"url\":\"https:\\\/\\\/www.teka.com\\\/fr-fr\\\/produit\\\/perfectflow-pvd-copper_115890040\\\/\",\"name\":\"PerfectFlow PVD Copper | Teka France\",\"isPartOf\":{\"@id\":\"https:\\\/\\\/www.teka.com\\\/fr-fr\\\/#website\"},\"datePublished\":\"2026-05-14T18:05:59+00:00\",\"inLanguage\":\"fr-FR\",\"potentialAction\":[{\"@type\":\"ReadAction\",\"target\":[\"https:\\\/\\\/www.teka.com\\\/fr-fr\\\/produit\\\/perfectflow-pvd-copper_115890040\\\/\"]}]},{\"@type\":\"WebSite\",\"@id\":\"https:\\\/\\\/www.teka.com\\\/fr-fr\\\/#website\",\"url\":\"https:\\\/\\\/www.teka.com\\\/fr-fr\\\/\",\"name\":\"Teka France\",\"description\":\"\",\"potentialAction\":[{\"@type\":\"SearchAction\",\"target\":{\"@type\":\"EntryPoint\",\"urlTemplate\":\"https:\\\/\\\/www.teka.com\\\/fr-fr\\\/?s={search_term_string}\"},\"query-input\":{\"@type\":\"PropertyValueSpecification\",\"valueRequired\":true,\"valueName\":\"search_term_string\"}}],\"inLanguage\":\"fr-FR\"}]}<\/script>\n<!-- \/ Yoast SEO plugin. -->","yoast_head_json":{"title":"PerfectFlow PVD Copper | Teka France","robots":{"index":"index","follow":"follow","max-snippet":"max-snippet:-1","max-image-preview":"max-image-preview:large","max-video-preview":"max-video-preview:-1"},"canonical":"https:\/\/www.teka.com\/fr-fr\/produit\/perfectflow-pvd-copper_115890040\/","og_locale":"fr_FR","og_type":"article","og_title":"PerfectFlow PVD Copper | Teka France","og_description":"Set de personnalisation pour \u00e9viers Radea R10 Design exclusif Fabriqu\u00e9 en acier inoxydable avec traitement PVD, ce qui le rend plus r\u00e9sistant \u00e0 la corrosion Une cuisine plus propre au quotidien","og_url":"https:\/\/www.teka.com\/fr-fr\/produit\/perfectflow-pvd-copper_115890040\/","og_site_name":"Teka France","twitter_card":"summary_large_image","schema":{"@context":"https:\/\/schema.org","@graph":[{"@type":"WebPage","@id":"https:\/\/www.teka.com\/fr-fr\/produit\/perfectflow-pvd-copper_115890040\/","url":"https:\/\/www.teka.com\/fr-fr\/produit\/perfectflow-pvd-copper_115890040\/","name":"PerfectFlow PVD Copper | Teka France","isPartOf":{"@id":"https:\/\/www.teka.com\/fr-fr\/#website"},"datePublished":"2026-05-14T18:05:59+00:00","inLanguage":"fr-FR","potentialAction":[{"@type":"ReadAction","target":["https:\/\/www.teka.com\/fr-fr\/produit\/perfectflow-pvd-copper_115890040\/"]}]},{"@type":"WebSite","@id":"https:\/\/www.teka.com\/fr-fr\/#website","url":"https:\/\/www.teka.com\/fr-fr\/","name":"Teka France","description":"","potentialAction":[{"@type":"SearchAction","target":{"@type":"EntryPoint","urlTemplate":"https:\/\/www.teka.com\/fr-fr\/?s={search_term_string}"},"query-input":{"@type":"PropertyValueSpecification","valueRequired":true,"valueName":"search_term_string"}}],"inLanguage":"fr-FR"}]}},"_links":{"self":[{"href":"https:\/\/www.teka.com\/fr-fr\/wp-json\/wp\/v2\/product\/62708","targetHints":{"allow":["GET"]}}],"collection":[{"href":"https:\/\/www.teka.com\/fr-fr\/wp-json\/wp\/v2\/product"}],"about":[{"href":"https:\/\/www.teka.com\/fr-fr\/wp-json\/wp\/v2\/types\/product"}],"wp:attachment":[{"href":"https:\/\/www.teka.com\/fr-fr\/wp-json\/wp\/v2\/media?parent=62708"}],"wp:term":[{"taxonomy":"product_cat","embeddable":true,"href":"https:\/\/www.teka.com\/fr-fr\/wp-json\/wp\/v2\/product_cat?post=62708"},{"taxonomy":"product_cleaning_system","embeddable":true,"href":"https:\/\/www.teka.com\/fr-fr\/wp-json\/wp\/v2\/product_cleaning_system?post=62708"},{"taxonomy":"product_3rd_basket","embeddable":true,"href":"https:\/\/www.teka.com\/fr-fr\/wp-json\/wp\/v2\/product_3rd_basket?post=62708"},{"taxonomy":"product_drawers","embeddable":true,"href":"https:\/\/www.teka.com\/fr-fr\/wp-json\/wp\/v2\/product_drawers?post=62708"},{"taxonomy":"product_type_of_installation","embeddable":true,"href":"https:\/\/www.teka.com\/fr-fr\/wp-json\/wp\/v2\/product_type_of_installation?post=62708"},{"taxonomy":"product_edition","embeddable":true,"href":"https:\/\/www.teka.com\/fr-fr\/wp-json\/wp\/v2\/product_edition?post=62708"},{"taxonomy":"product_serie","embeddable":true,"href":"https:\/\/www.teka.com\/fr-fr\/wp-json\/wp\/v2\/product_serie?post=62708"},{"taxonomy":"product_features","embeddable":true,"href":"https:\/\/www.teka.com\/fr-fr\/wp-json\/wp\/v2\/product_features?post=62708"},{"taxonomy":"finishes","embeddable":true,"href":"https:\/\/www.teka.com\/fr-fr\/wp-json\/wp\/v2\/finishes?post=62708"},{"taxonomy":"product_bundles","embeddable":true,"href":"https:\/\/www.teka.com\/fr-fr\/wp-json\/wp\/v2\/product_bundles?post=62708"},{"taxonomy":"product_energy_efficiency","embeddable":true,"href":"https:\/\/www.teka.com\/fr-fr\/wp-json\/wp\/v2\/product_energy_efficiency?post=62708"},{"taxonomy":"product_video_training","embeddable":true,"href":"https:\/\/www.teka.com\/fr-fr\/wp-json\/wp\/v2\/product_video_training?post=62708"}],"curies":[{"name":"wp","href":"https:\/\/api.w.org\/{rel}","templated":true}]}}