{"id":63055,"date":"2026-04-03T20:32:21","date_gmt":"2026-04-03T20:32:21","guid":{"rendered":"https:\/\/teka.com\/en-int\/flexlinea-rs15-50-40-copper_115000025"},"modified":"2026-04-02T01:32:22","modified_gmt":"2026-04-02T02:32:22","slug":"flexlinea-rs15-50-40-copper_115000025","status":"publish","type":"product","link":"https:\/\/www.teka.com\/fr-fr\/produit\/flexlinea-rs15-50-40-copper_115000025\/","title":{"rendered":"FlexLinea RS15 50.40"},"content":{"rendered":"<ul>\n<li>\u00c9vier une cuve<\/li>\n<li>Triple possibilit\u00e9 d\u2019installation : encastr\u00e9, int\u00e9gr\u00e9 \u00e0 fleur du<\/li>\n<li>plan de travail ou sous plan<\/li>\n<li>Inox 18\/10 traitement metal PVD sous vide couleur cuivre<\/li>\n<li>Cache d\u00e9coratif carr\u00e9<\/li>\n<\/ul>\n","protected":false},"featured_media":0,"parent":0,"template":"","product_cat":[4029],"product_cleaning_system":[],"product_3rd_basket":[],"product_drawers":[],"product_type_of_installation":[157354,157355,157358],"product_edition":[],"product_serie":[],"product_features":[],"finishes":[],"product_bundles":[],"product_energy_efficiency":[],"product_video_training":[],"class_list":["post-63055","product","type-product","status-publish","hentry","product_cat-eviers","usp-sinks-02","usp-sinks-04","usp-sinks-05","usp-sinks-06","usp-sinks-installation-01","usp-flexlinea-01","usp-edition-metallic-01","usp-edition-metallic-02","color-copper","product_icons-200mm","product_icons-hygiene","product_icons-r15","product_type_of_installation-a-fleur","product_type_of_installation-sous-plan","product_type_of_installation-encastre-top"],"acf":[],"yoast_head":"<!-- This site is optimized with the Yoast SEO plugin v27.2 - https:\/\/yoast.com\/product\/yoast-seo-wordpress\/ -->\n<title>FlexLinea RS15 50.40 | Teka France<\/title>\n<meta name=\"robots\" content=\"index, follow, max-snippet:-1, max-image-preview:large, max-video-preview:-1\" \/>\n<link rel=\"canonical\" href=\"https:\/\/www.teka.com\/fr-fr\/produit\/flexlinea-rs15-50-40-copper_115000025\/\" \/>\n<meta property=\"og:locale\" content=\"fr_FR\" \/>\n<meta property=\"og:type\" content=\"article\" \/>\n<meta property=\"og:title\" content=\"FlexLinea RS15 50.40 | Teka France\" \/>\n<meta property=\"og:description\" content=\"\u00c9vier une cuve Triple possibilit\u00e9 d\u2019installation : encastr\u00e9, int\u00e9gr\u00e9 \u00e0 fleur du plan de travail ou sous plan Inox 18\/10 traitement metal PVD sous vide couleur cuivre Cache d\u00e9coratif carr\u00e9\" \/>\n<meta property=\"og:url\" content=\"https:\/\/www.teka.com\/fr-fr\/produit\/flexlinea-rs15-50-40-copper_115000025\/\" \/>\n<meta property=\"og:site_name\" content=\"Teka France\" \/>\n<meta name=\"twitter:card\" content=\"summary_large_image\" \/>\n<script type=\"application\/ld+json\" class=\"yoast-schema-graph\">{\"@context\":\"https:\/\/schema.org\",\"@graph\":[{\"@type\":\"WebPage\",\"@id\":\"https:\/\/www.teka.com\/fr-fr\/produit\/flexlinea-rs15-50-40-copper_115000025\/\",\"url\":\"https:\/\/www.teka.com\/fr-fr\/produit\/flexlinea-rs15-50-40-copper_115000025\/\",\"name\":\"FlexLinea RS15 50.40 | Teka France\",\"isPartOf\":{\"@id\":\"https:\/\/www.teka.com\/fr-fr\/#website\"},\"datePublished\":\"2026-04-03T20:32:21+00:00\",\"inLanguage\":\"fr-FR\",\"potentialAction\":[{\"@type\":\"ReadAction\",\"target\":[\"https:\/\/www.teka.com\/fr-fr\/produit\/flexlinea-rs15-50-40-copper_115000025\/\"]}]},{\"@type\":\"WebSite\",\"@id\":\"https:\/\/www.teka.com\/fr-fr\/#website\",\"url\":\"https:\/\/www.teka.com\/fr-fr\/\",\"name\":\"Teka France\",\"description\":\"\",\"potentialAction\":[{\"@type\":\"SearchAction\",\"target\":{\"@type\":\"EntryPoint\",\"urlTemplate\":\"https:\/\/www.teka.com\/fr-fr\/?s={search_term_string}\"},\"query-input\":{\"@type\":\"PropertyValueSpecification\",\"valueRequired\":true,\"valueName\":\"search_term_string\"}}],\"inLanguage\":\"fr-FR\"}]}<\/script>\n<!-- \/ Yoast SEO plugin. -->","yoast_head_json":{"title":"FlexLinea RS15 50.40 | Teka France","robots":{"index":"index","follow":"follow","max-snippet":"max-snippet:-1","max-image-preview":"max-image-preview:large","max-video-preview":"max-video-preview:-1"},"canonical":"https:\/\/www.teka.com\/fr-fr\/produit\/flexlinea-rs15-50-40-copper_115000025\/","og_locale":"fr_FR","og_type":"article","og_title":"FlexLinea RS15 50.40 | Teka France","og_description":"\u00c9vier une cuve Triple possibilit\u00e9 d\u2019installation : encastr\u00e9, int\u00e9gr\u00e9 \u00e0 fleur du plan de travail ou sous plan Inox 18\/10 traitement metal PVD sous vide couleur cuivre Cache d\u00e9coratif carr\u00e9","og_url":"https:\/\/www.teka.com\/fr-fr\/produit\/flexlinea-rs15-50-40-copper_115000025\/","og_site_name":"Teka France","twitter_card":"summary_large_image","schema":{"@context":"https:\/\/schema.org","@graph":[{"@type":"WebPage","@id":"https:\/\/www.teka.com\/fr-fr\/produit\/flexlinea-rs15-50-40-copper_115000025\/","url":"https:\/\/www.teka.com\/fr-fr\/produit\/flexlinea-rs15-50-40-copper_115000025\/","name":"FlexLinea RS15 50.40 | Teka France","isPartOf":{"@id":"https:\/\/www.teka.com\/fr-fr\/#website"},"datePublished":"2026-04-03T20:32:21+00:00","inLanguage":"fr-FR","potentialAction":[{"@type":"ReadAction","target":["https:\/\/www.teka.com\/fr-fr\/produit\/flexlinea-rs15-50-40-copper_115000025\/"]}]},{"@type":"WebSite","@id":"https:\/\/www.teka.com\/fr-fr\/#website","url":"https:\/\/www.teka.com\/fr-fr\/","name":"Teka France","description":"","potentialAction":[{"@type":"SearchAction","target":{"@type":"EntryPoint","urlTemplate":"https:\/\/www.teka.com\/fr-fr\/?s={search_term_string}"},"query-input":{"@type":"PropertyValueSpecification","valueRequired":true,"valueName":"search_term_string"}}],"inLanguage":"fr-FR"}]}},"_links":{"self":[{"href":"https:\/\/www.teka.com\/fr-fr\/wp-json\/wp\/v2\/product\/63055","targetHints":{"allow":["GET"]}}],"collection":[{"href":"https:\/\/www.teka.com\/fr-fr\/wp-json\/wp\/v2\/product"}],"about":[{"href":"https:\/\/www.teka.com\/fr-fr\/wp-json\/wp\/v2\/types\/product"}],"wp:attachment":[{"href":"https:\/\/www.teka.com\/fr-fr\/wp-json\/wp\/v2\/media?parent=63055"}],"wp:term":[{"taxonomy":"product_cat","embeddable":true,"href":"https:\/\/www.teka.com\/fr-fr\/wp-json\/wp\/v2\/product_cat?post=63055"},{"taxonomy":"product_cleaning_system","embeddable":true,"href":"https:\/\/www.teka.com\/fr-fr\/wp-json\/wp\/v2\/product_cleaning_system?post=63055"},{"taxonomy":"product_3rd_basket","embeddable":true,"href":"https:\/\/www.teka.com\/fr-fr\/wp-json\/wp\/v2\/product_3rd_basket?post=63055"},{"taxonomy":"product_drawers","embeddable":true,"href":"https:\/\/www.teka.com\/fr-fr\/wp-json\/wp\/v2\/product_drawers?post=63055"},{"taxonomy":"product_type_of_installation","embeddable":true,"href":"https:\/\/www.teka.com\/fr-fr\/wp-json\/wp\/v2\/product_type_of_installation?post=63055"},{"taxonomy":"product_edition","embeddable":true,"href":"https:\/\/www.teka.com\/fr-fr\/wp-json\/wp\/v2\/product_edition?post=63055"},{"taxonomy":"product_serie","embeddable":true,"href":"https:\/\/www.teka.com\/fr-fr\/wp-json\/wp\/v2\/product_serie?post=63055"},{"taxonomy":"product_features","embeddable":true,"href":"https:\/\/www.teka.com\/fr-fr\/wp-json\/wp\/v2\/product_features?post=63055"},{"taxonomy":"finishes","embeddable":true,"href":"https:\/\/www.teka.com\/fr-fr\/wp-json\/wp\/v2\/finishes?post=63055"},{"taxonomy":"product_bundles","embeddable":true,"href":"https:\/\/www.teka.com\/fr-fr\/wp-json\/wp\/v2\/product_bundles?post=63055"},{"taxonomy":"product_energy_efficiency","embeddable":true,"href":"https:\/\/www.teka.com\/fr-fr\/wp-json\/wp\/v2\/product_energy_efficiency?post=63055"},{"taxonomy":"product_video_training","embeddable":true,"href":"https:\/\/www.teka.com\/fr-fr\/wp-json\/wp\/v2\/product_video_training?post=63055"}],"curies":[{"name":"wp","href":"https:\/\/api.w.org\/{rel}","templated":true}]}}