{"id":63061,"date":"2026-04-26T15:58:16","date_gmt":"2026-04-26T15:58:16","guid":{"rendered":"https:\/\/teka.com\/fr-fr\/dht-96340-wh_112910004"},"modified":"2026-03-14T08:29:22","modified_gmt":"2026-03-14T09:29:22","slug":"dht-96340-wh_112910004","status":"publish","type":"product","link":"https:\/\/www.teka.com\/fr-fr\/produit\/dht-96340-wh_112910004\/","title":{"rendered":"DHT 96340 WH"},"content":{"rendered":"<ul>\n<li>Hotte de plafond<\/li>\n<li>Commande \u00e9lectronique<\/li>\n<li>T\u00e9l\u00e9commande<\/li>\n<li>3 vitesses + 1 intensive<\/li>\n<li>Programmateur d&rsquo;arr\u00eat diff\u00e9r\u00e9<\/li>\n<\/ul>\n","protected":false},"featured_media":0,"parent":0,"template":"","product_cat":[4023],"product_cleaning_system":[],"product_3rd_basket":[],"product_drawers":[],"product_type_of_installation":[],"product_edition":[],"product_serie":[],"product_features":[],"finishes":[],"product_bundles":[],"product_energy_efficiency":[157884],"product_video_training":[],"class_list":["post-63061","product","type-product","status-publish","hentry","product_cat-hottes","usp-hoods-04","usp-hoods-06","usp-hoods-10","color-blanc","product_type_of_appliance-decoratives","product_ambient-ambient-23","product_icons-freshair","product_icons-remote-control","product_icons-led","product_icons-perimeter-extraction","product_icons-stop-delay-timer","product_energy_efficiency-b-icon"],"acf":[],"yoast_head":"<!-- This site is optimized with the Yoast SEO plugin v27.5 - https:\/\/yoast.com\/product\/yoast-seo-wordpress\/ -->\n<title>DHT 96340 WH | Teka France<\/title>\n<meta name=\"robots\" content=\"index, follow, max-snippet:-1, max-image-preview:large, max-video-preview:-1\" \/>\n<link rel=\"canonical\" href=\"https:\/\/www.teka.com\/fr-fr\/produit\/dht-96340-wh_112910004\/\" \/>\n<meta property=\"og:locale\" content=\"fr_FR\" \/>\n<meta property=\"og:type\" content=\"article\" \/>\n<meta property=\"og:title\" content=\"DHT 96340 WH | Teka France\" \/>\n<meta property=\"og:description\" content=\"Hotte de plafond Commande \u00e9lectronique T\u00e9l\u00e9commande 3 vitesses + 1 intensive Programmateur d&rsquo;arr\u00eat diff\u00e9r\u00e9\" \/>\n<meta property=\"og:url\" content=\"https:\/\/www.teka.com\/fr-fr\/produit\/dht-96340-wh_112910004\/\" \/>\n<meta property=\"og:site_name\" content=\"Teka France\" \/>\n<meta name=\"twitter:card\" content=\"summary_large_image\" \/>\n<script type=\"application\/ld+json\" class=\"yoast-schema-graph\">{\"@context\":\"https:\\\/\\\/schema.org\",\"@graph\":[{\"@type\":\"WebPage\",\"@id\":\"https:\\\/\\\/www.teka.com\\\/fr-fr\\\/produit\\\/dht-96340-wh_112910004\\\/\",\"url\":\"https:\\\/\\\/www.teka.com\\\/fr-fr\\\/produit\\\/dht-96340-wh_112910004\\\/\",\"name\":\"DHT 96340 WH | Teka France\",\"isPartOf\":{\"@id\":\"https:\\\/\\\/www.teka.com\\\/fr-fr\\\/#website\"},\"datePublished\":\"2026-04-26T15:58:16+00:00\",\"inLanguage\":\"fr-FR\",\"potentialAction\":[{\"@type\":\"ReadAction\",\"target\":[\"https:\\\/\\\/www.teka.com\\\/fr-fr\\\/produit\\\/dht-96340-wh_112910004\\\/\"]}]},{\"@type\":\"WebSite\",\"@id\":\"https:\\\/\\\/www.teka.com\\\/fr-fr\\\/#website\",\"url\":\"https:\\\/\\\/www.teka.com\\\/fr-fr\\\/\",\"name\":\"Teka France\",\"description\":\"\",\"potentialAction\":[{\"@type\":\"SearchAction\",\"target\":{\"@type\":\"EntryPoint\",\"urlTemplate\":\"https:\\\/\\\/www.teka.com\\\/fr-fr\\\/?s={search_term_string}\"},\"query-input\":{\"@type\":\"PropertyValueSpecification\",\"valueRequired\":true,\"valueName\":\"search_term_string\"}}],\"inLanguage\":\"fr-FR\"}]}<\/script>\n<!-- \/ Yoast SEO plugin. -->","yoast_head_json":{"title":"DHT 96340 WH | Teka France","robots":{"index":"index","follow":"follow","max-snippet":"max-snippet:-1","max-image-preview":"max-image-preview:large","max-video-preview":"max-video-preview:-1"},"canonical":"https:\/\/www.teka.com\/fr-fr\/produit\/dht-96340-wh_112910004\/","og_locale":"fr_FR","og_type":"article","og_title":"DHT 96340 WH | Teka France","og_description":"Hotte de plafond Commande \u00e9lectronique T\u00e9l\u00e9commande 3 vitesses + 1 intensive Programmateur d&rsquo;arr\u00eat diff\u00e9r\u00e9","og_url":"https:\/\/www.teka.com\/fr-fr\/produit\/dht-96340-wh_112910004\/","og_site_name":"Teka France","twitter_card":"summary_large_image","schema":{"@context":"https:\/\/schema.org","@graph":[{"@type":"WebPage","@id":"https:\/\/www.teka.com\/fr-fr\/produit\/dht-96340-wh_112910004\/","url":"https:\/\/www.teka.com\/fr-fr\/produit\/dht-96340-wh_112910004\/","name":"DHT 96340 WH | Teka France","isPartOf":{"@id":"https:\/\/www.teka.com\/fr-fr\/#website"},"datePublished":"2026-04-26T15:58:16+00:00","inLanguage":"fr-FR","potentialAction":[{"@type":"ReadAction","target":["https:\/\/www.teka.com\/fr-fr\/produit\/dht-96340-wh_112910004\/"]}]},{"@type":"WebSite","@id":"https:\/\/www.teka.com\/fr-fr\/#website","url":"https:\/\/www.teka.com\/fr-fr\/","name":"Teka France","description":"","potentialAction":[{"@type":"SearchAction","target":{"@type":"EntryPoint","urlTemplate":"https:\/\/www.teka.com\/fr-fr\/?s={search_term_string}"},"query-input":{"@type":"PropertyValueSpecification","valueRequired":true,"valueName":"search_term_string"}}],"inLanguage":"fr-FR"}]}},"_links":{"self":[{"href":"https:\/\/www.teka.com\/fr-fr\/wp-json\/wp\/v2\/product\/63061","targetHints":{"allow":["GET"]}}],"collection":[{"href":"https:\/\/www.teka.com\/fr-fr\/wp-json\/wp\/v2\/product"}],"about":[{"href":"https:\/\/www.teka.com\/fr-fr\/wp-json\/wp\/v2\/types\/product"}],"wp:attachment":[{"href":"https:\/\/www.teka.com\/fr-fr\/wp-json\/wp\/v2\/media?parent=63061"}],"wp:term":[{"taxonomy":"product_cat","embeddable":true,"href":"https:\/\/www.teka.com\/fr-fr\/wp-json\/wp\/v2\/product_cat?post=63061"},{"taxonomy":"product_cleaning_system","embeddable":true,"href":"https:\/\/www.teka.com\/fr-fr\/wp-json\/wp\/v2\/product_cleaning_system?post=63061"},{"taxonomy":"product_3rd_basket","embeddable":true,"href":"https:\/\/www.teka.com\/fr-fr\/wp-json\/wp\/v2\/product_3rd_basket?post=63061"},{"taxonomy":"product_drawers","embeddable":true,"href":"https:\/\/www.teka.com\/fr-fr\/wp-json\/wp\/v2\/product_drawers?post=63061"},{"taxonomy":"product_type_of_installation","embeddable":true,"href":"https:\/\/www.teka.com\/fr-fr\/wp-json\/wp\/v2\/product_type_of_installation?post=63061"},{"taxonomy":"product_edition","embeddable":true,"href":"https:\/\/www.teka.com\/fr-fr\/wp-json\/wp\/v2\/product_edition?post=63061"},{"taxonomy":"product_serie","embeddable":true,"href":"https:\/\/www.teka.com\/fr-fr\/wp-json\/wp\/v2\/product_serie?post=63061"},{"taxonomy":"product_features","embeddable":true,"href":"https:\/\/www.teka.com\/fr-fr\/wp-json\/wp\/v2\/product_features?post=63061"},{"taxonomy":"finishes","embeddable":true,"href":"https:\/\/www.teka.com\/fr-fr\/wp-json\/wp\/v2\/finishes?post=63061"},{"taxonomy":"product_bundles","embeddable":true,"href":"https:\/\/www.teka.com\/fr-fr\/wp-json\/wp\/v2\/product_bundles?post=63061"},{"taxonomy":"product_energy_efficiency","embeddable":true,"href":"https:\/\/www.teka.com\/fr-fr\/wp-json\/wp\/v2\/product_energy_efficiency?post=63061"},{"taxonomy":"product_video_training","embeddable":true,"href":"https:\/\/www.teka.com\/fr-fr\/wp-json\/wp\/v2\/product_video_training?post=63061"}],"curies":[{"name":"wp","href":"https:\/\/api.w.org\/{rel}","templated":true}]}}