{"id":63073,"date":"2026-04-07T20:28:45","date_gmt":"2026-04-07T20:28:45","guid":{"rendered":"https:\/\/teka.com\/en-ae\/starbright-60-e-xn-1%c2%bdb-1d_115150002"},"modified":"2026-03-14T07:26:10","modified_gmt":"2026-03-14T08:26:10","slug":"starbright-60-e-xn-1%c2%bdb-1d_115150002","status":"publish","type":"product","link":"https:\/\/www.teka.com\/fr-fr\/produit\/starbright-60-e-xn-1%c2%bdb-1d_115150002\/","title":{"rendered":"Starbright 60 E-XN 1\u00bdB 1D"},"content":{"rendered":"<ul>\n<li>\u00c9vier en acier inoxydable<\/li>\n<li>Finition mate<\/li>\n<li>Une cuve, une cuve auxiliaire et un \u00e9gouttoir, r\u00e9versibles<\/li>\n<li>Encastrable<\/li>\n<li>\u00c9vacuation manuelle<\/li>\n<li>Bonde \u00e0 panier 3\u00bd\u201d et siphon<\/li>\n<li>Cuve de 160 et 100 mm de profondeur<\/li>\n<li>Meuble de 60 cm<\/li>\n<\/ul>\n","protected":false},"featured_media":0,"parent":0,"template":"","product_cat":[4029],"product_cleaning_system":[],"product_3rd_basket":[],"product_drawers":[],"product_type_of_installation":[157343],"product_edition":[],"product_serie":[],"product_features":[],"finishes":[],"product_bundles":[],"product_energy_efficiency":[],"product_video_training":[],"class_list":["post-63073","product","type-product","status-publish","hentry","product_cat-eviers","usp-sinks-02","usp-starbright-01","color-chrome-mat","product_icons-lifetime-warranty","product_type_of_installation-pose-libre"],"acf":[],"yoast_head":"<!-- This site is optimized with the Yoast SEO plugin v27.2 - https:\/\/yoast.com\/product\/yoast-seo-wordpress\/ -->\n<title>Starbright 60 E-XN 1\u00bdB 1D | Teka France<\/title>\n<meta name=\"robots\" content=\"index, follow, max-snippet:-1, max-image-preview:large, max-video-preview:-1\" \/>\n<link rel=\"canonical\" href=\"https:\/\/www.teka.com\/fr-fr\/produit\/starbright-60-e-xn-1\u00bdb-1d_115150002\/\" \/>\n<meta property=\"og:locale\" content=\"fr_FR\" \/>\n<meta property=\"og:type\" content=\"article\" \/>\n<meta property=\"og:title\" content=\"Starbright 60 E-XN 1\u00bdB 1D | Teka France\" \/>\n<meta property=\"og:description\" content=\"\u00c9vier en acier inoxydable Finition mate Une cuve, une cuve auxiliaire et un \u00e9gouttoir, r\u00e9versibles Encastrable \u00c9vacuation manuelle Bonde \u00e0 panier 3\u00bd\u201d et siphon Cuve de 160 et 100 mm de profondeur Meuble de 60 cm\" \/>\n<meta property=\"og:url\" content=\"https:\/\/www.teka.com\/fr-fr\/produit\/starbright-60-e-xn-1\u00bdb-1d_115150002\/\" \/>\n<meta property=\"og:site_name\" content=\"Teka France\" \/>\n<meta name=\"twitter:card\" content=\"summary_large_image\" \/>\n<script type=\"application\/ld+json\" class=\"yoast-schema-graph\">{\"@context\":\"https:\/\/schema.org\",\"@graph\":[{\"@type\":\"WebPage\",\"@id\":\"https:\/\/www.teka.com\/fr-fr\/produit\/starbright-60-e-xn-1%c2%bdb-1d_115150002\/\",\"url\":\"https:\/\/www.teka.com\/fr-fr\/produit\/starbright-60-e-xn-1%c2%bdb-1d_115150002\/\",\"name\":\"Starbright 60 E-XN 1\u00bdB 1D | Teka France\",\"isPartOf\":{\"@id\":\"https:\/\/www.teka.com\/fr-fr\/#website\"},\"datePublished\":\"2026-04-07T20:28:45+00:00\",\"inLanguage\":\"fr-FR\",\"potentialAction\":[{\"@type\":\"ReadAction\",\"target\":[\"https:\/\/www.teka.com\/fr-fr\/produit\/starbright-60-e-xn-1%c2%bdb-1d_115150002\/\"]}]},{\"@type\":\"WebSite\",\"@id\":\"https:\/\/www.teka.com\/fr-fr\/#website\",\"url\":\"https:\/\/www.teka.com\/fr-fr\/\",\"name\":\"Teka France\",\"description\":\"\",\"potentialAction\":[{\"@type\":\"SearchAction\",\"target\":{\"@type\":\"EntryPoint\",\"urlTemplate\":\"https:\/\/www.teka.com\/fr-fr\/?s={search_term_string}\"},\"query-input\":{\"@type\":\"PropertyValueSpecification\",\"valueRequired\":true,\"valueName\":\"search_term_string\"}}],\"inLanguage\":\"fr-FR\"}]}<\/script>\n<!-- \/ Yoast SEO plugin. -->","yoast_head_json":{"title":"Starbright 60 E-XN 1\u00bdB 1D | Teka France","robots":{"index":"index","follow":"follow","max-snippet":"max-snippet:-1","max-image-preview":"max-image-preview:large","max-video-preview":"max-video-preview:-1"},"canonical":"https:\/\/www.teka.com\/fr-fr\/produit\/starbright-60-e-xn-1\u00bdb-1d_115150002\/","og_locale":"fr_FR","og_type":"article","og_title":"Starbright 60 E-XN 1\u00bdB 1D | Teka France","og_description":"\u00c9vier en acier inoxydable Finition mate Une cuve, une cuve auxiliaire et un \u00e9gouttoir, r\u00e9versibles Encastrable \u00c9vacuation manuelle Bonde \u00e0 panier 3\u00bd\u201d et siphon Cuve de 160 et 100 mm de profondeur Meuble de 60 cm","og_url":"https:\/\/www.teka.com\/fr-fr\/produit\/starbright-60-e-xn-1\u00bdb-1d_115150002\/","og_site_name":"Teka France","twitter_card":"summary_large_image","schema":{"@context":"https:\/\/schema.org","@graph":[{"@type":"WebPage","@id":"https:\/\/www.teka.com\/fr-fr\/produit\/starbright-60-e-xn-1%c2%bdb-1d_115150002\/","url":"https:\/\/www.teka.com\/fr-fr\/produit\/starbright-60-e-xn-1%c2%bdb-1d_115150002\/","name":"Starbright 60 E-XN 1\u00bdB 1D | Teka France","isPartOf":{"@id":"https:\/\/www.teka.com\/fr-fr\/#website"},"datePublished":"2026-04-07T20:28:45+00:00","inLanguage":"fr-FR","potentialAction":[{"@type":"ReadAction","target":["https:\/\/www.teka.com\/fr-fr\/produit\/starbright-60-e-xn-1%c2%bdb-1d_115150002\/"]}]},{"@type":"WebSite","@id":"https:\/\/www.teka.com\/fr-fr\/#website","url":"https:\/\/www.teka.com\/fr-fr\/","name":"Teka France","description":"","potentialAction":[{"@type":"SearchAction","target":{"@type":"EntryPoint","urlTemplate":"https:\/\/www.teka.com\/fr-fr\/?s={search_term_string}"},"query-input":{"@type":"PropertyValueSpecification","valueRequired":true,"valueName":"search_term_string"}}],"inLanguage":"fr-FR"}]}},"_links":{"self":[{"href":"https:\/\/www.teka.com\/fr-fr\/wp-json\/wp\/v2\/product\/63073","targetHints":{"allow":["GET"]}}],"collection":[{"href":"https:\/\/www.teka.com\/fr-fr\/wp-json\/wp\/v2\/product"}],"about":[{"href":"https:\/\/www.teka.com\/fr-fr\/wp-json\/wp\/v2\/types\/product"}],"wp:attachment":[{"href":"https:\/\/www.teka.com\/fr-fr\/wp-json\/wp\/v2\/media?parent=63073"}],"wp:term":[{"taxonomy":"product_cat","embeddable":true,"href":"https:\/\/www.teka.com\/fr-fr\/wp-json\/wp\/v2\/product_cat?post=63073"},{"taxonomy":"product_cleaning_system","embeddable":true,"href":"https:\/\/www.teka.com\/fr-fr\/wp-json\/wp\/v2\/product_cleaning_system?post=63073"},{"taxonomy":"product_3rd_basket","embeddable":true,"href":"https:\/\/www.teka.com\/fr-fr\/wp-json\/wp\/v2\/product_3rd_basket?post=63073"},{"taxonomy":"product_drawers","embeddable":true,"href":"https:\/\/www.teka.com\/fr-fr\/wp-json\/wp\/v2\/product_drawers?post=63073"},{"taxonomy":"product_type_of_installation","embeddable":true,"href":"https:\/\/www.teka.com\/fr-fr\/wp-json\/wp\/v2\/product_type_of_installation?post=63073"},{"taxonomy":"product_edition","embeddable":true,"href":"https:\/\/www.teka.com\/fr-fr\/wp-json\/wp\/v2\/product_edition?post=63073"},{"taxonomy":"product_serie","embeddable":true,"href":"https:\/\/www.teka.com\/fr-fr\/wp-json\/wp\/v2\/product_serie?post=63073"},{"taxonomy":"product_features","embeddable":true,"href":"https:\/\/www.teka.com\/fr-fr\/wp-json\/wp\/v2\/product_features?post=63073"},{"taxonomy":"finishes","embeddable":true,"href":"https:\/\/www.teka.com\/fr-fr\/wp-json\/wp\/v2\/finishes?post=63073"},{"taxonomy":"product_bundles","embeddable":true,"href":"https:\/\/www.teka.com\/fr-fr\/wp-json\/wp\/v2\/product_bundles?post=63073"},{"taxonomy":"product_energy_efficiency","embeddable":true,"href":"https:\/\/www.teka.com\/fr-fr\/wp-json\/wp\/v2\/product_energy_efficiency?post=63073"},{"taxonomy":"product_video_training","embeddable":true,"href":"https:\/\/www.teka.com\/fr-fr\/wp-json\/wp\/v2\/product_video_training?post=63073"}],"curies":[{"name":"wp","href":"https:\/\/api.w.org\/{rel}","templated":true}]}}