{"id":63075,"date":"2026-04-07T20:28:32","date_gmt":"2026-04-07T20:28:32","guid":{"rendered":"https:\/\/teka.com\/en-int\/starbright-80-e-xp-2b-1d_115180001"},"modified":"2026-04-02T02:39:23","modified_gmt":"2026-04-02T03:39:23","slug":"starbright-80-e-xp-2b-1d_115180001","status":"publish","type":"product","link":"https:\/\/www.teka.com\/fr-fr\/produit\/starbright-80-e-xp-2b-1d_115180001\/","title":{"rendered":"Starbright 80 E-XP 2B 1D"},"content":{"rendered":"<ul>\n<li>\u00c9vier en acier inoxydable<\/li>\n<li>Finition polie<\/li>\n<li>Une cuve, une cuve auxiliaire et un \u00e9gouttoir, r\u00e9versibles<\/li>\n<li>Encastrable<\/li>\n<li>\u00c9vacuation manuelle<\/li>\n<li>Bonde \u00e0 panier 3\u00bd\u201d et siphon<\/li>\n<li>Cuve de 160 mm de profondeur<\/li>\n<li>Meuble de 80 cm<\/li>\n<\/ul>\n","protected":false},"featured_media":0,"parent":0,"template":"","product_cat":[4029],"product_cleaning_system":[],"product_3rd_basket":[],"product_drawers":[],"product_type_of_installation":[157343],"product_edition":[],"product_serie":[],"product_features":[],"finishes":[],"product_bundles":[],"product_energy_efficiency":[],"product_video_training":[],"class_list":["post-63075","product","type-product","status-publish","hentry","product_cat-eviers","usp-sinks-02","usp-starbright-01","color-acier-inoxydable","product_type_of_appliance-inox","product_icons-lifetime-warranty","product_icons-hygiene","product_type_of_installation-pose-libre"],"acf":[],"yoast_head":"<!-- This site is optimized with the Yoast SEO plugin v27.2 - https:\/\/yoast.com\/product\/yoast-seo-wordpress\/ -->\n<title>Starbright 80 E-XP 2B 1D | Teka France<\/title>\n<meta name=\"robots\" content=\"index, follow, max-snippet:-1, max-image-preview:large, max-video-preview:-1\" \/>\n<link rel=\"canonical\" href=\"https:\/\/www.teka.com\/fr-fr\/produit\/starbright-80-e-xp-2b-1d_115180001\/\" \/>\n<meta property=\"og:locale\" content=\"fr_FR\" \/>\n<meta property=\"og:type\" content=\"article\" \/>\n<meta property=\"og:title\" content=\"Starbright 80 E-XP 2B 1D | Teka France\" \/>\n<meta property=\"og:description\" content=\"\u00c9vier en acier inoxydable Finition polie Une cuve, une cuve auxiliaire et un \u00e9gouttoir, r\u00e9versibles Encastrable \u00c9vacuation manuelle Bonde \u00e0 panier 3\u00bd\u201d et siphon Cuve de 160 mm de profondeur Meuble de 80 cm\" \/>\n<meta property=\"og:url\" content=\"https:\/\/www.teka.com\/fr-fr\/produit\/starbright-80-e-xp-2b-1d_115180001\/\" \/>\n<meta property=\"og:site_name\" content=\"Teka France\" \/>\n<meta name=\"twitter:card\" content=\"summary_large_image\" \/>\n<script type=\"application\/ld+json\" class=\"yoast-schema-graph\">{\"@context\":\"https:\/\/schema.org\",\"@graph\":[{\"@type\":\"WebPage\",\"@id\":\"https:\/\/www.teka.com\/fr-fr\/produit\/starbright-80-e-xp-2b-1d_115180001\/\",\"url\":\"https:\/\/www.teka.com\/fr-fr\/produit\/starbright-80-e-xp-2b-1d_115180001\/\",\"name\":\"Starbright 80 E-XP 2B 1D | Teka France\",\"isPartOf\":{\"@id\":\"https:\/\/www.teka.com\/fr-fr\/#website\"},\"datePublished\":\"2026-04-07T20:28:32+00:00\",\"inLanguage\":\"fr-FR\",\"potentialAction\":[{\"@type\":\"ReadAction\",\"target\":[\"https:\/\/www.teka.com\/fr-fr\/produit\/starbright-80-e-xp-2b-1d_115180001\/\"]}]},{\"@type\":\"WebSite\",\"@id\":\"https:\/\/www.teka.com\/fr-fr\/#website\",\"url\":\"https:\/\/www.teka.com\/fr-fr\/\",\"name\":\"Teka France\",\"description\":\"\",\"potentialAction\":[{\"@type\":\"SearchAction\",\"target\":{\"@type\":\"EntryPoint\",\"urlTemplate\":\"https:\/\/www.teka.com\/fr-fr\/?s={search_term_string}\"},\"query-input\":{\"@type\":\"PropertyValueSpecification\",\"valueRequired\":true,\"valueName\":\"search_term_string\"}}],\"inLanguage\":\"fr-FR\"}]}<\/script>\n<!-- \/ Yoast SEO plugin. -->","yoast_head_json":{"title":"Starbright 80 E-XP 2B 1D | Teka France","robots":{"index":"index","follow":"follow","max-snippet":"max-snippet:-1","max-image-preview":"max-image-preview:large","max-video-preview":"max-video-preview:-1"},"canonical":"https:\/\/www.teka.com\/fr-fr\/produit\/starbright-80-e-xp-2b-1d_115180001\/","og_locale":"fr_FR","og_type":"article","og_title":"Starbright 80 E-XP 2B 1D | Teka France","og_description":"\u00c9vier en acier inoxydable Finition polie Une cuve, une cuve auxiliaire et un \u00e9gouttoir, r\u00e9versibles Encastrable \u00c9vacuation manuelle Bonde \u00e0 panier 3\u00bd\u201d et siphon Cuve de 160 mm de profondeur Meuble de 80 cm","og_url":"https:\/\/www.teka.com\/fr-fr\/produit\/starbright-80-e-xp-2b-1d_115180001\/","og_site_name":"Teka France","twitter_card":"summary_large_image","schema":{"@context":"https:\/\/schema.org","@graph":[{"@type":"WebPage","@id":"https:\/\/www.teka.com\/fr-fr\/produit\/starbright-80-e-xp-2b-1d_115180001\/","url":"https:\/\/www.teka.com\/fr-fr\/produit\/starbright-80-e-xp-2b-1d_115180001\/","name":"Starbright 80 E-XP 2B 1D | Teka France","isPartOf":{"@id":"https:\/\/www.teka.com\/fr-fr\/#website"},"datePublished":"2026-04-07T20:28:32+00:00","inLanguage":"fr-FR","potentialAction":[{"@type":"ReadAction","target":["https:\/\/www.teka.com\/fr-fr\/produit\/starbright-80-e-xp-2b-1d_115180001\/"]}]},{"@type":"WebSite","@id":"https:\/\/www.teka.com\/fr-fr\/#website","url":"https:\/\/www.teka.com\/fr-fr\/","name":"Teka France","description":"","potentialAction":[{"@type":"SearchAction","target":{"@type":"EntryPoint","urlTemplate":"https:\/\/www.teka.com\/fr-fr\/?s={search_term_string}"},"query-input":{"@type":"PropertyValueSpecification","valueRequired":true,"valueName":"search_term_string"}}],"inLanguage":"fr-FR"}]}},"_links":{"self":[{"href":"https:\/\/www.teka.com\/fr-fr\/wp-json\/wp\/v2\/product\/63075","targetHints":{"allow":["GET"]}}],"collection":[{"href":"https:\/\/www.teka.com\/fr-fr\/wp-json\/wp\/v2\/product"}],"about":[{"href":"https:\/\/www.teka.com\/fr-fr\/wp-json\/wp\/v2\/types\/product"}],"wp:attachment":[{"href":"https:\/\/www.teka.com\/fr-fr\/wp-json\/wp\/v2\/media?parent=63075"}],"wp:term":[{"taxonomy":"product_cat","embeddable":true,"href":"https:\/\/www.teka.com\/fr-fr\/wp-json\/wp\/v2\/product_cat?post=63075"},{"taxonomy":"product_cleaning_system","embeddable":true,"href":"https:\/\/www.teka.com\/fr-fr\/wp-json\/wp\/v2\/product_cleaning_system?post=63075"},{"taxonomy":"product_3rd_basket","embeddable":true,"href":"https:\/\/www.teka.com\/fr-fr\/wp-json\/wp\/v2\/product_3rd_basket?post=63075"},{"taxonomy":"product_drawers","embeddable":true,"href":"https:\/\/www.teka.com\/fr-fr\/wp-json\/wp\/v2\/product_drawers?post=63075"},{"taxonomy":"product_type_of_installation","embeddable":true,"href":"https:\/\/www.teka.com\/fr-fr\/wp-json\/wp\/v2\/product_type_of_installation?post=63075"},{"taxonomy":"product_edition","embeddable":true,"href":"https:\/\/www.teka.com\/fr-fr\/wp-json\/wp\/v2\/product_edition?post=63075"},{"taxonomy":"product_serie","embeddable":true,"href":"https:\/\/www.teka.com\/fr-fr\/wp-json\/wp\/v2\/product_serie?post=63075"},{"taxonomy":"product_features","embeddable":true,"href":"https:\/\/www.teka.com\/fr-fr\/wp-json\/wp\/v2\/product_features?post=63075"},{"taxonomy":"finishes","embeddable":true,"href":"https:\/\/www.teka.com\/fr-fr\/wp-json\/wp\/v2\/finishes?post=63075"},{"taxonomy":"product_bundles","embeddable":true,"href":"https:\/\/www.teka.com\/fr-fr\/wp-json\/wp\/v2\/product_bundles?post=63075"},{"taxonomy":"product_energy_efficiency","embeddable":true,"href":"https:\/\/www.teka.com\/fr-fr\/wp-json\/wp\/v2\/product_energy_efficiency?post=63075"},{"taxonomy":"product_video_training","embeddable":true,"href":"https:\/\/www.teka.com\/fr-fr\/wp-json\/wp\/v2\/product_video_training?post=63075"}],"curies":[{"name":"wp","href":"https:\/\/api.w.org\/{rel}","templated":true}]}}