{"id":63151,"date":"2026-05-04T15:34:45","date_gmt":"2026-05-04T15:34:45","guid":{"rendered":"https:\/\/teka.com\/fr-fr\/rbf-43321-fi-wh_113570024"},"modified":"2026-05-04T01:34:45","modified_gmt":"2026-05-04T02:34:45","slug":"rbf-43321-fi-wh_113570024","status":"publish","type":"product","link":"https:\/\/www.teka.com\/fr-fr\/produit\/rbf-43321-fi-wh_113570024\/","title":{"rendered":"RBF 43321 FI WH"},"content":{"rendered":"<ul>\n<li>Combin\u00e9 r\u00e9frig\u00e9rateur cong\u00e9lateur int\u00e9grable<\/li>\n<li>R\u00e9frig\u00e9rateur : Froid Statique<\/li>\n<li>Cong\u00e9lateur Low Frost (50% de givre en moins)<\/li>\n<li>Eclairage LED<\/li>\n<li>Thermostat \u00e9lectronique r\u00e9glabe<\/li>\n<li>1 tiroir \u00e0 l\u00e9gumes<\/li>\n<li>Etag\u00e8res verre r\u00e9frig\u00e9rateur,<\/li>\n<li>Tiroir fresh zone3 compartiments cong\u00e9lateur<\/li>\n<li>D\u00e9givrage automatique r\u00e9frig\u00e9rateur<\/li>\n<li>Alarme acoustique cong\u00e9lateur<\/li>\n<li>Installation porte coulissante<\/li>\n<li>Porte r\u00e9versible<\/li>\n<li>Pieds avant r\u00e9glables<\/li>\n<li>Capacit\u00e9 nette : total : 247L, r\u00e9frig\u00e9rateur : 182L, cong\u00e9lateur 65L,<\/li>\n<li>Niveau sonore : 39 dBA<\/li>\n<li>Classe climatique : ST<\/li>\n<li>Classe \u00e9nerg\u00e9tique E<\/li>\n<\/ul>\n","protected":false},"featured_media":0,"parent":0,"template":"","product_cat":[157927],"product_cleaning_system":[],"product_3rd_basket":[],"product_drawers":[],"product_type_of_installation":[157336],"product_edition":[],"product_serie":[],"product_features":[],"finishes":[],"product_bundles":[],"product_energy_efficiency":[157399],"product_video_training":[],"class_list":["post-63151","product","type-product","status-publish","hentry","product_cat-gamme-du-froid","product_type_of_appliance-refrigerateurs","product_icons-led","product_type_of_installation-integre","product_energy_efficiency-e-ue-icon-new"],"acf":[],"yoast_head":"<!-- This site is optimized with the Yoast SEO plugin v27.5 - https:\/\/yoast.com\/product\/yoast-seo-wordpress\/ -->\n<title>RBF 43321 FI WH | Teka France<\/title>\n<meta name=\"robots\" content=\"index, follow, max-snippet:-1, max-image-preview:large, max-video-preview:-1\" \/>\n<link rel=\"canonical\" href=\"https:\/\/www.teka.com\/fr-fr\/produit\/rbf-43321-fi-wh_113570024\/\" \/>\n<meta property=\"og:locale\" content=\"fr_FR\" \/>\n<meta property=\"og:type\" content=\"article\" \/>\n<meta property=\"og:title\" content=\"RBF 43321 FI WH | Teka France\" \/>\n<meta property=\"og:description\" content=\"Combin\u00e9 r\u00e9frig\u00e9rateur cong\u00e9lateur int\u00e9grable R\u00e9frig\u00e9rateur : Froid Statique Cong\u00e9lateur Low Frost (50% de givre en moins) Eclairage LED Thermostat \u00e9lectronique r\u00e9glabe 1 tiroir \u00e0 l\u00e9gumes Etag\u00e8res verre r\u00e9frig\u00e9rateur, Tiroir fresh zone3 compartiments cong\u00e9lateur D\u00e9givrage automatique r\u00e9frig\u00e9rateur Alarme acoustique cong\u00e9lateur Installation porte coulissante Porte r\u00e9versible Pieds avant r\u00e9glables Capacit\u00e9 nette : total : 247L, r\u00e9frig\u00e9rateur : [&hellip;]\" \/>\n<meta property=\"og:url\" content=\"https:\/\/www.teka.com\/fr-fr\/produit\/rbf-43321-fi-wh_113570024\/\" \/>\n<meta property=\"og:site_name\" content=\"Teka France\" \/>\n<meta name=\"twitter:card\" content=\"summary_large_image\" \/>\n<script type=\"application\/ld+json\" class=\"yoast-schema-graph\">{\"@context\":\"https:\\\/\\\/schema.org\",\"@graph\":[{\"@type\":\"WebPage\",\"@id\":\"https:\\\/\\\/www.teka.com\\\/fr-fr\\\/produit\\\/rbf-43321-fi-wh_113570024\\\/\",\"url\":\"https:\\\/\\\/www.teka.com\\\/fr-fr\\\/produit\\\/rbf-43321-fi-wh_113570024\\\/\",\"name\":\"RBF 43321 FI WH | Teka France\",\"isPartOf\":{\"@id\":\"https:\\\/\\\/www.teka.com\\\/fr-fr\\\/#website\"},\"datePublished\":\"2026-05-04T15:34:45+00:00\",\"inLanguage\":\"fr-FR\",\"potentialAction\":[{\"@type\":\"ReadAction\",\"target\":[\"https:\\\/\\\/www.teka.com\\\/fr-fr\\\/produit\\\/rbf-43321-fi-wh_113570024\\\/\"]}]},{\"@type\":\"WebSite\",\"@id\":\"https:\\\/\\\/www.teka.com\\\/fr-fr\\\/#website\",\"url\":\"https:\\\/\\\/www.teka.com\\\/fr-fr\\\/\",\"name\":\"Teka France\",\"description\":\"\",\"potentialAction\":[{\"@type\":\"SearchAction\",\"target\":{\"@type\":\"EntryPoint\",\"urlTemplate\":\"https:\\\/\\\/www.teka.com\\\/fr-fr\\\/?s={search_term_string}\"},\"query-input\":{\"@type\":\"PropertyValueSpecification\",\"valueRequired\":true,\"valueName\":\"search_term_string\"}}],\"inLanguage\":\"fr-FR\"}]}<\/script>\n<!-- \/ Yoast SEO plugin. -->","yoast_head_json":{"title":"RBF 43321 FI WH | Teka France","robots":{"index":"index","follow":"follow","max-snippet":"max-snippet:-1","max-image-preview":"max-image-preview:large","max-video-preview":"max-video-preview:-1"},"canonical":"https:\/\/www.teka.com\/fr-fr\/produit\/rbf-43321-fi-wh_113570024\/","og_locale":"fr_FR","og_type":"article","og_title":"RBF 43321 FI WH | Teka France","og_description":"Combin\u00e9 r\u00e9frig\u00e9rateur cong\u00e9lateur int\u00e9grable R\u00e9frig\u00e9rateur : Froid Statique Cong\u00e9lateur Low Frost (50% de givre en moins) Eclairage LED Thermostat \u00e9lectronique r\u00e9glabe 1 tiroir \u00e0 l\u00e9gumes Etag\u00e8res verre r\u00e9frig\u00e9rateur, Tiroir fresh zone3 compartiments cong\u00e9lateur D\u00e9givrage automatique r\u00e9frig\u00e9rateur Alarme acoustique cong\u00e9lateur Installation porte coulissante Porte r\u00e9versible Pieds avant r\u00e9glables Capacit\u00e9 nette : total : 247L, r\u00e9frig\u00e9rateur : [&hellip;]","og_url":"https:\/\/www.teka.com\/fr-fr\/produit\/rbf-43321-fi-wh_113570024\/","og_site_name":"Teka France","twitter_card":"summary_large_image","schema":{"@context":"https:\/\/schema.org","@graph":[{"@type":"WebPage","@id":"https:\/\/www.teka.com\/fr-fr\/produit\/rbf-43321-fi-wh_113570024\/","url":"https:\/\/www.teka.com\/fr-fr\/produit\/rbf-43321-fi-wh_113570024\/","name":"RBF 43321 FI WH | Teka France","isPartOf":{"@id":"https:\/\/www.teka.com\/fr-fr\/#website"},"datePublished":"2026-05-04T15:34:45+00:00","inLanguage":"fr-FR","potentialAction":[{"@type":"ReadAction","target":["https:\/\/www.teka.com\/fr-fr\/produit\/rbf-43321-fi-wh_113570024\/"]}]},{"@type":"WebSite","@id":"https:\/\/www.teka.com\/fr-fr\/#website","url":"https:\/\/www.teka.com\/fr-fr\/","name":"Teka France","description":"","potentialAction":[{"@type":"SearchAction","target":{"@type":"EntryPoint","urlTemplate":"https:\/\/www.teka.com\/fr-fr\/?s={search_term_string}"},"query-input":{"@type":"PropertyValueSpecification","valueRequired":true,"valueName":"search_term_string"}}],"inLanguage":"fr-FR"}]}},"_links":{"self":[{"href":"https:\/\/www.teka.com\/fr-fr\/wp-json\/wp\/v2\/product\/63151","targetHints":{"allow":["GET"]}}],"collection":[{"href":"https:\/\/www.teka.com\/fr-fr\/wp-json\/wp\/v2\/product"}],"about":[{"href":"https:\/\/www.teka.com\/fr-fr\/wp-json\/wp\/v2\/types\/product"}],"wp:attachment":[{"href":"https:\/\/www.teka.com\/fr-fr\/wp-json\/wp\/v2\/media?parent=63151"}],"wp:term":[{"taxonomy":"product_cat","embeddable":true,"href":"https:\/\/www.teka.com\/fr-fr\/wp-json\/wp\/v2\/product_cat?post=63151"},{"taxonomy":"product_cleaning_system","embeddable":true,"href":"https:\/\/www.teka.com\/fr-fr\/wp-json\/wp\/v2\/product_cleaning_system?post=63151"},{"taxonomy":"product_3rd_basket","embeddable":true,"href":"https:\/\/www.teka.com\/fr-fr\/wp-json\/wp\/v2\/product_3rd_basket?post=63151"},{"taxonomy":"product_drawers","embeddable":true,"href":"https:\/\/www.teka.com\/fr-fr\/wp-json\/wp\/v2\/product_drawers?post=63151"},{"taxonomy":"product_type_of_installation","embeddable":true,"href":"https:\/\/www.teka.com\/fr-fr\/wp-json\/wp\/v2\/product_type_of_installation?post=63151"},{"taxonomy":"product_edition","embeddable":true,"href":"https:\/\/www.teka.com\/fr-fr\/wp-json\/wp\/v2\/product_edition?post=63151"},{"taxonomy":"product_serie","embeddable":true,"href":"https:\/\/www.teka.com\/fr-fr\/wp-json\/wp\/v2\/product_serie?post=63151"},{"taxonomy":"product_features","embeddable":true,"href":"https:\/\/www.teka.com\/fr-fr\/wp-json\/wp\/v2\/product_features?post=63151"},{"taxonomy":"finishes","embeddable":true,"href":"https:\/\/www.teka.com\/fr-fr\/wp-json\/wp\/v2\/finishes?post=63151"},{"taxonomy":"product_bundles","embeddable":true,"href":"https:\/\/www.teka.com\/fr-fr\/wp-json\/wp\/v2\/product_bundles?post=63151"},{"taxonomy":"product_energy_efficiency","embeddable":true,"href":"https:\/\/www.teka.com\/fr-fr\/wp-json\/wp\/v2\/product_energy_efficiency?post=63151"},{"taxonomy":"product_video_training","embeddable":true,"href":"https:\/\/www.teka.com\/fr-fr\/wp-json\/wp\/v2\/product_video_training?post=63151"}],"curies":[{"name":"wp","href":"https:\/\/api.w.org\/{rel}","templated":true}]}}