{"id":63165,"date":"2026-04-26T17:13:00","date_gmt":"2026-04-26T17:13:00","guid":{"rendered":"https:\/\/teka.com\/fr-fr\/rsr-41160-bu_113470018"},"modified":"2026-04-24T06:46:28","modified_gmt":"2026-04-24T07:46:28","slug":"rsr-41160-bu_113470018","status":"publish","type":"product","link":"https:\/\/www.teka.com\/fr-fr\/produit\/rsr-41160-bu_113470018\/","title":{"rendered":"RSR 41160 BU"},"content":{"rendered":"<ul>\n<li>R\u00e9frig\u00e9rateur cong\u00e9lateur tout utile int\u00e9grable sous plan<\/li>\n<li>Froid statique<\/li>\n<li>\u00c9clairage LED<\/li>\n<li>Thermostat \u00e0 r\u00e9glage manuel<\/li>\n<li>D\u00e9givrage automatique r\u00e9frig\u00e9rateur<\/li>\n<li>D\u00e9givrage manuel cong\u00e9lateur<\/li>\n<li>2 etag\u00e8res verre r\u00e8glables<\/li>\n<li>Bac \u00e0 gla\u00e7ons inclus<\/li>\n<li>Pieds avant r\u00e9glables<\/li>\n<li>Porte reversible ouverture 90\u00b0<\/li>\n<li>Niveau sonore : 37 dBA<\/li>\n<li>Capacit\u00e9 nette : total : 105L, r\u00e9frig\u00e9rateur : 92L, cong\u00e9lateur : 13L<\/li>\n<li>Classe climatique : SN-T<\/li>\n<li>Classe energ\u00e9tique: E<\/li>\n<\/ul>\n","protected":false},"featured_media":0,"parent":0,"template":"","product_cat":[157927],"product_cleaning_system":[],"product_3rd_basket":[],"product_drawers":[],"product_type_of_installation":[157336],"product_edition":[],"product_serie":[],"product_features":[],"finishes":[],"product_bundles":[],"product_energy_efficiency":[157399],"product_video_training":[],"class_list":["post-63165","product","type-product","status-publish","hentry","product_cat-gamme-du-froid","product_type_of_appliance-refrigerateurs","product_icons-easy-90","product_icons-motor-inverter","product_icons-led","product_type_of_installation-integre","product_energy_efficiency-e-ue-icon-new"],"acf":[],"yoast_head":"<!-- This site is optimized with the Yoast SEO plugin v27.2 - https:\/\/yoast.com\/product\/yoast-seo-wordpress\/ -->\n<title>RSR 41160 BU | Teka France<\/title>\n<meta name=\"robots\" content=\"index, follow, max-snippet:-1, max-image-preview:large, max-video-preview:-1\" \/>\n<link rel=\"canonical\" href=\"https:\/\/www.teka.com\/fr-fr\/produit\/rsr-41160-bu_113470018\/\" \/>\n<meta property=\"og:locale\" content=\"fr_FR\" \/>\n<meta property=\"og:type\" content=\"article\" \/>\n<meta property=\"og:title\" content=\"RSR 41160 BU | Teka France\" \/>\n<meta property=\"og:description\" content=\"R\u00e9frig\u00e9rateur cong\u00e9lateur tout utile int\u00e9grable sous plan Froid statique \u00c9clairage LED Thermostat \u00e0 r\u00e9glage manuel D\u00e9givrage automatique r\u00e9frig\u00e9rateur D\u00e9givrage manuel cong\u00e9lateur 2 etag\u00e8res verre r\u00e8glables Bac \u00e0 gla\u00e7ons inclus Pieds avant r\u00e9glables Porte reversible ouverture 90\u00b0 Niveau sonore : 37 dBA Capacit\u00e9 nette : total : 105L, r\u00e9frig\u00e9rateur : 92L, cong\u00e9lateur : 13L Classe climatique [&hellip;]\" \/>\n<meta property=\"og:url\" content=\"https:\/\/www.teka.com\/fr-fr\/produit\/rsr-41160-bu_113470018\/\" \/>\n<meta property=\"og:site_name\" content=\"Teka France\" \/>\n<meta name=\"twitter:card\" content=\"summary_large_image\" \/>\n<script type=\"application\/ld+json\" class=\"yoast-schema-graph\">{\"@context\":\"https:\/\/schema.org\",\"@graph\":[{\"@type\":\"WebPage\",\"@id\":\"https:\/\/www.teka.com\/fr-fr\/produit\/rsr-41160-bu_113470018\/\",\"url\":\"https:\/\/www.teka.com\/fr-fr\/produit\/rsr-41160-bu_113470018\/\",\"name\":\"RSR 41160 BU | Teka France\",\"isPartOf\":{\"@id\":\"https:\/\/www.teka.com\/fr-fr\/#website\"},\"datePublished\":\"2026-04-26T17:13:00+00:00\",\"inLanguage\":\"fr-FR\",\"potentialAction\":[{\"@type\":\"ReadAction\",\"target\":[\"https:\/\/www.teka.com\/fr-fr\/produit\/rsr-41160-bu_113470018\/\"]}]},{\"@type\":\"WebSite\",\"@id\":\"https:\/\/www.teka.com\/fr-fr\/#website\",\"url\":\"https:\/\/www.teka.com\/fr-fr\/\",\"name\":\"Teka France\",\"description\":\"\",\"potentialAction\":[{\"@type\":\"SearchAction\",\"target\":{\"@type\":\"EntryPoint\",\"urlTemplate\":\"https:\/\/www.teka.com\/fr-fr\/?s={search_term_string}\"},\"query-input\":{\"@type\":\"PropertyValueSpecification\",\"valueRequired\":true,\"valueName\":\"search_term_string\"}}],\"inLanguage\":\"fr-FR\"}]}<\/script>\n<!-- \/ Yoast SEO plugin. -->","yoast_head_json":{"title":"RSR 41160 BU | Teka France","robots":{"index":"index","follow":"follow","max-snippet":"max-snippet:-1","max-image-preview":"max-image-preview:large","max-video-preview":"max-video-preview:-1"},"canonical":"https:\/\/www.teka.com\/fr-fr\/produit\/rsr-41160-bu_113470018\/","og_locale":"fr_FR","og_type":"article","og_title":"RSR 41160 BU | Teka France","og_description":"R\u00e9frig\u00e9rateur cong\u00e9lateur tout utile int\u00e9grable sous plan Froid statique \u00c9clairage LED Thermostat \u00e0 r\u00e9glage manuel D\u00e9givrage automatique r\u00e9frig\u00e9rateur D\u00e9givrage manuel cong\u00e9lateur 2 etag\u00e8res verre r\u00e8glables Bac \u00e0 gla\u00e7ons inclus Pieds avant r\u00e9glables Porte reversible ouverture 90\u00b0 Niveau sonore : 37 dBA Capacit\u00e9 nette : total : 105L, r\u00e9frig\u00e9rateur : 92L, cong\u00e9lateur : 13L Classe climatique [&hellip;]","og_url":"https:\/\/www.teka.com\/fr-fr\/produit\/rsr-41160-bu_113470018\/","og_site_name":"Teka France","twitter_card":"summary_large_image","schema":{"@context":"https:\/\/schema.org","@graph":[{"@type":"WebPage","@id":"https:\/\/www.teka.com\/fr-fr\/produit\/rsr-41160-bu_113470018\/","url":"https:\/\/www.teka.com\/fr-fr\/produit\/rsr-41160-bu_113470018\/","name":"RSR 41160 BU | Teka France","isPartOf":{"@id":"https:\/\/www.teka.com\/fr-fr\/#website"},"datePublished":"2026-04-26T17:13:00+00:00","inLanguage":"fr-FR","potentialAction":[{"@type":"ReadAction","target":["https:\/\/www.teka.com\/fr-fr\/produit\/rsr-41160-bu_113470018\/"]}]},{"@type":"WebSite","@id":"https:\/\/www.teka.com\/fr-fr\/#website","url":"https:\/\/www.teka.com\/fr-fr\/","name":"Teka France","description":"","potentialAction":[{"@type":"SearchAction","target":{"@type":"EntryPoint","urlTemplate":"https:\/\/www.teka.com\/fr-fr\/?s={search_term_string}"},"query-input":{"@type":"PropertyValueSpecification","valueRequired":true,"valueName":"search_term_string"}}],"inLanguage":"fr-FR"}]}},"_links":{"self":[{"href":"https:\/\/www.teka.com\/fr-fr\/wp-json\/wp\/v2\/product\/63165","targetHints":{"allow":["GET"]}}],"collection":[{"href":"https:\/\/www.teka.com\/fr-fr\/wp-json\/wp\/v2\/product"}],"about":[{"href":"https:\/\/www.teka.com\/fr-fr\/wp-json\/wp\/v2\/types\/product"}],"wp:attachment":[{"href":"https:\/\/www.teka.com\/fr-fr\/wp-json\/wp\/v2\/media?parent=63165"}],"wp:term":[{"taxonomy":"product_cat","embeddable":true,"href":"https:\/\/www.teka.com\/fr-fr\/wp-json\/wp\/v2\/product_cat?post=63165"},{"taxonomy":"product_cleaning_system","embeddable":true,"href":"https:\/\/www.teka.com\/fr-fr\/wp-json\/wp\/v2\/product_cleaning_system?post=63165"},{"taxonomy":"product_3rd_basket","embeddable":true,"href":"https:\/\/www.teka.com\/fr-fr\/wp-json\/wp\/v2\/product_3rd_basket?post=63165"},{"taxonomy":"product_drawers","embeddable":true,"href":"https:\/\/www.teka.com\/fr-fr\/wp-json\/wp\/v2\/product_drawers?post=63165"},{"taxonomy":"product_type_of_installation","embeddable":true,"href":"https:\/\/www.teka.com\/fr-fr\/wp-json\/wp\/v2\/product_type_of_installation?post=63165"},{"taxonomy":"product_edition","embeddable":true,"href":"https:\/\/www.teka.com\/fr-fr\/wp-json\/wp\/v2\/product_edition?post=63165"},{"taxonomy":"product_serie","embeddable":true,"href":"https:\/\/www.teka.com\/fr-fr\/wp-json\/wp\/v2\/product_serie?post=63165"},{"taxonomy":"product_features","embeddable":true,"href":"https:\/\/www.teka.com\/fr-fr\/wp-json\/wp\/v2\/product_features?post=63165"},{"taxonomy":"finishes","embeddable":true,"href":"https:\/\/www.teka.com\/fr-fr\/wp-json\/wp\/v2\/finishes?post=63165"},{"taxonomy":"product_bundles","embeddable":true,"href":"https:\/\/www.teka.com\/fr-fr\/wp-json\/wp\/v2\/product_bundles?post=63165"},{"taxonomy":"product_energy_efficiency","embeddable":true,"href":"https:\/\/www.teka.com\/fr-fr\/wp-json\/wp\/v2\/product_energy_efficiency?post=63165"},{"taxonomy":"product_video_training","embeddable":true,"href":"https:\/\/www.teka.com\/fr-fr\/wp-json\/wp\/v2\/product_video_training?post=63165"}],"curies":[{"name":"wp","href":"https:\/\/api.w.org\/{rel}","templated":true}]}}