{"id":21983,"date":"2018-09-11T07:37:22","date_gmt":"2018-09-11T07:37:22","guid":{"rendered":"http:\/\/teka.com\/?page_id=21983"},"modified":"2019-06-14T10:19:39","modified_gmt":"2019-06-14T10:19:39","slug":"actualites","status":"publish","type":"page","link":"https:\/\/www.teka.com\/fr-ma\/actualites\/","title":{"rendered":"Actualit\u00e9s"},"content":{"rendered":"<p>[et_pb_section bb_built=&#8221;1&#8243; module_id=&#8221;noticias-top&#8221; _builder_version=&#8221;3.14&#8243; background_image=&#8221;https:\/\/www.teka.com\/wp-content\/uploads\/sites\/3\/2018\/09\/inspiracion.jpg&#8221; next_background_color=&#8221;#ffffff&#8221; global_module=&#8221;23608&#8243;][et_pb_row global_parent=&#8221;23608&#8243; _builder_version=&#8221;3.0.47&#8243; background_size=&#8221;initial&#8221; background_position=&#8221;top_left&#8221; background_repeat=&#8221;repeat&#8221;][et_pb_column type=&#8221;1_2&#8243;][et_pb_text admin_label=&#8221;Title &amp; Subtitle&#8221; global_parent=&#8221;23608&#8243; _builder_version=&#8221;3.19&#8243; background_layout=&#8221;dark&#8221;]<\/p>\n<h1>Actualit\u00e9s<\/h1>\n<p>Vous pouvez suivre ici toutes les nouvelles de Teka: communiqu\u00e9s de presse, lancements de produits, campagnes publicitaires et bien plus encore.<\/p>\n<p>[\/et_pb_text][et_pb_code admin_label=&#8221;Search bar code %91Not editable%93&#8243; global_parent=&#8221;23608&#8243; _builder_version=&#8221;3.14&#8243; disabled_on=&#8221;on|on|on&#8221; disabled=&#8221;on&#8221; \/][\/et_pb_column][et_pb_column type=&#8221;1_2&#8243;][\/et_pb_column][\/et_pb_row][et_pb_row global_parent=&#8221;23608&#8243; background_position=&#8221;top_left&#8221; background_repeat=&#8221;repeat&#8221; background_size=&#8221;initial&#8221;][et_pb_column type=&#8221;4_4&#8243;][et_pb_sidebar global_parent=&#8221;23608&#8243; _builder_version=&#8221;3.19&#8243; area=&#8221;et_pb_widget_area_3&#8243; module_id=&#8221;inspiration-menu&#8221; \/][\/et_pb_column][\/et_pb_row][\/et_pb_section][et_pb_section bb_built=&#8221;1&#8243; _builder_version=&#8221;3.0.47&#8243; prev_background_color=&#8221;#000000&#8243;][et_pb_row _builder_version=&#8221;3.0.48&#8243; background_size=&#8221;initial&#8221; background_position=&#8221;top_left&#8221; background_repeat=&#8221;repeat&#8221;][et_pb_column type=&#8221;4_4&#8243;][et_pb_inspiration admin_label=&#8221;News archive holder&#8221; posts_number=&#8221;8&#8243; include_categories=&#8221;613&#8243; _builder_version=&#8221;3.19&#8243; header_font_size_tablet=&#8221;51&#8243; header_line_height_tablet=&#8221;2&#8243; body_font_size_tablet=&#8221;51&#8243; body_line_height_tablet=&#8221;2&#8243; meta_font_size_tablet=&#8221;51&#8243; meta_line_height_tablet=&#8221;2&#8243; pagination_font_size_tablet=&#8221;51&#8243; pagination_line_height_tablet=&#8221;2&#8243; \/][\/et_pb_column][\/et_pb_row][\/et_pb_section]<\/p>\n","protected":false},"excerpt":{"rendered":"<p>Actualit\u00e9s Vous pouvez suivre ici toutes les nouvelles de Teka: communiqu\u00e9s de presse, lancements de produits, campagnes publicitaires et bien plus encore. [et_pb_inspiration admin_label=&#8221;News archive holder&#8221; posts_number=&#8221;8&#8243; include_categories=&#8221;613&#8243; _builder_version=&#8221;3.19&#8243; header_font_size_tablet=&#8221;51&#8243; header_line_height_tablet=&#8221;2&#8243; body_font_size_tablet=&#8221;51&#8243; body_line_height_tablet=&#8221;2&#8243; meta_font_size_tablet=&#8221;51&#8243; meta_line_height_tablet=&#8221;2&#8243; pagination_font_size_tablet=&#8221;51&#8243; pagination_line_height_tablet=&#8221;2&#8243; \/]<\/p>\n","protected":false},"author":9,"featured_media":0,"parent":0,"menu_order":0,"comment_status":"closed","ping_status":"closed","template":"","meta":{"_acf_changed":false,"_et_pb_use_builder":"on","_et_pb_old_content":"","_et_gb_content_width":"","footnotes":""},"class_list":["post-21983","page","type-page","status-publish","hentry"],"acf":[],"yoast_head":"<!-- This site is optimized with the Yoast SEO plugin v27.2 - https:\/\/yoast.com\/product\/yoast-seo-wordpress\/ -->\n<title>Actualit\u00e9s | Teka Morocco<\/title>\n<meta name=\"robots\" content=\"index, follow, max-snippet:-1, max-image-preview:large, max-video-preview:-1\" \/>\n<link rel=\"canonical\" href=\"https:\/\/www.teka.com\/fr-ma\/actualites\/\" \/>\n<meta property=\"og:locale\" content=\"en_US\" \/>\n<meta property=\"og:type\" content=\"article\" \/>\n<meta property=\"og:title\" content=\"Actualit\u00e9s | Teka Morocco\" \/>\n<meta property=\"og:description\" content=\"Actualit\u00e9s Vous pouvez suivre ici toutes les nouvelles de Teka: communiqu\u00e9s de presse, lancements de produits, campagnes publicitaires et bien plus encore. [et_pb_inspiration admin_label=&quot;News archive holder&quot; posts_number=&quot;8&quot; include_categories=&quot;613&quot; _builder_version=&quot;3.19&quot; header_font_size_tablet=&quot;51&quot; header_line_height_tablet=&quot;2&quot; body_font_size_tablet=&quot;51&quot; body_line_height_tablet=&quot;2&quot; meta_font_size_tablet=&quot;51&quot; meta_line_height_tablet=&quot;2&quot; pagination_font_size_tablet=&quot;51&quot; pagination_line_height_tablet=&quot;2&quot; \/]\" \/>\n<meta property=\"og:url\" content=\"https:\/\/www.teka.com\/fr-ma\/actualites\/\" \/>\n<meta property=\"og:site_name\" content=\"Teka Morocco\" \/>\n<meta property=\"article:modified_time\" content=\"2019-06-14T10:19:39+00:00\" \/>\n<meta name=\"twitter:card\" content=\"summary_large_image\" \/>\n<meta name=\"twitter:label1\" content=\"Est. reading time\" \/>\n\t<meta name=\"twitter:data1\" content=\"1 minute\" \/>\n<script type=\"application\/ld+json\" class=\"yoast-schema-graph\">{\"@context\":\"https:\/\/schema.org\",\"@graph\":[{\"@type\":\"WebPage\",\"@id\":\"https:\/\/www.teka.com\/fr-ma\/actualites\/\",\"url\":\"https:\/\/www.teka.com\/fr-ma\/actualites\/\",\"name\":\"Actualit\u00e9s | Teka Morocco\",\"isPartOf\":{\"@id\":\"https:\/\/www.teka.com\/fr-ma\/#website\"},\"datePublished\":\"2018-09-11T07:37:22+00:00\",\"dateModified\":\"2019-06-14T10:19:39+00:00\",\"inLanguage\":\"en-US\",\"potentialAction\":[{\"@type\":\"ReadAction\",\"target\":[\"https:\/\/www.teka.com\/fr-ma\/actualites\/\"]}]},{\"@type\":\"WebSite\",\"@id\":\"https:\/\/www.teka.com\/fr-ma\/#website\",\"url\":\"https:\/\/www.teka.com\/fr-ma\/\",\"name\":\"Teka Morocco\",\"description\":\"\",\"potentialAction\":[{\"@type\":\"SearchAction\",\"target\":{\"@type\":\"EntryPoint\",\"urlTemplate\":\"https:\/\/www.teka.com\/fr-ma\/?s={search_term_string}\"},\"query-input\":{\"@type\":\"PropertyValueSpecification\",\"valueRequired\":true,\"valueName\":\"search_term_string\"}}],\"inLanguage\":\"en-US\"}]}<\/script>\n<!-- \/ Yoast SEO plugin. -->","yoast_head_json":{"title":"Actualit\u00e9s | Teka Morocco","robots":{"index":"index","follow":"follow","max-snippet":"max-snippet:-1","max-image-preview":"max-image-preview:large","max-video-preview":"max-video-preview:-1"},"canonical":"https:\/\/www.teka.com\/fr-ma\/actualites\/","og_locale":"en_US","og_type":"article","og_title":"Actualit\u00e9s | Teka Morocco","og_description":"Actualit\u00e9s Vous pouvez suivre ici toutes les nouvelles de Teka: communiqu\u00e9s de presse, lancements de produits, campagnes publicitaires et bien plus encore. [et_pb_inspiration admin_label=\"News archive holder\" posts_number=\"8\" include_categories=\"613\" _builder_version=\"3.19\" header_font_size_tablet=\"51\" header_line_height_tablet=\"2\" body_font_size_tablet=\"51\" body_line_height_tablet=\"2\" meta_font_size_tablet=\"51\" meta_line_height_tablet=\"2\" pagination_font_size_tablet=\"51\" pagination_line_height_tablet=\"2\" \/]","og_url":"https:\/\/www.teka.com\/fr-ma\/actualites\/","og_site_name":"Teka Morocco","article_modified_time":"2019-06-14T10:19:39+00:00","twitter_card":"summary_large_image","twitter_misc":{"Est. reading time":"1 minute"},"schema":{"@context":"https:\/\/schema.org","@graph":[{"@type":"WebPage","@id":"https:\/\/www.teka.com\/fr-ma\/actualites\/","url":"https:\/\/www.teka.com\/fr-ma\/actualites\/","name":"Actualit\u00e9s | Teka Morocco","isPartOf":{"@id":"https:\/\/www.teka.com\/fr-ma\/#website"},"datePublished":"2018-09-11T07:37:22+00:00","dateModified":"2019-06-14T10:19:39+00:00","inLanguage":"en-US","potentialAction":[{"@type":"ReadAction","target":["https:\/\/www.teka.com\/fr-ma\/actualites\/"]}]},{"@type":"WebSite","@id":"https:\/\/www.teka.com\/fr-ma\/#website","url":"https:\/\/www.teka.com\/fr-ma\/","name":"Teka Morocco","description":"","potentialAction":[{"@type":"SearchAction","target":{"@type":"EntryPoint","urlTemplate":"https:\/\/www.teka.com\/fr-ma\/?s={search_term_string}"},"query-input":{"@type":"PropertyValueSpecification","valueRequired":true,"valueName":"search_term_string"}}],"inLanguage":"en-US"}]}},"_links":{"self":[{"href":"https:\/\/www.teka.com\/fr-ma\/wp-json\/wp\/v2\/pages\/21983","targetHints":{"allow":["GET"]}}],"collection":[{"href":"https:\/\/www.teka.com\/fr-ma\/wp-json\/wp\/v2\/pages"}],"about":[{"href":"https:\/\/www.teka.com\/fr-ma\/wp-json\/wp\/v2\/types\/page"}],"author":[{"embeddable":true,"href":"https:\/\/www.teka.com\/fr-ma\/wp-json\/wp\/v2\/users\/9"}],"replies":[{"embeddable":true,"href":"https:\/\/www.teka.com\/fr-ma\/wp-json\/wp\/v2\/comments?post=21983"}],"version-history":[{"count":20,"href":"https:\/\/www.teka.com\/fr-ma\/wp-json\/wp\/v2\/pages\/21983\/revisions"}],"predecessor-version":[{"id":54515,"href":"https:\/\/www.teka.com\/fr-ma\/wp-json\/wp\/v2\/pages\/21983\/revisions\/54515"}],"wp:attachment":[{"href":"https:\/\/www.teka.com\/fr-ma\/wp-json\/wp\/v2\/media?parent=21983"}],"curies":[{"name":"wp","href":"https:\/\/api.w.org\/{rel}","templated":true}]}}