{"id":21992,"date":"2018-09-11T08:07:26","date_gmt":"2018-09-11T08:07:26","guid":{"rendered":"http:\/\/teka.com\/?page_id=21992"},"modified":"2019-06-14T10:25:36","modified_gmt":"2019-06-14T10:25:36","slug":"notre-histoire","status":"publish","type":"page","link":"https:\/\/www.teka.com\/fr-ma\/qui-sommes-nous\/notre-histoire\/","title":{"rendered":"Notre histoire"},"content":{"rendered":"<p>[et_pb_section bb_built=&#8221;1&#8243; module_id=&#8221;teka-top&#8221; _builder_version=&#8221;3.17.6&#8243; background_image=&#8221;https:\/\/www.teka.com\/fr-ma\/wp-content\/uploads\/sites\/51\/2018\/11\/teka-slider-about-us-desktop.jpg&#8221; next_background_color=&#8221;#0e0e0e&#8221; global_module=&#8221;23211&#8243;][et_pb_row global_parent=&#8221;23211&#8243; _builder_version=&#8221;3.17.6&#8243; background_size=&#8221;initial&#8221; background_position=&#8221;top_left&#8221; background_repeat=&#8221;repeat&#8221;][et_pb_column type=&#8221;1_2&#8243;][et_pb_text admin_label=&#8221;Header Title&#8221; global_parent=&#8221;23211&#8243; _builder_version=&#8221;3.19&#8243; background_layout=&#8221;dark&#8221;]<\/p>\n<h3><strong>Teka Group<\/strong>,<br \/>\nOrigine Allemande<\/h3>\n<p>&nbsp;<\/p>\n<p>[\/et_pb_text][\/et_pb_column][et_pb_column type=&#8221;1_2&#8243;][\/et_pb_column][\/et_pb_row][\/et_pb_section][et_pb_section bb_built=&#8221;1&#8243; specialty=&#8221;off&#8221; prev_background_color=&#8221;#ffffff&#8221; _builder_version=&#8221;3.14&#8243; module_id=&#8221;teka-menu&#8221; background_color=&#8221;#0e0e0e&#8221; next_background_color=&#8221;#ffffff&#8221; global_module=&#8221;23212&#8243;][et_pb_row global_parent=&#8221;23212&#8243; background_position=&#8221;top_left&#8221; background_repeat=&#8221;repeat&#8221; background_size=&#8221;initial&#8221;][et_pb_column type=&#8221;4_4&#8243;][et_pb_sidebar global_parent=&#8221;23212&#8243; _builder_version=&#8221;3.17.6&#8243; area=&#8221;et_pb_widget_area_7&#8243; background_layout=&#8221;dark&#8221; disabled=&#8221;off&#8221; disabled_on=&#8221;on|on|&#8221; \/][et_pb_sidebar admin_label=&#8221;Sidebar Tablet&#8221; global_parent=&#8221;23212&#8243; _builder_version=&#8221;3.17.6&#8243; area=&#8221;et_pb_widget_area_9&#8243; background_layout=&#8221;dark&#8221; disabled=&#8221;off&#8221; disabled_on=&#8221;on||on&#8221; \/][et_pb_sidebar admin_label=&#8221;Sidebar Mobile&#8221; global_parent=&#8221;23212&#8243; _builder_version=&#8221;3.17.6&#8243; area=&#8221;et_pb_widget_area_8&#8243; background_layout=&#8221;dark&#8221; disabled=&#8221;off&#8221; disabled_on=&#8221;|on|on&#8221; \/][\/et_pb_column][\/et_pb_row][\/et_pb_section][et_pb_section bb_built=&#8221;1&#8243; _builder_version=&#8221;3.17.6&#8243; prev_background_color=&#8221;#0e0e0e&#8221; module_id=&#8221;about-us&#8221;][et_pb_row _builder_version=&#8221;3.0.48&#8243; background_size=&#8221;initial&#8221; background_position=&#8221;top_left&#8221; background_repeat=&#8221;repeat&#8221;][et_pb_column type=&#8221;4_4&#8243;][et_pb_text _builder_version=&#8221;3.19&#8243; max_width=&#8221;80%&#8221; module_alignment=&#8221;center&#8221;]<\/p>\n<h1 style=\"text-align: center;\">Notre <strong>histoire<\/strong><\/h1>\n<h6 style=\"text-align: center;\">L\u2019 histoire de Teka a plus de\u00a0<strong>90 ans<\/strong>, depuis le d\u00e9but de son activit\u00e9 de fabrication de machines agricole, \u00e0 aujourd\u2019hui, devant ainsi l\u2019une des marques d\u2019appareils la plus importante du monde entier.<\/h6>\n<p>[\/et_pb_text][\/et_pb_column][\/et_pb_row][et_pb_row _builder_version=&#8221;3.17.6&#8243; background_size=&#8221;initial&#8221; background_position=&#8221;top_left&#8221; background_repeat=&#8221;repeat&#8221; module_class=&#8221;custom_row&#8221; module_class_1=&#8221;second-on-mobile&#8221; module_class_2=&#8221;first-on-mobile&#8221;][et_pb_column type=&#8221;1_2&#8243;][et_pb_image src=&#8221;https:\/\/www.teka.com\/fr-ma\/wp-content\/uploads\/sites\/51\/2018\/11\/black-and-white-buildings-city-1024&#215;768.jpg&#8221; _builder_version=&#8221;3.17.6&#8243; \/][\/et_pb_column][et_pb_column type=&#8221;1_2&#8243;][et_pb_text _builder_version=&#8221;3.19&#8243;]<\/p>\n<h2 style=\"text-align: center;\"><strong>1924-1957<\/strong><\/h2>\n<p>L\u2019histoire de Teka commence en 1924, lorsque Karl Thielman fonda une entreprise de machines agricoles en Allemagne, et se concentra sur ce secteur pendant les premi\u00e8res ann\u00e9es.<\/p>\n<p>Peu apr\u00e8s, il commen\u00e7a \u00e0 travailler dans l\u2019acier inoxydable, une avanc\u00e9e essentielle dans l\u2019histoire de la soci\u00e9t\u00e9.<\/p>\n<p>En 1957, Helmut Klein rejoint l\u2019entreprise en tant qu\u2019associ\u00e9. C\u2019est alors que Teka vu le jour et devint une marque d\u00e9pos\u00e9e, avec les initiales des deux fondateurs, Thielmann &amp; Klein.<\/p>\n<p>[\/et_pb_text][\/et_pb_column][\/et_pb_row][et_pb_row _builder_version=&#8221;3.0.48&#8243; background_size=&#8221;initial&#8221; background_position=&#8221;top_left&#8221; background_repeat=&#8221;repeat&#8221;][et_pb_column type=&#8221;1_2&#8243;][et_pb_text _builder_version=&#8221;3.19&#8243;]<\/p>\n<h2 style=\"text-align: center;\"><strong>1958-1969<\/strong><\/h2>\n<p>D\u00e8s lors, les produits au nom de Teka sont mis en vente. Dans les d\u00e9buts, Teka fabriquait seulement des \u00e9viers. Dans les ann\u00e9es qui suivirent, le succ\u00e8s des produits offra \u00e0 Teka l\u2019occasion d\u2019\u00e9tendre son catalogue et de fabriquer des cuisini\u00e8re, des fours et des hottes.<\/p>\n<p>En 1964, Teka s\u2019installe en Espagne et commence une grande expansion internationale dans les ann\u00e9es qui suivirent, d\u2019abord en Europe puis sur les autres continents. Tout au long de cette p\u00e9riode, la gamme de produits augmenta et re\u00e7u une reconnaissance mondiale, gr\u00e2ce \u00e0 son design et \u00e0 ses produits de grande qualit\u00e9 pour la cuisine et la salle de bain.<\/p>\n<p>[\/et_pb_text][\/et_pb_column][et_pb_column type=&#8221;1_2&#8243;][et_pb_image src=&#8221;https:\/\/www.teka.com\/wp-content\/uploads\/sites\/3\/2018\/10\/shutterstock_1164436954_low_nwm.jpg&#8221; _builder_version=&#8221;3.17.6&#8243; \/][\/et_pb_column][\/et_pb_row][et_pb_row _builder_version=&#8221;3.17.6&#8243; background_size=&#8221;initial&#8221; background_position=&#8221;top_left&#8221; background_repeat=&#8221;repeat&#8221; module_class=&#8221;custom_row&#8221; module_class_1=&#8221;second-on-mobile&#8221; module_class_2=&#8221;first-on-mobile&#8221;][et_pb_column type=&#8221;1_2&#8243;][et_pb_image src=&#8221;https:\/\/www.teka.com\/fr-ma\/wp-content\/uploads\/sites\/51\/2018\/11\/teka-china-1024&#215;768.jpg&#8221; _builder_version=&#8221;3.17.6&#8243; \/][\/et_pb_column][et_pb_column type=&#8221;1_2&#8243;][et_pb_text _builder_version=&#8221;3.19&#8243;]<\/p>\n<h2 style=\"text-align: center;\"><strong>1970-2015<\/strong><\/h2>\n<p>Depuis les ann\u00e9es 70, le grand succ\u00e8s de la marque sur les march\u00e9s europ\u00e9ens o\u00f9 elle \u00e9tait pr\u00e9sente, lui a permis de commencer une grande expansion au niveau international. D\u2019abord dans le autres march\u00e9s europ\u00e9ens et plus tard en Am\u00e9rique, en Asie, en Afrique et au Moyen-Orient.<\/p>\n<p>Pendant cette p\u00e9riode, la marque devint l\u2019un des plus gros sponsors de sport dans le monde entier, sponsorisant le club de football et de basketball du Real Madrid, avec un club de handball, la cr\u00e9ation d\u2019une \u00e9quipe de cyclisme, et une participation au rallye Paris-Dakar rally et m\u00eame aux Jeux Olympiques d\u2019hiver.<\/p>\n<p>[\/et_pb_text][\/et_pb_column][\/et_pb_row][et_pb_row _builder_version=&#8221;3.0.48&#8243; background_size=&#8221;initial&#8221; background_position=&#8221;top_left&#8221; background_repeat=&#8221;repeat&#8221;][et_pb_column type=&#8221;1_2&#8243;][et_pb_text _builder_version=&#8221;3.19&#8243;]<\/p>\n<h2 style=\"text-align: center;\"><strong>Aujourd\u2019hui<\/strong><\/h2>\n<p>En 2016, Teka lance la gamme Wish pour tous ses appareils, leplus gros investissement dans l\u2019histoire de l\u2019entreprise, avec le renouvellement de toutes ses usines et de tous ses designs.<\/p>\n<p>En 2018, Teka pr\u00e9sente ses nouvelles attributions et son nouveau slogan, \u201cCook the way to life\u201d. L\u2019entreprise a lance la plus grande campagne publicitaire de l\u2019histoire de Teka, avec un court-m\u00e9trage r\u00e9alis\u00e9 par la nominee des Prix Goya, Marina Seresesky, et la musique de Glenn James Hansard \u2013 vainqueur aux Oscars pour la meilleure chanson originale dans un film. Teka collabore avec Fundaci\u00f3n Alzheimer Espa\u00f1a (Fondation Alzheimer espagnole) pour cette campagne. La vid\u00e9o a re\u00e7u 13 millions de vues en un mois, \u00e9tablissant un record dans l\u2019industrie.<\/p>\n<p>Aujourd\u2019hui, le succ\u00e8s des produits Teka ont fait le tour du monde, jusqu\u2019\u00e0 obtenir de grandes recompenses et un \u00e9norme succ\u00e8s, comme sur le march\u00e9 espagnol, o\u00f9 la moiti\u00e9 des foyers poss\u00e8de un produit a Teka.<\/p>\n<p>[\/et_pb_text][\/et_pb_column][et_pb_column type=&#8221;1_2&#8243;][et_pb_image src=&#8221;https:\/\/www.teka.com\/fr-ma\/wp-content\/uploads\/sites\/51\/2018\/11\/teka-hobs-iknob-IT-6450-1024&#215;768.jpg&#8221; _builder_version=&#8221;3.17.6&#8243; align=&#8221;center&#8221; \/][\/et_pb_column][\/et_pb_row][\/et_pb_section]<\/p>\n","protected":false},"excerpt":{"rendered":"<p>Teka Group, Origine Allemande &nbsp; Notre histoire L\u2019 histoire de Teka a plus de\u00a090 ans, depuis le d\u00e9but de son activit\u00e9 de fabrication de machines agricole, \u00e0 aujourd\u2019hui, devant ainsi l\u2019une des marques d\u2019appareils la plus importante du monde entier. 1924-1957 L\u2019histoire de Teka commence en 1924, lorsque Karl Thielman fonda une entreprise de machines [&hellip;]<\/p>\n","protected":false},"author":9,"featured_media":0,"parent":21989,"menu_order":2,"comment_status":"closed","ping_status":"closed","template":"","meta":{"_acf_changed":false,"_et_pb_use_builder":"on","_et_pb_old_content":"","_et_gb_content_width":"","footnotes":""},"class_list":["post-21992","page","type-page","status-publish","hentry"],"acf":[],"yoast_head":"<!-- This site is optimized with the Yoast SEO plugin v27.2 - https:\/\/yoast.com\/product\/yoast-seo-wordpress\/ -->\n<title>The history behind Teka brand | About the company<\/title>\n<meta name=\"description\" content=\"Teka has a history of more than 90 years, since the beginning of its activity manufacturing agricultura machinery, until now, becoming one of the most important appliances brand around the world.\" \/>\n<meta name=\"robots\" content=\"index, follow, max-snippet:-1, max-image-preview:large, max-video-preview:-1\" \/>\n<link rel=\"canonical\" href=\"https:\/\/www.teka.com\/fr-ma\/qui-sommes-nous\/notre-histoire\/\" \/>\n<meta property=\"og:locale\" content=\"en_US\" \/>\n<meta property=\"og:type\" content=\"article\" \/>\n<meta property=\"og:title\" content=\"The history behind Teka brand | About the company\" \/>\n<meta property=\"og:description\" content=\"Teka has a history of more than 90 years, since the beginning of its activity manufacturing agricultura machinery, until now, becoming one of the most important appliances brand around the world.\" \/>\n<meta property=\"og:url\" content=\"https:\/\/www.teka.com\/fr-ma\/qui-sommes-nous\/notre-histoire\/\" \/>\n<meta property=\"og:site_name\" content=\"Teka Morocco\" \/>\n<meta property=\"article:modified_time\" content=\"2019-06-14T10:25:36+00:00\" \/>\n<meta name=\"twitter:card\" content=\"summary_large_image\" \/>\n<meta name=\"twitter:label1\" content=\"Est. reading time\" \/>\n\t<meta name=\"twitter:data1\" content=\"5 minutes\" \/>\n<script type=\"application\/ld+json\" class=\"yoast-schema-graph\">{\"@context\":\"https:\/\/schema.org\",\"@graph\":[{\"@type\":\"WebPage\",\"@id\":\"https:\/\/www.teka.com\/fr-ma\/qui-sommes-nous\/notre-histoire\/\",\"url\":\"https:\/\/www.teka.com\/fr-ma\/qui-sommes-nous\/notre-histoire\/\",\"name\":\"The history behind Teka brand | About the company\",\"isPartOf\":{\"@id\":\"https:\/\/www.teka.com\/fr-ma\/#website\"},\"datePublished\":\"2018-09-11T08:07:26+00:00\",\"dateModified\":\"2019-06-14T10:25:36+00:00\",\"description\":\"Teka has a history of more than 90 years, since the beginning of its activity manufacturing agricultura machinery, until now, becoming one of the most important appliances brand around the world.\",\"breadcrumb\":{\"@id\":\"https:\/\/www.teka.com\/fr-ma\/qui-sommes-nous\/notre-histoire\/#breadcrumb\"},\"inLanguage\":\"en-US\",\"potentialAction\":[{\"@type\":\"ReadAction\",\"target\":[\"https:\/\/www.teka.com\/fr-ma\/qui-sommes-nous\/notre-histoire\/\"]}]},{\"@type\":\"BreadcrumbList\",\"@id\":\"https:\/\/www.teka.com\/fr-ma\/qui-sommes-nous\/notre-histoire\/#breadcrumb\",\"itemListElement\":[{\"@type\":\"ListItem\",\"position\":1,\"name\":\"Qui sommes-nous\",\"item\":\"https:\/\/www.teka.com\/fr-ma\/qui-sommes-nous\/\"},{\"@type\":\"ListItem\",\"position\":2,\"name\":\"Notre histoire\"}]},{\"@type\":\"WebSite\",\"@id\":\"https:\/\/www.teka.com\/fr-ma\/#website\",\"url\":\"https:\/\/www.teka.com\/fr-ma\/\",\"name\":\"Teka Morocco\",\"description\":\"\",\"potentialAction\":[{\"@type\":\"SearchAction\",\"target\":{\"@type\":\"EntryPoint\",\"urlTemplate\":\"https:\/\/www.teka.com\/fr-ma\/?s={search_term_string}\"},\"query-input\":{\"@type\":\"PropertyValueSpecification\",\"valueRequired\":true,\"valueName\":\"search_term_string\"}}],\"inLanguage\":\"en-US\"}]}<\/script>\n<!-- \/ Yoast SEO plugin. -->","yoast_head_json":{"title":"The history behind Teka brand | About the company","description":"Teka has a history of more than 90 years, since the beginning of its activity manufacturing agricultura machinery, until now, becoming one of the most important appliances brand around the world.","robots":{"index":"index","follow":"follow","max-snippet":"max-snippet:-1","max-image-preview":"max-image-preview:large","max-video-preview":"max-video-preview:-1"},"canonical":"https:\/\/www.teka.com\/fr-ma\/qui-sommes-nous\/notre-histoire\/","og_locale":"en_US","og_type":"article","og_title":"The history behind Teka brand | About the company","og_description":"Teka has a history of more than 90 years, since the beginning of its activity manufacturing agricultura machinery, until now, becoming one of the most important appliances brand around the world.","og_url":"https:\/\/www.teka.com\/fr-ma\/qui-sommes-nous\/notre-histoire\/","og_site_name":"Teka Morocco","article_modified_time":"2019-06-14T10:25:36+00:00","twitter_card":"summary_large_image","twitter_misc":{"Est. reading time":"5 minutes"},"schema":{"@context":"https:\/\/schema.org","@graph":[{"@type":"WebPage","@id":"https:\/\/www.teka.com\/fr-ma\/qui-sommes-nous\/notre-histoire\/","url":"https:\/\/www.teka.com\/fr-ma\/qui-sommes-nous\/notre-histoire\/","name":"The history behind Teka brand | About the company","isPartOf":{"@id":"https:\/\/www.teka.com\/fr-ma\/#website"},"datePublished":"2018-09-11T08:07:26+00:00","dateModified":"2019-06-14T10:25:36+00:00","description":"Teka has a history of more than 90 years, since the beginning of its activity manufacturing agricultura machinery, until now, becoming one of the most important appliances brand around the world.","breadcrumb":{"@id":"https:\/\/www.teka.com\/fr-ma\/qui-sommes-nous\/notre-histoire\/#breadcrumb"},"inLanguage":"en-US","potentialAction":[{"@type":"ReadAction","target":["https:\/\/www.teka.com\/fr-ma\/qui-sommes-nous\/notre-histoire\/"]}]},{"@type":"BreadcrumbList","@id":"https:\/\/www.teka.com\/fr-ma\/qui-sommes-nous\/notre-histoire\/#breadcrumb","itemListElement":[{"@type":"ListItem","position":1,"name":"Qui sommes-nous","item":"https:\/\/www.teka.com\/fr-ma\/qui-sommes-nous\/"},{"@type":"ListItem","position":2,"name":"Notre histoire"}]},{"@type":"WebSite","@id":"https:\/\/www.teka.com\/fr-ma\/#website","url":"https:\/\/www.teka.com\/fr-ma\/","name":"Teka Morocco","description":"","potentialAction":[{"@type":"SearchAction","target":{"@type":"EntryPoint","urlTemplate":"https:\/\/www.teka.com\/fr-ma\/?s={search_term_string}"},"query-input":{"@type":"PropertyValueSpecification","valueRequired":true,"valueName":"search_term_string"}}],"inLanguage":"en-US"}]}},"_links":{"self":[{"href":"https:\/\/www.teka.com\/fr-ma\/wp-json\/wp\/v2\/pages\/21992","targetHints":{"allow":["GET"]}}],"collection":[{"href":"https:\/\/www.teka.com\/fr-ma\/wp-json\/wp\/v2\/pages"}],"about":[{"href":"https:\/\/www.teka.com\/fr-ma\/wp-json\/wp\/v2\/types\/page"}],"author":[{"embeddable":true,"href":"https:\/\/www.teka.com\/fr-ma\/wp-json\/wp\/v2\/users\/9"}],"replies":[{"embeddable":true,"href":"https:\/\/www.teka.com\/fr-ma\/wp-json\/wp\/v2\/comments?post=21992"}],"version-history":[{"count":31,"href":"https:\/\/www.teka.com\/fr-ma\/wp-json\/wp\/v2\/pages\/21992\/revisions"}],"predecessor-version":[{"id":54527,"href":"https:\/\/www.teka.com\/fr-ma\/wp-json\/wp\/v2\/pages\/21992\/revisions\/54527"}],"up":[{"embeddable":true,"href":"https:\/\/www.teka.com\/fr-ma\/wp-json\/wp\/v2\/pages\/21989"}],"wp:attachment":[{"href":"https:\/\/www.teka.com\/fr-ma\/wp-json\/wp\/v2\/media?parent=21992"}],"curies":[{"name":"wp","href":"https:\/\/api.w.org\/{rel}","templated":true}]}}