{"id":21994,"date":"2018-09-11T08:07:24","date_gmt":"2018-09-11T08:07:24","guid":{"rendered":"http:\/\/teka.com\/?page_id=21994"},"modified":"2019-06-14T10:26:57","modified_gmt":"2019-06-14T10:26:57","slug":"teka-et-le-sport","status":"publish","type":"page","link":"https:\/\/www.teka.com\/fr-ma\/qui-sommes-nous\/teka-et-le-sport\/","title":{"rendered":"Teka et le sport"},"content":{"rendered":"<p>[et_pb_section bb_built=&#8221;1&#8243; module_id=&#8221;teka-top&#8221; _builder_version=&#8221;3.17.6&#8243; background_image=&#8221;https:\/\/www.teka.com\/fr-ma\/wp-content\/uploads\/sites\/51\/2018\/11\/teka-slider-about-us-desktop.jpg&#8221; next_background_color=&#8221;#0e0e0e&#8221; global_module=&#8221;23211&#8243;][et_pb_row global_parent=&#8221;23211&#8243; _builder_version=&#8221;3.17.6&#8243; background_size=&#8221;initial&#8221; background_position=&#8221;top_left&#8221; background_repeat=&#8221;repeat&#8221;][et_pb_column type=&#8221;1_2&#8243;][et_pb_text admin_label=&#8221;Header Title&#8221; global_parent=&#8221;23211&#8243; _builder_version=&#8221;3.19&#8243; background_layout=&#8221;dark&#8221;]<\/p>\n<h3><strong>Teka Group<\/strong>,<br \/>\nOrigine Allemande<\/h3>\n<p>&nbsp;<\/p>\n<p>[\/et_pb_text][\/et_pb_column][et_pb_column type=&#8221;1_2&#8243;][\/et_pb_column][\/et_pb_row][\/et_pb_section][et_pb_section bb_built=&#8221;1&#8243; specialty=&#8221;off&#8221; prev_background_color=&#8221;#ffffff&#8221; _builder_version=&#8221;3.14&#8243; module_id=&#8221;teka-menu&#8221; background_color=&#8221;#0e0e0e&#8221; next_background_color=&#8221;#ffffff&#8221; global_module=&#8221;23212&#8243;][et_pb_row global_parent=&#8221;23212&#8243; background_position=&#8221;top_left&#8221; background_repeat=&#8221;repeat&#8221; background_size=&#8221;initial&#8221;][et_pb_column type=&#8221;4_4&#8243;][et_pb_sidebar global_parent=&#8221;23212&#8243; _builder_version=&#8221;3.17.6&#8243; area=&#8221;et_pb_widget_area_7&#8243; background_layout=&#8221;dark&#8221; disabled=&#8221;off&#8221; disabled_on=&#8221;on|on|&#8221; \/][et_pb_sidebar admin_label=&#8221;Sidebar Tablet&#8221; global_parent=&#8221;23212&#8243; _builder_version=&#8221;3.17.6&#8243; area=&#8221;et_pb_widget_area_9&#8243; background_layout=&#8221;dark&#8221; disabled=&#8221;off&#8221; disabled_on=&#8221;on||on&#8221; \/][et_pb_sidebar admin_label=&#8221;Sidebar Mobile&#8221; global_parent=&#8221;23212&#8243; _builder_version=&#8221;3.17.6&#8243; area=&#8221;et_pb_widget_area_8&#8243; background_layout=&#8221;dark&#8221; disabled=&#8221;off&#8221; disabled_on=&#8221;|on|on&#8221; \/][\/et_pb_column][\/et_pb_row][\/et_pb_section][et_pb_section bb_built=&#8221;1&#8243; _builder_version=&#8221;3.17.6&#8243; prev_background_color=&#8221;#0e0e0e&#8221; next_background_color=&#8221;#000000&#8243; module_id=&#8221;about-us&#8221;][et_pb_row _builder_version=&#8221;3.0.48&#8243; background_size=&#8221;initial&#8221; background_position=&#8221;top_left&#8221; background_repeat=&#8221;repeat&#8221;][et_pb_column type=&#8221;4_4&#8243;][et_pb_text _builder_version=&#8221;3.19&#8243; text_orientation=&#8221;center&#8221;]<\/p>\n<h1><strong>Teka<\/strong> et le sport<\/h1>\n<p><span style=\"font-weight: 400;\">Tout au long de son histoire, <strong>Teka<\/strong> a \u00e9t\u00e9 une marque tr\u00e8s li\u00e9e au sport, faisant partie des principaux \u00e9v\u00e9nements sportifs et coop\u00e9rant \u00e0 la formation et au d\u00e9veloppement dans diff\u00e9rentes disciplines sportives.<\/span><\/p>\n<p>Il y a beaucoup de <strong>moments m\u00e9morables<\/strong> \u00e0 retenir, mais pour n&#8217;en nommer que quelques-uns.<\/p>\n<p>[\/et_pb_text][\/et_pb_column][\/et_pb_row][\/et_pb_section][et_pb_section bb_built=&#8221;1&#8243; module_id=&#8221;sport-menu&#8221; module_class=&#8221;tabs-menu&#8221; _builder_version=&#8221;3.14&#8243; prev_background_color=&#8221;#000000&#8243; next_background_color=&#8221;#000000&#8243;][et_pb_row _builder_version=&#8221;3.14&#8243; background_size=&#8221;initial&#8221; background_position=&#8221;top_left&#8221; background_repeat=&#8221;repeat&#8221;][et_pb_column type=&#8221;4_4&#8243;][et_pb_code _builder_version=&#8221;3.19&#8243;]<\/p>\n<ul><!-- [et_pb_line_break_holder] --><\/p>\n<li><a href=\"#\" class=\"sport-futbol\" data-tab=\"sport-futbol\"><i class=\"itk-deporte-futbol\"><\/i>Football<\/a><\/li>\n<p><!-- [et_pb_line_break_holder] --><\/p>\n<li><a href=\"#\" class=\"sport-basketball\" data-tab=\"sport-basketball\"><i class=\"itk-deporte-baloncesto\"><\/i>Basketball<\/a><\/li>\n<p><!-- [et_pb_line_break_holder] --><\/p>\n<li><a href=\"#\" class=\"sport-cycling\" data-tab=\"sport-cycling\"><i class=\"itk-deporte-ciclismo\"><\/i>Cycling<\/a><\/li>\n<p><!-- [et_pb_line_break_holder] --><\/p>\n<li><a href=\"#\" class=\"sport-handball\" data-tab=\"sport-handball\"><i class=\"itk-deporte-balonmano\"><\/i>Handball<\/a><\/li>\n<p><!-- [et_pb_line_break_holder] --><\/p>\n<li><a href=\"#\" class=\"sport-hokey\" data-tab=\"sport-hokey\"><i class=\"itk-deporte-hockey\"><\/i>Hockey<\/a><\/li>\n<p><!-- [et_pb_line_break_holder] --><\/p>\n<li><a href=\"#\" class=\"sport-motor\" data-tab=\"sport-motor\"><i class=\"itk-deporte-motor\"><\/i>Motorsports<\/a><\/li>\n<p><!-- [et_pb_line_break_holder] --><\/p>\n<li><a href=\"#\" class=\"sport-polo\" data-tab=\"sport-polo\"><i class=\"itk-deporte-polo\"><\/i>Autres sponsorings<\/a><\/li>\n<p><!-- [et_pb_line_break_holder] --><\/ul>\n<p>[\/et_pb_code][\/et_pb_column][\/et_pb_row][\/et_pb_section][et_pb_section bb_built=&#8221;1&#8243; module_id=&#8221;sport-futbol&#8221; module_class=&#8221;tab-content&#8221; _builder_version=&#8221;3.14&#8243; prev_background_color=&#8221;#000000&#8243; next_background_color=&#8221;#000000&#8243;][et_pb_row _builder_version=&#8221;3.0.48&#8243; background_size=&#8221;initial&#8221; background_position=&#8221;top_left&#8221; background_repeat=&#8221;repeat&#8221;][et_pb_column type=&#8221;1_2&#8243;][et_pb_image admin_label=&#8221;Image Football&#8221; src=&#8221;https:\/\/www.teka.com\/wp-content\/uploads\/sites\/3\/2018\/10\/webRACINGLIGUILLA-575&#215;323.jpg&#8221; _builder_version=&#8221;3.17.2&#8243; \/][et_pb_text admin_label=&#8221;Football&#8221; _builder_version=&#8221;3.19&#8243;]<\/p>\n<h3>Premi\u00e8re marque sponsorisant une \u00e9quipe de football en Espagne<\/h3>\n<p>Le 27 d\u00e9cembre 1981, Teka est devenue la premi\u00e8re marque \u00e0 sponsoriser le tee-shirt d&#8217;une \u00e9quipe de football espagnole, portant le logo de la marque sur le tee-shirt du Santander Real Racing Club. Racing a pr\u00e9sent\u00e9 ce sponsor dans un match contre le Real Madrid C.F., une autre future \u00e9quipe li\u00e9e \u00e0 Teka.<\/p>\n<p>[\/et_pb_text][\/et_pb_column][et_pb_column type=&#8221;1_2&#8243;][et_pb_image src=&#8221;https:\/\/www.teka.com\/wp-content\/uploads\/sites\/3\/2018\/10\/tumblr_nn258a5X2G1t52aheo2_1280.jpg&#8221; _builder_version=&#8221;3.17.2&#8243; \/][et_pb_text _builder_version=&#8221;3.19&#8243;]<\/p>\n<h3>Parrainage du Real Madrid C.F<\/h3>\n<p>De 1992 \u00e0 2000, Teka a \u00e9t\u00e9 le sponsor principal du <strong>Real Madrid C.F.<\/strong> , dont le logo figure sur la tenue officielle du Real Madrid. Cette p\u00e9riode a \u00e9t\u00e9 pleine de gloire pour Teka et le Real Madrid, avec des l\u00e9gendes comme <strong>Ra\u00fal Gonz\u00e1lez<\/strong> et la grande \u00e9poque de l&#8217;\u00e9quipe du Real Madrid de <strong>Jorge Valdano<\/strong> et <strong>Laudrup<\/strong> dans le club blanc, ainsi que plusieurs <strong>ligues espagnoles<\/strong> cons\u00e9cutives, cette p\u00e9riode a inclus l&#8217;\u00e9quipe a finalement r\u00e9alis\u00e9 leur r\u00eave de gagner la septi\u00e8me <strong>UEFA Champions League<\/strong> en 1998, \u00e0 Amsterdam, apr\u00e8s avoir battu Juventus FC.<\/p>\n<p>En 2000, le Real Madrid a de nouveau atteint le sommet apr\u00e8s avoir remport\u00e9 la <strong>8\u00e8me Ligue des Champions \u00e0 Paris<\/strong>.<\/p>\n<p>Pendant cette p\u00e9riode, Teka et le Real Madrid travaillant ensemble, le club blanc a conquis <strong>deux Ligues des champions de l&#8217;UEFA<\/strong>, une <strong>Coupe Intercontinentale<\/strong>, <strong>trois Ligues espagnoles<\/strong>, <strong>deux Coupes d&#8217;Espagne<\/strong> <strong>deux<\/strong> <strong>Supercoupe d&#8217;<\/strong> Espagne.<\/p>\n<p>[\/et_pb_text][\/et_pb_column][\/et_pb_row][\/et_pb_section][et_pb_section bb_built=&#8221;1&#8243; module_id=&#8221;sport-basketball&#8221; module_class=&#8221;tab-content&#8221; _builder_version=&#8221;3.14&#8243; prev_background_color=&#8221;#000000&#8243; next_background_color=&#8221;#000000&#8243;][et_pb_row _builder_version=&#8221;3.0.48&#8243; background_size=&#8221;initial&#8221; background_position=&#8221;top_left&#8221; background_repeat=&#8221;repeat&#8221;][et_pb_column type=&#8221;1_2&#8243;][et_pb_image admin_label=&#8221;Image Basket&#8221; src=&#8221;https:\/\/www.teka.com\/wp-content\/uploads\/sites\/3\/2018\/10\/Sabonis.jpg&#8221; _builder_version=&#8221;3.17.2&#8243; \/][et_pb_text admin_label=&#8221;Basket&#8221; _builder_version=&#8221;3.19&#8243;]<\/p>\n<h3>Parrainage du Real Madrid Basketball<\/h3>\n<h3>(Premi\u00e8re p\u00e9riode : 1992-2000)<\/h3>\n<p>De 1992 \u00e0 2000, Teka est devenu le sponsor principal de l&#8217;\u00e9quipe de basket-ball du Real Madrid. Ils ont chang\u00e9 leur nom en Real Madrid Teka et l&#8217;\u00e9quipe blanche avait aussi le logo de <strong>Teka<\/strong> sur ses uniformes.<\/p>\n<p>Ce fut une p\u00e9riode tr\u00e8s r\u00e9ussie pour l&#8217;\u00e9quipe blanche, qui a remport\u00e9 trois championnats, une Copa del Rey et une Coupe d&#8217;Europe.<\/p>\n<p>C&#8217;est en 1995 qu&#8217;ils remportent leur 8\u00e8me Coupe d&#8217;Europe (l&#8217;actuelle Euroligue de basket-ball), une \u00e9tape importante dans l&#8217;histoire de l&#8217;\u00e9quipe apr\u00e8s 15 ans de tentatives pour reconqu\u00e9rir le troph\u00e9e.<\/p>\n<p>Nous avons v\u00e9cu des moments inoubliables pendant ces ann\u00e9es avec des joueurs impressionnants comme Arvydas Sabonis, Joe Arlauckas, Ant\u00fanez, Biriukov, Djordjevic, Herreros ou Bodiroga.<\/p>\n<p>[\/et_pb_text][\/et_pb_column][et_pb_column type=&#8221;1_2&#8243;][et_pb_image src=&#8221;https:\/\/www.teka.com\/wp-content\/uploads\/sites\/3\/2018\/10\/el-real-madrid-se-da-un-festin-ante-el-estrasburgo-para-certificar-su-pase-al-top-16.jpg&#8221; _builder_version=&#8221;3.17.2&#8243; \/][et_pb_text _builder_version=&#8221;3.19&#8243;]<\/p>\n<h3>Parrainage du Real Madrid Basketball<\/h3>\n<h3>(Deuxi\u00e8me p\u00e9riode : 2014-2016)<\/h3>\n<p><strong>Teka<\/strong> est redevenu sponsor de l&#8217;\u00e9quipe de basket-ball du Real Madrid de 2014 \u00e0 2016. Apr\u00e8s avoir travaill\u00e9 ensemble des ann\u00e9es auparavant et avoir remport\u00e9 la 8\u00e8me Coupe d&#8217;Europe, beaucoup esp\u00e9raient que cette nouvelle p\u00e9riode apporterait plus de troph\u00e9es \u00e0 l&#8217;\u00e9quipe, et leurs espoirs se sont r\u00e9alis\u00e9s en 2015 quand ils ont atteint le m\u00e9morable Final Four et gagn\u00e9 au Palacio de Deportes de Madrid, apr\u00e8s avoir battu Olympiacos BC.<\/p>\n<p>Guid\u00e9e par son entra\u00eeneur, Pablo Laso, l&#8217;\u00e9quipe \u00e9tait compos\u00e9e de stars, qui font d\u00e9j\u00e0 partie des l\u00e9gendes du club. Des joueurs comme Rudy Fern\u00e1ndez, Sergio Llul, Felipe Reyes, Sergio Rodr\u00edguez ou Jaycee Carroll.<\/p>\n<p>\u00a0<\/p>\n<p>[\/et_pb_text][\/et_pb_column][\/et_pb_row][\/et_pb_section][et_pb_section bb_built=&#8221;1&#8243; module_id=&#8221;sport-cycling&#8221; module_class=&#8221;tab-content&#8221; _builder_version=&#8221;3.14&#8243; prev_background_color=&#8221;#000000&#8243; next_background_color=&#8221;#000000&#8243;][et_pb_row custom_padding=&#8221;25.25px|0px|25.25px|0|false|false&#8221; _builder_version=&#8221;3.17.2&#8243; background_size=&#8221;initial&#8221; background_position=&#8221;top_left&#8221; background_repeat=&#8221;repeat&#8221;][et_pb_column type=&#8221;1_2&#8243;][et_pb_image admin_label=&#8221;Image Cycling&#8221; src=&#8221;https:\/\/www.teka.com\/wp-content\/uploads\/sites\/3\/2018\/10\/teka-ciclismo2.jpg&#8221; _builder_version=&#8221;3.17.2&#8243; \/][et_pb_text admin_label=&#8221;Cycling&#8221; _builder_version=&#8221;3.19&#8243;]<\/p>\n<h3>Teka Cycling Sports Club<\/h3>\n<p>En 1976, Teka a commenc\u00e9 \u00e0 travailler avec le cyclisme professionnel. C&#8217;est dans les ann\u00e9es 80 que l&#8217;\u00e9quipe est devenue l&#8217;une des plus importantes \u00e9quipes cyclistes du monde.<\/p>\n<p>Le projet a commenc\u00e9 en Cantabrie et s&#8217;est d\u00e9velopp\u00e9 pour devenir l&#8217;un des groupes les plus r\u00e9ussis de l&#8217;histoire du cyclisme espagnol.<\/p>\n<p>Entre 1976 et 1990, le groupe sportif cycliste Teka a remport\u00e9 plus de 500 victoires, entre autres, dans la &#8220;Vuelta a Espa\u00f1a&#8221; de 1982 avec Mariano Lejarreta, et dans la &#8220;Vuelta a Espa\u00f1a&#8221; de 1977 et 1984 en \u00e9quipe.<\/p>\n<p>De nombreux cyclistes inoubliables ont fait partie de l&#8217;\u00e9quipe comme Marino Lejarreta, Peio Ruiz Cabestany, Eduardo Chozas, Reimund Dietzen, Miguel Mar\u00eda Lasa et Marino Alonso.<\/p>\n<p>[\/et_pb_text][\/et_pb_column][et_pb_column type=&#8221;1_2&#8243;][\/et_pb_column][\/et_pb_row][\/et_pb_section][et_pb_section bb_built=&#8221;1&#8243; module_id=&#8221;sport-handball&#8221; module_class=&#8221;tab-content&#8221; _builder_version=&#8221;3.14&#8243; prev_background_color=&#8221;#000000&#8243; next_background_color=&#8221;#000000&#8243;][et_pb_row custom_padding=&#8221;25.25px|0|25.25px|0px|false|false&#8221; _builder_version=&#8221;3.17.2&#8243; background_size=&#8221;initial&#8221; background_position=&#8221;top_left&#8221; background_repeat=&#8221;repeat&#8221;][et_pb_column type=&#8221;1_2&#8243;][et_pb_image admin_label=&#8221;Image Handball&#8221; src=&#8221;https:\/\/www.teka.com\/wp-content\/uploads\/sites\/3\/2018\/10\/teka-balonmnano.jpg&#8221; _builder_version=&#8221;3.17.2&#8243; \/][et_pb_text admin_label=&#8221;Handball&#8221; _builder_version=&#8221;3.19&#8243;]<\/p>\n<h3>Teka Santander Sports Club<\/h3>\n<p>D&#8217;abord connu sous le nom de Cantabria Handball Club, le Teka Santander Sports Group a \u00e9t\u00e9 cr\u00e9\u00e9 en 1975, avec Teka comme nouveau sponsor pour les ann\u00e9es suivantes.<\/p>\n<p>Teka Santander Sports Group a atteint la premi\u00e8re division de handball de la ligue ASOBAL, premi\u00e8re division de handball en Espagne. L&#8217;engagement avec l&#8217;\u00e9quipe \u00e9tait si important que le groupe \u00e9tait connu sous le nom de Teka, remportant de nombreux troph\u00e9es jusqu&#8217;en 1995.<\/p>\n<p>Apr\u00e8s une courte p\u00e9riode de temps, Teka a travaill\u00e9 \u00e0 nouveau avec le groupe en 1999 et est devenu le Teka Cantabria jusqu&#8217;en 2008.<\/p>\n<p>Tout au long de son histoire, le club a atteint de nombreux objectifs, de la division inf\u00e9rieure aux plus hautes performances sportives. L&#8217;\u00e9quipe a remport\u00e9 une Coupe d&#8217;Europe, un Championnat du Monde des Clubs, une Coupe des Vainqueurs de Coupe EHF, deux Ligues ASOBAL, deux coupes &#8220;Copa del Rey&#8221;, deux coupes &#8220;Supercopa&#8221; et quatre coupes ASOBAL en handball espagnol.<\/p>\n<p>De nombreuses l\u00e9gendes du handball portaient des maillots Teka, dont certains, comme Talant Dujshebaev, Alberto Urdiales ou Jose Javier Hombrados, sont devenus les meilleurs joueurs de handball de l&#8217;histoire.<\/p>\n<p>[\/et_pb_text][\/et_pb_column][et_pb_column type=&#8221;1_2&#8243;][et_pb_text _builder_version=&#8221;3.14&#8243; \/][\/et_pb_column][\/et_pb_row][\/et_pb_section][et_pb_section bb_built=&#8221;1&#8243; module_id=&#8221;sport-hokey&#8221; module_class=&#8221;tab-content&#8221; _builder_version=&#8221;3.14&#8243; prev_background_color=&#8221;#000000&#8243; next_background_color=&#8221;#000000&#8243;][et_pb_row _builder_version=&#8221;3.17.2&#8243; background_size=&#8221;initial&#8221; background_position=&#8221;top_left&#8221; background_repeat=&#8221;repeat&#8221;][et_pb_column type=&#8221;1_2&#8243;][et_pb_image admin_label=&#8221;Image Hockey&#8221; src=&#8221;https:\/\/www.teka.com\/wp-content\/uploads\/sites\/3\/2018\/10\/Tatran-Teka.jpg&#8221; _builder_version=&#8221;3.17.2&#8243; \/][et_pb_text admin_label=&#8221;Hockey&#8221; _builder_version=&#8221;3.19&#8243;]<\/p>\n<h3>Hockey \u00e0 roulettes<\/h3>\n<p><strong>Teka<\/strong> a \u00e9t\u00e9 pr\u00e9sent comme dans la Superleague Nationale de Hockey \u00e0 roulettes de la R\u00e9publique Tch\u00e8que en tant que sponsor principal du Tatran Teka Stresovice.<\/p>\n<p>[\/et_pb_text][\/et_pb_column][et_pb_column type=&#8221;1_2&#8243;][\/et_pb_column][\/et_pb_row][\/et_pb_section][et_pb_section bb_built=&#8221;1&#8243; module_id=&#8221;sport-motor&#8221; module_class=&#8221;tab-content&#8221; _builder_version=&#8221;3.17.2&#8243; prev_background_color=&#8221;#000000&#8243; next_background_color=&#8221;#000000&#8243;][et_pb_row _builder_version=&#8221;3.0.48&#8243; background_size=&#8221;initial&#8221; background_position=&#8221;top_left&#8221; background_repeat=&#8221;repeat&#8221;][et_pb_column type=&#8221;1_2&#8243;][et_pb_image admin_label=&#8221;Image Motocross&#8221; src=&#8221;https:\/\/www.teka.com\/wp-content\/uploads\/sites\/3\/2018\/10\/LarissaPapenmeierMX1MX2MotocrossWorldPyDv7aCj8A2l.jpg&#8221; _builder_version=&#8221;3.17.2&#8243; \/][et_pb_text admin_label=&#8221;Text Motocross&#8221; _builder_version=&#8221;3.19&#8243;]<\/p>\n<h3>Championnat du Monde de Motocross<\/h3>\n<p>En 2009, Teka a sign\u00e9 un accord pour devenir le sponsor principal du championnat du monde de motocross pour deux ans.<\/p>\n<p>La marque \u00e9tait pr\u00e9sente sur le championnat du monde de Motocross depuis l&#8217;ann\u00e9e 2008, puisqu&#8217;elle \u00e9tait le sponsor principal de l&#8217;\u00e9quipe Suzuki.<\/p>\n<p>[\/et_pb_text][\/et_pb_column][et_pb_column type=&#8221;1_2&#8243;][et_pb_image admin_label=&#8221;Image Moto2&#8243; src=&#8221;https:\/\/www.teka.com\/wp-content\/uploads\/sites\/3\/2018\/10\/17355-Ricky-Cardus-GP-Qatar-2012-Moto2-2.jpg&#8221; _builder_version=&#8221;3.17.2&#8243; \/][et_pb_text admin_label=&#8221;Text Moto2&#8243; _builder_version=&#8221;3.19&#8243;]<\/p>\n<h3>Championnat du Monde Moto<\/h3>\n<p>En 2012, Teka a commenc\u00e9 un partenariat en tant que sponsor avec l&#8217;\u00e9quipe AGR, propri\u00e9t\u00e9 du chef espagnol Karlos Argui\u00f1ano.<\/p>\n<p>L&#8217;\u00e9quipe a particip\u00e9 au Championnat du Monde Moto.<\/p>\n<p>[\/et_pb_text][\/et_pb_column][\/et_pb_row][\/et_pb_section][et_pb_section bb_built=&#8221;1&#8243; admin_label=&#8221;sport-polo&#8221; module_id=&#8221;sport-polo&#8221; module_class=&#8221;tab-content&#8221; _builder_version=&#8221;3.17.2&#8243; prev_background_color=&#8221;#000000&#8243;][et_pb_row _builder_version=&#8221;3.17.2&#8243; background_size=&#8221;initial&#8221; background_position=&#8221;top_left&#8221; background_repeat=&#8221;repeat&#8221;][et_pb_column type=&#8221;1_2&#8243;][et_pb_image admin_label=&#8221;Image Polo&#8221; src=&#8221;https:\/\/www.teka.com\/wp-content\/uploads\/sites\/3\/2018\/10\/23823257_837494583079457_4446895935825379328_n.jpg&#8221; _builder_version=&#8221;3.17.2&#8243; \/][et_pb_text admin_label=&#8221;Text Polo&#8221; _builder_version=&#8221;3.19&#8243;]<\/p>\n<h3>Autres sponsorings<\/h3>\n<p>Teka soutient le sport depuis plus de 60 ans, non seulement le football et le basket-ball, mais aussi d&#8217;autres disciplines sportives dans le monde entier. La marque \u00e9tait pr\u00e9sente au Rallye Dakar au Chili, au Rally Desert Challenge, au polo ou au hockey sur glace.<\/p>\n<p>En 2014, Teka a particip\u00e9 aux Jeux Olympiques de Sochi en sponsorisant le double m\u00e9daill\u00e9 hongrois Imre Pulai.<\/p>\n<p>[\/et_pb_text][\/et_pb_column][et_pb_column type=&#8221;1_2&#8243;][et_pb_text _builder_version=&#8221;3.14&#8243; \/][\/et_pb_column][\/et_pb_row][\/et_pb_section]<\/p>\n","protected":false},"excerpt":{"rendered":"<p>Teka Group, Origine Allemande &nbsp; Teka et le sportTout au long de son histoire, Teka a \u00e9t\u00e9 une marque tr\u00e8s li\u00e9e au sport, faisant partie des principaux \u00e9v\u00e9nements sportifs et coop\u00e9rant \u00e0 la formation et au d\u00e9veloppement dans diff\u00e9rentes disciplines sportives.Il y a beaucoup de moments m\u00e9morables \u00e0 retenir, mais pour n&#8217;en nommer que quelques-uns. [&hellip;]<\/p>\n","protected":false},"author":9,"featured_media":0,"parent":21989,"menu_order":6,"comment_status":"closed","ping_status":"closed","template":"","meta":{"_acf_changed":false,"_et_pb_use_builder":"on","_et_pb_old_content":"","_et_gb_content_width":"","footnotes":""},"class_list":["post-21994","page","type-page","status-publish","hentry"],"acf":[],"yoast_head":"<!-- This site is optimized with the Yoast SEO plugin v27.5 - https:\/\/yoast.com\/product\/yoast-seo-wordpress\/ -->\n<title>Teka et le sport sponsorships | About Teka Morocco<\/title>\n<meta name=\"robots\" content=\"index, follow, max-snippet:-1, max-image-preview:large, max-video-preview:-1\" \/>\n<link rel=\"canonical\" href=\"https:\/\/www.teka.com\/fr-ma\/qui-sommes-nous\/teka-et-le-sport\/\" \/>\n<meta property=\"og:locale\" content=\"en_US\" \/>\n<meta property=\"og:type\" content=\"article\" \/>\n<meta property=\"og:title\" content=\"Teka et le sport sponsorships | About Teka Morocco\" \/>\n<meta property=\"og:description\" content=\"Teka Group, Origine Allemande &nbsp; Teka et le sportTout au long de son histoire, Teka a \u00e9t\u00e9 une marque tr\u00e8s li\u00e9e au sport, faisant partie des principaux \u00e9v\u00e9nements sportifs et coop\u00e9rant \u00e0 la formation et au d\u00e9veloppement dans diff\u00e9rentes disciplines sportives.Il y a beaucoup de moments m\u00e9morables \u00e0 retenir, mais pour n&#039;en nommer que quelques-uns. [&hellip;]\" \/>\n<meta property=\"og:url\" content=\"https:\/\/www.teka.com\/fr-ma\/qui-sommes-nous\/teka-et-le-sport\/\" \/>\n<meta property=\"og:site_name\" content=\"Teka Morocco\" \/>\n<meta property=\"article:modified_time\" content=\"2019-06-14T10:26:57+00:00\" \/>\n<meta name=\"twitter:card\" content=\"summary_large_image\" \/>\n<meta name=\"twitter:label1\" content=\"Est. reading time\" \/>\n\t<meta name=\"twitter:data1\" content=\"10 minutes\" \/>\n<script type=\"application\/ld+json\" class=\"yoast-schema-graph\">{\"@context\":\"https:\\\/\\\/schema.org\",\"@graph\":[{\"@type\":\"WebPage\",\"@id\":\"https:\\\/\\\/www.teka.com\\\/fr-ma\\\/qui-sommes-nous\\\/teka-et-le-sport\\\/\",\"url\":\"https:\\\/\\\/www.teka.com\\\/fr-ma\\\/qui-sommes-nous\\\/teka-et-le-sport\\\/\",\"name\":\"Teka et le sport sponsorships | About Teka Morocco\",\"isPartOf\":{\"@id\":\"https:\\\/\\\/www.teka.com\\\/fr-ma\\\/#website\"},\"datePublished\":\"2018-09-11T08:07:24+00:00\",\"dateModified\":\"2019-06-14T10:26:57+00:00\",\"breadcrumb\":{\"@id\":\"https:\\\/\\\/www.teka.com\\\/fr-ma\\\/qui-sommes-nous\\\/teka-et-le-sport\\\/#breadcrumb\"},\"inLanguage\":\"en-US\",\"potentialAction\":[{\"@type\":\"ReadAction\",\"target\":[\"https:\\\/\\\/www.teka.com\\\/fr-ma\\\/qui-sommes-nous\\\/teka-et-le-sport\\\/\"]}]},{\"@type\":\"BreadcrumbList\",\"@id\":\"https:\\\/\\\/www.teka.com\\\/fr-ma\\\/qui-sommes-nous\\\/teka-et-le-sport\\\/#breadcrumb\",\"itemListElement\":[{\"@type\":\"ListItem\",\"position\":1,\"name\":\"Qui sommes-nous\",\"item\":\"https:\\\/\\\/www.teka.com\\\/fr-ma\\\/qui-sommes-nous\\\/\"},{\"@type\":\"ListItem\",\"position\":2,\"name\":\"Teka et le sport\"}]},{\"@type\":\"WebSite\",\"@id\":\"https:\\\/\\\/www.teka.com\\\/fr-ma\\\/#website\",\"url\":\"https:\\\/\\\/www.teka.com\\\/fr-ma\\\/\",\"name\":\"Teka Morocco\",\"description\":\"\",\"potentialAction\":[{\"@type\":\"SearchAction\",\"target\":{\"@type\":\"EntryPoint\",\"urlTemplate\":\"https:\\\/\\\/www.teka.com\\\/fr-ma\\\/?s={search_term_string}\"},\"query-input\":{\"@type\":\"PropertyValueSpecification\",\"valueRequired\":true,\"valueName\":\"search_term_string\"}}],\"inLanguage\":\"en-US\"}]}<\/script>\n<!-- \/ Yoast SEO plugin. -->","yoast_head_json":{"title":"Teka et le sport sponsorships | About Teka Morocco","robots":{"index":"index","follow":"follow","max-snippet":"max-snippet:-1","max-image-preview":"max-image-preview:large","max-video-preview":"max-video-preview:-1"},"canonical":"https:\/\/www.teka.com\/fr-ma\/qui-sommes-nous\/teka-et-le-sport\/","og_locale":"en_US","og_type":"article","og_title":"Teka et le sport sponsorships | About Teka Morocco","og_description":"Teka Group, Origine Allemande &nbsp; Teka et le sportTout au long de son histoire, Teka a \u00e9t\u00e9 une marque tr\u00e8s li\u00e9e au sport, faisant partie des principaux \u00e9v\u00e9nements sportifs et coop\u00e9rant \u00e0 la formation et au d\u00e9veloppement dans diff\u00e9rentes disciplines sportives.Il y a beaucoup de moments m\u00e9morables \u00e0 retenir, mais pour n'en nommer que quelques-uns. [&hellip;]","og_url":"https:\/\/www.teka.com\/fr-ma\/qui-sommes-nous\/teka-et-le-sport\/","og_site_name":"Teka Morocco","article_modified_time":"2019-06-14T10:26:57+00:00","twitter_card":"summary_large_image","twitter_misc":{"Est. reading time":"10 minutes"},"schema":{"@context":"https:\/\/schema.org","@graph":[{"@type":"WebPage","@id":"https:\/\/www.teka.com\/fr-ma\/qui-sommes-nous\/teka-et-le-sport\/","url":"https:\/\/www.teka.com\/fr-ma\/qui-sommes-nous\/teka-et-le-sport\/","name":"Teka et le sport sponsorships | About Teka Morocco","isPartOf":{"@id":"https:\/\/www.teka.com\/fr-ma\/#website"},"datePublished":"2018-09-11T08:07:24+00:00","dateModified":"2019-06-14T10:26:57+00:00","breadcrumb":{"@id":"https:\/\/www.teka.com\/fr-ma\/qui-sommes-nous\/teka-et-le-sport\/#breadcrumb"},"inLanguage":"en-US","potentialAction":[{"@type":"ReadAction","target":["https:\/\/www.teka.com\/fr-ma\/qui-sommes-nous\/teka-et-le-sport\/"]}]},{"@type":"BreadcrumbList","@id":"https:\/\/www.teka.com\/fr-ma\/qui-sommes-nous\/teka-et-le-sport\/#breadcrumb","itemListElement":[{"@type":"ListItem","position":1,"name":"Qui sommes-nous","item":"https:\/\/www.teka.com\/fr-ma\/qui-sommes-nous\/"},{"@type":"ListItem","position":2,"name":"Teka et le sport"}]},{"@type":"WebSite","@id":"https:\/\/www.teka.com\/fr-ma\/#website","url":"https:\/\/www.teka.com\/fr-ma\/","name":"Teka Morocco","description":"","potentialAction":[{"@type":"SearchAction","target":{"@type":"EntryPoint","urlTemplate":"https:\/\/www.teka.com\/fr-ma\/?s={search_term_string}"},"query-input":{"@type":"PropertyValueSpecification","valueRequired":true,"valueName":"search_term_string"}}],"inLanguage":"en-US"}]}},"_links":{"self":[{"href":"https:\/\/www.teka.com\/fr-ma\/wp-json\/wp\/v2\/pages\/21994","targetHints":{"allow":["GET"]}}],"collection":[{"href":"https:\/\/www.teka.com\/fr-ma\/wp-json\/wp\/v2\/pages"}],"about":[{"href":"https:\/\/www.teka.com\/fr-ma\/wp-json\/wp\/v2\/types\/page"}],"author":[{"embeddable":true,"href":"https:\/\/www.teka.com\/fr-ma\/wp-json\/wp\/v2\/users\/9"}],"replies":[{"embeddable":true,"href":"https:\/\/www.teka.com\/fr-ma\/wp-json\/wp\/v2\/comments?post=21994"}],"version-history":[{"count":34,"href":"https:\/\/www.teka.com\/fr-ma\/wp-json\/wp\/v2\/pages\/21994\/revisions"}],"predecessor-version":[{"id":54532,"href":"https:\/\/www.teka.com\/fr-ma\/wp-json\/wp\/v2\/pages\/21994\/revisions\/54532"}],"up":[{"embeddable":true,"href":"https:\/\/www.teka.com\/fr-ma\/wp-json\/wp\/v2\/pages\/21989"}],"wp:attachment":[{"href":"https:\/\/www.teka.com\/fr-ma\/wp-json\/wp\/v2\/media?parent=21994"}],"curies":[{"name":"wp","href":"https:\/\/api.w.org\/{rel}","templated":true}]}}