{"id":23564,"date":"2018-09-24T15:55:57","date_gmt":"2018-09-24T15:55:57","guid":{"rendered":"http:\/\/teka.com\/?page_id=23564"},"modified":"2019-06-14T10:31:46","modified_gmt":"2019-06-14T10:31:46","slug":"certificat-de-garantie","status":"publish","type":"page","link":"https:\/\/www.teka.com\/fr-ma\/support\/certificat-de-garantie\/","title":{"rendered":"Certificat de Garantie"},"content":{"rendered":"<p>[et_pb_section bb_built=&#8221;1&#8243; _builder_version=&#8221;3.14&#8243; module_id=&#8221;legal-container&#8221;][et_pb_row _builder_version=&#8221;3.14&#8243;][et_pb_column type=&#8221;4_4&#8243;][et_pb_text _builder_version=&#8221;3.19&#8243;]<\/p>\n<h1>Certificat de <strong>Garantie<\/strong><\/h1>\n<p>[\/et_pb_text][et_pb_text _builder_version=&#8221;3.19&#8243;]<\/p>\n<p>Les obligations de TEKA au titre de la pr\u00e9sente garantie se limitent aux dispositions figurant ciapr\u00e8s:<br \/>\nLa validit\u00e9 et les conditions de garantie sont consultables aupr\u00e8s du revendeur du produit. Celles-ci sont applicables sur pr\u00e9sentation de la facture d\u2019achat<br \/>\nde l\u2019appareil.<br \/>\nClauses d\u2019exclusion de la garantie:<br \/>\n\u2022 Cas de force majeure (ph\u00e9nom\u00e8nes atmosph\u00e9riques, g\u00e9ologiques,\u2026).<br \/>\n\u2022 Installation du produit non-conforme aux conditions pr\u00e9conis\u00e9es par la notice d\u2019utilisation.<br \/>\n\u2022 Utilisation anormale du produit.<br \/>\n\u2022 Produit endommag\u00e9 durant le transport de celui-ci.<br \/>\n\u2022 R\u00e9parations ou manipulations des produits par des personnes non autoris\u00e9es par TEKA.<br \/>\nCes conditions de garantie sont valables uniquement pour des appareils achet\u00e9s et utilis\u00e9s en France.<br \/>\nHotline SAV France : 01.41.51.40.70<\/p>\n<p>[\/et_pb_text][\/et_pb_column][\/et_pb_row][\/et_pb_section]<\/p>\n","protected":false},"excerpt":{"rendered":"<p>Certificat de Garantie Les obligations de TEKA au titre de la pr\u00e9sente garantie se limitent aux dispositions figurant ciapr\u00e8s: La validit\u00e9 et les conditions de garantie sont consultables aupr\u00e8s du revendeur du produit. Celles-ci sont applicables sur pr\u00e9sentation de la facture d\u2019achat de l\u2019appareil. Clauses d\u2019exclusion de la garantie: \u2022 Cas de force majeure (ph\u00e9nom\u00e8nes [&hellip;]<\/p>\n","protected":false},"author":9,"featured_media":0,"parent":5193,"menu_order":0,"comment_status":"closed","ping_status":"closed","template":"","meta":{"_acf_changed":false,"_et_pb_use_builder":"on","_et_pb_old_content":"","_et_gb_content_width":"","footnotes":""},"class_list":["post-23564","page","type-page","status-publish","hentry"],"acf":[],"yoast_head":"<!-- This site is optimized with the Yoast SEO plugin v27.5 - https:\/\/yoast.com\/product\/yoast-seo-wordpress\/ -->\n<title>Teka Morocco | Consulta las condiciones de garantia<\/title>\n<meta name=\"robots\" content=\"index, follow, max-snippet:-1, max-image-preview:large, max-video-preview:-1\" \/>\n<link rel=\"canonical\" href=\"https:\/\/www.teka.com\/fr-ma\/support\/certificat-de-garantie\/\" \/>\n<meta property=\"og:locale\" content=\"en_US\" \/>\n<meta property=\"og:type\" content=\"article\" \/>\n<meta property=\"og:title\" content=\"Teka Morocco | Consulta las condiciones de garantia\" \/>\n<meta property=\"og:description\" content=\"Certificat de Garantie Les obligations de TEKA au titre de la pr\u00e9sente garantie se limitent aux dispositions figurant ciapr\u00e8s: La validit\u00e9 et les conditions de garantie sont consultables aupr\u00e8s du revendeur du produit. Celles-ci sont applicables sur pr\u00e9sentation de la facture d\u2019achat de l\u2019appareil. Clauses d\u2019exclusion de la garantie: \u2022 Cas de force majeure (ph\u00e9nom\u00e8nes [&hellip;]\" \/>\n<meta property=\"og:url\" content=\"https:\/\/www.teka.com\/fr-ma\/support\/certificat-de-garantie\/\" \/>\n<meta property=\"og:site_name\" content=\"Teka Morocco\" \/>\n<meta property=\"article:modified_time\" content=\"2019-06-14T10:31:46+00:00\" \/>\n<meta name=\"twitter:card\" content=\"summary_large_image\" \/>\n<meta name=\"twitter:label1\" content=\"Est. reading time\" \/>\n\t<meta name=\"twitter:data1\" content=\"1 minute\" \/>\n<script type=\"application\/ld+json\" class=\"yoast-schema-graph\">{\"@context\":\"https:\\\/\\\/schema.org\",\"@graph\":[{\"@type\":\"WebPage\",\"@id\":\"https:\\\/\\\/www.teka.com\\\/fr-ma\\\/support\\\/certificat-de-garantie\\\/\",\"url\":\"https:\\\/\\\/www.teka.com\\\/fr-ma\\\/support\\\/certificat-de-garantie\\\/\",\"name\":\"Teka Morocco | Consulta las condiciones de garantia\",\"isPartOf\":{\"@id\":\"https:\\\/\\\/www.teka.com\\\/fr-ma\\\/#website\"},\"datePublished\":\"2018-09-24T15:55:57+00:00\",\"dateModified\":\"2019-06-14T10:31:46+00:00\",\"breadcrumb\":{\"@id\":\"https:\\\/\\\/www.teka.com\\\/fr-ma\\\/support\\\/certificat-de-garantie\\\/#breadcrumb\"},\"inLanguage\":\"en-US\",\"potentialAction\":[{\"@type\":\"ReadAction\",\"target\":[\"https:\\\/\\\/www.teka.com\\\/fr-ma\\\/support\\\/certificat-de-garantie\\\/\"]}]},{\"@type\":\"BreadcrumbList\",\"@id\":\"https:\\\/\\\/www.teka.com\\\/fr-ma\\\/support\\\/certificat-de-garantie\\\/#breadcrumb\",\"itemListElement\":[{\"@type\":\"ListItem\",\"position\":1,\"name\":\"Support\",\"item\":\"https:\\\/\\\/www.teka.com\\\/fr-ma\\\/support\\\/\"},{\"@type\":\"ListItem\",\"position\":2,\"name\":\"Certificat de Garantie\"}]},{\"@type\":\"WebSite\",\"@id\":\"https:\\\/\\\/www.teka.com\\\/fr-ma\\\/#website\",\"url\":\"https:\\\/\\\/www.teka.com\\\/fr-ma\\\/\",\"name\":\"Teka Morocco\",\"description\":\"\",\"potentialAction\":[{\"@type\":\"SearchAction\",\"target\":{\"@type\":\"EntryPoint\",\"urlTemplate\":\"https:\\\/\\\/www.teka.com\\\/fr-ma\\\/?s={search_term_string}\"},\"query-input\":{\"@type\":\"PropertyValueSpecification\",\"valueRequired\":true,\"valueName\":\"search_term_string\"}}],\"inLanguage\":\"en-US\"}]}<\/script>\n<!-- \/ Yoast SEO plugin. -->","yoast_head_json":{"title":"Teka Morocco | Consulta las condiciones de garantia","robots":{"index":"index","follow":"follow","max-snippet":"max-snippet:-1","max-image-preview":"max-image-preview:large","max-video-preview":"max-video-preview:-1"},"canonical":"https:\/\/www.teka.com\/fr-ma\/support\/certificat-de-garantie\/","og_locale":"en_US","og_type":"article","og_title":"Teka Morocco | Consulta las condiciones de garantia","og_description":"Certificat de Garantie Les obligations de TEKA au titre de la pr\u00e9sente garantie se limitent aux dispositions figurant ciapr\u00e8s: La validit\u00e9 et les conditions de garantie sont consultables aupr\u00e8s du revendeur du produit. Celles-ci sont applicables sur pr\u00e9sentation de la facture d\u2019achat de l\u2019appareil. Clauses d\u2019exclusion de la garantie: \u2022 Cas de force majeure (ph\u00e9nom\u00e8nes [&hellip;]","og_url":"https:\/\/www.teka.com\/fr-ma\/support\/certificat-de-garantie\/","og_site_name":"Teka Morocco","article_modified_time":"2019-06-14T10:31:46+00:00","twitter_card":"summary_large_image","twitter_misc":{"Est. reading time":"1 minute"},"schema":{"@context":"https:\/\/schema.org","@graph":[{"@type":"WebPage","@id":"https:\/\/www.teka.com\/fr-ma\/support\/certificat-de-garantie\/","url":"https:\/\/www.teka.com\/fr-ma\/support\/certificat-de-garantie\/","name":"Teka Morocco | Consulta las condiciones de garantia","isPartOf":{"@id":"https:\/\/www.teka.com\/fr-ma\/#website"},"datePublished":"2018-09-24T15:55:57+00:00","dateModified":"2019-06-14T10:31:46+00:00","breadcrumb":{"@id":"https:\/\/www.teka.com\/fr-ma\/support\/certificat-de-garantie\/#breadcrumb"},"inLanguage":"en-US","potentialAction":[{"@type":"ReadAction","target":["https:\/\/www.teka.com\/fr-ma\/support\/certificat-de-garantie\/"]}]},{"@type":"BreadcrumbList","@id":"https:\/\/www.teka.com\/fr-ma\/support\/certificat-de-garantie\/#breadcrumb","itemListElement":[{"@type":"ListItem","position":1,"name":"Support","item":"https:\/\/www.teka.com\/fr-ma\/support\/"},{"@type":"ListItem","position":2,"name":"Certificat de Garantie"}]},{"@type":"WebSite","@id":"https:\/\/www.teka.com\/fr-ma\/#website","url":"https:\/\/www.teka.com\/fr-ma\/","name":"Teka Morocco","description":"","potentialAction":[{"@type":"SearchAction","target":{"@type":"EntryPoint","urlTemplate":"https:\/\/www.teka.com\/fr-ma\/?s={search_term_string}"},"query-input":{"@type":"PropertyValueSpecification","valueRequired":true,"valueName":"search_term_string"}}],"inLanguage":"en-US"}]}},"_links":{"self":[{"href":"https:\/\/www.teka.com\/fr-ma\/wp-json\/wp\/v2\/pages\/23564","targetHints":{"allow":["GET"]}}],"collection":[{"href":"https:\/\/www.teka.com\/fr-ma\/wp-json\/wp\/v2\/pages"}],"about":[{"href":"https:\/\/www.teka.com\/fr-ma\/wp-json\/wp\/v2\/types\/page"}],"author":[{"embeddable":true,"href":"https:\/\/www.teka.com\/fr-ma\/wp-json\/wp\/v2\/users\/9"}],"replies":[{"embeddable":true,"href":"https:\/\/www.teka.com\/fr-ma\/wp-json\/wp\/v2\/comments?post=23564"}],"version-history":[{"count":6,"href":"https:\/\/www.teka.com\/fr-ma\/wp-json\/wp\/v2\/pages\/23564\/revisions"}],"predecessor-version":[{"id":54536,"href":"https:\/\/www.teka.com\/fr-ma\/wp-json\/wp\/v2\/pages\/23564\/revisions\/54536"}],"up":[{"embeddable":true,"href":"https:\/\/www.teka.com\/fr-ma\/wp-json\/wp\/v2\/pages\/5193"}],"wp:attachment":[{"href":"https:\/\/www.teka.com\/fr-ma\/wp-json\/wp\/v2\/media?parent=23564"}],"curies":[{"name":"wp","href":"https:\/\/api.w.org\/{rel}","templated":true}]}}