{"id":4713,"date":"2018-07-25T09:21:25","date_gmt":"2018-07-25T09:21:25","guid":{"rendered":"http:\/\/teka.com\/?page_id=4713"},"modified":"2026-04-15T13:27:26","modified_gmt":"2026-04-15T13:27:26","slug":"catalogues","status":"publish","type":"page","link":"https:\/\/www.teka.com\/fr-ma\/catalogues\/","title":{"rendered":"Catalogues"},"content":{"rendered":"<p>[et_pb_section fb_built=&#8221;1&#8243; admin_label=&#8221;section&#8221; _builder_version=&#8221;4.27.4&#8243; use_background_color_gradient=&#8221;on&#8221; background_image=&#8221;https:\/\/www.teka.com\/fr-ma\/wp-content\/uploads\/sites\/51\/2025\/02\/Download-pdf-catalogues-background-2.jpg&#8221; background_repeat=&#8221;repeat-x&#8221; width=&#8221;100%&#8221; max_width=&#8221;100%&#8221; min_height=&#8221;405px&#8221; collapsed=&#8221;off&#8221; global_colors_info=&#8221;{}&#8221;][et_pb_row column_structure=&#8221;1_2,1_2&#8243; _builder_version=&#8221;4.16&#8243; _module_preset=&#8221;default&#8221; global_colors_info=&#8221;{}&#8221;][et_pb_column type=&#8221;1_2&#8243; _builder_version=&#8221;4.16&#8243; _module_preset=&#8221;default&#8221; global_colors_info=&#8221;{}&#8221;][et_pb_text _builder_version=&#8221;4.27.4&#8243; text_text_color=&#8221;#FFFFFF&#8221; header_text_color=&#8221;#FFFFFF&#8221; width=&#8221;100%&#8221; custom_margin=&#8221;|-142px||||&#8221; custom_padding=&#8221;|0px||0px||&#8221; saved_tabs=&#8221;all&#8221; global_colors_info=&#8221;{}&#8221;]<\/p>\n<div id=\"group\" class=\"container\">\n<section id=\"international-awards\">\n<div id=\"international-awards-wrapper\">\n<h1><strong>Catalogues Teka<\/strong><\/h1>\n<p>T\u00e9l\u00e9chargez notre catalogue de produits complet. Vous y trouverez toutes les nouveaut\u00e9s et les gammes de produits disponibles, ainsi que les caract\u00e9ristiques et les informations d\u00e9taill\u00e9es de tous les produits.<\/p>\n<\/div>\n<\/section>\n<\/div>\n<p>[\/et_pb_text][\/et_pb_column][et_pb_column type=&#8221;1_2&#8243; _builder_version=&#8221;4.16&#8243; _module_preset=&#8221;default&#8221; global_colors_info=&#8221;{}&#8221;][\/et_pb_column][\/et_pb_row][\/et_pb_section][et_pb_section fb_built=&#8221;1&#8243; fullwidth=&#8221;on&#8221; _builder_version=&#8221;4.16&#8243; _module_preset=&#8221;default&#8221; width=&#8221;52%&#8221; global_colors_info=&#8221;{}&#8221;][et_pb_fullwidth_post_title meta=&#8221;off&#8221; featured_image=&#8221;off&#8221; _builder_version=&#8221;4.27.4&#8243; _module_preset=&#8221;default&#8221; global_colors_info=&#8221;{}&#8221;][\/et_pb_fullwidth_post_title][\/et_pb_section][et_pb_section fb_built=&#8221;1&#8243; _builder_version=&#8221;4.16&#8243; _module_preset=&#8221;default&#8221; collapsed=&#8221;off&#8221; global_colors_info=&#8221;{}&#8221;][et_pb_row column_structure=&#8221;1_3,1_3,1_3&#8243; use_custom_gutter=&#8221;on&#8221; make_equal=&#8221;on&#8221; _builder_version=&#8221;4.27.6&#8243; _module_preset=&#8221;default&#8221; width=&#8221;56%&#8221; max_width=&#8221;1623px&#8221; module_alignment=&#8221;center&#8221; custom_margin=&#8221;-34px||-12px||false|false&#8221; global_colors_info=&#8221;{}&#8221; gutter_width__hover_enabled=&#8221;off|desktop&#8221;][et_pb_column type=&#8221;1_3&#8243; _builder_version=&#8221;4.16&#8243; _module_preset=&#8221;default&#8221; global_colors_info=&#8221;{}&#8221;][\/et_pb_column][et_pb_column type=&#8221;1_3&#8243; _builder_version=&#8221;4.16&#8243; _module_preset=&#8221;default&#8221; global_colors_info=&#8221;{}&#8221;][et_pb_image src=&#8221;https:\/\/www.teka.com\/fr-ma\/wp-content\/uploads\/sites\/51\/2026\/04\/Teka-Catalogue-Electromenagers-2025-First-Page-scaled.jpg&#8221; alt=&#8221;Catalogue \u00c9lectrom\u00e9nagers Teka 2025&#8243; title_text=&#8221;Catalogue \u00c9lectrom\u00e9nagers Teka 2025&#8243; url=&#8221;@ET-DC@eyJkeW5hbWljIjp0cnVlLCJjb250ZW50IjoicG9zdF9saW5rX3VybF9hdHRhY2htZW50Iiwic2V0dGluZ3MiOnsicG9zdF9pZCI6IjU5NTMxIn19@&#8221; admin_label=&#8221;Image&#8221; _builder_version=&#8221;4.27.6&#8243; _dynamic_attributes=&#8221;url&#8221; _module_preset=&#8221;default&#8221; global_colors_info=&#8221;{}&#8221;][\/et_pb_image][et_pb_text admin_label=&#8221;Text&#8221; _builder_version=&#8221;4.27.6&#8243; _module_preset=&#8221;default&#8221; global_colors_info=&#8221;{}&#8221;]Catalogue \u00c9lectrom\u00e9nagers 2025[\/et_pb_text][et_pb_button button_url=&#8221;@ET-DC@eyJkeW5hbWljIjp0cnVlLCJjb250ZW50IjoicG9zdF9saW5rX3VybF9hdHRhY2htZW50Iiwic2V0dGluZ3MiOnsicG9zdF9pZCI6IjU5NTMxIn19@&#8221; button_text=&#8221;T\u00e9l\u00e9charger&#8221; admin_label=&#8221;Button&#8221; _builder_version=&#8221;4.27.6&#8243; _dynamic_attributes=&#8221;button_url&#8221; _module_preset=&#8221;default&#8221; custom_button=&#8221;on&#8221; button_text_size=&#8221;12px&#8221; button_text_color=&#8221;#FFFFFF&#8221; button_bg_color=&#8221;gcid-primary-color&#8221; button_border_color=&#8221;gcid-primary-color&#8221; button_use_icon=&#8221;off&#8221; hover_enabled=&#8221;0&#8243; global_colors_info=&#8221;{%22gcid-primary-color%22:%91%22button_bg_color%22,%22button_border_color%22%93}&#8221; sticky_enabled=&#8221;0&#8243;][\/et_pb_button][\/et_pb_column][et_pb_column type=&#8221;1_3&#8243; _builder_version=&#8221;4.16&#8243; _module_preset=&#8221;default&#8221; global_colors_info=&#8221;{}&#8221;][\/et_pb_column][\/et_pb_row][\/et_pb_section]<\/p>\n","protected":false},"excerpt":{"rendered":"<p>Catalogues Teka T\u00e9l\u00e9chargez notre catalogue de produits complet. Vous y trouverez toutes les nouveaut\u00e9s et les gammes de produits disponibles, ainsi que les caract\u00e9ristiques et les informations d\u00e9taill\u00e9es de tous les produits. Catalogue \u00c9lectrom\u00e9nagers 2025<\/p>\n","protected":false},"author":9,"featured_media":0,"parent":0,"menu_order":0,"comment_status":"closed","ping_status":"closed","template":"","meta":{"_acf_changed":false,"_et_pb_use_builder":"on","_et_pb_old_content":"<p>[et_pb_section fb_built=\"1\" admin_label=\"section\" _builder_version=\"4.9.2\"][et_pb_row admin_label=\"row\" _builder_version=\"4.9.2\" background_size=\"initial\" background_position=\"top_left\" background_repeat=\"repeat\"][et_pb_column type=\"4_4\" _builder_version=\"3.25\" custom_padding=\"|||\" custom_padding__hover=\"|||\"][\/et_pb_column][\/et_pb_row][\/et_pb_section]<\/p>","_et_gb_content_width":"","footnotes":""},"class_list":["post-4713","page","type-page","status-publish","hentry"],"acf":[],"yoast_head":"<!-- This site is optimized with the Yoast SEO plugin v27.5 - https:\/\/yoast.com\/product\/yoast-seo-wordpress\/ -->\n<title>Catalogues \u00c9lectrom\u00e9nager et Strohm 2023 | Teka Morocco<\/title>\n<meta name=\"robots\" content=\"index, follow, max-snippet:-1, max-image-preview:large, max-video-preview:-1\" \/>\n<link rel=\"canonical\" href=\"https:\/\/www.teka.com\/fr-ma\/catalogues\/\" \/>\n<meta property=\"og:locale\" content=\"en_US\" \/>\n<meta property=\"og:type\" content=\"article\" \/>\n<meta property=\"og:title\" content=\"Catalogues \u00c9lectrom\u00e9nager et Strohm 2023 | Teka Morocco\" \/>\n<meta property=\"og:description\" content=\"Catalogues Teka T\u00e9l\u00e9chargez notre catalogue de produits complet. Vous y trouverez toutes les nouveaut\u00e9s et les gammes de produits disponibles, ainsi que les caract\u00e9ristiques et les informations d\u00e9taill\u00e9es de tous les produits. Catalogue \u00c9lectrom\u00e9nagers 2025\" \/>\n<meta property=\"og:url\" content=\"https:\/\/www.teka.com\/fr-ma\/catalogues\/\" \/>\n<meta property=\"og:site_name\" content=\"Teka Morocco\" \/>\n<meta property=\"article:modified_time\" content=\"2026-04-15T13:27:26+00:00\" \/>\n<meta name=\"twitter:card\" content=\"summary_large_image\" \/>\n<meta name=\"twitter:label1\" content=\"Est. reading time\" \/>\n\t<meta name=\"twitter:data1\" content=\"1 minute\" \/>\n<script type=\"application\/ld+json\" class=\"yoast-schema-graph\">{\"@context\":\"https:\\\/\\\/schema.org\",\"@graph\":[{\"@type\":\"WebPage\",\"@id\":\"https:\\\/\\\/www.teka.com\\\/fr-ma\\\/catalogues\\\/\",\"url\":\"https:\\\/\\\/www.teka.com\\\/fr-ma\\\/catalogues\\\/\",\"name\":\"Catalogues \u00c9lectrom\u00e9nager et Strohm 2023 | Teka Morocco\",\"isPartOf\":{\"@id\":\"https:\\\/\\\/www.teka.com\\\/fr-ma\\\/#website\"},\"datePublished\":\"2018-07-25T09:21:25+00:00\",\"dateModified\":\"2026-04-15T13:27:26+00:00\",\"inLanguage\":\"en-US\",\"potentialAction\":[{\"@type\":\"ReadAction\",\"target\":[\"https:\\\/\\\/www.teka.com\\\/fr-ma\\\/catalogues\\\/\"]}]},{\"@type\":\"WebSite\",\"@id\":\"https:\\\/\\\/www.teka.com\\\/fr-ma\\\/#website\",\"url\":\"https:\\\/\\\/www.teka.com\\\/fr-ma\\\/\",\"name\":\"Teka Morocco\",\"description\":\"\",\"potentialAction\":[{\"@type\":\"SearchAction\",\"target\":{\"@type\":\"EntryPoint\",\"urlTemplate\":\"https:\\\/\\\/www.teka.com\\\/fr-ma\\\/?s={search_term_string}\"},\"query-input\":{\"@type\":\"PropertyValueSpecification\",\"valueRequired\":true,\"valueName\":\"search_term_string\"}}],\"inLanguage\":\"en-US\"}]}<\/script>\n<!-- \/ Yoast SEO plugin. -->","yoast_head_json":{"title":"Catalogues \u00c9lectrom\u00e9nager et Strohm 2023 | Teka Morocco","robots":{"index":"index","follow":"follow","max-snippet":"max-snippet:-1","max-image-preview":"max-image-preview:large","max-video-preview":"max-video-preview:-1"},"canonical":"https:\/\/www.teka.com\/fr-ma\/catalogues\/","og_locale":"en_US","og_type":"article","og_title":"Catalogues \u00c9lectrom\u00e9nager et Strohm 2023 | Teka Morocco","og_description":"Catalogues Teka T\u00e9l\u00e9chargez notre catalogue de produits complet. Vous y trouverez toutes les nouveaut\u00e9s et les gammes de produits disponibles, ainsi que les caract\u00e9ristiques et les informations d\u00e9taill\u00e9es de tous les produits. Catalogue \u00c9lectrom\u00e9nagers 2025","og_url":"https:\/\/www.teka.com\/fr-ma\/catalogues\/","og_site_name":"Teka Morocco","article_modified_time":"2026-04-15T13:27:26+00:00","twitter_card":"summary_large_image","twitter_misc":{"Est. reading time":"1 minute"},"schema":{"@context":"https:\/\/schema.org","@graph":[{"@type":"WebPage","@id":"https:\/\/www.teka.com\/fr-ma\/catalogues\/","url":"https:\/\/www.teka.com\/fr-ma\/catalogues\/","name":"Catalogues \u00c9lectrom\u00e9nager et Strohm 2023 | Teka Morocco","isPartOf":{"@id":"https:\/\/www.teka.com\/fr-ma\/#website"},"datePublished":"2018-07-25T09:21:25+00:00","dateModified":"2026-04-15T13:27:26+00:00","inLanguage":"en-US","potentialAction":[{"@type":"ReadAction","target":["https:\/\/www.teka.com\/fr-ma\/catalogues\/"]}]},{"@type":"WebSite","@id":"https:\/\/www.teka.com\/fr-ma\/#website","url":"https:\/\/www.teka.com\/fr-ma\/","name":"Teka Morocco","description":"","potentialAction":[{"@type":"SearchAction","target":{"@type":"EntryPoint","urlTemplate":"https:\/\/www.teka.com\/fr-ma\/?s={search_term_string}"},"query-input":{"@type":"PropertyValueSpecification","valueRequired":true,"valueName":"search_term_string"}}],"inLanguage":"en-US"}]}},"_links":{"self":[{"href":"https:\/\/www.teka.com\/fr-ma\/wp-json\/wp\/v2\/pages\/4713","targetHints":{"allow":["GET"]}}],"collection":[{"href":"https:\/\/www.teka.com\/fr-ma\/wp-json\/wp\/v2\/pages"}],"about":[{"href":"https:\/\/www.teka.com\/fr-ma\/wp-json\/wp\/v2\/types\/page"}],"author":[{"embeddable":true,"href":"https:\/\/www.teka.com\/fr-ma\/wp-json\/wp\/v2\/users\/9"}],"replies":[{"embeddable":true,"href":"https:\/\/www.teka.com\/fr-ma\/wp-json\/wp\/v2\/comments?post=4713"}],"version-history":[{"count":52,"href":"https:\/\/www.teka.com\/fr-ma\/wp-json\/wp\/v2\/pages\/4713\/revisions"}],"predecessor-version":[{"id":59573,"href":"https:\/\/www.teka.com\/fr-ma\/wp-json\/wp\/v2\/pages\/4713\/revisions\/59573"}],"wp:attachment":[{"href":"https:\/\/www.teka.com\/fr-ma\/wp-json\/wp\/v2\/media?parent=4713"}],"curies":[{"name":"wp","href":"https:\/\/api.w.org\/{rel}","templated":true}]}}