{"id":58858,"date":"2024-11-21T17:53:48","date_gmt":"2024-11-21T17:53:48","guid":{"rendered":"https:\/\/www.teka.com\/fr-ma\/?page_id=58858"},"modified":"2025-03-12T14:42:57","modified_gmt":"2025-03-12T14:42:57","slug":"carte-des-magasins","status":"publish","type":"page","link":"https:\/\/www.teka.com\/fr-ma\/carte-des-magasins\/","title":{"rendered":"Locate Customer Service"},"content":{"rendered":"<p>[et_pb_section fb_built=&#8221;1&#8243; disabled_on=&#8221;off|off|off&#8221; _builder_version=&#8221;4.22.1&#8243; global_colors_info=&#8221;{}&#8221;][et_pb_row _builder_version=&#8221;4.22.1&#8243; background_size=&#8221;initial&#8221; background_position=&#8221;top_left&#8221; background_repeat=&#8221;repeat&#8221; global_colors_info=&#8221;{}&#8221;][et_pb_column type=&#8221;4_4&#8243; _builder_version=&#8221;4.16&#8243; custom_padding=&#8221;|||&#8221; global_colors_info=&#8221;{}&#8221; custom_padding__hover=&#8221;|||&#8221;][et_pb_text _builder_version=&#8221;4.22.1&#8243; global_colors_info=&#8221;{}&#8221;]<\/p>\n<h1><strong>Localisateur<\/strong> de point de vente<\/h1>\n<p>[\/et_pb_text][et_pb_text _builder_version=&#8221;4.22.1&#8243; global_colors_info=&#8221;{}&#8221;]<\/p>\n<p>Trouvez le point de vente le plus proche. Saisissez ensuite une rue, une ville, une province ou un code postal et nous vous montrerons les r\u00e9sultats les plus proches de votre recherche.<\/p>\n<p>[\/et_pb_text][et_pb_code _builder_version=&#8221;4.27.4&#8243; _module_preset=&#8221;default&#8221; global_colors_info=&#8221;{}&#8221;][\/et_pb_code][\/et_pb_column][\/et_pb_row][\/et_pb_section]<\/p>\n","protected":false},"excerpt":{"rendered":"<p>Localisateur de point de venteTrouvez le point de vente le plus proche. Saisissez ensuite une rue, une ville, une province ou un code postal et nous vous montrerons les r\u00e9sultats les plus proches de votre recherche.<\/p>\n","protected":false},"author":157,"featured_media":0,"parent":0,"menu_order":0,"comment_status":"closed","ping_status":"closed","template":"tp-map.php","meta":{"_acf_changed":false,"_et_pb_use_builder":"on","_et_pb_old_content":"","_et_gb_content_width":"","footnotes":""},"class_list":["post-58858","page","type-page","status-publish","hentry"],"acf":[],"yoast_head":"<!-- This site is optimized with the Yoast SEO plugin v27.5 - https:\/\/yoast.com\/product\/yoast-seo-wordpress\/ -->\n<title>Locate Customer Service | Teka Morocco<\/title>\n<meta name=\"description\" content=\"Trouvez facilement le point de vente Teka le plus proche de vous. D\u00e9couvrez notre r\u00e9seau de magasins et distributeurs autoris\u00e9s partout au Maroc. Planifiez votre visite d\u00e8s maintenant !\" \/>\n<meta name=\"robots\" content=\"index, follow, max-snippet:-1, max-image-preview:large, max-video-preview:-1\" \/>\n<link rel=\"canonical\" href=\"https:\/\/www.teka.com\/fr-ma\/carte-des-magasins\/\" \/>\n<meta property=\"og:locale\" content=\"en_US\" \/>\n<meta property=\"og:type\" content=\"article\" \/>\n<meta property=\"og:title\" content=\"Locate Customer Service | Teka Morocco\" \/>\n<meta property=\"og:description\" content=\"Trouvez facilement le point de vente Teka le plus proche de vous. D\u00e9couvrez notre r\u00e9seau de magasins et distributeurs autoris\u00e9s partout au Maroc. Planifiez votre visite d\u00e8s maintenant !\" \/>\n<meta property=\"og:url\" content=\"https:\/\/www.teka.com\/fr-ma\/carte-des-magasins\/\" \/>\n<meta property=\"og:site_name\" content=\"Teka Morocco\" \/>\n<meta property=\"article:modified_time\" content=\"2025-03-12T14:42:57+00:00\" \/>\n<meta name=\"twitter:card\" content=\"summary_large_image\" \/>\n<meta name=\"twitter:label1\" content=\"Est. reading time\" \/>\n\t<meta name=\"twitter:data1\" content=\"1 minute\" \/>\n<script type=\"application\/ld+json\" class=\"yoast-schema-graph\">{\"@context\":\"https:\\\/\\\/schema.org\",\"@graph\":[{\"@type\":\"WebPage\",\"@id\":\"https:\\\/\\\/www.teka.com\\\/fr-ma\\\/carte-des-magasins\\\/\",\"url\":\"https:\\\/\\\/www.teka.com\\\/fr-ma\\\/carte-des-magasins\\\/\",\"name\":\"Locate Customer Service | Teka Morocco\",\"isPartOf\":{\"@id\":\"https:\\\/\\\/www.teka.com\\\/fr-ma\\\/#website\"},\"datePublished\":\"2024-11-21T17:53:48+00:00\",\"dateModified\":\"2025-03-12T14:42:57+00:00\",\"description\":\"Trouvez facilement le point de vente Teka le plus proche de vous. D\u00e9couvrez notre r\u00e9seau de magasins et distributeurs autoris\u00e9s partout au Maroc. Planifiez votre visite d\u00e8s maintenant !\",\"inLanguage\":\"en-US\",\"potentialAction\":[{\"@type\":\"ReadAction\",\"target\":[\"https:\\\/\\\/www.teka.com\\\/fr-ma\\\/carte-des-magasins\\\/\"]}]},{\"@type\":\"WebSite\",\"@id\":\"https:\\\/\\\/www.teka.com\\\/fr-ma\\\/#website\",\"url\":\"https:\\\/\\\/www.teka.com\\\/fr-ma\\\/\",\"name\":\"Teka Morocco\",\"description\":\"\",\"potentialAction\":[{\"@type\":\"SearchAction\",\"target\":{\"@type\":\"EntryPoint\",\"urlTemplate\":\"https:\\\/\\\/www.teka.com\\\/fr-ma\\\/?s={search_term_string}\"},\"query-input\":{\"@type\":\"PropertyValueSpecification\",\"valueRequired\":true,\"valueName\":\"search_term_string\"}}],\"inLanguage\":\"en-US\"}]}<\/script>\n<!-- \/ Yoast SEO plugin. -->","yoast_head_json":{"title":"Locate Customer Service | Teka Morocco","description":"Trouvez facilement le point de vente Teka le plus proche de vous. D\u00e9couvrez notre r\u00e9seau de magasins et distributeurs autoris\u00e9s partout au Maroc. Planifiez votre visite d\u00e8s maintenant !","robots":{"index":"index","follow":"follow","max-snippet":"max-snippet:-1","max-image-preview":"max-image-preview:large","max-video-preview":"max-video-preview:-1"},"canonical":"https:\/\/www.teka.com\/fr-ma\/carte-des-magasins\/","og_locale":"en_US","og_type":"article","og_title":"Locate Customer Service | Teka Morocco","og_description":"Trouvez facilement le point de vente Teka le plus proche de vous. D\u00e9couvrez notre r\u00e9seau de magasins et distributeurs autoris\u00e9s partout au Maroc. Planifiez votre visite d\u00e8s maintenant !","og_url":"https:\/\/www.teka.com\/fr-ma\/carte-des-magasins\/","og_site_name":"Teka Morocco","article_modified_time":"2025-03-12T14:42:57+00:00","twitter_card":"summary_large_image","twitter_misc":{"Est. reading time":"1 minute"},"schema":{"@context":"https:\/\/schema.org","@graph":[{"@type":"WebPage","@id":"https:\/\/www.teka.com\/fr-ma\/carte-des-magasins\/","url":"https:\/\/www.teka.com\/fr-ma\/carte-des-magasins\/","name":"Locate Customer Service | Teka Morocco","isPartOf":{"@id":"https:\/\/www.teka.com\/fr-ma\/#website"},"datePublished":"2024-11-21T17:53:48+00:00","dateModified":"2025-03-12T14:42:57+00:00","description":"Trouvez facilement le point de vente Teka le plus proche de vous. D\u00e9couvrez notre r\u00e9seau de magasins et distributeurs autoris\u00e9s partout au Maroc. Planifiez votre visite d\u00e8s maintenant !","inLanguage":"en-US","potentialAction":[{"@type":"ReadAction","target":["https:\/\/www.teka.com\/fr-ma\/carte-des-magasins\/"]}]},{"@type":"WebSite","@id":"https:\/\/www.teka.com\/fr-ma\/#website","url":"https:\/\/www.teka.com\/fr-ma\/","name":"Teka Morocco","description":"","potentialAction":[{"@type":"SearchAction","target":{"@type":"EntryPoint","urlTemplate":"https:\/\/www.teka.com\/fr-ma\/?s={search_term_string}"},"query-input":{"@type":"PropertyValueSpecification","valueRequired":true,"valueName":"search_term_string"}}],"inLanguage":"en-US"}]}},"_links":{"self":[{"href":"https:\/\/www.teka.com\/fr-ma\/wp-json\/wp\/v2\/pages\/58858","targetHints":{"allow":["GET"]}}],"collection":[{"href":"https:\/\/www.teka.com\/fr-ma\/wp-json\/wp\/v2\/pages"}],"about":[{"href":"https:\/\/www.teka.com\/fr-ma\/wp-json\/wp\/v2\/types\/page"}],"author":[{"embeddable":true,"href":"https:\/\/www.teka.com\/fr-ma\/wp-json\/wp\/v2\/users\/157"}],"replies":[{"embeddable":true,"href":"https:\/\/www.teka.com\/fr-ma\/wp-json\/wp\/v2\/comments?post=58858"}],"version-history":[{"count":32,"href":"https:\/\/www.teka.com\/fr-ma\/wp-json\/wp\/v2\/pages\/58858\/revisions"}],"predecessor-version":[{"id":59269,"href":"https:\/\/www.teka.com\/fr-ma\/wp-json\/wp\/v2\/pages\/58858\/revisions\/59269"}],"wp:attachment":[{"href":"https:\/\/www.teka.com\/fr-ma\/wp-json\/wp\/v2\/media?parent=58858"}],"curies":[{"name":"wp","href":"https:\/\/api.w.org\/{rel}","templated":true}]}}