{"id":59188,"date":"2025-02-27T17:25:39","date_gmt":"2025-02-27T17:25:39","guid":{"rendered":"https:\/\/www.teka.com\/fr-ma\/?page_id=59188"},"modified":"2025-02-27T17:25:45","modified_gmt":"2025-02-27T17:25:45","slug":"infinity-g1-edition","status":"publish","type":"page","link":"https:\/\/www.teka.com\/fr-ma\/infinity-g1-edition\/","title":{"rendered":"Infinity G1 Edition"},"content":{"rendered":"<p>[et_pb_section fb_built=&#8221;1&#8243; disabled_on=&#8221;on|on|on&#8221; admin_label=&#8221;Secci\u00f3n intro version 1&#8243; _builder_version=&#8221;4.16&#8243; _module_preset=&#8221;default&#8221; background_color=&#8221;#000000&#8243; background_enable_image=&#8221;off&#8221; height_tablet=&#8221;&#8221; height_phone=&#8221;&#8221; height_last_edited=&#8221;on|phone&#8221; background_last_edited=&#8221;on|phone&#8221; background_enable_image_phone=&#8221;off&#8221; disabled=&#8221;on&#8221; collapsed=&#8221;on&#8221; global_colors_info=&#8221;{}&#8221;][et_pb_row _builder_version=&#8221;4.16&#8243; _module_preset=&#8221;default&#8221; global_colors_info=&#8221;{}&#8221;][et_pb_column type=&#8221;4_4&#8243; _builder_version=&#8221;4.16&#8243; _module_preset=&#8221;default&#8221; global_colors_info=&#8221;{}&#8221;][et_pb_text _builder_version=&#8221;4.16&#8243; _module_preset=&#8221;default&#8221; text_font=&#8221;Montserrat|700|||||||&#8221; text_text_color=&#8221;#FFFFFF&#8221; text_font_size=&#8221;50px&#8221; header_font=&#8221;Montserrat|700|||||||&#8221; header_text_align=&#8221;center&#8221; text_orientation=&#8221;center&#8221; text_line_height_tablet=&#8221;&#8221; text_line_height_phone=&#8221;&#8221; text_line_height_last_edited=&#8221;on|phone&#8221; global_colors_info=&#8221;{}&#8221;]<\/p>\n<h1>ENTER THE ITALIAN DESIGN<\/h1>\n<p>[\/et_pb_text][et_pb_code _builder_version=&#8221;4.16&#8243; _module_preset=&#8221;default&#8221; text_orientation=&#8221;center&#8221; custom_css_main_element=&#8221;display:flex;||justify-content:center;&#8221; global_colors_info=&#8221;{}&#8221;]<\/p>\n<div class=\"button_container\"><!-- [et_pb_line_break_holder] -->  <\/p>\n<div class=\"teka_button\"><!-- [et_pb_line_break_holder] -->             <a href=\"#products\"><span>Ver productos<\/span><\/a><\/div>\n<\/div>\n<p>[\/et_pb_code][\/et_pb_column][\/et_pb_row][\/et_pb_section][et_pb_section fb_built=&#8221;1&#8243; disabled_on=&#8221;on|on|on&#8221; admin_label=&#8221;Secci\u00f3n intro version 1&#8243; _builder_version=&#8221;4.16&#8243; _module_preset=&#8221;default&#8221; background_color=&#8221;#000000&#8243; background_image=&#8221;https:\/\/www.teka.com\/es-es\/wp-content\/uploads\/sites\/2\/2022\/07\/INFINITY-g1-destino-2.jpg&#8221; height=&#8221;660px&#8221; height_tablet=&#8221;585px&#8221; height_phone=&#8221;&#8221; height_last_edited=&#8221;on|phone&#8221; custom_margin=&#8221;-313px||||false|false&#8221; custom_margin_tablet=&#8221;-263px||||false|false&#8221; custom_margin_phone=&#8221;&#8221; custom_margin_last_edited=&#8221;on|phone&#8221; background_last_edited=&#8221;on|tablet&#8221; background_image_tablet=&#8221;https:\/\/www.teka.com\/es-es\/wp-content\/uploads\/sites\/2\/2022\/07\/INFINITY-g1-destino-2.jpg&#8221; background_enable_image_tablet=&#8221;on&#8221; background_enable_image_phone=&#8221;off&#8221; disabled=&#8221;on&#8221; collapsed=&#8221;on&#8221; global_colors_info=&#8221;{}&#8221;][\/et_pb_section][et_pb_section fb_built=&#8221;1&#8243; disabled_on=&#8221;on|off|off&#8221; admin_label=&#8221;Secci\u00f3n version 2&#8243; _builder_version=&#8221;4.16&#8243; _module_preset=&#8221;default&#8221; background_color=&#8221;#000000&#8243; background_image=&#8221;https:\/\/www.teka.com\/es-es\/wp-content\/uploads\/sites\/2\/2022\/07\/INFINITY-g1-destino-2.jpg&#8221; height=&#8221;660px&#8221; height_tablet=&#8221;585px&#8221; height_phone=&#8221;&#8221; height_last_edited=&#8221;on|phone&#8221; custom_margin=&#8221;-96px||||false|false&#8221; custom_margin_tablet=&#8221;-60px||||false|false&#8221; custom_margin_phone=&#8221;||||false|false&#8221; custom_margin_last_edited=&#8221;on|tablet&#8221; background_last_edited=&#8221;on|tablet&#8221; background_image_tablet=&#8221;https:\/\/www.teka.com\/es-es\/wp-content\/uploads\/sites\/2\/2022\/07\/INFINITY-g1-destino-2.jpg&#8221; background_enable_image_tablet=&#8221;on&#8221; background_enable_image_phone=&#8221;off&#8221; global_colors_info=&#8221;{}&#8221;][\/et_pb_section][et_pb_section fb_built=&#8221;1&#8243; disabled_on=&#8221;off|on|on&#8221; _builder_version=&#8221;4.16&#8243; _module_preset=&#8221;default&#8221; background_color=&#8221;#000000&#8243; background_enable_image=&#8221;off&#8221; height=&#8221;240px&#8221; height_tablet=&#8221;585px&#8221; height_phone=&#8221;881px&#8221; height_last_edited=&#8221;off|phone&#8221; custom_margin=&#8221;0px||20px||false|false&#8221; background_last_edited=&#8221;on|phone&#8221; background_image_phone=&#8221;https:\/\/www.teka.com\/es-es\/wp-content\/uploads\/sites\/2\/2022\/07\/INFINITY-g1-destino-mobile-2.jpg&#8221; background_enable_image_phone=&#8221;on&#8221; global_colors_info=&#8221;{}&#8221;][et_pb_row _builder_version=&#8221;4.16&#8243; _module_preset=&#8221;default&#8221; global_colors_info=&#8221;{}&#8221;][et_pb_column type=&#8221;4_4&#8243; _builder_version=&#8221;4.16&#8243; _module_preset=&#8221;default&#8221; global_colors_info=&#8221;{}&#8221;][\/et_pb_column][\/et_pb_row][\/et_pb_section][et_pb_section fb_built=&#8221;1&#8243; admin_label=&#8221;section VERSION 2&#8243; module_id=&#8221;products&#8221; _builder_version=&#8221;4.16&#8243; background_color=&#8221;#000000&#8243; background_enable_image=&#8221;off&#8221; module_alignment=&#8221;center&#8221; min_height_tablet=&#8221;800px&#8221; min_height_phone=&#8221;500px&#8221; min_height_last_edited=&#8221;off|desktop&#8221; custom_margin=&#8221;||||false|false&#8221; custom_margin_tablet=&#8221;||||false|false&#8221; custom_margin_phone=&#8221;&#8221; custom_margin_last_edited=&#8221;on|phone&#8221; custom_padding=&#8221;||45px|||&#8221; custom_css_main_element=&#8221;background-size: cover;&#8221; global_colors_info=&#8221;{}&#8221;][et_pb_row admin_label=&#8221;row&#8221; _builder_version=&#8221;4.16&#8243; background_size=&#8221;initial&#8221; background_position=&#8221;top_left&#8221; background_repeat=&#8221;repeat&#8221; module_alignment=&#8221;center&#8221; custom_margin=&#8221;1px||20px||false|false&#8221; custom_margin_tablet=&#8221;|||45px|false|false&#8221; custom_margin_phone=&#8221;-40px|||15px|false|false&#8221; custom_margin_last_edited=&#8221;on|phone&#8221; custom_padding=&#8221;0px||||false|false&#8221; module_alignment_phone=&#8221;center&#8221; module_alignment_last_edited=&#8221;off|desktop&#8221; global_colors_info=&#8221;{}&#8221; custom_css_main_element_last_edited=&#8221;on|phone&#8221;][et_pb_column type=&#8221;4_4&#8243; _builder_version=&#8221;4.16&#8243; custom_padding=&#8221;||||false|false&#8221; custom_padding_tablet=&#8221;|||0px|false|false&#8221; custom_padding_phone=&#8221;|||0px|false|false&#8221; custom_padding_last_edited=&#8221;on|desktop&#8221; global_colors_info=&#8221;{}&#8221; custom_padding__hover=&#8221;|||&#8221;][et_pb_text disabled_on=&#8221;off|off|off&#8221; _builder_version=&#8221;4.16&#8243; _module_preset=&#8221;default&#8221; text_font=&#8221;|300|||||||&#8221; text_text_color=&#8221;#FFFFFF&#8221; text_font_size=&#8221;45px&#8221; text_line_height=&#8221;60px&#8221; header_font=&#8221;|300|||||||&#8221; header_text_align=&#8221;center&#8221; header_text_color=&#8221;#FFFFFF&#8221; header_line_height=&#8221;1.3em&#8221; header_3_font=&#8221;Montserrat||||||||&#8221; text_orientation=&#8221;center&#8221; background_layout=&#8221;dark&#8221; module_alignment=&#8221;center&#8221; custom_margin=&#8221;-60px||1px||false|false&#8221; custom_margin_tablet=&#8221;0px||||false|false&#8221; custom_margin_phone=&#8221;40px||||false|false&#8221; custom_margin_last_edited=&#8221;on|desktop&#8221; text_orientation_tablet=&#8221;center&#8221; text_orientation_phone=&#8221;center&#8221; text_orientation_last_edited=&#8221;off|desktop&#8221; module_alignment_tablet=&#8221;center&#8221; module_alignment_phone=&#8221;center&#8221; module_alignment_last_edited=&#8221;on|tablet&#8221; global_colors_info=&#8221;{}&#8221;]<\/p>\n<h3>DISCOVER<\/h3>\n<p><\/p>\n<h1><strong>INFINITY<\/strong> | <strong>G1<\/strong><\/h1>\n<p>[\/et_pb_text][et_pb_text disabled_on=&#8221;off|off|off&#8221; _builder_version=&#8221;4.16&#8243; _module_preset=&#8221;default&#8221; text_font=&#8221;||||||||&#8221; text_text_color=&#8221;rgba(132,68,23,0.73)&#8221; text_font_size=&#8221;30px&#8221; text_line_height=&#8221;60px&#8221; header_2_font=&#8221;|300|||||||&#8221; header_2_text_color=&#8221;#FFFFFF&#8221; header_2_font_size=&#8221;28px&#8221; text_orientation=&#8221;center&#8221; background_layout=&#8221;dark&#8221; module_alignment=&#8221;left&#8221; custom_margin=&#8221;15px||||false|false&#8221; custom_margin_tablet=&#8221;35px||19px||false|false&#8221; custom_margin_phone=&#8221;||20px||false|false&#8221; custom_margin_last_edited=&#8221;on|desktop&#8221; text_orientation_tablet=&#8221;center&#8221; text_orientation_phone=&#8221;center&#8221; text_orientation_last_edited=&#8221;off|desktop&#8221; module_alignment_tablet=&#8221;center&#8221; module_alignment_phone=&#8221;center&#8221; module_alignment_last_edited=&#8221;on|tablet&#8221; global_colors_info=&#8221;{}&#8221;]<\/p>\n<h2>GERMAN HEART, ITALIAN DESIGN<\/h2>\n<p>[\/et_pb_text][et_pb_button button_url=&#8221;https:\/\/www.youtube.com\/watch?v=LJulXBQ-xvY&#8221; button_text=&#8221;Watch video&#8221; button_alignment=&#8221;center&#8221; module_class=&#8221;open_fullscreen&#8221; _builder_version=&#8221;4.16&#8243; custom_button=&#8221;on&#8221; button_text_size=&#8221;17px&#8221; button_text_color=&#8221;#ffffff&#8221; button_bg_color=&#8221;rgba(0,0,0,0)&#8221; button_border_width=&#8221;1px&#8221; button_border_color=&#8221;RGBA(0,0,0,0)&#8221; button_border_radius=&#8221;4px&#8221; button_letter_spacing=&#8221;0px&#8221; button_font=&#8221;|300|||||||&#8221; button_icon=&#8221;&#x49;||divi||400&#8243; button_icon_placement=&#8221;left&#8221; button_on_hover=&#8221;off&#8221; background_layout=&#8221;dark&#8221; custom_margin=&#8221;40px||||false|false&#8221; custom_margin_tablet=&#8221;&#8221; custom_margin_phone=&#8221;25px||||false|false&#8221; custom_margin_last_edited=&#8221;on|desktop&#8221; custom_padding=&#8221;10px|20px|10px|20px|false|false&#8221; custom_padding_tablet=&#8221;&#8221; custom_padding_phone=&#8221;10px||||false|false&#8221; custom_padding_last_edited=&#8221;on|phone&#8221; locked=&#8221;off&#8221; global_colors_info=&#8221;{}&#8221;][\/et_pb_button][\/et_pb_column][\/et_pb_row][et_pb_row disabled_on=&#8221;off|off|off&#8221; _builder_version=&#8221;4.22.1&#8243; _module_preset=&#8221;default&#8221; global_colors_info=&#8221;{}&#8221;][et_pb_column type=&#8221;4_4&#8243; _builder_version=&#8221;4.16&#8243; _module_preset=&#8221;default&#8221; global_colors_info=&#8221;{}&#8221;][et_pb_products fullwidth=&#8221;off&#8221; posts_number=&#8221;15&#8243; references=&#8221;111000056, 112030010, 112570208, 112570210, 112930056&#8243; disabled_on=&#8221;off|off|off&#8221; _builder_version=&#8221;4.27.4&#8243; _module_preset=&#8221;default&#8221; background_color=&#8221;#000000&#8243; background_layout=&#8221;dark&#8221; hover_enabled=&#8221;0&#8243; global_colors_info=&#8221;{}&#8221; sticky_enabled=&#8221;0&#8243;][\/et_pb_products][\/et_pb_column][\/et_pb_row][\/et_pb_section][et_pb_section fb_built=&#8221;1&#8243; _builder_version=&#8221;4.16&#8243; _module_preset=&#8221;default&#8221; background_color=&#8221;#000000&#8243; custom_margin=&#8221;||||false|false&#8221; custom_margin_tablet=&#8221;-136px||||false|false&#8221; custom_margin_phone=&#8221;-131px||||false|false&#8221; custom_margin_last_edited=&#8221;on|tablet&#8221; global_colors_info=&#8221;{}&#8221;][et_pb_row _builder_version=&#8221;4.16&#8243; _module_preset=&#8221;default&#8221; global_colors_info=&#8221;{}&#8221;][et_pb_column type=&#8221;4_4&#8243; _builder_version=&#8221;4.16&#8243; _module_preset=&#8221;default&#8221; global_colors_info=&#8221;{}&#8221;][et_pb_gallery gallery_ids=&#8221;59191,59192,59193,59194,59195&#8243; fullwidth=&#8221;on&#8221; _builder_version=&#8221;4.16&#8243; _module_preset=&#8221;default&#8221; background_color=&#8221;#000000&#8243; global_colors_info=&#8221;{}&#8221;][\/et_pb_gallery][\/et_pb_column][\/et_pb_row][\/et_pb_section][et_pb_section fb_built=&#8221;1&#8243; disabled_on=&#8221;on|on|on&#8221; admin_label=&#8221;section VERSION MARIA&#8221; _builder_version=&#8221;4.16&#8243; background_image=&#8221;https:\/\/www.teka.com\/global\/wp-content\/uploads\/sites\/3\/2022\/02\/INFINITYG1_Oven_View10.jpg&#8221; module_alignment=&#8221;center&#8221; min_height_tablet=&#8221;800px&#8221; min_height_phone=&#8221;500px&#8221; min_height_last_edited=&#8221;off|desktop&#8221; custom_padding=&#8221;||45px|||&#8221; custom_css_main_element=&#8221;background-size: cover;&#8221; disabled=&#8221;on&#8221; collapsed=&#8221;on&#8221; global_colors_info=&#8221;{}&#8221;][et_pb_row admin_label=&#8221;row&#8221; _builder_version=&#8221;4.16&#8243; background_size=&#8221;initial&#8221; background_position=&#8221;top_left&#8221; background_repeat=&#8221;repeat&#8221; module_alignment=&#8221;center&#8221; custom_margin=&#8221;1px||0px||false|false&#8221; custom_margin_tablet=&#8221;|||0px|false|false&#8221; custom_margin_phone=&#8221;-40px|||0px|false|false&#8221; custom_margin_last_edited=&#8221;on|desktop&#8221; custom_padding=&#8221;26px||||false|false&#8221; module_alignment_phone=&#8221;center&#8221; module_alignment_last_edited=&#8221;off|desktop&#8221; global_colors_info=&#8221;{}&#8221;][et_pb_column type=&#8221;4_4&#8243; _builder_version=&#8221;4.16&#8243; custom_padding=&#8221;||||false|false&#8221; custom_padding_tablet=&#8221;|||0px|false|false&#8221; custom_padding_phone=&#8221;|||0px|false|false&#8221; custom_padding_last_edited=&#8221;on|desktop&#8221; global_colors_info=&#8221;{}&#8221; custom_padding__hover=&#8221;|||&#8221;][et_pb_text disabled_on=&#8221;off|off|off&#8221; _builder_version=&#8221;4.16&#8243; _module_preset=&#8221;default&#8221; text_font=&#8221;|300|||||||&#8221; text_font_size=&#8221;45px&#8221; text_line_height=&#8221;60px&#8221; header_font=&#8221;|300|||||||&#8221; header_text_align=&#8221;center&#8221; header_line_height=&#8221;1.3em&#8221; text_orientation=&#8221;center&#8221; background_layout=&#8221;dark&#8221; module_alignment=&#8221;center&#8221; custom_margin=&#8221;60px||1px||false|false&#8221; custom_margin_tablet=&#8221;&#8221; custom_margin_phone=&#8221;40px||||false|false&#8221; custom_margin_last_edited=&#8221;on|desktop&#8221; text_orientation_tablet=&#8221;center&#8221; text_orientation_phone=&#8221;center&#8221; text_orientation_last_edited=&#8221;off|desktop&#8221; module_alignment_tablet=&#8221;center&#8221; module_alignment_phone=&#8221;center&#8221; module_alignment_last_edited=&#8221;on|tablet&#8221; global_colors_info=&#8221;{}&#8221;]<\/p>\n<h1>DISCOVER <strong>INFINITY G1<\/strong><\/h1>\n<p>[\/et_pb_text][et_pb_text disabled_on=&#8221;off|off|off&#8221; _builder_version=&#8221;4.16&#8243; _module_preset=&#8221;default&#8221; text_font=&#8221;||||||||&#8221; text_text_color=&#8221;rgba(132,68,23,0.73)&#8221; text_font_size=&#8221;30px&#8221; text_line_height=&#8221;60px&#8221; header_2_font=&#8221;|300|||||||&#8221; header_2_text_color=&#8221;#FFFFFF&#8221; header_2_font_size=&#8221;28px&#8221; text_orientation=&#8221;center&#8221; background_layout=&#8221;dark&#8221; module_alignment=&#8221;left&#8221; custom_margin=&#8221;35px||||false|false&#8221; custom_margin_tablet=&#8221;35px||19px||false|false&#8221; custom_margin_phone=&#8221;0px||20px||false|false&#8221; custom_margin_last_edited=&#8221;on|phone&#8221; text_orientation_tablet=&#8221;center&#8221; text_orientation_phone=&#8221;center&#8221; text_orientation_last_edited=&#8221;off|desktop&#8221; module_alignment_tablet=&#8221;center&#8221; module_alignment_phone=&#8221;center&#8221; module_alignment_last_edited=&#8221;on|tablet&#8221; global_colors_info=&#8221;{}&#8221;]<\/p>\n<h2>GERMAN HEART, ITALIAN DESIGN<\/h2>\n<p>[\/et_pb_text][\/et_pb_column][\/et_pb_row][et_pb_row disabled_on=&#8221;off|off|off&#8221; _builder_version=&#8221;4.16&#8243; _module_preset=&#8221;default&#8221; global_colors_info=&#8221;{}&#8221;][et_pb_column type=&#8221;4_4&#8243; _builder_version=&#8221;4.16&#8243; _module_preset=&#8221;default&#8221; global_colors_info=&#8221;{}&#8221;][et_pb_products fullwidth=&#8221;off&#8221; references=&#8221;111000056,111160015,112030009,112510038,112570208,112570210,112930056&#8243; _builder_version=&#8221;4.9.2&#8243; _module_preset=&#8221;default&#8221; background_layout=&#8221;dark&#8221; global_colors_info=&#8221;{}&#8221;][\/et_pb_products][\/et_pb_column][\/et_pb_row][\/et_pb_section]<\/p>\n","protected":false},"excerpt":{"rendered":"<p>ENTER THE ITALIAN DESIGNDISCOVER INFINITY | G1GERMAN HEART, ITALIAN DESIGN[et_pb_products fullwidth=&#8221;off&#8221; posts_number=&#8221;15&#8243; references=&#8221;111000056, 112030010, 112570208, 112570210, 112930056&#8243; disabled_on=&#8221;off|off|off&#8221; _builder_version=&#8221;4.27.4&#8243; _module_preset=&#8221;default&#8221; background_color=&#8221;#000000&#8243; background_layout=&#8221;dark&#8221; hover_enabled=&#8221;0&#8243; global_colors_info=&#8221;{}&#8221; sticky_enabled=&#8221;0&#8243;][\/et_pb_products]DISCOVER INFINITY G1GERMAN HEART, ITALIAN DESIGN[et_pb_products fullwidth=&#8221;off&#8221; references=&#8221;111000056,111160015,112030009,112510038,112570208,112570210,112930056&#8243; _builder_version=&#8221;4.9.2&#8243; _module_preset=&#8221;default&#8221; background_layout=&#8221;dark&#8221; global_colors_info=&#8221;{}&#8221;][\/et_pb_products]<\/p>\n","protected":false},"author":171,"featured_media":0,"parent":0,"menu_order":0,"comment_status":"closed","ping_status":"closed","template":"","meta":{"_acf_changed":false,"_et_pb_use_builder":"on","_et_pb_old_content":"","_et_gb_content_width":"","footnotes":""},"class_list":["post-59188","page","type-page","status-publish","hentry"],"acf":[],"yoast_head":"<!-- This site is optimized with the Yoast SEO plugin v27.2 - https:\/\/yoast.com\/product\/yoast-seo-wordpress\/ -->\n<title>Infinity G1, \u00e9dition limit\u00e9e d&#039;appareils design | Teka Maoc<\/title>\n<meta name=\"description\" content=\"D\u00e9couvrez la nouvelle \u00e9dition exclusive de Teka con\u00e7ue par Giugiaro Italdesign. Inspir\u00e9e du design italien et des derni\u00e8res tendances du monde de l&#039;automobile.\" \/>\n<meta name=\"robots\" content=\"index, follow, max-snippet:-1, max-image-preview:large, max-video-preview:-1\" \/>\n<link rel=\"canonical\" href=\"https:\/\/www.teka.com\/fr-ma\/infinity-g1-edition\/\" \/>\n<meta property=\"og:locale\" content=\"en_US\" \/>\n<meta property=\"og:type\" content=\"article\" \/>\n<meta property=\"og:title\" content=\"Infinity G1, \u00e9dition limit\u00e9e d&#039;appareils design | Teka Maoc\" \/>\n<meta property=\"og:description\" content=\"D\u00e9couvrez la nouvelle \u00e9dition exclusive de Teka con\u00e7ue par Giugiaro Italdesign. Inspir\u00e9e du design italien et des derni\u00e8res tendances du monde de l&#039;automobile.\" \/>\n<meta property=\"og:url\" content=\"https:\/\/www.teka.com\/fr-ma\/infinity-g1-edition\/\" \/>\n<meta property=\"og:site_name\" content=\"Teka Morocco\" \/>\n<meta property=\"article:modified_time\" content=\"2025-02-27T17:25:45+00:00\" \/>\n<meta name=\"twitter:card\" content=\"summary_large_image\" \/>\n<meta name=\"twitter:label1\" content=\"Est. reading time\" \/>\n\t<meta name=\"twitter:data1\" content=\"5 minutes\" \/>\n<script type=\"application\/ld+json\" class=\"yoast-schema-graph\">{\"@context\":\"https:\/\/schema.org\",\"@graph\":[{\"@type\":\"WebPage\",\"@id\":\"https:\/\/www.teka.com\/fr-ma\/infinity-g1-edition\/\",\"url\":\"https:\/\/www.teka.com\/fr-ma\/infinity-g1-edition\/\",\"name\":\"Infinity G1, \u00e9dition limit\u00e9e d'appareils design | Teka Maoc\",\"isPartOf\":{\"@id\":\"https:\/\/www.teka.com\/fr-ma\/#website\"},\"datePublished\":\"2025-02-27T17:25:39+00:00\",\"dateModified\":\"2025-02-27T17:25:45+00:00\",\"description\":\"D\u00e9couvrez la nouvelle \u00e9dition exclusive de Teka con\u00e7ue par Giugiaro Italdesign. Inspir\u00e9e du design italien et des derni\u00e8res tendances du monde de l'automobile.\",\"inLanguage\":\"en-US\",\"potentialAction\":[{\"@type\":\"ReadAction\",\"target\":[\"https:\/\/www.teka.com\/fr-ma\/infinity-g1-edition\/\"]}]},{\"@type\":\"WebSite\",\"@id\":\"https:\/\/www.teka.com\/fr-ma\/#website\",\"url\":\"https:\/\/www.teka.com\/fr-ma\/\",\"name\":\"Teka Morocco\",\"description\":\"\",\"potentialAction\":[{\"@type\":\"SearchAction\",\"target\":{\"@type\":\"EntryPoint\",\"urlTemplate\":\"https:\/\/www.teka.com\/fr-ma\/?s={search_term_string}\"},\"query-input\":{\"@type\":\"PropertyValueSpecification\",\"valueRequired\":true,\"valueName\":\"search_term_string\"}}],\"inLanguage\":\"en-US\"}]}<\/script>\n<!-- \/ Yoast SEO plugin. -->","yoast_head_json":{"title":"Infinity G1, \u00e9dition limit\u00e9e d'appareils design | Teka Maoc","description":"D\u00e9couvrez la nouvelle \u00e9dition exclusive de Teka con\u00e7ue par Giugiaro Italdesign. Inspir\u00e9e du design italien et des derni\u00e8res tendances du monde de l'automobile.","robots":{"index":"index","follow":"follow","max-snippet":"max-snippet:-1","max-image-preview":"max-image-preview:large","max-video-preview":"max-video-preview:-1"},"canonical":"https:\/\/www.teka.com\/fr-ma\/infinity-g1-edition\/","og_locale":"en_US","og_type":"article","og_title":"Infinity G1, \u00e9dition limit\u00e9e d'appareils design | Teka Maoc","og_description":"D\u00e9couvrez la nouvelle \u00e9dition exclusive de Teka con\u00e7ue par Giugiaro Italdesign. Inspir\u00e9e du design italien et des derni\u00e8res tendances du monde de l'automobile.","og_url":"https:\/\/www.teka.com\/fr-ma\/infinity-g1-edition\/","og_site_name":"Teka Morocco","article_modified_time":"2025-02-27T17:25:45+00:00","twitter_card":"summary_large_image","twitter_misc":{"Est. reading time":"5 minutes"},"schema":{"@context":"https:\/\/schema.org","@graph":[{"@type":"WebPage","@id":"https:\/\/www.teka.com\/fr-ma\/infinity-g1-edition\/","url":"https:\/\/www.teka.com\/fr-ma\/infinity-g1-edition\/","name":"Infinity G1, \u00e9dition limit\u00e9e d'appareils design | Teka Maoc","isPartOf":{"@id":"https:\/\/www.teka.com\/fr-ma\/#website"},"datePublished":"2025-02-27T17:25:39+00:00","dateModified":"2025-02-27T17:25:45+00:00","description":"D\u00e9couvrez la nouvelle \u00e9dition exclusive de Teka con\u00e7ue par Giugiaro Italdesign. Inspir\u00e9e du design italien et des derni\u00e8res tendances du monde de l'automobile.","inLanguage":"en-US","potentialAction":[{"@type":"ReadAction","target":["https:\/\/www.teka.com\/fr-ma\/infinity-g1-edition\/"]}]},{"@type":"WebSite","@id":"https:\/\/www.teka.com\/fr-ma\/#website","url":"https:\/\/www.teka.com\/fr-ma\/","name":"Teka Morocco","description":"","potentialAction":[{"@type":"SearchAction","target":{"@type":"EntryPoint","urlTemplate":"https:\/\/www.teka.com\/fr-ma\/?s={search_term_string}"},"query-input":{"@type":"PropertyValueSpecification","valueRequired":true,"valueName":"search_term_string"}}],"inLanguage":"en-US"}]}},"_links":{"self":[{"href":"https:\/\/www.teka.com\/fr-ma\/wp-json\/wp\/v2\/pages\/59188","targetHints":{"allow":["GET"]}}],"collection":[{"href":"https:\/\/www.teka.com\/fr-ma\/wp-json\/wp\/v2\/pages"}],"about":[{"href":"https:\/\/www.teka.com\/fr-ma\/wp-json\/wp\/v2\/types\/page"}],"author":[{"embeddable":true,"href":"https:\/\/www.teka.com\/fr-ma\/wp-json\/wp\/v2\/users\/171"}],"replies":[{"embeddable":true,"href":"https:\/\/www.teka.com\/fr-ma\/wp-json\/wp\/v2\/comments?post=59188"}],"version-history":[{"count":11,"href":"https:\/\/www.teka.com\/fr-ma\/wp-json\/wp\/v2\/pages\/59188\/revisions"}],"predecessor-version":[{"id":59210,"href":"https:\/\/www.teka.com\/fr-ma\/wp-json\/wp\/v2\/pages\/59188\/revisions\/59210"}],"wp:attachment":[{"href":"https:\/\/www.teka.com\/fr-ma\/wp-json\/wp\/v2\/media?parent=59188"}],"curies":[{"name":"wp","href":"https:\/\/api.w.org\/{rel}","templated":true}]}}