{"id":54825,"date":"2026-04-07T20:08:18","date_gmt":"2026-04-07T20:08:18","guid":{"rendered":"https:\/\/teka.com\/fr-ma\/produit\/ex-60-1-4g-ai-ci-inox_40212103\/"},"modified":"2026-03-14T06:33:00","modified_gmt":"2026-03-14T07:33:00","slug":"ex-60-1-4g-ai-ci-inox_40212103","status":"publish","type":"product","link":"https:\/\/www.teka.com\/fr-ma\/produit\/ex-60-1-4g-ai-ci-inox_40212103\/","title":{"rendered":"EX 60.1 4G AI CI Inox"},"content":{"rendered":"<ul>\n<li>Plaque \u00e0 gaz de 60 cm<\/li>\n<li>Br\u00fbleur \u00e0 double anneau<\/li>\n<li>Grilles en fonte<\/li>\n<li>Boutons frontaux m\u00e9tallis\u00e9s et brillants<\/li>\n<li>Auto-allumage<\/li>\n<li>Verrouillage de s\u00e9curit\u00e9 automatique<\/li>\n<li>Br\u00fbleurs \u00e0 haut rendement<\/li>\n<li>4 zones de cuisson:<\/li>\n<li>-1 br\u00fbleur \u00e0 double anneau (4,00 kW)<\/li>\n<li>-1 br\u00fbleur rapide (2,8 kW)<\/li>\n<li>-1 br\u00fbleur semi-rapide (1,75 kW)<\/li>\n<li>-1 br\u00fbleur auxiliaire (1kW)<\/li>\n<\/ul>\n","protected":false},"featured_media":0,"parent":0,"template":"","product_cat":[4492],"product_cleaning_system":[],"product_3rd_basket":[],"product_drawers":[],"product_type_of_installation":[],"product_edition":[],"product_serie":[],"product_features":[],"finishes":[],"product_bundles":[],"product_energy_efficiency":[],"product_video_training":[],"class_list":["post-54825","product","type-product","status-publish","hentry","product_cat-plaques-de-cuisson","usp-gas-02","usp-gas-03","usp-gas-05","usp-gas-07","usp-cookinglovers-01","color-acier-inoxydable","product_type_of_appliance-gaz","product_icons-auto-ignition"],"acf":[],"yoast_head":"<!-- This site is optimized with the Yoast SEO plugin v27.2 - https:\/\/yoast.com\/product\/yoast-seo-wordpress\/ -->\n<title>EX 60.1 4G AI CI Inox | Teka Morocco<\/title>\n<meta name=\"robots\" content=\"index, follow, max-snippet:-1, max-image-preview:large, max-video-preview:-1\" \/>\n<link rel=\"canonical\" href=\"https:\/\/www.teka.com\/fr-ma\/produit\/ex-60-1-4g-ai-ci-inox_40212103\/\" \/>\n<meta property=\"og:locale\" content=\"en_US\" \/>\n<meta property=\"og:type\" content=\"article\" \/>\n<meta property=\"og:title\" content=\"EX 60.1 4G AI CI Inox | Teka Morocco\" \/>\n<meta property=\"og:description\" content=\"Plaque \u00e0 gaz de 60 cm Br\u00fbleur \u00e0 double anneau Grilles en fonte Boutons frontaux m\u00e9tallis\u00e9s et brillants Auto-allumage Verrouillage de s\u00e9curit\u00e9 automatique Br\u00fbleurs \u00e0 haut rendement 4 zones de cuisson: -1 br\u00fbleur \u00e0 double anneau (4,00 kW) -1 br\u00fbleur rapide (2,8 kW) -1 br\u00fbleur semi-rapide (1,75 kW) -1 br\u00fbleur auxiliaire (1kW)\" \/>\n<meta property=\"og:url\" content=\"https:\/\/www.teka.com\/fr-ma\/produit\/ex-60-1-4g-ai-ci-inox_40212103\/\" \/>\n<meta property=\"og:site_name\" content=\"Teka Morocco\" \/>\n<meta name=\"twitter:card\" content=\"summary_large_image\" \/>\n<script type=\"application\/ld+json\" class=\"yoast-schema-graph\">{\"@context\":\"https:\/\/schema.org\",\"@graph\":[{\"@type\":\"WebPage\",\"@id\":\"https:\/\/www.teka.com\/fr-ma\/produit\/ex-60-1-4g-ai-ci-inox_40212103\/\",\"url\":\"https:\/\/www.teka.com\/fr-ma\/produit\/ex-60-1-4g-ai-ci-inox_40212103\/\",\"name\":\"EX 60.1 4G AI CI Inox | Teka Morocco\",\"isPartOf\":{\"@id\":\"https:\/\/www.teka.com\/fr-ma\/#website\"},\"datePublished\":\"2026-04-07T20:08:18+00:00\",\"inLanguage\":\"en-US\",\"potentialAction\":[{\"@type\":\"ReadAction\",\"target\":[\"https:\/\/www.teka.com\/fr-ma\/produit\/ex-60-1-4g-ai-ci-inox_40212103\/\"]}]},{\"@type\":\"WebSite\",\"@id\":\"https:\/\/www.teka.com\/fr-ma\/#website\",\"url\":\"https:\/\/www.teka.com\/fr-ma\/\",\"name\":\"Teka Morocco\",\"description\":\"\",\"potentialAction\":[{\"@type\":\"SearchAction\",\"target\":{\"@type\":\"EntryPoint\",\"urlTemplate\":\"https:\/\/www.teka.com\/fr-ma\/?s={search_term_string}\"},\"query-input\":{\"@type\":\"PropertyValueSpecification\",\"valueRequired\":true,\"valueName\":\"search_term_string\"}}],\"inLanguage\":\"en-US\"}]}<\/script>\n<!-- \/ Yoast SEO plugin. -->","yoast_head_json":{"title":"EX 60.1 4G AI CI Inox | Teka Morocco","robots":{"index":"index","follow":"follow","max-snippet":"max-snippet:-1","max-image-preview":"max-image-preview:large","max-video-preview":"max-video-preview:-1"},"canonical":"https:\/\/www.teka.com\/fr-ma\/produit\/ex-60-1-4g-ai-ci-inox_40212103\/","og_locale":"en_US","og_type":"article","og_title":"EX 60.1 4G AI CI Inox | Teka Morocco","og_description":"Plaque \u00e0 gaz de 60 cm Br\u00fbleur \u00e0 double anneau Grilles en fonte Boutons frontaux m\u00e9tallis\u00e9s et brillants Auto-allumage Verrouillage de s\u00e9curit\u00e9 automatique Br\u00fbleurs \u00e0 haut rendement 4 zones de cuisson: -1 br\u00fbleur \u00e0 double anneau (4,00 kW) -1 br\u00fbleur rapide (2,8 kW) -1 br\u00fbleur semi-rapide (1,75 kW) -1 br\u00fbleur auxiliaire (1kW)","og_url":"https:\/\/www.teka.com\/fr-ma\/produit\/ex-60-1-4g-ai-ci-inox_40212103\/","og_site_name":"Teka Morocco","twitter_card":"summary_large_image","schema":{"@context":"https:\/\/schema.org","@graph":[{"@type":"WebPage","@id":"https:\/\/www.teka.com\/fr-ma\/produit\/ex-60-1-4g-ai-ci-inox_40212103\/","url":"https:\/\/www.teka.com\/fr-ma\/produit\/ex-60-1-4g-ai-ci-inox_40212103\/","name":"EX 60.1 4G AI CI Inox | Teka Morocco","isPartOf":{"@id":"https:\/\/www.teka.com\/fr-ma\/#website"},"datePublished":"2026-04-07T20:08:18+00:00","inLanguage":"en-US","potentialAction":[{"@type":"ReadAction","target":["https:\/\/www.teka.com\/fr-ma\/produit\/ex-60-1-4g-ai-ci-inox_40212103\/"]}]},{"@type":"WebSite","@id":"https:\/\/www.teka.com\/fr-ma\/#website","url":"https:\/\/www.teka.com\/fr-ma\/","name":"Teka Morocco","description":"","potentialAction":[{"@type":"SearchAction","target":{"@type":"EntryPoint","urlTemplate":"https:\/\/www.teka.com\/fr-ma\/?s={search_term_string}"},"query-input":{"@type":"PropertyValueSpecification","valueRequired":true,"valueName":"search_term_string"}}],"inLanguage":"en-US"}]}},"_links":{"self":[{"href":"https:\/\/www.teka.com\/fr-ma\/wp-json\/wp\/v2\/product\/54825","targetHints":{"allow":["GET"]}}],"collection":[{"href":"https:\/\/www.teka.com\/fr-ma\/wp-json\/wp\/v2\/product"}],"about":[{"href":"https:\/\/www.teka.com\/fr-ma\/wp-json\/wp\/v2\/types\/product"}],"wp:attachment":[{"href":"https:\/\/www.teka.com\/fr-ma\/wp-json\/wp\/v2\/media?parent=54825"}],"wp:term":[{"taxonomy":"product_cat","embeddable":true,"href":"https:\/\/www.teka.com\/fr-ma\/wp-json\/wp\/v2\/product_cat?post=54825"},{"taxonomy":"product_cleaning_system","embeddable":true,"href":"https:\/\/www.teka.com\/fr-ma\/wp-json\/wp\/v2\/product_cleaning_system?post=54825"},{"taxonomy":"product_3rd_basket","embeddable":true,"href":"https:\/\/www.teka.com\/fr-ma\/wp-json\/wp\/v2\/product_3rd_basket?post=54825"},{"taxonomy":"product_drawers","embeddable":true,"href":"https:\/\/www.teka.com\/fr-ma\/wp-json\/wp\/v2\/product_drawers?post=54825"},{"taxonomy":"product_type_of_installation","embeddable":true,"href":"https:\/\/www.teka.com\/fr-ma\/wp-json\/wp\/v2\/product_type_of_installation?post=54825"},{"taxonomy":"product_edition","embeddable":true,"href":"https:\/\/www.teka.com\/fr-ma\/wp-json\/wp\/v2\/product_edition?post=54825"},{"taxonomy":"product_serie","embeddable":true,"href":"https:\/\/www.teka.com\/fr-ma\/wp-json\/wp\/v2\/product_serie?post=54825"},{"taxonomy":"product_features","embeddable":true,"href":"https:\/\/www.teka.com\/fr-ma\/wp-json\/wp\/v2\/product_features?post=54825"},{"taxonomy":"finishes","embeddable":true,"href":"https:\/\/www.teka.com\/fr-ma\/wp-json\/wp\/v2\/finishes?post=54825"},{"taxonomy":"product_bundles","embeddable":true,"href":"https:\/\/www.teka.com\/fr-ma\/wp-json\/wp\/v2\/product_bundles?post=54825"},{"taxonomy":"product_energy_efficiency","embeddable":true,"href":"https:\/\/www.teka.com\/fr-ma\/wp-json\/wp\/v2\/product_energy_efficiency?post=54825"},{"taxonomy":"product_video_training","embeddable":true,"href":"https:\/\/www.teka.com\/fr-ma\/wp-json\/wp\/v2\/product_video_training?post=54825"}],"curies":[{"name":"wp","href":"https:\/\/api.w.org\/{rel}","templated":true}]}}