{"id":57609,"date":"2026-04-07T19:48:27","date_gmt":"2026-04-07T19:48:27","guid":{"rendered":"https:\/\/teka.com\/en-int\/stone-90-b-tg-2b_115260008"},"modified":"2026-03-14T05:41:20","modified_gmt":"2026-03-14T06:41:20","slug":"stone-90-b-tg-2b_115260008","status":"publish","type":"product","link":"https:\/\/www.teka.com\/fr-ma\/produit\/stone-90-b-tg-2b_115260008\/","title":{"rendered":"Stone 90 B-TG 2B"},"content":{"rendered":"<ul>\n<li>S\u00e9rie de pierres<\/li>\n<li>Tegranite + \u00e9vier<\/li>\n<li>2 bacs<\/li>\n<li>Surface tr\u00e8s r\u00e9sistante aux impacts, aux chocs thermiques et aux hautes temp\u00e9ratures<\/li>\n<li>Excellente r\u00e9sistance aux UV contre la d\u00e9coloration<\/li>\n<li>Surface exempte de bact\u00e9ries et tr\u00e8s facile \u00e0 nettoyer<\/li>\n<\/ul>\n","protected":false},"featured_media":0,"parent":0,"template":"","product_cat":[4499],"product_cleaning_system":[],"product_3rd_basket":[],"product_drawers":[],"product_type_of_installation":[146206],"product_edition":[],"product_serie":[],"product_features":[],"finishes":[],"product_bundles":[],"product_energy_efficiency":[],"product_video_training":[],"class_list":["post-57609","product","type-product","status-publish","hentry","product_cat-eviers","usp-sinks-06","usp-tegranite-01","color-carbone","product_type_of_appliance-granit","product_icons-colour_intensity","product_icons-200mm","product_icons-easy_clean","product_icons-food_safe","product_icons-scratch_proof","product_type_of_installation-encastre"],"acf":[],"yoast_head":"<!-- This site is optimized with the Yoast SEO plugin v27.2 - https:\/\/yoast.com\/product\/yoast-seo-wordpress\/ -->\n<title>Stone 90 B-TG 2B | Teka Morocco<\/title>\n<meta name=\"robots\" content=\"index, follow, max-snippet:-1, max-image-preview:large, max-video-preview:-1\" \/>\n<link rel=\"canonical\" href=\"https:\/\/www.teka.com\/fr-ma\/produit\/stone-90-b-tg-2b_115260008\/\" \/>\n<meta property=\"og:locale\" content=\"en_US\" \/>\n<meta property=\"og:type\" content=\"article\" \/>\n<meta property=\"og:title\" content=\"Stone 90 B-TG 2B | Teka Morocco\" \/>\n<meta property=\"og:description\" content=\"S\u00e9rie de pierres Tegranite + \u00e9vier 2 bacs Surface tr\u00e8s r\u00e9sistante aux impacts, aux chocs thermiques et aux hautes temp\u00e9ratures Excellente r\u00e9sistance aux UV contre la d\u00e9coloration Surface exempte de bact\u00e9ries et tr\u00e8s facile \u00e0 nettoyer\" \/>\n<meta property=\"og:url\" content=\"https:\/\/www.teka.com\/fr-ma\/produit\/stone-90-b-tg-2b_115260008\/\" \/>\n<meta property=\"og:site_name\" content=\"Teka Morocco\" \/>\n<meta name=\"twitter:card\" content=\"summary_large_image\" \/>\n<script type=\"application\/ld+json\" class=\"yoast-schema-graph\">{\"@context\":\"https:\/\/schema.org\",\"@graph\":[{\"@type\":\"WebPage\",\"@id\":\"https:\/\/www.teka.com\/fr-ma\/produit\/stone-90-b-tg-2b_115260008\/\",\"url\":\"https:\/\/www.teka.com\/fr-ma\/produit\/stone-90-b-tg-2b_115260008\/\",\"name\":\"Stone 90 B-TG 2B | Teka Morocco\",\"isPartOf\":{\"@id\":\"https:\/\/www.teka.com\/fr-ma\/#website\"},\"datePublished\":\"2026-04-07T19:48:27+00:00\",\"inLanguage\":\"en-US\",\"potentialAction\":[{\"@type\":\"ReadAction\",\"target\":[\"https:\/\/www.teka.com\/fr-ma\/produit\/stone-90-b-tg-2b_115260008\/\"]}]},{\"@type\":\"WebSite\",\"@id\":\"https:\/\/www.teka.com\/fr-ma\/#website\",\"url\":\"https:\/\/www.teka.com\/fr-ma\/\",\"name\":\"Teka Morocco\",\"description\":\"\",\"potentialAction\":[{\"@type\":\"SearchAction\",\"target\":{\"@type\":\"EntryPoint\",\"urlTemplate\":\"https:\/\/www.teka.com\/fr-ma\/?s={search_term_string}\"},\"query-input\":{\"@type\":\"PropertyValueSpecification\",\"valueRequired\":true,\"valueName\":\"search_term_string\"}}],\"inLanguage\":\"en-US\"}]}<\/script>\n<!-- \/ Yoast SEO plugin. -->","yoast_head_json":{"title":"Stone 90 B-TG 2B | Teka Morocco","robots":{"index":"index","follow":"follow","max-snippet":"max-snippet:-1","max-image-preview":"max-image-preview:large","max-video-preview":"max-video-preview:-1"},"canonical":"https:\/\/www.teka.com\/fr-ma\/produit\/stone-90-b-tg-2b_115260008\/","og_locale":"en_US","og_type":"article","og_title":"Stone 90 B-TG 2B | Teka Morocco","og_description":"S\u00e9rie de pierres Tegranite + \u00e9vier 2 bacs Surface tr\u00e8s r\u00e9sistante aux impacts, aux chocs thermiques et aux hautes temp\u00e9ratures Excellente r\u00e9sistance aux UV contre la d\u00e9coloration Surface exempte de bact\u00e9ries et tr\u00e8s facile \u00e0 nettoyer","og_url":"https:\/\/www.teka.com\/fr-ma\/produit\/stone-90-b-tg-2b_115260008\/","og_site_name":"Teka Morocco","twitter_card":"summary_large_image","schema":{"@context":"https:\/\/schema.org","@graph":[{"@type":"WebPage","@id":"https:\/\/www.teka.com\/fr-ma\/produit\/stone-90-b-tg-2b_115260008\/","url":"https:\/\/www.teka.com\/fr-ma\/produit\/stone-90-b-tg-2b_115260008\/","name":"Stone 90 B-TG 2B | Teka Morocco","isPartOf":{"@id":"https:\/\/www.teka.com\/fr-ma\/#website"},"datePublished":"2026-04-07T19:48:27+00:00","inLanguage":"en-US","potentialAction":[{"@type":"ReadAction","target":["https:\/\/www.teka.com\/fr-ma\/produit\/stone-90-b-tg-2b_115260008\/"]}]},{"@type":"WebSite","@id":"https:\/\/www.teka.com\/fr-ma\/#website","url":"https:\/\/www.teka.com\/fr-ma\/","name":"Teka Morocco","description":"","potentialAction":[{"@type":"SearchAction","target":{"@type":"EntryPoint","urlTemplate":"https:\/\/www.teka.com\/fr-ma\/?s={search_term_string}"},"query-input":{"@type":"PropertyValueSpecification","valueRequired":true,"valueName":"search_term_string"}}],"inLanguage":"en-US"}]}},"_links":{"self":[{"href":"https:\/\/www.teka.com\/fr-ma\/wp-json\/wp\/v2\/product\/57609","targetHints":{"allow":["GET"]}}],"collection":[{"href":"https:\/\/www.teka.com\/fr-ma\/wp-json\/wp\/v2\/product"}],"about":[{"href":"https:\/\/www.teka.com\/fr-ma\/wp-json\/wp\/v2\/types\/product"}],"wp:attachment":[{"href":"https:\/\/www.teka.com\/fr-ma\/wp-json\/wp\/v2\/media?parent=57609"}],"wp:term":[{"taxonomy":"product_cat","embeddable":true,"href":"https:\/\/www.teka.com\/fr-ma\/wp-json\/wp\/v2\/product_cat?post=57609"},{"taxonomy":"product_cleaning_system","embeddable":true,"href":"https:\/\/www.teka.com\/fr-ma\/wp-json\/wp\/v2\/product_cleaning_system?post=57609"},{"taxonomy":"product_3rd_basket","embeddable":true,"href":"https:\/\/www.teka.com\/fr-ma\/wp-json\/wp\/v2\/product_3rd_basket?post=57609"},{"taxonomy":"product_drawers","embeddable":true,"href":"https:\/\/www.teka.com\/fr-ma\/wp-json\/wp\/v2\/product_drawers?post=57609"},{"taxonomy":"product_type_of_installation","embeddable":true,"href":"https:\/\/www.teka.com\/fr-ma\/wp-json\/wp\/v2\/product_type_of_installation?post=57609"},{"taxonomy":"product_edition","embeddable":true,"href":"https:\/\/www.teka.com\/fr-ma\/wp-json\/wp\/v2\/product_edition?post=57609"},{"taxonomy":"product_serie","embeddable":true,"href":"https:\/\/www.teka.com\/fr-ma\/wp-json\/wp\/v2\/product_serie?post=57609"},{"taxonomy":"product_features","embeddable":true,"href":"https:\/\/www.teka.com\/fr-ma\/wp-json\/wp\/v2\/product_features?post=57609"},{"taxonomy":"finishes","embeddable":true,"href":"https:\/\/www.teka.com\/fr-ma\/wp-json\/wp\/v2\/finishes?post=57609"},{"taxonomy":"product_bundles","embeddable":true,"href":"https:\/\/www.teka.com\/fr-ma\/wp-json\/wp\/v2\/product_bundles?post=57609"},{"taxonomy":"product_energy_efficiency","embeddable":true,"href":"https:\/\/www.teka.com\/fr-ma\/wp-json\/wp\/v2\/product_energy_efficiency?post=57609"},{"taxonomy":"product_video_training","embeddable":true,"href":"https:\/\/www.teka.com\/fr-ma\/wp-json\/wp\/v2\/product_video_training?post=57609"}],"curies":[{"name":"wp","href":"https:\/\/api.w.org\/{rel}","templated":true}]}}