{"id":57667,"date":"2026-05-06T06:32:34","date_gmt":"2026-05-06T06:32:34","guid":{"rendered":"https:\/\/teka.com\/en-int\/ci3-342-eu_113570003"},"modified":"2026-05-04T01:00:17","modified_gmt":"2026-05-04T02:00:17","slug":"ci3-342-eu_113570003","status":"publish","type":"product","link":"https:\/\/www.teka.com\/fr-ma\/produit\/ci3-342-eu_113570003\/","title":{"rendered":"CI3 342 EU"},"content":{"rendered":"<ul>\n<li>Combi int\u00e9grable avec portes r\u00e9versibles<\/li>\n<li>Classe F<\/li>\n<li>Commande \u00e9lectronique<\/li>\n<li>Tiroir ZeroBox<\/li>\n<li>Installation : porte sur glissi\u00e8res<\/li>\n<li>Capacit\u00e9 271L : r\u00e9f. 193L, cong. 78L<\/li>\n<\/ul>\n","protected":false},"featured_media":0,"parent":0,"template":"","product_cat":[146760],"product_cleaning_system":[],"product_3rd_basket":[],"product_drawers":[146192],"product_type_of_installation":[146191],"product_edition":[],"product_serie":[],"product_features":[],"finishes":[],"product_bundles":[],"product_energy_efficiency":[],"product_video_training":[],"class_list":["post-57667","product","type-product","status-publish","hentry","product_cat-gamme-du-froid","product_type_of_appliance-refrigerateurs","product_icons-easy-90","product_icons-fresh-box","product_icons-led","product_icons-motor-inverter","product_drawers-fresh-box","product_type_of_installation-integre"],"acf":[],"yoast_head":"<!-- This site is optimized with the Yoast SEO plugin v27.5 - https:\/\/yoast.com\/product\/yoast-seo-wordpress\/ -->\n<title>CI3 342 EU | Teka Morocco<\/title>\n<meta name=\"robots\" content=\"index, follow, max-snippet:-1, max-image-preview:large, max-video-preview:-1\" \/>\n<link rel=\"canonical\" href=\"https:\/\/www.teka.com\/fr-ma\/produit\/ci3-342-eu_113570003\/\" \/>\n<meta property=\"og:locale\" content=\"en_US\" \/>\n<meta property=\"og:type\" content=\"article\" \/>\n<meta property=\"og:title\" content=\"CI3 342 EU | Teka Morocco\" \/>\n<meta property=\"og:description\" content=\"Combi int\u00e9grable avec portes r\u00e9versibles Classe F Commande \u00e9lectronique Tiroir ZeroBox Installation : porte sur glissi\u00e8res Capacit\u00e9 271L : r\u00e9f. 193L, cong. 78L\" \/>\n<meta property=\"og:url\" content=\"https:\/\/www.teka.com\/fr-ma\/produit\/ci3-342-eu_113570003\/\" \/>\n<meta property=\"og:site_name\" content=\"Teka Morocco\" \/>\n<meta name=\"twitter:card\" content=\"summary_large_image\" \/>\n<script type=\"application\/ld+json\" class=\"yoast-schema-graph\">{\"@context\":\"https:\\\/\\\/schema.org\",\"@graph\":[{\"@type\":\"WebPage\",\"@id\":\"https:\\\/\\\/www.teka.com\\\/fr-ma\\\/produit\\\/ci3-342-eu_113570003\\\/\",\"url\":\"https:\\\/\\\/www.teka.com\\\/fr-ma\\\/produit\\\/ci3-342-eu_113570003\\\/\",\"name\":\"CI3 342 EU | Teka Morocco\",\"isPartOf\":{\"@id\":\"https:\\\/\\\/www.teka.com\\\/fr-ma\\\/#website\"},\"datePublished\":\"2026-05-06T06:32:34+00:00\",\"inLanguage\":\"en-US\",\"potentialAction\":[{\"@type\":\"ReadAction\",\"target\":[\"https:\\\/\\\/www.teka.com\\\/fr-ma\\\/produit\\\/ci3-342-eu_113570003\\\/\"]}]},{\"@type\":\"WebSite\",\"@id\":\"https:\\\/\\\/www.teka.com\\\/fr-ma\\\/#website\",\"url\":\"https:\\\/\\\/www.teka.com\\\/fr-ma\\\/\",\"name\":\"Teka Morocco\",\"description\":\"\",\"potentialAction\":[{\"@type\":\"SearchAction\",\"target\":{\"@type\":\"EntryPoint\",\"urlTemplate\":\"https:\\\/\\\/www.teka.com\\\/fr-ma\\\/?s={search_term_string}\"},\"query-input\":{\"@type\":\"PropertyValueSpecification\",\"valueRequired\":true,\"valueName\":\"search_term_string\"}}],\"inLanguage\":\"en-US\"}]}<\/script>\n<!-- \/ Yoast SEO plugin. -->","yoast_head_json":{"title":"CI3 342 EU | Teka Morocco","robots":{"index":"index","follow":"follow","max-snippet":"max-snippet:-1","max-image-preview":"max-image-preview:large","max-video-preview":"max-video-preview:-1"},"canonical":"https:\/\/www.teka.com\/fr-ma\/produit\/ci3-342-eu_113570003\/","og_locale":"en_US","og_type":"article","og_title":"CI3 342 EU | Teka Morocco","og_description":"Combi int\u00e9grable avec portes r\u00e9versibles Classe F Commande \u00e9lectronique Tiroir ZeroBox Installation : porte sur glissi\u00e8res Capacit\u00e9 271L : r\u00e9f. 193L, cong. 78L","og_url":"https:\/\/www.teka.com\/fr-ma\/produit\/ci3-342-eu_113570003\/","og_site_name":"Teka Morocco","twitter_card":"summary_large_image","schema":{"@context":"https:\/\/schema.org","@graph":[{"@type":"WebPage","@id":"https:\/\/www.teka.com\/fr-ma\/produit\/ci3-342-eu_113570003\/","url":"https:\/\/www.teka.com\/fr-ma\/produit\/ci3-342-eu_113570003\/","name":"CI3 342 EU | Teka Morocco","isPartOf":{"@id":"https:\/\/www.teka.com\/fr-ma\/#website"},"datePublished":"2026-05-06T06:32:34+00:00","inLanguage":"en-US","potentialAction":[{"@type":"ReadAction","target":["https:\/\/www.teka.com\/fr-ma\/produit\/ci3-342-eu_113570003\/"]}]},{"@type":"WebSite","@id":"https:\/\/www.teka.com\/fr-ma\/#website","url":"https:\/\/www.teka.com\/fr-ma\/","name":"Teka Morocco","description":"","potentialAction":[{"@type":"SearchAction","target":{"@type":"EntryPoint","urlTemplate":"https:\/\/www.teka.com\/fr-ma\/?s={search_term_string}"},"query-input":{"@type":"PropertyValueSpecification","valueRequired":true,"valueName":"search_term_string"}}],"inLanguage":"en-US"}]}},"_links":{"self":[{"href":"https:\/\/www.teka.com\/fr-ma\/wp-json\/wp\/v2\/product\/57667","targetHints":{"allow":["GET"]}}],"collection":[{"href":"https:\/\/www.teka.com\/fr-ma\/wp-json\/wp\/v2\/product"}],"about":[{"href":"https:\/\/www.teka.com\/fr-ma\/wp-json\/wp\/v2\/types\/product"}],"wp:attachment":[{"href":"https:\/\/www.teka.com\/fr-ma\/wp-json\/wp\/v2\/media?parent=57667"}],"wp:term":[{"taxonomy":"product_cat","embeddable":true,"href":"https:\/\/www.teka.com\/fr-ma\/wp-json\/wp\/v2\/product_cat?post=57667"},{"taxonomy":"product_cleaning_system","embeddable":true,"href":"https:\/\/www.teka.com\/fr-ma\/wp-json\/wp\/v2\/product_cleaning_system?post=57667"},{"taxonomy":"product_3rd_basket","embeddable":true,"href":"https:\/\/www.teka.com\/fr-ma\/wp-json\/wp\/v2\/product_3rd_basket?post=57667"},{"taxonomy":"product_drawers","embeddable":true,"href":"https:\/\/www.teka.com\/fr-ma\/wp-json\/wp\/v2\/product_drawers?post=57667"},{"taxonomy":"product_type_of_installation","embeddable":true,"href":"https:\/\/www.teka.com\/fr-ma\/wp-json\/wp\/v2\/product_type_of_installation?post=57667"},{"taxonomy":"product_edition","embeddable":true,"href":"https:\/\/www.teka.com\/fr-ma\/wp-json\/wp\/v2\/product_edition?post=57667"},{"taxonomy":"product_serie","embeddable":true,"href":"https:\/\/www.teka.com\/fr-ma\/wp-json\/wp\/v2\/product_serie?post=57667"},{"taxonomy":"product_features","embeddable":true,"href":"https:\/\/www.teka.com\/fr-ma\/wp-json\/wp\/v2\/product_features?post=57667"},{"taxonomy":"finishes","embeddable":true,"href":"https:\/\/www.teka.com\/fr-ma\/wp-json\/wp\/v2\/finishes?post=57667"},{"taxonomy":"product_bundles","embeddable":true,"href":"https:\/\/www.teka.com\/fr-ma\/wp-json\/wp\/v2\/product_bundles?post=57667"},{"taxonomy":"product_energy_efficiency","embeddable":true,"href":"https:\/\/www.teka.com\/fr-ma\/wp-json\/wp\/v2\/product_energy_efficiency?post=57667"},{"taxonomy":"product_video_training","embeddable":true,"href":"https:\/\/www.teka.com\/fr-ma\/wp-json\/wp\/v2\/product_video_training?post=57667"}],"curies":[{"name":"wp","href":"https:\/\/api.w.org\/{rel}","templated":true}]}}