{"id":57679,"date":"2026-05-01T23:35:17","date_gmt":"2026-05-01T23:35:17","guid":{"rendered":"https:\/\/teka.com\/ru-ru\/li5-1080-eu-exp_40830051"},"modified":"2026-05-01T08:25:34","modified_gmt":"2026-05-01T09:25:34","slug":"li5-1080-eu-exp_40830051","status":"publish","type":"product","link":"https:\/\/www.teka.com\/fr-ma\/produit\/li5-1080-eu-exp_40830051\/","title":{"rendered":"LI5 1080 EU EXP"},"content":{"rendered":"<ul>\n<li>Machine \u00e0 laver encastr\u00e9e<\/li>\n<li>Capacit\u00e9 de lavage : 8kg<\/li>\n<li>Panneau de commande \u00e9lectronique<\/li>\n<li>Tambour en acier inoxydable<\/li>\n<li>15 programmes de lavage<\/li>\n<li>Vitesse d&#8217;essorage maximale : 1000 tr\/min<\/li>\n<li>Programme rapide : 14 minutes<\/li>\n<li>Fonctions suppl\u00e9mentaires : Rapide, niveau de salissure, d\u00e9tecteur de kg<\/li>\n<li>Minuterie : 1-24h<\/li>\n<li>Verrouillage enfant<\/li>\n<\/ul>\n","protected":false},"featured_media":0,"parent":0,"template":"","product_cat":[4508],"product_cleaning_system":[],"product_3rd_basket":[],"product_drawers":[],"product_type_of_installation":[146191],"product_edition":[],"product_serie":[],"product_features":[],"finishes":[],"product_bundles":[],"product_energy_efficiency":[146230],"product_video_training":[],"class_list":["post-57679","product","type-product","status-publish","hentry","product_cat-machines-a-laver","usp-laundry-02","color-blanc","product_icons-quick-cycle","product_type_of_installation-integre","product_energy_efficiency-d-ue-icon-new"],"acf":[],"yoast_head":"<!-- This site is optimized with the Yoast SEO plugin v27.5 - https:\/\/yoast.com\/product\/yoast-seo-wordpress\/ -->\n<title>LI5 1080 EU EXP | Teka Morocco<\/title>\n<meta name=\"robots\" content=\"index, follow, max-snippet:-1, max-image-preview:large, max-video-preview:-1\" \/>\n<link rel=\"canonical\" href=\"https:\/\/www.teka.com\/fr-ma\/produit\/li5-1080-eu-exp_40830051\/\" \/>\n<meta property=\"og:locale\" content=\"en_US\" \/>\n<meta property=\"og:type\" content=\"article\" \/>\n<meta property=\"og:title\" content=\"LI5 1080 EU EXP | Teka Morocco\" \/>\n<meta property=\"og:description\" content=\"Machine \u00e0 laver encastr\u00e9e Capacit\u00e9 de lavage : 8kg Panneau de commande \u00e9lectronique Tambour en acier inoxydable 15 programmes de lavage Vitesse d&#8217;essorage maximale : 1000 tr\/min Programme rapide : 14 minutes Fonctions suppl\u00e9mentaires : Rapide, niveau de salissure, d\u00e9tecteur de kg Minuterie : 1-24h Verrouillage enfant\" \/>\n<meta property=\"og:url\" content=\"https:\/\/www.teka.com\/fr-ma\/produit\/li5-1080-eu-exp_40830051\/\" \/>\n<meta property=\"og:site_name\" content=\"Teka Morocco\" \/>\n<meta name=\"twitter:card\" content=\"summary_large_image\" \/>\n<script type=\"application\/ld+json\" class=\"yoast-schema-graph\">{\"@context\":\"https:\\\/\\\/schema.org\",\"@graph\":[{\"@type\":\"WebPage\",\"@id\":\"https:\\\/\\\/www.teka.com\\\/fr-ma\\\/produit\\\/li5-1080-eu-exp_40830051\\\/\",\"url\":\"https:\\\/\\\/www.teka.com\\\/fr-ma\\\/produit\\\/li5-1080-eu-exp_40830051\\\/\",\"name\":\"LI5 1080 EU EXP | Teka Morocco\",\"isPartOf\":{\"@id\":\"https:\\\/\\\/www.teka.com\\\/fr-ma\\\/#website\"},\"datePublished\":\"2026-05-01T23:35:17+00:00\",\"inLanguage\":\"en-US\",\"potentialAction\":[{\"@type\":\"ReadAction\",\"target\":[\"https:\\\/\\\/www.teka.com\\\/fr-ma\\\/produit\\\/li5-1080-eu-exp_40830051\\\/\"]}]},{\"@type\":\"WebSite\",\"@id\":\"https:\\\/\\\/www.teka.com\\\/fr-ma\\\/#website\",\"url\":\"https:\\\/\\\/www.teka.com\\\/fr-ma\\\/\",\"name\":\"Teka Morocco\",\"description\":\"\",\"potentialAction\":[{\"@type\":\"SearchAction\",\"target\":{\"@type\":\"EntryPoint\",\"urlTemplate\":\"https:\\\/\\\/www.teka.com\\\/fr-ma\\\/?s={search_term_string}\"},\"query-input\":{\"@type\":\"PropertyValueSpecification\",\"valueRequired\":true,\"valueName\":\"search_term_string\"}}],\"inLanguage\":\"en-US\"}]}<\/script>\n<!-- \/ Yoast SEO plugin. -->","yoast_head_json":{"title":"LI5 1080 EU EXP | Teka Morocco","robots":{"index":"index","follow":"follow","max-snippet":"max-snippet:-1","max-image-preview":"max-image-preview:large","max-video-preview":"max-video-preview:-1"},"canonical":"https:\/\/www.teka.com\/fr-ma\/produit\/li5-1080-eu-exp_40830051\/","og_locale":"en_US","og_type":"article","og_title":"LI5 1080 EU EXP | Teka Morocco","og_description":"Machine \u00e0 laver encastr\u00e9e Capacit\u00e9 de lavage : 8kg Panneau de commande \u00e9lectronique Tambour en acier inoxydable 15 programmes de lavage Vitesse d&#8217;essorage maximale : 1000 tr\/min Programme rapide : 14 minutes Fonctions suppl\u00e9mentaires : Rapide, niveau de salissure, d\u00e9tecteur de kg Minuterie : 1-24h Verrouillage enfant","og_url":"https:\/\/www.teka.com\/fr-ma\/produit\/li5-1080-eu-exp_40830051\/","og_site_name":"Teka Morocco","twitter_card":"summary_large_image","schema":{"@context":"https:\/\/schema.org","@graph":[{"@type":"WebPage","@id":"https:\/\/www.teka.com\/fr-ma\/produit\/li5-1080-eu-exp_40830051\/","url":"https:\/\/www.teka.com\/fr-ma\/produit\/li5-1080-eu-exp_40830051\/","name":"LI5 1080 EU EXP | Teka Morocco","isPartOf":{"@id":"https:\/\/www.teka.com\/fr-ma\/#website"},"datePublished":"2026-05-01T23:35:17+00:00","inLanguage":"en-US","potentialAction":[{"@type":"ReadAction","target":["https:\/\/www.teka.com\/fr-ma\/produit\/li5-1080-eu-exp_40830051\/"]}]},{"@type":"WebSite","@id":"https:\/\/www.teka.com\/fr-ma\/#website","url":"https:\/\/www.teka.com\/fr-ma\/","name":"Teka Morocco","description":"","potentialAction":[{"@type":"SearchAction","target":{"@type":"EntryPoint","urlTemplate":"https:\/\/www.teka.com\/fr-ma\/?s={search_term_string}"},"query-input":{"@type":"PropertyValueSpecification","valueRequired":true,"valueName":"search_term_string"}}],"inLanguage":"en-US"}]}},"_links":{"self":[{"href":"https:\/\/www.teka.com\/fr-ma\/wp-json\/wp\/v2\/product\/57679","targetHints":{"allow":["GET"]}}],"collection":[{"href":"https:\/\/www.teka.com\/fr-ma\/wp-json\/wp\/v2\/product"}],"about":[{"href":"https:\/\/www.teka.com\/fr-ma\/wp-json\/wp\/v2\/types\/product"}],"wp:attachment":[{"href":"https:\/\/www.teka.com\/fr-ma\/wp-json\/wp\/v2\/media?parent=57679"}],"wp:term":[{"taxonomy":"product_cat","embeddable":true,"href":"https:\/\/www.teka.com\/fr-ma\/wp-json\/wp\/v2\/product_cat?post=57679"},{"taxonomy":"product_cleaning_system","embeddable":true,"href":"https:\/\/www.teka.com\/fr-ma\/wp-json\/wp\/v2\/product_cleaning_system?post=57679"},{"taxonomy":"product_3rd_basket","embeddable":true,"href":"https:\/\/www.teka.com\/fr-ma\/wp-json\/wp\/v2\/product_3rd_basket?post=57679"},{"taxonomy":"product_drawers","embeddable":true,"href":"https:\/\/www.teka.com\/fr-ma\/wp-json\/wp\/v2\/product_drawers?post=57679"},{"taxonomy":"product_type_of_installation","embeddable":true,"href":"https:\/\/www.teka.com\/fr-ma\/wp-json\/wp\/v2\/product_type_of_installation?post=57679"},{"taxonomy":"product_edition","embeddable":true,"href":"https:\/\/www.teka.com\/fr-ma\/wp-json\/wp\/v2\/product_edition?post=57679"},{"taxonomy":"product_serie","embeddable":true,"href":"https:\/\/www.teka.com\/fr-ma\/wp-json\/wp\/v2\/product_serie?post=57679"},{"taxonomy":"product_features","embeddable":true,"href":"https:\/\/www.teka.com\/fr-ma\/wp-json\/wp\/v2\/product_features?post=57679"},{"taxonomy":"finishes","embeddable":true,"href":"https:\/\/www.teka.com\/fr-ma\/wp-json\/wp\/v2\/finishes?post=57679"},{"taxonomy":"product_bundles","embeddable":true,"href":"https:\/\/www.teka.com\/fr-ma\/wp-json\/wp\/v2\/product_bundles?post=57679"},{"taxonomy":"product_energy_efficiency","embeddable":true,"href":"https:\/\/www.teka.com\/fr-ma\/wp-json\/wp\/v2\/product_energy_efficiency?post=57679"},{"taxonomy":"product_video_training","embeddable":true,"href":"https:\/\/www.teka.com\/fr-ma\/wp-json\/wp\/v2\/product_video_training?post=57679"}],"curies":[{"name":"wp","href":"https:\/\/api.w.org\/{rel}","templated":true}]}}