{"id":57685,"date":"2026-05-08T13:20:42","date_gmt":"2026-05-08T13:20:42","guid":{"rendered":"https:\/\/teka.com\/fr-ma\/hlb-830_111000031"},"modified":"2026-05-07T06:10:00","modified_gmt":"2026-05-07T07:10:00","slug":"hlb-830_111000031","status":"publish","type":"product","link":"https:\/\/www.teka.com\/fr-ma\/produit\/hlb-830_111000031\/","title":{"rendered":"HLB 830"},"content":{"rendered":"<ul>\n<li>Multifonctions<\/li>\n<li>6 fonctions de cuisson<\/li>\n<li>Syst\u00e8me de nettoyage HydroClean\u00ae PRO<\/li>\n<li>Cavit\u00e9 \u00e9maill\u00e9e<\/li>\n<li>Classe \u00e9nerg\u00e9tique A+ : moins 20% de consommation<\/li>\n<li>Capacit\u00e9 brute \/ nette: 71\/70 litres<\/li>\n<li>Touch Control avec \u00e9cran LED<\/li>\n<li>Pr\u00e9chauffage express<\/li>\n<li>Fonction ECO et d\u00e9givrage<\/li>\n<li>Blocage de s\u00e9curit\u00e9<\/li>\n<li>Double vitrage amovible<\/li>\n<li>Porte int\u00e9rieure en verre tremp\u00e9<\/li>\n<li>1 guide t\u00e9lescopique facile \u00e0 glisser<\/li>\n<li>Bac antid\u00e9rapant et grille<\/li>\n<li>Ventilation tangentielle<\/li>\n<li>Optionnel : Bac The SteamBox en aluminium moul\u00e9<\/li>\n<\/ul>\n","protected":false},"featured_media":0,"parent":0,"template":"","product_cat":[4496],"product_cleaning_system":[3971],"product_3rd_basket":[],"product_drawers":[],"product_type_of_installation":[146191],"product_edition":[],"product_serie":[],"product_features":[],"finishes":[],"product_bundles":[],"product_energy_efficiency":[146720],"product_video_training":[146790,146794,146800,146814],"class_list":["post-57685","product","type-product","status-publish","hentry","product_cat-fours","usp-ovens-06","usp-ovens-12","usp-ovens-13","color-verre-noir","product_type_of_appliance-multifonctions","product_icons-hydroclean","product_icons-70l","product_icons-plus-extension-telescopic-guide","product_cleaning_system-hydroclean","product_type_of_installation-integre","product_energy_efficiency-a-plus-icon","product_video_training-trainingovens-01","product_video_training-trainingovens-02","product_video_training-trainingovens-05","product_video_training-trainingovens-12"],"acf":[],"yoast_head":"<!-- This site is optimized with the Yoast SEO plugin v27.5 - https:\/\/yoast.com\/product\/yoast-seo-wordpress\/ -->\n<title>HLB 830 | Teka Morocco<\/title>\n<meta name=\"robots\" content=\"index, follow, max-snippet:-1, max-image-preview:large, max-video-preview:-1\" \/>\n<link rel=\"canonical\" href=\"https:\/\/www.teka.com\/fr-ma\/produit\/hlb-830_111000031\/\" \/>\n<meta property=\"og:locale\" content=\"en_US\" \/>\n<meta property=\"og:type\" content=\"article\" \/>\n<meta property=\"og:title\" content=\"HLB 830 | Teka Morocco\" \/>\n<meta property=\"og:description\" content=\"Multifonctions 6 fonctions de cuisson Syst\u00e8me de nettoyage HydroClean\u00ae PRO Cavit\u00e9 \u00e9maill\u00e9e Classe \u00e9nerg\u00e9tique A+ : moins 20% de consommation Capacit\u00e9 brute \/ nette: 71\/70 litres Touch Control avec \u00e9cran LED Pr\u00e9chauffage express Fonction ECO et d\u00e9givrage Blocage de s\u00e9curit\u00e9 Double vitrage amovible Porte int\u00e9rieure en verre tremp\u00e9 1 guide t\u00e9lescopique facile \u00e0 glisser Bac [&hellip;]\" \/>\n<meta property=\"og:url\" content=\"https:\/\/www.teka.com\/fr-ma\/produit\/hlb-830_111000031\/\" \/>\n<meta property=\"og:site_name\" content=\"Teka Morocco\" \/>\n<meta name=\"twitter:card\" content=\"summary_large_image\" \/>\n<script type=\"application\/ld+json\" class=\"yoast-schema-graph\">{\"@context\":\"https:\\\/\\\/schema.org\",\"@graph\":[{\"@type\":\"WebPage\",\"@id\":\"https:\\\/\\\/www.teka.com\\\/fr-ma\\\/produit\\\/hlb-830_111000031\\\/\",\"url\":\"https:\\\/\\\/www.teka.com\\\/fr-ma\\\/produit\\\/hlb-830_111000031\\\/\",\"name\":\"HLB 830 | Teka Morocco\",\"isPartOf\":{\"@id\":\"https:\\\/\\\/www.teka.com\\\/fr-ma\\\/#website\"},\"datePublished\":\"2026-05-08T13:20:42+00:00\",\"inLanguage\":\"en-US\",\"potentialAction\":[{\"@type\":\"ReadAction\",\"target\":[\"https:\\\/\\\/www.teka.com\\\/fr-ma\\\/produit\\\/hlb-830_111000031\\\/\"]}]},{\"@type\":\"WebSite\",\"@id\":\"https:\\\/\\\/www.teka.com\\\/fr-ma\\\/#website\",\"url\":\"https:\\\/\\\/www.teka.com\\\/fr-ma\\\/\",\"name\":\"Teka Morocco\",\"description\":\"\",\"potentialAction\":[{\"@type\":\"SearchAction\",\"target\":{\"@type\":\"EntryPoint\",\"urlTemplate\":\"https:\\\/\\\/www.teka.com\\\/fr-ma\\\/?s={search_term_string}\"},\"query-input\":{\"@type\":\"PropertyValueSpecification\",\"valueRequired\":true,\"valueName\":\"search_term_string\"}}],\"inLanguage\":\"en-US\"}]}<\/script>\n<!-- \/ Yoast SEO plugin. -->","yoast_head_json":{"title":"HLB 830 | Teka Morocco","robots":{"index":"index","follow":"follow","max-snippet":"max-snippet:-1","max-image-preview":"max-image-preview:large","max-video-preview":"max-video-preview:-1"},"canonical":"https:\/\/www.teka.com\/fr-ma\/produit\/hlb-830_111000031\/","og_locale":"en_US","og_type":"article","og_title":"HLB 830 | Teka Morocco","og_description":"Multifonctions 6 fonctions de cuisson Syst\u00e8me de nettoyage HydroClean\u00ae PRO Cavit\u00e9 \u00e9maill\u00e9e Classe \u00e9nerg\u00e9tique A+ : moins 20% de consommation Capacit\u00e9 brute \/ nette: 71\/70 litres Touch Control avec \u00e9cran LED Pr\u00e9chauffage express Fonction ECO et d\u00e9givrage Blocage de s\u00e9curit\u00e9 Double vitrage amovible Porte int\u00e9rieure en verre tremp\u00e9 1 guide t\u00e9lescopique facile \u00e0 glisser Bac [&hellip;]","og_url":"https:\/\/www.teka.com\/fr-ma\/produit\/hlb-830_111000031\/","og_site_name":"Teka Morocco","twitter_card":"summary_large_image","schema":{"@context":"https:\/\/schema.org","@graph":[{"@type":"WebPage","@id":"https:\/\/www.teka.com\/fr-ma\/produit\/hlb-830_111000031\/","url":"https:\/\/www.teka.com\/fr-ma\/produit\/hlb-830_111000031\/","name":"HLB 830 | Teka Morocco","isPartOf":{"@id":"https:\/\/www.teka.com\/fr-ma\/#website"},"datePublished":"2026-05-08T13:20:42+00:00","inLanguage":"en-US","potentialAction":[{"@type":"ReadAction","target":["https:\/\/www.teka.com\/fr-ma\/produit\/hlb-830_111000031\/"]}]},{"@type":"WebSite","@id":"https:\/\/www.teka.com\/fr-ma\/#website","url":"https:\/\/www.teka.com\/fr-ma\/","name":"Teka Morocco","description":"","potentialAction":[{"@type":"SearchAction","target":{"@type":"EntryPoint","urlTemplate":"https:\/\/www.teka.com\/fr-ma\/?s={search_term_string}"},"query-input":{"@type":"PropertyValueSpecification","valueRequired":true,"valueName":"search_term_string"}}],"inLanguage":"en-US"}]}},"_links":{"self":[{"href":"https:\/\/www.teka.com\/fr-ma\/wp-json\/wp\/v2\/product\/57685","targetHints":{"allow":["GET"]}}],"collection":[{"href":"https:\/\/www.teka.com\/fr-ma\/wp-json\/wp\/v2\/product"}],"about":[{"href":"https:\/\/www.teka.com\/fr-ma\/wp-json\/wp\/v2\/types\/product"}],"wp:attachment":[{"href":"https:\/\/www.teka.com\/fr-ma\/wp-json\/wp\/v2\/media?parent=57685"}],"wp:term":[{"taxonomy":"product_cat","embeddable":true,"href":"https:\/\/www.teka.com\/fr-ma\/wp-json\/wp\/v2\/product_cat?post=57685"},{"taxonomy":"product_cleaning_system","embeddable":true,"href":"https:\/\/www.teka.com\/fr-ma\/wp-json\/wp\/v2\/product_cleaning_system?post=57685"},{"taxonomy":"product_3rd_basket","embeddable":true,"href":"https:\/\/www.teka.com\/fr-ma\/wp-json\/wp\/v2\/product_3rd_basket?post=57685"},{"taxonomy":"product_drawers","embeddable":true,"href":"https:\/\/www.teka.com\/fr-ma\/wp-json\/wp\/v2\/product_drawers?post=57685"},{"taxonomy":"product_type_of_installation","embeddable":true,"href":"https:\/\/www.teka.com\/fr-ma\/wp-json\/wp\/v2\/product_type_of_installation?post=57685"},{"taxonomy":"product_edition","embeddable":true,"href":"https:\/\/www.teka.com\/fr-ma\/wp-json\/wp\/v2\/product_edition?post=57685"},{"taxonomy":"product_serie","embeddable":true,"href":"https:\/\/www.teka.com\/fr-ma\/wp-json\/wp\/v2\/product_serie?post=57685"},{"taxonomy":"product_features","embeddable":true,"href":"https:\/\/www.teka.com\/fr-ma\/wp-json\/wp\/v2\/product_features?post=57685"},{"taxonomy":"finishes","embeddable":true,"href":"https:\/\/www.teka.com\/fr-ma\/wp-json\/wp\/v2\/finishes?post=57685"},{"taxonomy":"product_bundles","embeddable":true,"href":"https:\/\/www.teka.com\/fr-ma\/wp-json\/wp\/v2\/product_bundles?post=57685"},{"taxonomy":"product_energy_efficiency","embeddable":true,"href":"https:\/\/www.teka.com\/fr-ma\/wp-json\/wp\/v2\/product_energy_efficiency?post=57685"},{"taxonomy":"product_video_training","embeddable":true,"href":"https:\/\/www.teka.com\/fr-ma\/wp-json\/wp\/v2\/product_video_training?post=57685"}],"curies":[{"name":"wp","href":"https:\/\/api.w.org\/{rel}","templated":true}]}}