{"id":58615,"date":"2026-04-05T01:50:08","date_gmt":"2026-04-05T01:50:08","guid":{"rendered":"https:\/\/teka.com\/en-int\/ark-939_239391200"},"modified":"2026-03-14T03:30:04","modified_gmt":"2026-03-14T04:30:04","slug":"ark-939_239391200","status":"publish","type":"product","link":"https:\/\/www.teka.com\/fr-ma\/produit\/ark-939_239391200\/","title":{"rendered":"ARK 939"},"content":{"rendered":"<ul>\n<li>Bec tournant et flexible<\/li>\n<li>A\u00e9rateur Anticalcaire<\/li>\n<li>Ressort flexible \u00e0 haute r\u00e9sistance<\/li>\n<li>Flexible en acier inoxydable<\/li>\n<li>Poign\u00e9e extractible \u00e0 2 jets :<\/li>\n<li>(normale et douche).<\/li>\n<\/ul>\n","protected":false},"featured_media":0,"parent":0,"template":"","product_cat":[4498],"product_cleaning_system":[],"product_3rd_basket":[],"product_drawers":[],"product_type_of_installation":[146189],"product_edition":[],"product_serie":[],"product_features":[],"finishes":[],"product_bundles":[],"product_energy_efficiency":[],"product_video_training":[],"class_list":["post-58615","product","type-product","status-publish","hentry","product_cat-robinets-devier","color-chrome","product_type_of_appliance-professionnelle","product_type_of_appliance-bec-haut","product_ambient-ambient-04","product_icons-anti-scale_aerator","product_icons-high_resistance","product_icons-pull_down_shower","product_icons-swivel_spout","product_type_of_installation-pose-libre"],"acf":[],"yoast_head":"<!-- This site is optimized with the Yoast SEO plugin v27.2 - https:\/\/yoast.com\/product\/yoast-seo-wordpress\/ -->\n<title>ARK 939 | Teka Morocco<\/title>\n<meta name=\"robots\" content=\"index, follow, max-snippet:-1, max-image-preview:large, max-video-preview:-1\" \/>\n<link rel=\"canonical\" href=\"https:\/\/www.teka.com\/fr-ma\/produit\/ark-939_239391200\/\" \/>\n<meta property=\"og:locale\" content=\"en_US\" \/>\n<meta property=\"og:type\" content=\"article\" \/>\n<meta property=\"og:title\" content=\"ARK 939 | Teka Morocco\" \/>\n<meta property=\"og:description\" content=\"Bec tournant et flexible A\u00e9rateur Anticalcaire Ressort flexible \u00e0 haute r\u00e9sistance Flexible en acier inoxydable Poign\u00e9e extractible \u00e0 2 jets : (normale et douche).\" \/>\n<meta property=\"og:url\" content=\"https:\/\/www.teka.com\/fr-ma\/produit\/ark-939_239391200\/\" \/>\n<meta property=\"og:site_name\" content=\"Teka Morocco\" \/>\n<meta name=\"twitter:card\" content=\"summary_large_image\" \/>\n<script type=\"application\/ld+json\" class=\"yoast-schema-graph\">{\"@context\":\"https:\/\/schema.org\",\"@graph\":[{\"@type\":\"WebPage\",\"@id\":\"https:\/\/www.teka.com\/fr-ma\/produit\/ark-939_239391200\/\",\"url\":\"https:\/\/www.teka.com\/fr-ma\/produit\/ark-939_239391200\/\",\"name\":\"ARK 939 | Teka Morocco\",\"isPartOf\":{\"@id\":\"https:\/\/www.teka.com\/fr-ma\/#website\"},\"datePublished\":\"2026-04-05T01:50:08+00:00\",\"inLanguage\":\"en-US\",\"potentialAction\":[{\"@type\":\"ReadAction\",\"target\":[\"https:\/\/www.teka.com\/fr-ma\/produit\/ark-939_239391200\/\"]}]},{\"@type\":\"WebSite\",\"@id\":\"https:\/\/www.teka.com\/fr-ma\/#website\",\"url\":\"https:\/\/www.teka.com\/fr-ma\/\",\"name\":\"Teka Morocco\",\"description\":\"\",\"potentialAction\":[{\"@type\":\"SearchAction\",\"target\":{\"@type\":\"EntryPoint\",\"urlTemplate\":\"https:\/\/www.teka.com\/fr-ma\/?s={search_term_string}\"},\"query-input\":{\"@type\":\"PropertyValueSpecification\",\"valueRequired\":true,\"valueName\":\"search_term_string\"}}],\"inLanguage\":\"en-US\"}]}<\/script>\n<!-- \/ Yoast SEO plugin. -->","yoast_head_json":{"title":"ARK 939 | Teka Morocco","robots":{"index":"index","follow":"follow","max-snippet":"max-snippet:-1","max-image-preview":"max-image-preview:large","max-video-preview":"max-video-preview:-1"},"canonical":"https:\/\/www.teka.com\/fr-ma\/produit\/ark-939_239391200\/","og_locale":"en_US","og_type":"article","og_title":"ARK 939 | Teka Morocco","og_description":"Bec tournant et flexible A\u00e9rateur Anticalcaire Ressort flexible \u00e0 haute r\u00e9sistance Flexible en acier inoxydable Poign\u00e9e extractible \u00e0 2 jets : (normale et douche).","og_url":"https:\/\/www.teka.com\/fr-ma\/produit\/ark-939_239391200\/","og_site_name":"Teka Morocco","twitter_card":"summary_large_image","schema":{"@context":"https:\/\/schema.org","@graph":[{"@type":"WebPage","@id":"https:\/\/www.teka.com\/fr-ma\/produit\/ark-939_239391200\/","url":"https:\/\/www.teka.com\/fr-ma\/produit\/ark-939_239391200\/","name":"ARK 939 | Teka Morocco","isPartOf":{"@id":"https:\/\/www.teka.com\/fr-ma\/#website"},"datePublished":"2026-04-05T01:50:08+00:00","inLanguage":"en-US","potentialAction":[{"@type":"ReadAction","target":["https:\/\/www.teka.com\/fr-ma\/produit\/ark-939_239391200\/"]}]},{"@type":"WebSite","@id":"https:\/\/www.teka.com\/fr-ma\/#website","url":"https:\/\/www.teka.com\/fr-ma\/","name":"Teka Morocco","description":"","potentialAction":[{"@type":"SearchAction","target":{"@type":"EntryPoint","urlTemplate":"https:\/\/www.teka.com\/fr-ma\/?s={search_term_string}"},"query-input":{"@type":"PropertyValueSpecification","valueRequired":true,"valueName":"search_term_string"}}],"inLanguage":"en-US"}]}},"_links":{"self":[{"href":"https:\/\/www.teka.com\/fr-ma\/wp-json\/wp\/v2\/product\/58615","targetHints":{"allow":["GET"]}}],"collection":[{"href":"https:\/\/www.teka.com\/fr-ma\/wp-json\/wp\/v2\/product"}],"about":[{"href":"https:\/\/www.teka.com\/fr-ma\/wp-json\/wp\/v2\/types\/product"}],"wp:attachment":[{"href":"https:\/\/www.teka.com\/fr-ma\/wp-json\/wp\/v2\/media?parent=58615"}],"wp:term":[{"taxonomy":"product_cat","embeddable":true,"href":"https:\/\/www.teka.com\/fr-ma\/wp-json\/wp\/v2\/product_cat?post=58615"},{"taxonomy":"product_cleaning_system","embeddable":true,"href":"https:\/\/www.teka.com\/fr-ma\/wp-json\/wp\/v2\/product_cleaning_system?post=58615"},{"taxonomy":"product_3rd_basket","embeddable":true,"href":"https:\/\/www.teka.com\/fr-ma\/wp-json\/wp\/v2\/product_3rd_basket?post=58615"},{"taxonomy":"product_drawers","embeddable":true,"href":"https:\/\/www.teka.com\/fr-ma\/wp-json\/wp\/v2\/product_drawers?post=58615"},{"taxonomy":"product_type_of_installation","embeddable":true,"href":"https:\/\/www.teka.com\/fr-ma\/wp-json\/wp\/v2\/product_type_of_installation?post=58615"},{"taxonomy":"product_edition","embeddable":true,"href":"https:\/\/www.teka.com\/fr-ma\/wp-json\/wp\/v2\/product_edition?post=58615"},{"taxonomy":"product_serie","embeddable":true,"href":"https:\/\/www.teka.com\/fr-ma\/wp-json\/wp\/v2\/product_serie?post=58615"},{"taxonomy":"product_features","embeddable":true,"href":"https:\/\/www.teka.com\/fr-ma\/wp-json\/wp\/v2\/product_features?post=58615"},{"taxonomy":"finishes","embeddable":true,"href":"https:\/\/www.teka.com\/fr-ma\/wp-json\/wp\/v2\/finishes?post=58615"},{"taxonomy":"product_bundles","embeddable":true,"href":"https:\/\/www.teka.com\/fr-ma\/wp-json\/wp\/v2\/product_bundles?post=58615"},{"taxonomy":"product_energy_efficiency","embeddable":true,"href":"https:\/\/www.teka.com\/fr-ma\/wp-json\/wp\/v2\/product_energy_efficiency?post=58615"},{"taxonomy":"product_video_training","embeddable":true,"href":"https:\/\/www.teka.com\/fr-ma\/wp-json\/wp\/v2\/product_video_training?post=58615"}],"curies":[{"name":"wp","href":"https:\/\/api.w.org\/{rel}","templated":true}]}}