{"id":58620,"date":"2026-04-22T16:51:41","date_gmt":"2026-04-22T16:51:41","guid":{"rendered":"https:\/\/teka.com\/en-int\/tt-6420_40239021"},"modified":"2026-03-14T03:33:26","modified_gmt":"2026-03-14T04:33:26","slug":"tt-6420_40239021","status":"publish","type":"product","link":"https:\/\/www.teka.com\/fr-ma\/produit\/tt-6420_40239021\/","title":{"rendered":"TT 6420"},"content":{"rendered":"<ul>\n<li>Plaque vitroc\u00e9ramique de 60 cm<\/li>\n<li>Panneau de commandes tactiles<\/li>\n<li>Programmateur de temps de cuisson<\/li>\n<li>Programmateur ind\u00e9pendant de chaque zone de cuisson<\/li>\n<li>Fonction rafale de cuisson<\/li>\n<li>Blocage de s\u00e9curit\u00e9<\/li>\n<li>Indicateur de chaleur r\u00e9siduelle<\/li>\n<li>4 zones de cuisson:<\/li>\n<li>-1 foyers High-Light \u00d8 180\/210 mm<\/li>\n<li>-1 foyers High-Light \u00d8 180 mm<\/li>\n<li>-2 foyers High-Light \u00d8 145 mm<\/li>\n<li>Puissance nominale totale: 6.200 W<\/li>\n<\/ul>\n","protected":false},"featured_media":0,"parent":0,"template":"","product_cat":[4492],"product_cleaning_system":[],"product_3rd_basket":[],"product_drawers":[],"product_type_of_installation":[],"product_edition":[],"product_serie":[],"product_features":[],"finishes":[],"product_bundles":[],"product_energy_efficiency":[],"product_video_training":[],"class_list":["post-58620","product","type-product","status-publish","hentry","product_cat-plaques-de-cuisson","usp-vitroceramics-03","usp-vitroceramics-02","usp-cookinglovers-01","color-verre-noir","product_type_of_appliance-vitroceramique","product_icons-autolock","product_icons-easy-installation","product_icons-power-plus"],"acf":[],"yoast_head":"<!-- This site is optimized with the Yoast SEO plugin v27.5 - https:\/\/yoast.com\/product\/yoast-seo-wordpress\/ -->\n<title>TT 6420 | Teka Morocco<\/title>\n<meta name=\"robots\" content=\"index, follow, max-snippet:-1, max-image-preview:large, max-video-preview:-1\" \/>\n<link rel=\"canonical\" href=\"https:\/\/www.teka.com\/fr-ma\/produit\/tt-6420_40239021\/\" \/>\n<meta property=\"og:locale\" content=\"en_US\" \/>\n<meta property=\"og:type\" content=\"article\" \/>\n<meta property=\"og:title\" content=\"TT 6420 | Teka Morocco\" \/>\n<meta property=\"og:description\" content=\"Plaque vitroc\u00e9ramique de 60 cm Panneau de commandes tactiles Programmateur de temps de cuisson Programmateur ind\u00e9pendant de chaque zone de cuisson Fonction rafale de cuisson Blocage de s\u00e9curit\u00e9 Indicateur de chaleur r\u00e9siduelle 4 zones de cuisson: -1 foyers High-Light \u00d8 180\/210 mm -1 foyers High-Light \u00d8 180 mm -2 foyers High-Light \u00d8 145 mm Puissance [&hellip;]\" \/>\n<meta property=\"og:url\" content=\"https:\/\/www.teka.com\/fr-ma\/produit\/tt-6420_40239021\/\" \/>\n<meta property=\"og:site_name\" content=\"Teka Morocco\" \/>\n<meta name=\"twitter:card\" content=\"summary_large_image\" \/>\n<script type=\"application\/ld+json\" class=\"yoast-schema-graph\">{\"@context\":\"https:\\\/\\\/schema.org\",\"@graph\":[{\"@type\":\"WebPage\",\"@id\":\"https:\\\/\\\/www.teka.com\\\/fr-ma\\\/produit\\\/tt-6420_40239021\\\/\",\"url\":\"https:\\\/\\\/www.teka.com\\\/fr-ma\\\/produit\\\/tt-6420_40239021\\\/\",\"name\":\"TT 6420 | Teka Morocco\",\"isPartOf\":{\"@id\":\"https:\\\/\\\/www.teka.com\\\/fr-ma\\\/#website\"},\"datePublished\":\"2026-04-22T16:51:41+00:00\",\"inLanguage\":\"en-US\",\"potentialAction\":[{\"@type\":\"ReadAction\",\"target\":[\"https:\\\/\\\/www.teka.com\\\/fr-ma\\\/produit\\\/tt-6420_40239021\\\/\"]}]},{\"@type\":\"WebSite\",\"@id\":\"https:\\\/\\\/www.teka.com\\\/fr-ma\\\/#website\",\"url\":\"https:\\\/\\\/www.teka.com\\\/fr-ma\\\/\",\"name\":\"Teka Morocco\",\"description\":\"\",\"potentialAction\":[{\"@type\":\"SearchAction\",\"target\":{\"@type\":\"EntryPoint\",\"urlTemplate\":\"https:\\\/\\\/www.teka.com\\\/fr-ma\\\/?s={search_term_string}\"},\"query-input\":{\"@type\":\"PropertyValueSpecification\",\"valueRequired\":true,\"valueName\":\"search_term_string\"}}],\"inLanguage\":\"en-US\"}]}<\/script>\n<!-- \/ Yoast SEO plugin. -->","yoast_head_json":{"title":"TT 6420 | Teka Morocco","robots":{"index":"index","follow":"follow","max-snippet":"max-snippet:-1","max-image-preview":"max-image-preview:large","max-video-preview":"max-video-preview:-1"},"canonical":"https:\/\/www.teka.com\/fr-ma\/produit\/tt-6420_40239021\/","og_locale":"en_US","og_type":"article","og_title":"TT 6420 | Teka Morocco","og_description":"Plaque vitroc\u00e9ramique de 60 cm Panneau de commandes tactiles Programmateur de temps de cuisson Programmateur ind\u00e9pendant de chaque zone de cuisson Fonction rafale de cuisson Blocage de s\u00e9curit\u00e9 Indicateur de chaleur r\u00e9siduelle 4 zones de cuisson: -1 foyers High-Light \u00d8 180\/210 mm -1 foyers High-Light \u00d8 180 mm -2 foyers High-Light \u00d8 145 mm Puissance [&hellip;]","og_url":"https:\/\/www.teka.com\/fr-ma\/produit\/tt-6420_40239021\/","og_site_name":"Teka Morocco","twitter_card":"summary_large_image","schema":{"@context":"https:\/\/schema.org","@graph":[{"@type":"WebPage","@id":"https:\/\/www.teka.com\/fr-ma\/produit\/tt-6420_40239021\/","url":"https:\/\/www.teka.com\/fr-ma\/produit\/tt-6420_40239021\/","name":"TT 6420 | Teka Morocco","isPartOf":{"@id":"https:\/\/www.teka.com\/fr-ma\/#website"},"datePublished":"2026-04-22T16:51:41+00:00","inLanguage":"en-US","potentialAction":[{"@type":"ReadAction","target":["https:\/\/www.teka.com\/fr-ma\/produit\/tt-6420_40239021\/"]}]},{"@type":"WebSite","@id":"https:\/\/www.teka.com\/fr-ma\/#website","url":"https:\/\/www.teka.com\/fr-ma\/","name":"Teka Morocco","description":"","potentialAction":[{"@type":"SearchAction","target":{"@type":"EntryPoint","urlTemplate":"https:\/\/www.teka.com\/fr-ma\/?s={search_term_string}"},"query-input":{"@type":"PropertyValueSpecification","valueRequired":true,"valueName":"search_term_string"}}],"inLanguage":"en-US"}]}},"_links":{"self":[{"href":"https:\/\/www.teka.com\/fr-ma\/wp-json\/wp\/v2\/product\/58620","targetHints":{"allow":["GET"]}}],"collection":[{"href":"https:\/\/www.teka.com\/fr-ma\/wp-json\/wp\/v2\/product"}],"about":[{"href":"https:\/\/www.teka.com\/fr-ma\/wp-json\/wp\/v2\/types\/product"}],"wp:attachment":[{"href":"https:\/\/www.teka.com\/fr-ma\/wp-json\/wp\/v2\/media?parent=58620"}],"wp:term":[{"taxonomy":"product_cat","embeddable":true,"href":"https:\/\/www.teka.com\/fr-ma\/wp-json\/wp\/v2\/product_cat?post=58620"},{"taxonomy":"product_cleaning_system","embeddable":true,"href":"https:\/\/www.teka.com\/fr-ma\/wp-json\/wp\/v2\/product_cleaning_system?post=58620"},{"taxonomy":"product_3rd_basket","embeddable":true,"href":"https:\/\/www.teka.com\/fr-ma\/wp-json\/wp\/v2\/product_3rd_basket?post=58620"},{"taxonomy":"product_drawers","embeddable":true,"href":"https:\/\/www.teka.com\/fr-ma\/wp-json\/wp\/v2\/product_drawers?post=58620"},{"taxonomy":"product_type_of_installation","embeddable":true,"href":"https:\/\/www.teka.com\/fr-ma\/wp-json\/wp\/v2\/product_type_of_installation?post=58620"},{"taxonomy":"product_edition","embeddable":true,"href":"https:\/\/www.teka.com\/fr-ma\/wp-json\/wp\/v2\/product_edition?post=58620"},{"taxonomy":"product_serie","embeddable":true,"href":"https:\/\/www.teka.com\/fr-ma\/wp-json\/wp\/v2\/product_serie?post=58620"},{"taxonomy":"product_features","embeddable":true,"href":"https:\/\/www.teka.com\/fr-ma\/wp-json\/wp\/v2\/product_features?post=58620"},{"taxonomy":"finishes","embeddable":true,"href":"https:\/\/www.teka.com\/fr-ma\/wp-json\/wp\/v2\/finishes?post=58620"},{"taxonomy":"product_bundles","embeddable":true,"href":"https:\/\/www.teka.com\/fr-ma\/wp-json\/wp\/v2\/product_bundles?post=58620"},{"taxonomy":"product_energy_efficiency","embeddable":true,"href":"https:\/\/www.teka.com\/fr-ma\/wp-json\/wp\/v2\/product_energy_efficiency?post=58620"},{"taxonomy":"product_video_training","embeddable":true,"href":"https:\/\/www.teka.com\/fr-ma\/wp-json\/wp\/v2\/product_video_training?post=58620"}],"curies":[{"name":"wp","href":"https:\/\/api.w.org\/{rel}","templated":true}]}}