{"id":58623,"date":"2026-04-05T01:52:19","date_gmt":"2026-04-05T01:52:19","guid":{"rendered":"https:\/\/teka.com\/en-int\/tl-6310_40474250"},"modified":"2026-03-15T01:06:33","modified_gmt":"2026-03-15T02:06:33","slug":"tl-6310_40474250","status":"publish","type":"product","link":"https:\/\/www.teka.com\/fr-ma\/produit\/tl-6310_40474250\/","title":{"rendered":"TL 6310"},"content":{"rendered":"<ul>\n<li>Hotte extractible<\/li>\n<li>Panneau de commandes m\u00e9caniques<\/li>\n<li>Classe d\u2019\u00e9fficacit\u00e9 \u00e9nerg\u00e9tique: E<\/li>\n<li>2 vitesses<\/li>\n<li>Capacit\u00e9 d\u2019extraction:<\/li>\n<li>Sortie libre, M\u00b3 \/ h: 366<\/li>\n<li>Max., M\u00b3 \/ h: 332<\/li>\n<li>Min., M\u00b3 \/ h: 233<\/li>\n<li>Bruit (LwA) Vitesse Max, dB: 65<\/li>\n<li>Bruit (LwA) Vitesse Min, dB: 56<\/li>\n<li>2 lampes halog\u00e8nes<\/li>\n<li>4\/2 filtres en aluminium<\/li>\n<li>\u00c9clairage automatique<\/li>\n<li>Panneau avant \u00e9changeable<\/li>\n<\/ul>\n","protected":false},"featured_media":0,"parent":0,"template":"","product_cat":[4493],"product_cleaning_system":[],"product_3rd_basket":[],"product_drawers":[],"product_type_of_installation":[],"product_edition":[],"product_serie":[],"product_features":[],"finishes":[],"product_bundles":[],"product_energy_efficiency":[146722],"product_video_training":[],"class_list":["post-58623","product","type-product","status-publish","hentry","product_cat-hottes","usp-hoods-tl-03","usp-hoods-tl-05","color-acier-inoxydable","product_type_of_appliance-integration","product_icons-led","product_energy_efficiency-d-icon"],"acf":[],"yoast_head":"<!-- This site is optimized with the Yoast SEO plugin v27.2 - https:\/\/yoast.com\/product\/yoast-seo-wordpress\/ -->\n<title>TL 6310 | Teka Morocco<\/title>\n<meta name=\"robots\" content=\"index, follow, max-snippet:-1, max-image-preview:large, max-video-preview:-1\" \/>\n<link rel=\"canonical\" href=\"https:\/\/www.teka.com\/fr-ma\/produit\/tl-6310_40474250\/\" \/>\n<meta property=\"og:locale\" content=\"fr_FR\" \/>\n<meta property=\"og:type\" content=\"article\" \/>\n<meta property=\"og:title\" content=\"TL 6310 | Teka Morocco\" \/>\n<meta property=\"og:description\" content=\"Hotte extractible Panneau de commandes m\u00e9caniques Classe d\u2019\u00e9fficacit\u00e9 \u00e9nerg\u00e9tique: E 2 vitesses Capacit\u00e9 d\u2019extraction: Sortie libre, M\u00b3 \/ h: 366 Max., M\u00b3 \/ h: 332 Min., M\u00b3 \/ h: 233 Bruit (LwA) Vitesse Max, dB: 65 Bruit (LwA) Vitesse Min, dB: 56 2 lampes halog\u00e8nes 4\/2 filtres en aluminium \u00c9clairage automatique Panneau avant \u00e9changeable\" \/>\n<meta property=\"og:url\" content=\"https:\/\/www.teka.com\/fr-ma\/produit\/tl-6310_40474250\/\" \/>\n<meta property=\"og:site_name\" content=\"Teka Morocco\" \/>\n<meta name=\"twitter:card\" content=\"summary_large_image\" \/>\n<script type=\"application\/ld+json\" class=\"yoast-schema-graph\">{\"@context\":\"https:\/\/schema.org\",\"@graph\":[{\"@type\":\"WebPage\",\"@id\":\"https:\/\/www.teka.com\/fr-ma\/produit\/tl-6310_40474250\/\",\"url\":\"https:\/\/www.teka.com\/fr-ma\/produit\/tl-6310_40474250\/\",\"name\":\"TL 6310 | Teka Morocco\",\"isPartOf\":{\"@id\":\"https:\/\/www.teka.com\/fr-ma\/#website\"},\"datePublished\":\"2026-04-05T01:52:19+00:00\",\"inLanguage\":\"fr-FR\",\"potentialAction\":[{\"@type\":\"ReadAction\",\"target\":[\"https:\/\/www.teka.com\/fr-ma\/produit\/tl-6310_40474250\/\"]}]},{\"@type\":\"WebSite\",\"@id\":\"https:\/\/www.teka.com\/fr-ma\/#website\",\"url\":\"https:\/\/www.teka.com\/fr-ma\/\",\"name\":\"Teka Morocco\",\"description\":\"\",\"potentialAction\":[{\"@type\":\"SearchAction\",\"target\":{\"@type\":\"EntryPoint\",\"urlTemplate\":\"https:\/\/www.teka.com\/fr-ma\/?s={search_term_string}\"},\"query-input\":{\"@type\":\"PropertyValueSpecification\",\"valueRequired\":true,\"valueName\":\"search_term_string\"}}],\"inLanguage\":\"fr-FR\"}]}<\/script>\n<!-- \/ Yoast SEO plugin. -->","yoast_head_json":{"title":"TL 6310 | Teka Morocco","robots":{"index":"index","follow":"follow","max-snippet":"max-snippet:-1","max-image-preview":"max-image-preview:large","max-video-preview":"max-video-preview:-1"},"canonical":"https:\/\/www.teka.com\/fr-ma\/produit\/tl-6310_40474250\/","og_locale":"fr_FR","og_type":"article","og_title":"TL 6310 | Teka Morocco","og_description":"Hotte extractible Panneau de commandes m\u00e9caniques Classe d\u2019\u00e9fficacit\u00e9 \u00e9nerg\u00e9tique: E 2 vitesses Capacit\u00e9 d\u2019extraction: Sortie libre, M\u00b3 \/ h: 366 Max., M\u00b3 \/ h: 332 Min., M\u00b3 \/ h: 233 Bruit (LwA) Vitesse Max, dB: 65 Bruit (LwA) Vitesse Min, dB: 56 2 lampes halog\u00e8nes 4\/2 filtres en aluminium \u00c9clairage automatique Panneau avant \u00e9changeable","og_url":"https:\/\/www.teka.com\/fr-ma\/produit\/tl-6310_40474250\/","og_site_name":"Teka Morocco","twitter_card":"summary_large_image","schema":{"@context":"https:\/\/schema.org","@graph":[{"@type":"WebPage","@id":"https:\/\/www.teka.com\/fr-ma\/produit\/tl-6310_40474250\/","url":"https:\/\/www.teka.com\/fr-ma\/produit\/tl-6310_40474250\/","name":"TL 6310 | Teka Morocco","isPartOf":{"@id":"https:\/\/www.teka.com\/fr-ma\/#website"},"datePublished":"2026-04-05T01:52:19+00:00","inLanguage":"fr-FR","potentialAction":[{"@type":"ReadAction","target":["https:\/\/www.teka.com\/fr-ma\/produit\/tl-6310_40474250\/"]}]},{"@type":"WebSite","@id":"https:\/\/www.teka.com\/fr-ma\/#website","url":"https:\/\/www.teka.com\/fr-ma\/","name":"Teka Morocco","description":"","potentialAction":[{"@type":"SearchAction","target":{"@type":"EntryPoint","urlTemplate":"https:\/\/www.teka.com\/fr-ma\/?s={search_term_string}"},"query-input":{"@type":"PropertyValueSpecification","valueRequired":true,"valueName":"search_term_string"}}],"inLanguage":"fr-FR"}]}},"_links":{"self":[{"href":"https:\/\/www.teka.com\/fr-ma\/wp-json\/wp\/v2\/product\/58623","targetHints":{"allow":["GET"]}}],"collection":[{"href":"https:\/\/www.teka.com\/fr-ma\/wp-json\/wp\/v2\/product"}],"about":[{"href":"https:\/\/www.teka.com\/fr-ma\/wp-json\/wp\/v2\/types\/product"}],"wp:attachment":[{"href":"https:\/\/www.teka.com\/fr-ma\/wp-json\/wp\/v2\/media?parent=58623"}],"wp:term":[{"taxonomy":"product_cat","embeddable":true,"href":"https:\/\/www.teka.com\/fr-ma\/wp-json\/wp\/v2\/product_cat?post=58623"},{"taxonomy":"product_cleaning_system","embeddable":true,"href":"https:\/\/www.teka.com\/fr-ma\/wp-json\/wp\/v2\/product_cleaning_system?post=58623"},{"taxonomy":"product_3rd_basket","embeddable":true,"href":"https:\/\/www.teka.com\/fr-ma\/wp-json\/wp\/v2\/product_3rd_basket?post=58623"},{"taxonomy":"product_drawers","embeddable":true,"href":"https:\/\/www.teka.com\/fr-ma\/wp-json\/wp\/v2\/product_drawers?post=58623"},{"taxonomy":"product_type_of_installation","embeddable":true,"href":"https:\/\/www.teka.com\/fr-ma\/wp-json\/wp\/v2\/product_type_of_installation?post=58623"},{"taxonomy":"product_edition","embeddable":true,"href":"https:\/\/www.teka.com\/fr-ma\/wp-json\/wp\/v2\/product_edition?post=58623"},{"taxonomy":"product_serie","embeddable":true,"href":"https:\/\/www.teka.com\/fr-ma\/wp-json\/wp\/v2\/product_serie?post=58623"},{"taxonomy":"product_features","embeddable":true,"href":"https:\/\/www.teka.com\/fr-ma\/wp-json\/wp\/v2\/product_features?post=58623"},{"taxonomy":"finishes","embeddable":true,"href":"https:\/\/www.teka.com\/fr-ma\/wp-json\/wp\/v2\/finishes?post=58623"},{"taxonomy":"product_bundles","embeddable":true,"href":"https:\/\/www.teka.com\/fr-ma\/wp-json\/wp\/v2\/product_bundles?post=58623"},{"taxonomy":"product_energy_efficiency","embeddable":true,"href":"https:\/\/www.teka.com\/fr-ma\/wp-json\/wp\/v2\/product_energy_efficiency?post=58623"},{"taxonomy":"product_video_training","embeddable":true,"href":"https:\/\/www.teka.com\/fr-ma\/wp-json\/wp\/v2\/product_video_training?post=58623"}],"curies":[{"name":"wp","href":"https:\/\/api.w.org\/{rel}","templated":true}]}}