{"id":58629,"date":"2026-04-22T20:41:01","date_gmt":"2026-04-22T20:41:01","guid":{"rendered":"https:\/\/teka.com\/en-int\/clc-835-mc_40589513"},"modified":"2026-04-04T12:07:02","modified_gmt":"2026-04-04T01:07:02","slug":"clc-835-mc_40589513","status":"publish","type":"product","link":"https:\/\/www.teka.com\/fr-ma\/produit\/clc-835-mc_40589513\/","title":{"rendered":"CLC 835 MC"},"content":{"rendered":"<ul>\n<li>Machine \u00e0 caf\u00e9 multicapsules<\/li>\n<li>\u00c9clairage LED<\/li>\n<li>Bandeau de commande TFT4<\/li>\n<li>Pression de la pompe 19 bars<\/li>\n<li>Adaptable \u00e0 toutes les capsules du march\u00e9 et caf\u00e9 moulu<\/li>\n<\/ul>\n","protected":false},"featured_media":0,"parent":0,"template":"","product_cat":[4488],"product_cleaning_system":[],"product_3rd_basket":[],"product_drawers":[],"product_type_of_installation":[146191],"product_edition":[],"product_serie":[],"product_features":[],"finishes":[],"product_bundles":[],"product_energy_efficiency":[],"product_video_training":[],"class_list":["post-58629","product","type-product","status-publish","hentry","product_cat-machine-a-cafe","usp-coffeemachine-02","usp-coffeemachine-04","usp-coffeemachine-05","usp-coffeemachine-06","usp-coffeemachine-07","usp-cookinglovers-10","color-verre-noir","product_ambient-ambient-03","product_ambient-ambient-18","product_icons-capsules","product_icons-ground-coffee","product_type_of_installation-integre"],"acf":[],"yoast_head":"<!-- This site is optimized with the Yoast SEO plugin v27.5 - https:\/\/yoast.com\/product\/yoast-seo-wordpress\/ -->\n<title>CLC 835 MC | Teka Morocco<\/title>\n<meta name=\"robots\" content=\"index, follow, max-snippet:-1, max-image-preview:large, max-video-preview:-1\" \/>\n<link rel=\"canonical\" href=\"https:\/\/www.teka.com\/fr-ma\/produit\/clc-835-mc_40589513\/\" \/>\n<meta property=\"og:locale\" content=\"en_US\" \/>\n<meta property=\"og:type\" content=\"article\" \/>\n<meta property=\"og:title\" content=\"CLC 835 MC | Teka Morocco\" \/>\n<meta property=\"og:description\" content=\"Machine \u00e0 caf\u00e9 multicapsules \u00c9clairage LED Bandeau de commande TFT4 Pression de la pompe 19 bars Adaptable \u00e0 toutes les capsules du march\u00e9 et caf\u00e9 moulu\" \/>\n<meta property=\"og:url\" content=\"https:\/\/www.teka.com\/fr-ma\/produit\/clc-835-mc_40589513\/\" \/>\n<meta property=\"og:site_name\" content=\"Teka Morocco\" \/>\n<meta name=\"twitter:card\" content=\"summary_large_image\" \/>\n<script type=\"application\/ld+json\" class=\"yoast-schema-graph\">{\"@context\":\"https:\\\/\\\/schema.org\",\"@graph\":[{\"@type\":\"WebPage\",\"@id\":\"https:\\\/\\\/www.teka.com\\\/fr-ma\\\/produit\\\/clc-835-mc_40589513\\\/\",\"url\":\"https:\\\/\\\/www.teka.com\\\/fr-ma\\\/produit\\\/clc-835-mc_40589513\\\/\",\"name\":\"CLC 835 MC | Teka Morocco\",\"isPartOf\":{\"@id\":\"https:\\\/\\\/www.teka.com\\\/fr-ma\\\/#website\"},\"datePublished\":\"2026-04-22T20:41:01+00:00\",\"inLanguage\":\"en-US\",\"potentialAction\":[{\"@type\":\"ReadAction\",\"target\":[\"https:\\\/\\\/www.teka.com\\\/fr-ma\\\/produit\\\/clc-835-mc_40589513\\\/\"]}]},{\"@type\":\"WebSite\",\"@id\":\"https:\\\/\\\/www.teka.com\\\/fr-ma\\\/#website\",\"url\":\"https:\\\/\\\/www.teka.com\\\/fr-ma\\\/\",\"name\":\"Teka Morocco\",\"description\":\"\",\"potentialAction\":[{\"@type\":\"SearchAction\",\"target\":{\"@type\":\"EntryPoint\",\"urlTemplate\":\"https:\\\/\\\/www.teka.com\\\/fr-ma\\\/?s={search_term_string}\"},\"query-input\":{\"@type\":\"PropertyValueSpecification\",\"valueRequired\":true,\"valueName\":\"search_term_string\"}}],\"inLanguage\":\"en-US\"}]}<\/script>\n<!-- \/ Yoast SEO plugin. -->","yoast_head_json":{"title":"CLC 835 MC | Teka Morocco","robots":{"index":"index","follow":"follow","max-snippet":"max-snippet:-1","max-image-preview":"max-image-preview:large","max-video-preview":"max-video-preview:-1"},"canonical":"https:\/\/www.teka.com\/fr-ma\/produit\/clc-835-mc_40589513\/","og_locale":"en_US","og_type":"article","og_title":"CLC 835 MC | Teka Morocco","og_description":"Machine \u00e0 caf\u00e9 multicapsules \u00c9clairage LED Bandeau de commande TFT4 Pression de la pompe 19 bars Adaptable \u00e0 toutes les capsules du march\u00e9 et caf\u00e9 moulu","og_url":"https:\/\/www.teka.com\/fr-ma\/produit\/clc-835-mc_40589513\/","og_site_name":"Teka Morocco","twitter_card":"summary_large_image","schema":{"@context":"https:\/\/schema.org","@graph":[{"@type":"WebPage","@id":"https:\/\/www.teka.com\/fr-ma\/produit\/clc-835-mc_40589513\/","url":"https:\/\/www.teka.com\/fr-ma\/produit\/clc-835-mc_40589513\/","name":"CLC 835 MC | Teka Morocco","isPartOf":{"@id":"https:\/\/www.teka.com\/fr-ma\/#website"},"datePublished":"2026-04-22T20:41:01+00:00","inLanguage":"en-US","potentialAction":[{"@type":"ReadAction","target":["https:\/\/www.teka.com\/fr-ma\/produit\/clc-835-mc_40589513\/"]}]},{"@type":"WebSite","@id":"https:\/\/www.teka.com\/fr-ma\/#website","url":"https:\/\/www.teka.com\/fr-ma\/","name":"Teka Morocco","description":"","potentialAction":[{"@type":"SearchAction","target":{"@type":"EntryPoint","urlTemplate":"https:\/\/www.teka.com\/fr-ma\/?s={search_term_string}"},"query-input":{"@type":"PropertyValueSpecification","valueRequired":true,"valueName":"search_term_string"}}],"inLanguage":"en-US"}]}},"_links":{"self":[{"href":"https:\/\/www.teka.com\/fr-ma\/wp-json\/wp\/v2\/product\/58629","targetHints":{"allow":["GET"]}}],"collection":[{"href":"https:\/\/www.teka.com\/fr-ma\/wp-json\/wp\/v2\/product"}],"about":[{"href":"https:\/\/www.teka.com\/fr-ma\/wp-json\/wp\/v2\/types\/product"}],"wp:attachment":[{"href":"https:\/\/www.teka.com\/fr-ma\/wp-json\/wp\/v2\/media?parent=58629"}],"wp:term":[{"taxonomy":"product_cat","embeddable":true,"href":"https:\/\/www.teka.com\/fr-ma\/wp-json\/wp\/v2\/product_cat?post=58629"},{"taxonomy":"product_cleaning_system","embeddable":true,"href":"https:\/\/www.teka.com\/fr-ma\/wp-json\/wp\/v2\/product_cleaning_system?post=58629"},{"taxonomy":"product_3rd_basket","embeddable":true,"href":"https:\/\/www.teka.com\/fr-ma\/wp-json\/wp\/v2\/product_3rd_basket?post=58629"},{"taxonomy":"product_drawers","embeddable":true,"href":"https:\/\/www.teka.com\/fr-ma\/wp-json\/wp\/v2\/product_drawers?post=58629"},{"taxonomy":"product_type_of_installation","embeddable":true,"href":"https:\/\/www.teka.com\/fr-ma\/wp-json\/wp\/v2\/product_type_of_installation?post=58629"},{"taxonomy":"product_edition","embeddable":true,"href":"https:\/\/www.teka.com\/fr-ma\/wp-json\/wp\/v2\/product_edition?post=58629"},{"taxonomy":"product_serie","embeddable":true,"href":"https:\/\/www.teka.com\/fr-ma\/wp-json\/wp\/v2\/product_serie?post=58629"},{"taxonomy":"product_features","embeddable":true,"href":"https:\/\/www.teka.com\/fr-ma\/wp-json\/wp\/v2\/product_features?post=58629"},{"taxonomy":"finishes","embeddable":true,"href":"https:\/\/www.teka.com\/fr-ma\/wp-json\/wp\/v2\/finishes?post=58629"},{"taxonomy":"product_bundles","embeddable":true,"href":"https:\/\/www.teka.com\/fr-ma\/wp-json\/wp\/v2\/product_bundles?post=58629"},{"taxonomy":"product_energy_efficiency","embeddable":true,"href":"https:\/\/www.teka.com\/fr-ma\/wp-json\/wp\/v2\/product_energy_efficiency?post=58629"},{"taxonomy":"product_video_training","embeddable":true,"href":"https:\/\/www.teka.com\/fr-ma\/wp-json\/wp\/v2\/product_video_training?post=58629"}],"curies":[{"name":"wp","href":"https:\/\/api.w.org\/{rel}","templated":true}]}}